{"id":2792,"date":"2018-12-10T10:34:55","date_gmt":"2018-12-10T09:34:55","guid":{"rendered":"http:\/\/agora.xtec.cat\/escolassumpcio\/?page_id=2792"},"modified":"2024-04-24T12:58:00","modified_gmt":"2024-04-24T10:58:00","slug":"projecte-educatiu-pec","status":"publish","type":"page","link":"https:\/\/agora.xtec.cat\/escolassumpcio\/projecte-educatiu\/projecte-educatiu-pec\/","title":{"rendered":"Projecte educatiu (PEC)"},"content":{"rendered":"<p style=\"text-align: justify;\">Accedint al document de sota podreu visualitzar el projecte educatiu del nostre centre, el qual est\u00e0 en proc\u00e9s de revisi\u00f3. D&#8217;acord amb la <a title=\"Article 91 LEC\" href=\"http:\/\/www20.gencat.cat\/portal\/site\/portaljuridic\/menuitem.d15a4e5dfb99396dc366ec10b0c0e1a0\/?vgnextoid=b85297b5a87d6210VgnVCM1000000b0c1e0aRCRD&amp;vgnextchannel=b85297b5a87d6210VgnVCM1000000b0c1e0aRCRD&amp;vgnextfmt=default&amp;action=fitxa&amp;portalId=1&amp;documentId=480169&amp;newLang=ca_ES#fragment-1182442\" target=\"_blank\" rel=\"noopener noreferrer\">Llei d&#8217;Educaci\u00f3 de Catalunya<\/a>, el projecte educatiu incorpora el car\u00e0cter propi del centre i cont\u00e9 elements seg\u00fcents:<\/p>\n<ul style=\"text-align: justify;\">\n<li>Criteris d&#8217;ordenaci\u00f3 pedag\u00f2gica, prioritats i plantejaments educatius, procediments d&#8217;inclusi\u00f3 i altres actuacions que caracteritzen el centre.<\/li>\n<li>Indicadors de progr\u00e9s.<\/li>\n<li>Concreci\u00f3 i desenvolupament dels curr\u00edculums.<\/li>\n<li>Criteris que defineixen l&#8217;estructura organitzativa.<\/li>\n<li>Projecte ling\u00fc\u00edstic.<\/li>\n<li>Car\u00e0cter propi del centre, si n&#8217;hi ha.<\/li>\n<\/ul>\n<p style=\"text-align: justify;\">Tamb\u00e9 hi ha incl\u00f2s altres documents m\u00e9s espec\u00edfics que formen part del projecte educatiu, en el nostre cas s\u00f3n: Projecte ling\u00fc\u00edstic, Projecte de conviv\u00e8ncia, Estrat\u00e8gia Digital de Centre, Hort Escolar.<\/p>\n<p><a href=\"https:\/\/drive.google.com\/file\/d\/1iOxUcX4HGtUEnfrLrmOwSA35bcIyCsam\/view?usp=sharing\" target=\"_blank\" rel=\"noopener\"><img loading=\"lazy\" decoding=\"async\" class=\"aligncenter wp-image-3100\" src=\"https:\/\/agora.xtec.cat\/escolassumpcio\/wp-content\/uploads\/usu42\/2019\/02\/PEClogo_smll.png\" alt=\"\" width=\"237\" height=\"164\" \/><\/a><\/p>\n<p><a href=\"https:\/\/drive.google.com\/file\/d\/1iOxUcX4HGtUEnfrLrmOwSA35bcIyCsam\/view?usp=sharing\" target=\"_blank\" rel=\"noopener\"><img loading=\"lazy\" decoding=\"async\" class=\"aligncenter wp-image-3107\" src=\"https:\/\/agora.xtec.cat\/escolassumpcio\/wp-content\/uploads\/usu42\/2019\/02\/cropped-icono-andaluciaclic-1.png\" alt=\"\" width=\"69\" height=\"69\" srcset=\"https:\/\/agora.xtec.cat\/escolassumpcio\/wp-content\/uploads\/usu42\/2019\/02\/cropped-icono-andaluciaclic-1.png 512w, https:\/\/agora.xtec.cat\/escolassumpcio\/wp-content\/uploads\/usu42\/2019\/02\/cropped-icono-andaluciaclic-1-150x150.png 150w, https:\/\/agora.xtec.cat\/escolassumpcio\/wp-content\/uploads\/usu42\/2019\/02\/cropped-icono-andaluciaclic-1-300x300.png 300w\" sizes=\"auto, (max-width: 69px) 100vw, 69px\" \/><\/a><\/p>\n","protected":false},"excerpt":{"rendered":"<p>Accedint al document de sota podreu visualitzar el projecte educatiu del nostre centre, el qual est\u00e0 en proc\u00e9s de revisi\u00f3. D&#8217;acord amb la Llei d&#8217;Educaci\u00f3 de Catalunya, el projecte educatiu incorpora el car\u00e0cter propi del centre i cont\u00e9 elements seg\u00fcents: Criteris d&#8217;ordenaci\u00f3 pedag\u00f2gica, prioritats i plantejaments educatius, procediments d&#8217;inclusi\u00f3 i altres actuacions que caracteritzen el [&hellip;]<\/p>\n","protected":false},"author":1,"featured_media":0,"parent":64,"menu_order":0,"comment_status":"closed","ping_status":"closed","template":"","meta":{"_bbp_topic_count":0,"_bbp_reply_count":0,"_bbp_total_topic_count":0,"_bbp_total_reply_count":0,"_bbp_voice_count":0,"_bbp_anonymous_reply_count":0,"_bbp_topic_count_hidden":0,"_bbp_reply_count_hidden":0,"_bbp_forum_subforum_count":0,"site-sidebar-layout":"default","site-content-layout":"","ast-site-content-layout":"","site-content-style":"default","site-sidebar-style":"default","ast-global-header-display":"","ast-banner-title-visibility":"","ast-main-header-display":"","ast-hfb-above-header-display":"","ast-hfb-below-header-display":"","ast-hfb-mobile-header-display":"","site-post-title":"","ast-breadcrumbs-content":"","ast-featured-img":"","footer-sml-layout":"","theme-transparent-header-meta":"","adv-header-id-meta":"","stick-header-meta":"","header-above-stick-meta":"","header-main-stick-meta":"","header-below-stick-meta":"","astra-migrate-meta-layouts":"default","ast-page-background-enabled":"default","ast-page-background-meta":{"desktop":{"background-color":"var(--ast-global-color-4)","background-image":"","background-repeat":"repeat","background-position":"center center","background-size":"auto","background-attachment":"scroll","background-type":"","background-media":"","overlay-type":"","overlay-color":"","overlay-opacity":"","overlay-gradient":""},"tablet":{"background-color":"","background-image":"","background-repeat":"repeat","background-position":"center center","background-size":"auto","background-attachment":"scroll","background-type":"","background-media":"","overlay-type":"","overlay-color":"","overlay-opacity":"","overlay-gradient":""},"mobile":{"background-color":"","background-image":"","background-repeat":"repeat","background-position":"center center","background-size":"auto","background-attachment":"scroll","background-type":"","background-media":"","overlay-type":"","overlay-color":"","overlay-opacity":"","overlay-gradient":""}},"ast-content-background-meta":{"desktop":{"background-color":"var(--ast-global-color-5)","background-image":"","background-repeat":"repeat","background-position":"center center","background-size":"auto","background-attachment":"scroll","background-type":"","background-media":"","overlay-type":"","overlay-color":"","overlay-opacity":"","overlay-gradient":""},"tablet":{"background-color":"var(--ast-global-color-5)","background-image":"","background-repeat":"repeat","background-position":"center center","background-size":"auto","background-attachment":"scroll","background-type":"","background-media":"","overlay-type":"","overlay-color":"","overlay-opacity":"","overlay-gradient":""},"mobile":{"background-color":"var(--ast-global-color-5)","background-image":"","background-repeat":"repeat","background-position":"center center","background-size":"auto","background-attachment":"scroll","background-type":"","background-media":"","overlay-type":"","overlay-color":"","overlay-opacity":"","overlay-gradient":""}},"footnotes":""},"class_list":["post-2792","page","type-page","status-publish","hentry"],"post_mailing_queue_ids":[],"_links":{"self":[{"href":"https:\/\/agora.xtec.cat\/escolassumpcio\/wp-json\/wp\/v2\/pages\/2792","targetHints":{"allow":["GET"]}}],"collection":[{"href":"https:\/\/agora.xtec.cat\/escolassumpcio\/wp-json\/wp\/v2\/pages"}],"about":[{"href":"https:\/\/agora.xtec.cat\/escolassumpcio\/wp-json\/wp\/v2\/types\/page"}],"author":[{"embeddable":true,"href":"https:\/\/agora.xtec.cat\/escolassumpcio\/wp-json\/wp\/v2\/users\/1"}],"replies":[{"embeddable":true,"href":"https:\/\/agora.xtec.cat\/escolassumpcio\/wp-json\/wp\/v2\/comments?post=2792"}],"version-history":[{"count":5,"href":"https:\/\/agora.xtec.cat\/escolassumpcio\/wp-json\/wp\/v2\/pages\/2792\/revisions"}],"predecessor-version":[{"id":9116,"href":"https:\/\/agora.xtec.cat\/escolassumpcio\/wp-json\/wp\/v2\/pages\/2792\/revisions\/9116"}],"up":[{"embeddable":true,"href":"https:\/\/agora.xtec.cat\/escolassumpcio\/wp-json\/wp\/v2\/pages\/64"}],"wp:attachment":[{"href":"https:\/\/agora.xtec.cat\/escolassumpcio\/wp-json\/wp\/v2\/media?parent=2792"}],"curies":[{"name":"wp","href":"https:\/\/api.w.org\/{rel}","templated":true}]}}