{"id":1034,"date":"2017-12-03T20:28:51","date_gmt":"2017-12-03T19:28:51","guid":{"rendered":"http:\/\/agora.xtec.cat\/escolassumpcio\/?page_id=1034"},"modified":"2019-10-24T17:56:42","modified_gmt":"2019-10-24T15:56:42","slug":"internet-segura","status":"publish","type":"page","link":"https:\/\/agora.xtec.cat\/escolassumpcio\/internet-segura\/","title":{"rendered":"Internet segura"},"content":{"rendered":"<p style=\"text-align: justify;\">La Policia de la Generalitat \u2013 Mossos d\u2019Esquadra (PG-ME) promou la seguretat en l\u2019\u00fas d\u2019Internet i organitza nombroses activitats de formaci\u00f3 i de prevenci\u00f3, a m\u00e9s de la pr\u00f2pia investigaci\u00f3 dels delictes que es cometen en aquest \u00e0mbit.<\/p>\n<table>\n<tbody>\n<tr>\n<td><a href=\"https:\/\/agora.xtec.cat\/escolassumpcio\/wp-content\/uploads\/usu42\/2019\/10\/thumb24.jpg\" target=\"_blank\" rel=\"noopener noreferrer\"><img loading=\"lazy\" decoding=\"async\" class=\"aligncenter wp-image-3680 size-full\" src=\"https:\/\/agora.xtec.cat\/escolassumpcio\/wp-content\/uploads\/usu42\/2019\/10\/thumb24.jpg\" alt=\"\" width=\"520\" height=\"245\" srcset=\"https:\/\/agora.xtec.cat\/escolassumpcio\/wp-content\/uploads\/usu42\/2019\/10\/thumb24.jpg 520w, https:\/\/agora.xtec.cat\/escolassumpcio\/wp-content\/uploads\/usu42\/2019\/10\/thumb24-300x141.jpg 300w\" sizes=\"auto, (max-width: 520px) 100vw, 520px\" \/><\/a><\/td>\n<td><a href=\"https:\/\/agora.xtec.cat\/escolassumpcio\/wp-content\/uploads\/usu42\/2019\/10\/campanya-internet-segura.jpg\" target=\"_blank\" rel=\"noopener noreferrer\"><img loading=\"lazy\" decoding=\"async\" class=\"aligncenter wp-image-3681\" src=\"https:\/\/agora.xtec.cat\/escolassumpcio\/wp-content\/uploads\/usu42\/2019\/10\/campanya-internet-segura.jpg\" alt=\"\" width=\"470\" height=\"246\" srcset=\"https:\/\/agora.xtec.cat\/escolassumpcio\/wp-content\/uploads\/usu42\/2019\/10\/campanya-internet-segura.jpg 740w, https:\/\/agora.xtec.cat\/escolassumpcio\/wp-content\/uploads\/usu42\/2019\/10\/campanya-internet-segura-300x157.jpg 300w\" sizes=\"auto, (max-width: 470px) 100vw, 470px\" \/><\/a><\/td>\n<\/tr>\n<\/tbody>\n<\/table>\n<p style=\"text-align: justify;\">El\u00a0<span style=\"color: #0000ff;\"><strong>Pla d\u2019Acci\u00f3 Internet Segura del Cos adre\u00e7at als Centres Educatius i a les fam\u00edlies<\/strong><\/span>\u00a0promou i col\u00b7labora en la seguretat en l\u2019\u00fas d\u2019Internet, en especial per part dels menors i adolescents<\/p>\n<p style=\"text-align: justify;\">Dins d\u2019aquest Pla el projecte\u00a0<span style=\"color: #0000ff;\"><strong>Internet Segura de tu a tu<\/strong><\/span>\u00a0implica de forma directa els joves\u00a0sobre l\u2019\u00fas d\u2019Internet i les Xarxes Socials.<\/p>\n<p style=\"text-align: justify;\">Per tal de donar suport a aquest projecte, mares, pares i docents tamb\u00e9 reben una sessi\u00f3 informativa. L&#8217;esmentada sessi\u00f3 informativa adre\u00e7ada a les fam\u00edlies es dur\u00e0 a terme el proper <span style=\"color: #0000ff;\"><strong>4 de febrer de 2020 a les 15.00h<\/strong><\/span> a la biblioteca de l&#8217;escola.<\/p>\n","protected":false},"excerpt":{"rendered":"<p>La Policia de la Generalitat \u2013 Mossos d\u2019Esquadra (PG-ME) promou la seguretat en l\u2019\u00fas d\u2019Internet i organitza nombroses activitats de formaci\u00f3 i de prevenci\u00f3, a m\u00e9s de la pr\u00f2pia investigaci\u00f3 dels delictes que es cometen en aquest \u00e0mbit. El\u00a0Pla d\u2019Acci\u00f3 Internet Segura del Cos adre\u00e7at als Centres Educatius i a les fam\u00edlies\u00a0promou i col\u00b7labora en [&hellip;]<\/p>\n","protected":false},"author":1,"featured_media":0,"parent":0,"menu_order":0,"comment_status":"closed","ping_status":"closed","template":"","meta":{"_bbp_topic_count":0,"_bbp_reply_count":0,"_bbp_total_topic_count":0,"_bbp_total_reply_count":0,"_bbp_voice_count":0,"_bbp_anonymous_reply_count":0,"_bbp_topic_count_hidden":0,"_bbp_reply_count_hidden":0,"_bbp_forum_subforum_count":0,"site-sidebar-layout":"default","site-content-layout":"","ast-site-content-layout":"","site-content-style":"default","site-sidebar-style":"default","ast-global-header-display":"","ast-banner-title-visibility":"","ast-main-header-display":"","ast-hfb-above-header-display":"","ast-hfb-below-header-display":"","ast-hfb-mobile-header-display":"","site-post-title":"","ast-breadcrumbs-content":"","ast-featured-img":"","footer-sml-layout":"","theme-transparent-header-meta":"","adv-header-id-meta":"","stick-header-meta":"","header-above-stick-meta":"","header-main-stick-meta":"","header-below-stick-meta":"","astra-migrate-meta-layouts":"default","ast-page-background-enabled":"default","ast-page-background-meta":{"desktop":{"background-color":"var(--ast-global-color-4)","background-image":"","background-repeat":"repeat","background-position":"center center","background-size":"auto","background-attachment":"scroll","background-type":"","background-media":"","overlay-type":"","overlay-color":"","overlay-opacity":"","overlay-gradient":""},"tablet":{"background-color":"","background-image":"","background-repeat":"repeat","background-position":"center center","background-size":"auto","background-attachment":"scroll","background-type":"","background-media":"","overlay-type":"","overlay-color":"","overlay-opacity":"","overlay-gradient":""},"mobile":{"background-color":"","background-image":"","background-repeat":"repeat","background-position":"center center","background-size":"auto","background-attachment":"scroll","background-type":"","background-media":"","overlay-type":"","overlay-color":"","overlay-opacity":"","overlay-gradient":""}},"ast-content-background-meta":{"desktop":{"background-color":"var(--ast-global-color-5)","background-image":"","background-repeat":"repeat","background-position":"center center","background-size":"auto","background-attachment":"scroll","background-type":"","background-media":"","overlay-type":"","overlay-color":"","overlay-opacity":"","overlay-gradient":""},"tablet":{"background-color":"var(--ast-global-color-5)","background-image":"","background-repeat":"repeat","background-position":"center center","background-size":"auto","background-attachment":"scroll","background-type":"","background-media":"","overlay-type":"","overlay-color":"","overlay-opacity":"","overlay-gradient":""},"mobile":{"background-color":"var(--ast-global-color-5)","background-image":"","background-repeat":"repeat","background-position":"center center","background-size":"auto","background-attachment":"scroll","background-type":"","background-media":"","overlay-type":"","overlay-color":"","overlay-opacity":"","overlay-gradient":""}},"footnotes":""},"class_list":["post-1034","page","type-page","status-publish","hentry"],"post_mailing_queue_ids":[],"_links":{"self":[{"href":"https:\/\/agora.xtec.cat\/escolassumpcio\/wp-json\/wp\/v2\/pages\/1034","targetHints":{"allow":["GET"]}}],"collection":[{"href":"https:\/\/agora.xtec.cat\/escolassumpcio\/wp-json\/wp\/v2\/pages"}],"about":[{"href":"https:\/\/agora.xtec.cat\/escolassumpcio\/wp-json\/wp\/v2\/types\/page"}],"author":[{"embeddable":true,"href":"https:\/\/agora.xtec.cat\/escolassumpcio\/wp-json\/wp\/v2\/users\/1"}],"replies":[{"embeddable":true,"href":"https:\/\/agora.xtec.cat\/escolassumpcio\/wp-json\/wp\/v2\/comments?post=1034"}],"version-history":[{"count":3,"href":"https:\/\/agora.xtec.cat\/escolassumpcio\/wp-json\/wp\/v2\/pages\/1034\/revisions"}],"predecessor-version":[{"id":3683,"href":"https:\/\/agora.xtec.cat\/escolassumpcio\/wp-json\/wp\/v2\/pages\/1034\/revisions\/3683"}],"wp:attachment":[{"href":"https:\/\/agora.xtec.cat\/escolassumpcio\/wp-json\/wp\/v2\/media?parent=1034"}],"curies":[{"name":"wp","href":"https:\/\/api.w.org\/{rel}","templated":true}]}}