{"id":1025,"date":"2017-12-03T18:51:02","date_gmt":"2017-12-03T17:51:02","guid":{"rendered":"http:\/\/agora.xtec.cat\/escolassumpcio\/?page_id=1025"},"modified":"2022-10-20T11:46:19","modified_gmt":"2022-10-20T09:46:19","slug":"ampa","status":"publish","type":"page","link":"https:\/\/agora.xtec.cat\/escolassumpcio\/ampa\/","title":{"rendered":"Les fam\u00edlies"},"content":{"rendered":"<p style=\"text-align: justify;\">Per afavorir l\u2019\u00e8xit educatiu de tot l\u2019alumnat \u00e9s imprescindible que establim un marc de relacions i compromisos entre les\u00a0<strong>fam\u00edlies i l\u2019escola<\/strong>. Les funcions i rols competencials de la fam\u00edlia i l\u2019escola s\u00f3n diferents per\u00f2 complementaris i, per tant, la coher\u00e8ncia entre les diferents actuacions ens ha de facilitar l\u2019\u00e8xit de l\u2019acci\u00f3 educativa.<\/p>\n<p style=\"text-align: justify;\">Fam\u00edlia i centre educatiu hem de dur a terme un exercici de coresponsabilitat educativa amb un objectiu com\u00fa, l\u2019<strong>\u00e8xit educatiu<\/strong>. La fam\u00edlia, com a principal responsable del<strong>\u00a0creixement i de la formaci\u00f3<\/strong>\u00a0dels fills, ha d\u2019implicar-se en el seu proc\u00e9s escolar i educatiu. D\u2019altra banda, l\u2019escola, per mitj\u00e0 de\u00a0<strong>l\u2019acci\u00f3 tutorial<\/strong>, ha de facilitar la participaci\u00f3 i implicaci\u00f3 de les fam\u00edlies i, si escau, orientar-les i assessorar-les.<\/p>\n<p><a href=\"https:\/\/agora.xtec.cat\/escolassumpcio\/wp-content\/uploads\/usu42\/2014\/09\/compartir-\u00e9s-construir.png\"><img loading=\"lazy\" decoding=\"async\" class=\" wp-image-2035 aligncenter\" src=\"https:\/\/agora.xtec.cat\/escolassumpcio\/wp-content\/uploads\/usu42\/2014\/09\/compartir-\u00e9s-construir.png\" alt=\"\" width=\"372\" height=\"162\" srcset=\"https:\/\/agora.xtec.cat\/escolassumpcio\/wp-content\/uploads\/usu42\/2014\/09\/compartir-\u00e9s-construir.png 940w, https:\/\/agora.xtec.cat\/escolassumpcio\/wp-content\/uploads\/usu42\/2014\/09\/compartir-\u00e9s-construir-300x131.png 300w, https:\/\/agora.xtec.cat\/escolassumpcio\/wp-content\/uploads\/usu42\/2014\/09\/compartir-\u00e9s-construir-768x334.png 768w\" sizes=\"auto, (max-width: 372px) 100vw, 372px\" \/><\/a><\/p>\n<p style=\"text-align: justify;\">Amb la finalitat d\u2019enfortir les relacions del centre i les fam\u00edlies, l\u2019acci\u00f3 tutorial compartida ha d\u2019incidir en els seg\u00fcents aspectes:<\/p>\n<ul>\n<li style=\"text-align: justify;\"><strong>Participaci\u00f3 amb activitats escolar:<\/strong> s&#8217;ha d&#8217;intentar que les fam\u00edlies i l&#8217;escola tinguin un flux continu i retroactiu amb activitats complement\u00e0ries que ajudin a millorar el proc\u00e9s d&#8217;esenyament i aprenentatge dels nostres alumnes.<\/li>\n<li style=\"text-align: justify;\"><strong>Informes i entrevistes<\/strong>. El centre ha d\u2019informar del proc\u00e9s de l\u2019ensenyament, de l\u2019aprenentatge i de l\u2019avaluaci\u00f3 dels alumnes a les seves fam\u00edlies per mitj\u00e0 d\u2019informes escrits, reunions col\u00b7lectives i entrevistes individuals. En aquest sentit, com a m\u00ednim, s\u2019ha de garantir, cada curs, una reuni\u00f3 col\u00b7lectiva amb les fam\u00edlies i una entrevista individual.<\/li>\n<\/ul>\n","protected":false},"excerpt":{"rendered":"<p>Per afavorir l\u2019\u00e8xit educatiu de tot l\u2019alumnat \u00e9s imprescindible que establim un marc de relacions i compromisos entre les\u00a0fam\u00edlies i l\u2019escola. Les funcions i rols competencials de la fam\u00edlia i l\u2019escola s\u00f3n diferents per\u00f2 complementaris i, per tant, la coher\u00e8ncia entre les diferents actuacions ens ha de facilitar l\u2019\u00e8xit de l\u2019acci\u00f3 educativa. Fam\u00edlia i centre [&hellip;]<\/p>\n","protected":false},"author":1,"featured_media":0,"parent":0,"menu_order":0,"comment_status":"closed","ping_status":"closed","template":"","meta":{"_bbp_topic_count":0,"_bbp_reply_count":0,"_bbp_total_topic_count":0,"_bbp_total_reply_count":0,"_bbp_voice_count":0,"_bbp_anonymous_reply_count":0,"_bbp_topic_count_hidden":0,"_bbp_reply_count_hidden":0,"_bbp_forum_subforum_count":0,"site-sidebar-layout":"default","site-content-layout":"","ast-site-content-layout":"","site-content-style":"default","site-sidebar-style":"default","ast-global-header-display":"","ast-banner-title-visibility":"","ast-main-header-display":"","ast-hfb-above-header-display":"","ast-hfb-below-header-display":"","ast-hfb-mobile-header-display":"","site-post-title":"","ast-breadcrumbs-content":"","ast-featured-img":"","footer-sml-layout":"","theme-transparent-header-meta":"","adv-header-id-meta":"","stick-header-meta":"","header-above-stick-meta":"","header-main-stick-meta":"","header-below-stick-meta":"","astra-migrate-meta-layouts":"default","ast-page-background-enabled":"default","ast-page-background-meta":{"desktop":{"background-color":"var(--ast-global-color-4)","background-image":"","background-repeat":"repeat","background-position":"center center","background-size":"auto","background-attachment":"scroll","background-type":"","background-media":"","overlay-type":"","overlay-color":"","overlay-opacity":"","overlay-gradient":""},"tablet":{"background-color":"","background-image":"","background-repeat":"repeat","background-position":"center center","background-size":"auto","background-attachment":"scroll","background-type":"","background-media":"","overlay-type":"","overlay-color":"","overlay-opacity":"","overlay-gradient":""},"mobile":{"background-color":"","background-image":"","background-repeat":"repeat","background-position":"center center","background-size":"auto","background-attachment":"scroll","background-type":"","background-media":"","overlay-type":"","overlay-color":"","overlay-opacity":"","overlay-gradient":""}},"ast-content-background-meta":{"desktop":{"background-color":"var(--ast-global-color-5)","background-image":"","background-repeat":"repeat","background-position":"center center","background-size":"auto","background-attachment":"scroll","background-type":"","background-media":"","overlay-type":"","overlay-color":"","overlay-opacity":"","overlay-gradient":""},"tablet":{"background-color":"var(--ast-global-color-5)","background-image":"","background-repeat":"repeat","background-position":"center center","background-size":"auto","background-attachment":"scroll","background-type":"","background-media":"","overlay-type":"","overlay-color":"","overlay-opacity":"","overlay-gradient":""},"mobile":{"background-color":"var(--ast-global-color-5)","background-image":"","background-repeat":"repeat","background-position":"center center","background-size":"auto","background-attachment":"scroll","background-type":"","background-media":"","overlay-type":"","overlay-color":"","overlay-opacity":"","overlay-gradient":""}},"footnotes":""},"class_list":["post-1025","page","type-page","status-publish","hentry"],"post_mailing_queue_ids":[],"_links":{"self":[{"href":"https:\/\/agora.xtec.cat\/escolassumpcio\/wp-json\/wp\/v2\/pages\/1025","targetHints":{"allow":["GET"]}}],"collection":[{"href":"https:\/\/agora.xtec.cat\/escolassumpcio\/wp-json\/wp\/v2\/pages"}],"about":[{"href":"https:\/\/agora.xtec.cat\/escolassumpcio\/wp-json\/wp\/v2\/types\/page"}],"author":[{"embeddable":true,"href":"https:\/\/agora.xtec.cat\/escolassumpcio\/wp-json\/wp\/v2\/users\/1"}],"replies":[{"embeddable":true,"href":"https:\/\/agora.xtec.cat\/escolassumpcio\/wp-json\/wp\/v2\/comments?post=1025"}],"version-history":[{"count":4,"href":"https:\/\/agora.xtec.cat\/escolassumpcio\/wp-json\/wp\/v2\/pages\/1025\/revisions"}],"predecessor-version":[{"id":7468,"href":"https:\/\/agora.xtec.cat\/escolassumpcio\/wp-json\/wp\/v2\/pages\/1025\/revisions\/7468"}],"wp:attachment":[{"href":"https:\/\/agora.xtec.cat\/escolassumpcio\/wp-json\/wp\/v2\/media?parent=1025"}],"curies":[{"name":"wp","href":"https:\/\/api.w.org\/{rel}","templated":true}]}}