{"id":7146,"date":"2018-09-04T23:06:35","date_gmt":"2018-09-04T21:06:35","guid":{"rendered":"http:\/\/agora.xtec.cat\/escolasqs\/?page_id=7146"},"modified":"2025-12-11T12:48:18","modified_gmt":"2025-12-11T11:48:18","slug":"inici-de-curs","status":"publish","type":"page","link":"https:\/\/agora.xtec.cat\/escolasqs\/inici-de-curs\/","title":{"rendered":"Documents"},"content":{"rendered":"<p><strong>DOCUMENTS D&#8217;ESCOLA I ZER<\/strong><\/p>\n<p><a href=\"https:\/\/docs.google.com\/document\/d\/1zI09vVQaEbigW1p2cMJVAXoFu7_EBp0W\/edit?rtpof=true&amp;tab=t.0\">PGA ZER 25-26 (presentada i aprovada a CEZ amb esmenes)<\/a><\/p>\n<p><a href=\"https:\/\/agora.xtec.cat\/escolasqs\/wp-content\/uploads\/usu951\/2025\/07\/Memoria-Anual-ZER-2024-25-presentada-i-aprovada-a-CEZ-1-juliol-2025.pdf\">MEM\u00d2RIA ANUAL 24-25<\/a><\/p>\n<p><a href=\"https:\/\/agora.xtec.cat\/escolasqs\/wp-content\/uploads\/usu951\/2024\/11\/PdD-escola-de-SQS-2024-2028-Revisat.pdf\">PdD ESCOLA DE SQS 2024-2028<\/a><\/p>\n<p><a href=\"https:\/\/agora.xtec.cat\/escolasqs\/wp-content\/uploads\/usu951\/2025\/09\/Calendari-SQS.pdf\">CALENDARI ESCOLAR CURS 2025-26<\/a><\/p>\n<p><strong>AUTORITZACIONS<\/strong><\/p>\n<p><a href=\"https:\/\/agora.xtec.cat\/escolasqs\/wp-content\/uploads\/usu951\/2023\/09\/1_model-de-carta-de-compromis-educatiu-curs-2023-24.pdf\">CARTA DE COMPROM\u00cdS<\/a><\/p>\n<p><a href=\"https:\/\/agora.xtec.cat\/escolasqs\/wp-content\/uploads\/usu951\/2021\/12\/PROTECCIO-DADES.pdf\">\u00daS D&#8217;IMATGES I PROTECCI\u00d3 DE DADES<\/a><\/p>\n<p><a href=\"https:\/\/agora.xtec.cat\/escolasqs\/wp-content\/uploads\/usu951\/2021\/12\/US-DE-RECURSOS-DIGITALS.pdf\">\u00daS DE RECURSOS DIGITALS<\/a><\/p>\n<p><a href=\"https:\/\/agora.xtec.cat\/escolasqs\/wp-content\/uploads\/usu951\/2022\/09\/AUTORITZACIO-DE-SORTIDES-LOCALS_-PEL-POBLE_ENTORN-PROPER_22_23.pdf\">SORTIDES PER L&#8217;ENTORN M\u00c9S PROPER (LOCALS)<\/a><\/p>\n<p><a href=\"https:\/\/agora.xtec.cat\/escolasqs\/wp-content\/uploads\/usu951\/2022\/09\/4_Full-de-recollida-dinformacio-per-a-alumnes-amb-allergia-alimentaria-i-o-al-latex.pdf\">FULL DE RECOLLIDA D&#8217;INFORMACI\u00d3 PER A ALUMNES AMB AL\u00b7L\u00c8RGIA ALIMENT\u00c0RIA I\/O L\u00c0TEX\u00a0<\/a><\/p>\n<p><a href=\"https:\/\/agora.xtec.cat\/escolasqs\/wp-content\/uploads\/usu951\/2022\/09\/AUTORITZACIO-RECOLLIDA-DALUMNES_22_23.pdf\">AUTORITZACI\u00d3 RECOLLIDA D&#8217;ALUMNES<\/a><\/p>\n<p><a href=\"https:\/\/agora.xtec.cat\/escolasqs\/wp-content\/uploads\/usu951\/2022\/09\/Autoritzacio-sortida-alumnat-sol-de-lescola.pdf\">AUTORITZACI\u00d3 SORTIDA ALUMNAT SENSE ACOMPANYANT DE L&#8217;ESCOLA<\/a><\/p>\n<p><a href=\"https:\/\/agora.xtec.cat\/escolasqs\/wp-content\/uploads\/usu951\/2022\/10\/AUTORITZACIO-per-prendre-un-MEDICAMENT_22_23.pdf\">AUTORITZACI\u00d3 PER PRENDRE UN MEDICAMENT_25_26<\/a><\/p>\n<p><strong>ALTRES DOCUMENTS<\/strong><\/p>\n<p><a href=\"https:\/\/agora.xtec.cat\/escolasqs\/wp-content\/uploads\/usu951\/2024\/01\/les-conferencies-1.pdf\">COM FER UNA CONFER\u00c8NCIA<\/a><\/p>\n<p><a href=\"http:\/\/agora.xtec.cat\/escolalestany\/wp-content\/uploads\/usu937\/2014\/09\/Model-linguistic-Catalunya-1.pdf\">EL MODEL LING\u00dc\u00cdSTIC DEL SISTEMA EDUCATIU DE CATALUNYA<\/a><\/p>\n<p><a href=\"http:\/\/agora.xtec.cat\/escolalestany\/wp-content\/uploads\/usu937\/2014\/09\/PEC_Tractament_us_llengues.pdf\">EL TRACTAMENT I \u00daS DE LES LLENG\u00dcES AL SISTEMA EDUCATIU<\/a><\/p>\n<p><a href=\"https:\/\/agora.xtec.cat\/escolalestany\/wp-content\/uploads\/usu937\/2018\/12\/TILestany2.pdf\">FORMACI\u00d3 TILestany (LLOREN\u00c7 COMAJOAN)<\/a><\/p>\n<p><a href=\"https:\/\/agora.xtec.cat\/escolalestany\/wp-content\/uploads\/usu937\/2018\/10\/Estrategies-calcul-mental.pdf\">ESTRAT\u00c8GIES DE C\u00c0LCUL (UVIC)<\/a><\/p>\n<p><strong>ARTICLES A REVISTES<\/strong><\/p>\n<p><a href=\"https:\/\/diarieducacio.cat\/grao\/2024\/06\/06\/lescola-arrelada-al-poble-una-direccio-polivalent\/\">L&#8217;ESCOLA ARRELADA AL POBLE: UNA DIRECCI\u00d3 POLIVALENT. ROSER BOIX I TONI COMAJOAN. GRA\u00d3. JUNY 2024<\/a><\/p>\n<p><a href=\"https:\/\/www.educacio360.cat\/mes-enlla-lescola-leducacio-temps-complet-mon-rural\/\">M\u00c9S ENLL\u00c0 DE L&#8217;ESCOLA, L&#8217;EDUCACI\u00d3 A TEMPS COMPLET A L&#8217;ESCOLA RUAL. DDAA. EDUCACI\u00d3360. MAR\u00c7 2024<\/a><\/p>\n<p><a href=\"https:\/\/agora.xtec.cat\/escolasqs\/wp-content\/uploads\/usu951\/2023\/11\/GU50406.pdf\">LA NECESSITAT DE DOCUMENTAR ELS PROJECTES DE LA ZONA ESCOLAR RURAL DEL MOIAN\u00c8S LLEVANT. CARLES PRAT, XAVIER COSTA I TONI COMAJOAN. REVISTA GUIX. OCTUBRE 2023<\/a><\/p>\n<p><a href=\"https:\/\/agora.xtec.cat\/escolasqs\/wp-content\/uploads\/usu951\/2023\/08\/AU32708.pdf\">FORMAR-SE PER SER MESTRE\/A:REFLEXI\u00d3, RAONAMENT I EMOCIONS. <\/a><a href=\"https:\/\/agora.xtec.cat\/escolasqs\/wp-content\/uploads\/usu951\/2023\/08\/AU32708.pdf\">REVISTA AULA<\/a><a href=\"https:\/\/agora.xtec.cat\/escolasqs\/wp-content\/uploads\/usu951\/2023\/08\/AU32708.pdf\">. ROSER BOIX I TONI COMAJOAN. JULIOL 2023<\/a><\/p>\n<p><a href=\"https:\/\/natibergada.cat\/projecte-steam-zer-moianes-llevant\/\">EL PROJECTE STEAM A LA ZER MOIAN\u00c8S LLEVANT. DOCENTS.CAT. GEMMA GAL\u00cd. NOVEMBRE 2022<\/a><\/p>\n<p><a href=\"https:\/\/agora.xtec.cat\/escolalestany\/wp-content\/uploads\/usu937\/2021\/07\/la-gestio-de-lescola-rural-fo055101772.pdf\">LA GESTI\u00d3 DE L\u2019ESCOLA RURAL. REVISTA FORUM. TONI COMAJOAN\/RA\u00dcL S\u00c1NCHEZ. MAIG 2021<\/a><\/p>\n","protected":false},"excerpt":{"rendered":"<p>DOCUMENTS D&#8217;ESCOLA I ZER<br \/>\n<a href=\"https:\/\/docs.google.com\/document\/d\/1zI09vVQaEbigW1p2cMJVAXoFu7_EBp0W\/edit?rtpof=true&amp;tab=t.0\">PGA ZER 25-26 (presentada i aprovada a CEZ amb esmenes)<\/a><br \/>\n<a href=\"https:\/\/agora.xtec.cat\/escolasqs\/wp-content\/uploads\/usu951\/2025\/07\/Memoria-Anual-ZER-2024-25-presentada-i-aprovada-a-CEZ-1-juliol-2025.pdf\">MEM\u00d2RIA ANUAL 24-25<\/a><br \/>\n<a href=\"https:\/\/agora.xtec.cat\/escolasqs\/wp-content\/uploads\/usu951\/2024\/11\/PdD-escola-de-SQS-2024-2028-Revisat.pdf\">PdD ESCOLA DE SQS 2024-2028<\/a><br \/>\n<a href=\"https:\/\/agora.xtec.cat\/escolasqs\/wp-content\/uploads\/usu951\/2025\/09\/Calendari-SQS.pdf\">CALENDARI ESCOLAR CURS 2025-26<\/a><br \/>\nAUTORITZACIONS<br \/>\n<a href=\"https:\/\/agora.xtec.cat\/escolasqs\/wp-content\/uploads\/usu951\/2023\/09\/1_model-de-carta-de-compromis-educatiu-curs-2023-24.pdf\">CARTA DE COMPROM\u00cdS<\/a><br \/>\n<a href=\"https:\/\/agora.xtec.cat\/escolasqs\/wp-content\/uploads\/usu951\/2021\/12\/PROTECCIO-DADES.pdf\">\u00daS D&#8217;IMATGES I PROTECCI\u00d3 DE DADES<\/a><br \/>\n<a href=\"https:\/\/agora.xtec.cat\/escolasqs\/wp-content\/uploads\/usu951\/2021\/12\/US-DE-RECURSOS-DIGITALS.pdf\">\u00daS DE RECURSOS DIGITALS<\/a><br \/>\n<a href=\"https:\/\/agora.xtec.cat\/escolasqs\/wp-content\/uploads\/usu951\/2022\/09\/AUTORITZACIO-DE-SORTIDES-LOCALS_-PEL-POBLE_ENTORN-PROPER_22_23.pdf\">SORTIDES PER L&#8217;ENTORN M\u00c9S PROPER (LOCALS)<\/a><br \/>\n<a&hellip;  <a href=\"https:\/\/agora.xtec.cat\/escolasqs\/inici-de-curs\/\" title=\"Read Documents\">Llegeix m\u00e9s\u00bb<\/a><\/p>\n","protected":false},"author":1,"featured_media":0,"parent":0,"menu_order":0,"comment_status":"closed","ping_status":"closed","template":"","meta":{"_bbp_topic_count":0,"_bbp_reply_count":0,"_bbp_total_topic_count":0,"_bbp_total_reply_count":0,"_bbp_voice_count":0,"_bbp_anonymous_reply_count":0,"_bbp_topic_count_hidden":0,"_bbp_reply_count_hidden":0,"_bbp_forum_subforum_count":0,"footnotes":""},"class_list":["post-7146","page","type-page","status-publish","hentry"],"post_mailing_queue_ids":[],"_links":{"self":[{"href":"https:\/\/agora.xtec.cat\/escolasqs\/wp-json\/wp\/v2\/pages\/7146","targetHints":{"allow":["GET"]}}],"collection":[{"href":"https:\/\/agora.xtec.cat\/escolasqs\/wp-json\/wp\/v2\/pages"}],"about":[{"href":"https:\/\/agora.xtec.cat\/escolasqs\/wp-json\/wp\/v2\/types\/page"}],"author":[{"embeddable":true,"href":"https:\/\/agora.xtec.cat\/escolasqs\/wp-json\/wp\/v2\/users\/1"}],"replies":[{"embeddable":true,"href":"https:\/\/agora.xtec.cat\/escolasqs\/wp-json\/wp\/v2\/comments?post=7146"}],"version-history":[{"count":7,"href":"https:\/\/agora.xtec.cat\/escolasqs\/wp-json\/wp\/v2\/pages\/7146\/revisions"}],"predecessor-version":[{"id":9057,"href":"https:\/\/agora.xtec.cat\/escolasqs\/wp-json\/wp\/v2\/pages\/7146\/revisions\/9057"}],"wp:attachment":[{"href":"https:\/\/agora.xtec.cat\/escolasqs\/wp-json\/wp\/v2\/media?parent=7146"}],"curies":[{"name":"wp","href":"https:\/\/api.w.org\/{rel}","templated":true}]}}