{"id":36,"date":"2014-09-18T12:33:11","date_gmt":"2014-09-18T11:33:11","guid":{"rendered":"http:\/\/agora.xtec.cat\/escolasqs\/?page_id=36"},"modified":"2022-10-24T12:57:37","modified_gmt":"2022-10-24T10:57:37","slug":"material-escolar","status":"publish","type":"page","link":"https:\/\/agora.xtec.cat\/escolasqs\/lescola\/material-escolar\/","title":{"rendered":"Material escolar"},"content":{"rendered":"<p>El material \u00e9s un b\u00e9 molt important al nostre centre. Expliquem a tota la comunitat educativa com s&#8217;ha de respectar. Aquesta import\u00e0ncia porta a tenir tot el material necessari que ens far\u00e0 falta durant el curs si en fem un bon \u00fas. Al centre es treballa per projectes i centres d&#8217;inter\u00e8s, es fan espais i ambients d&#8217;aprenentatge com tamb\u00e9 hi ha una franja al dia de treball m\u00e9s sistem\u00e0tic. L&#8217;alumnat no segueix llibres de text convencionals, per\u00f2 s\u00ed que hi ha un quaderns de llengua i matem\u00e0tiques que els utilitzem puntualment.<\/p>\n","protected":false},"excerpt":{"rendered":"<p>El material \u00e9s un b\u00e9 molt important al nostre centre. Expliquem a tota la comunitat educativa com s&#8217;ha de respectar. Aquesta import\u00e0ncia porta a tenir tot el material necessari que ens far\u00e0 falta durant el curs si en fem un bon \u00fas. Al centre es&hellip;  <a href=\"https:\/\/agora.xtec.cat\/escolasqs\/lescola\/material-escolar\/\" title=\"Read Material escolar\">Llegeix m\u00e9s\u00bb<\/a><\/p>\n","protected":false},"author":1,"featured_media":0,"parent":22,"menu_order":70,"comment_status":"closed","ping_status":"closed","template":"page-templates\/side-menu.php","meta":{"_bbp_topic_count":0,"_bbp_reply_count":0,"_bbp_total_topic_count":0,"_bbp_total_reply_count":0,"_bbp_voice_count":0,"_bbp_anonymous_reply_count":0,"_bbp_topic_count_hidden":0,"_bbp_reply_count_hidden":0,"_bbp_forum_subforum_count":0,"footnotes":""},"class_list":["post-36","page","type-page","status-publish","hentry"],"post_mailing_queue_ids":[],"_links":{"self":[{"href":"https:\/\/agora.xtec.cat\/escolasqs\/wp-json\/wp\/v2\/pages\/36","targetHints":{"allow":["GET"]}}],"collection":[{"href":"https:\/\/agora.xtec.cat\/escolasqs\/wp-json\/wp\/v2\/pages"}],"about":[{"href":"https:\/\/agora.xtec.cat\/escolasqs\/wp-json\/wp\/v2\/types\/page"}],"author":[{"embeddable":true,"href":"https:\/\/agora.xtec.cat\/escolasqs\/wp-json\/wp\/v2\/users\/1"}],"replies":[{"embeddable":true,"href":"https:\/\/agora.xtec.cat\/escolasqs\/wp-json\/wp\/v2\/comments?post=36"}],"version-history":[{"count":3,"href":"https:\/\/agora.xtec.cat\/escolasqs\/wp-json\/wp\/v2\/pages\/36\/revisions"}],"predecessor-version":[{"id":7960,"href":"https:\/\/agora.xtec.cat\/escolasqs\/wp-json\/wp\/v2\/pages\/36\/revisions\/7960"}],"up":[{"embeddable":true,"href":"https:\/\/agora.xtec.cat\/escolasqs\/wp-json\/wp\/v2\/pages\/22"}],"wp:attachment":[{"href":"https:\/\/agora.xtec.cat\/escolasqs\/wp-json\/wp\/v2\/media?parent=36"}],"curies":[{"name":"wp","href":"https:\/\/api.w.org\/{rel}","templated":true}]}}