{"id":34,"date":"2014-09-18T12:32:18","date_gmt":"2014-09-18T11:32:18","guid":{"rendered":"http:\/\/agora.xtec.cat\/escolasqs\/?page_id=34"},"modified":"2024-09-28T19:50:45","modified_gmt":"2024-09-28T17:50:45","slug":"oferta-educativa","status":"publish","type":"page","link":"https:\/\/agora.xtec.cat\/escolasqs\/lescola\/oferta-educativa\/","title":{"rendered":"Oferta educativa"},"content":{"rendered":"<p>Fins el dia d&#8217;avui, l&#8217;escola de Sant Quirze Safaja hem tingut la sort de poder ofertar places per a totes els cursos. Som una escola rural que ens repartim en quatre grups d&#8217;alumnes: El grup de Minis (I1 i I2) Petits (I3,I4,I5), el grup de Mitjans (1r.2n.3r.) i el grup de Grans (4t.,5\u00e8 i 6\u00e8). S\u00f3n grups redu\u00efts, d&#8217;uns 13 alumnes aproximadament. La xifra pot ser variable segons el grup i l&#8217;any. Enguany, som un total de 31 alumnes, des de I2 fins a 6\u00e8.<\/p>\n","protected":false},"excerpt":{"rendered":"<p>Fins el dia d&#8217;avui, l&#8217;escola de Sant Quirze Safaja hem tingut la sort de poder ofertar places per a totes els cursos. Som una escola rural que ens repartim en quatre grups d&#8217;alumnes: El grup de Minis (I1 i I2) Petits (I3,I4,I5), el grup de&hellip;  <a href=\"https:\/\/agora.xtec.cat\/escolasqs\/lescola\/oferta-educativa\/\" title=\"Read Oferta educativa\">Llegeix m\u00e9s\u00bb<\/a><\/p>\n","protected":false},"author":1,"featured_media":0,"parent":22,"menu_order":60,"comment_status":"closed","ping_status":"closed","template":"page-templates\/side-menu.php","meta":{"_bbp_topic_count":0,"_bbp_reply_count":0,"_bbp_total_topic_count":0,"_bbp_total_reply_count":0,"_bbp_voice_count":0,"_bbp_anonymous_reply_count":0,"_bbp_topic_count_hidden":0,"_bbp_reply_count_hidden":0,"_bbp_forum_subforum_count":0,"footnotes":""},"class_list":["post-34","page","type-page","status-publish","hentry"],"post_mailing_queue_ids":[],"_links":{"self":[{"href":"https:\/\/agora.xtec.cat\/escolasqs\/wp-json\/wp\/v2\/pages\/34","targetHints":{"allow":["GET"]}}],"collection":[{"href":"https:\/\/agora.xtec.cat\/escolasqs\/wp-json\/wp\/v2\/pages"}],"about":[{"href":"https:\/\/agora.xtec.cat\/escolasqs\/wp-json\/wp\/v2\/types\/page"}],"author":[{"embeddable":true,"href":"https:\/\/agora.xtec.cat\/escolasqs\/wp-json\/wp\/v2\/users\/1"}],"replies":[{"embeddable":true,"href":"https:\/\/agora.xtec.cat\/escolasqs\/wp-json\/wp\/v2\/comments?post=34"}],"version-history":[{"count":5,"href":"https:\/\/agora.xtec.cat\/escolasqs\/wp-json\/wp\/v2\/pages\/34\/revisions"}],"predecessor-version":[{"id":8476,"href":"https:\/\/agora.xtec.cat\/escolasqs\/wp-json\/wp\/v2\/pages\/34\/revisions\/8476"}],"up":[{"embeddable":true,"href":"https:\/\/agora.xtec.cat\/escolasqs\/wp-json\/wp\/v2\/pages\/22"}],"wp:attachment":[{"href":"https:\/\/agora.xtec.cat\/escolasqs\/wp-json\/wp\/v2\/media?parent=34"}],"curies":[{"name":"wp","href":"https:\/\/api.w.org\/{rel}","templated":true}]}}