{"id":30,"date":"2014-09-18T12:30:23","date_gmt":"2014-09-18T11:30:23","guid":{"rendered":"http:\/\/agora.xtec.cat\/escolasqs\/?page_id=30"},"modified":"2024-10-24T13:29:09","modified_gmt":"2024-10-24T11:29:09","slug":"instal%c2%b7lacions","status":"publish","type":"page","link":"https:\/\/agora.xtec.cat\/escolasqs\/lescola\/instal%c2%b7lacions\/","title":{"rendered":"Instal\u00b7lacions"},"content":{"rendered":"<p>L\u2019edifici de l\u2019escola est\u00e0 repartit en tres m\u00f2duls: en un primer m\u00f2dul trobem el Grup de Petits (I3, I4 i I5) i una sala polivalent, en el segon m\u00f2dul l&#8217;aula del Grup de Grans (4t, 5\u00e8 i 6\u00e8) i l&#8217;aula de mitjans. Finalment, al darrer m\u00f2dul hi trobem el menjador, la cuina, la sala de mestres.<\/p>\n<p>A m\u00e9s gaudim d&#8217;un pati espl\u00e8ndid amb una estructura de jocs, una camp de futbol, una caseta de fusta, un sorral i diferents espais pedag\u00f2gics per jugar.<\/p>\n<p>Gr\u00e0cies a l&#8217;esfor\u00e7 de tota la comunitat per aconseguir millores constants l&#8217;escola, m\u00e9s la participaci\u00f3 de l&#8217;AFA i l&#8217;Ajuntament,\u00a0 la nostra escola va avan\u00e7ant i millorant cada dia m\u00e9s.<\/p>\n<p><strong>ENTRADA DE L&#8217;ESCOLA<\/strong><\/p>\n<p><a href=\"https:\/\/agora.xtec.cat\/escolasqs\/wp-content\/uploads\/usu951\/2023\/09\/IMG20230901082347.jpg\"><img loading=\"lazy\" decoding=\"async\" class=\"alignnone wp-image-8053\" src=\"https:\/\/agora.xtec.cat\/escolasqs\/wp-content\/uploads\/usu951\/2023\/09\/IMG20230901082347-768x1024.jpg\" alt=\"\" width=\"407\" height=\"543\" srcset=\"https:\/\/agora.xtec.cat\/escolasqs\/wp-content\/uploads\/usu951\/2023\/09\/IMG20230901082347-768x1024.jpg 768w, https:\/\/agora.xtec.cat\/escolasqs\/wp-content\/uploads\/usu951\/2023\/09\/IMG20230901082347-225x300.jpg 225w, https:\/\/agora.xtec.cat\/escolasqs\/wp-content\/uploads\/usu951\/2023\/09\/IMG20230901082347.jpg 864w\" sizes=\"auto, (max-width: 407px) 100vw, 407px\" \/><\/a> <a href=\"https:\/\/agora.xtec.cat\/escolasqs\/wp-content\/uploads\/usu951\/2023\/09\/IMG20230901082357.jpg\"><img loading=\"lazy\" decoding=\"async\" class=\"alignnone wp-image-8054\" src=\"https:\/\/agora.xtec.cat\/escolasqs\/wp-content\/uploads\/usu951\/2023\/09\/IMG20230901082357-768x1024.jpg\" alt=\"\" width=\"321\" height=\"428\" srcset=\"https:\/\/agora.xtec.cat\/escolasqs\/wp-content\/uploads\/usu951\/2023\/09\/IMG20230901082357-768x1024.jpg 768w, https:\/\/agora.xtec.cat\/escolasqs\/wp-content\/uploads\/usu951\/2023\/09\/IMG20230901082357-225x300.jpg 225w, https:\/\/agora.xtec.cat\/escolasqs\/wp-content\/uploads\/usu951\/2023\/09\/IMG20230901082357.jpg 864w\" sizes=\"auto, (max-width: 321px) 100vw, 321px\" \/><\/a> <a href=\"https:\/\/agora.xtec.cat\/escolasqs\/wp-content\/uploads\/usu951\/2023\/09\/IMG20230901082405.jpg\"><img loading=\"lazy\" decoding=\"async\" class=\"alignnone size-large wp-image-8055\" src=\"https:\/\/agora.xtec.cat\/escolasqs\/wp-content\/uploads\/usu951\/2023\/09\/IMG20230901082405-768x1024.jpg\" alt=\"\" width=\"768\" height=\"1024\" srcset=\"https:\/\/agora.xtec.cat\/escolasqs\/wp-content\/uploads\/usu951\/2023\/09\/IMG20230901082405-768x1024.jpg 768w, https:\/\/agora.xtec.cat\/escolasqs\/wp-content\/uploads\/usu951\/2023\/09\/IMG20230901082405-225x300.jpg 225w, https:\/\/agora.xtec.cat\/escolasqs\/wp-content\/uploads\/usu951\/2023\/09\/IMG20230901082405.jpg 864w\" sizes=\"auto, (max-width: 768px) 100vw, 768px\" \/><\/a> <a href=\"https:\/\/agora.xtec.cat\/escolasqs\/wp-content\/uploads\/usu951\/2023\/09\/IMG20230901082413.jpg\"><img loading=\"lazy\" decoding=\"async\" class=\"alignnone wp-image-8056\" src=\"https:\/\/agora.xtec.cat\/escolasqs\/wp-content\/uploads\/usu951\/2023\/09\/IMG20230901082413-768x1024.jpg\" alt=\"\" width=\"411\" height=\"548\" srcset=\"https:\/\/agora.xtec.cat\/escolasqs\/wp-content\/uploads\/usu951\/2023\/09\/IMG20230901082413-768x1024.jpg 768w, https:\/\/agora.xtec.cat\/escolasqs\/wp-content\/uploads\/usu951\/2023\/09\/IMG20230901082413-225x300.jpg 225w, https:\/\/agora.xtec.cat\/escolasqs\/wp-content\/uploads\/usu951\/2023\/09\/IMG20230901082413.jpg 864w\" sizes=\"auto, (max-width: 411px) 100vw, 411px\" \/><\/a> <a href=\"https:\/\/agora.xtec.cat\/escolasqs\/wp-content\/uploads\/usu951\/2023\/09\/IMG20230901082427.jpg\"><img loading=\"lazy\" decoding=\"async\" class=\"alignnone wp-image-8057\" src=\"https:\/\/agora.xtec.cat\/escolasqs\/wp-content\/uploads\/usu951\/2023\/09\/IMG20230901082427-768x1024.jpg\" alt=\"\" width=\"406\" height=\"541\" srcset=\"https:\/\/agora.xtec.cat\/escolasqs\/wp-content\/uploads\/usu951\/2023\/09\/IMG20230901082427-768x1024.jpg 768w, https:\/\/agora.xtec.cat\/escolasqs\/wp-content\/uploads\/usu951\/2023\/09\/IMG20230901082427-225x300.jpg 225w, https:\/\/agora.xtec.cat\/escolasqs\/wp-content\/uploads\/usu951\/2023\/09\/IMG20230901082427.jpg 864w\" sizes=\"auto, (max-width: 406px) 100vw, 406px\" \/><\/a><\/p>\n<p><strong>AULA DE GRANS<\/strong><\/p>\n<p><a href=\"https:\/\/agora.xtec.cat\/escolasqs\/wp-content\/uploads\/usu951\/2023\/09\/IMG20230901082446.jpg\"><img loading=\"lazy\" decoding=\"async\" class=\"alignnone size-large wp-image-8051\" src=\"https:\/\/agora.xtec.cat\/escolasqs\/wp-content\/uploads\/usu951\/2023\/09\/IMG20230901082446-1024x768.jpg\" alt=\"\" width=\"1024\" height=\"768\" srcset=\"https:\/\/agora.xtec.cat\/escolasqs\/wp-content\/uploads\/usu951\/2023\/09\/IMG20230901082446-1024x768.jpg 1024w, https:\/\/agora.xtec.cat\/escolasqs\/wp-content\/uploads\/usu951\/2023\/09\/IMG20230901082446-300x225.jpg 300w, https:\/\/agora.xtec.cat\/escolasqs\/wp-content\/uploads\/usu951\/2023\/09\/IMG20230901082446-768x576.jpg 768w, https:\/\/agora.xtec.cat\/escolasqs\/wp-content\/uploads\/usu951\/2023\/09\/IMG20230901082446-200x150.jpg 200w, https:\/\/agora.xtec.cat\/escolasqs\/wp-content\/uploads\/usu951\/2023\/09\/IMG20230901082446.jpg 1152w\" sizes=\"auto, (max-width: 1024px) 100vw, 1024px\" \/><\/a><\/p>\n<p><strong>AULA DE MITJANS<\/strong><\/p>\n<p><a href=\"https:\/\/agora.xtec.cat\/escolasqs\/wp-content\/uploads\/usu951\/2023\/09\/IMG20230901082437.jpg\"><img loading=\"lazy\" decoding=\"async\" class=\"alignnone size-large wp-image-8052\" src=\"https:\/\/agora.xtec.cat\/escolasqs\/wp-content\/uploads\/usu951\/2023\/09\/IMG20230901082437-1024x768.jpg\" alt=\"\" width=\"1024\" height=\"768\" srcset=\"https:\/\/agora.xtec.cat\/escolasqs\/wp-content\/uploads\/usu951\/2023\/09\/IMG20230901082437-1024x768.jpg 1024w, https:\/\/agora.xtec.cat\/escolasqs\/wp-content\/uploads\/usu951\/2023\/09\/IMG20230901082437-300x225.jpg 300w, https:\/\/agora.xtec.cat\/escolasqs\/wp-content\/uploads\/usu951\/2023\/09\/IMG20230901082437-768x576.jpg 768w, https:\/\/agora.xtec.cat\/escolasqs\/wp-content\/uploads\/usu951\/2023\/09\/IMG20230901082437-200x150.jpg 200w, https:\/\/agora.xtec.cat\/escolasqs\/wp-content\/uploads\/usu951\/2023\/09\/IMG20230901082437.jpg 1152w\" sizes=\"auto, (max-width: 1024px) 100vw, 1024px\" \/><\/a><\/p>\n<p><strong>AULA DE PETITS<\/strong><\/p>\n<p><a href=\"https:\/\/agora.xtec.cat\/escolasqs\/wp-content\/uploads\/usu951\/2024\/10\/IMG20241017170533.jpg\"><img loading=\"lazy\" decoding=\"async\" class=\"size-full wp-image-8537\" src=\"https:\/\/agora.xtec.cat\/escolasqs\/wp-content\/uploads\/usu951\/2024\/10\/IMG20241017170533.jpg\" alt=\"\" width=\"1152\" height=\"864\" srcset=\"https:\/\/agora.xtec.cat\/escolasqs\/wp-content\/uploads\/usu951\/2024\/10\/IMG20241017170533.jpg 1152w, https:\/\/agora.xtec.cat\/escolasqs\/wp-content\/uploads\/usu951\/2024\/10\/IMG20241017170533-300x225.jpg 300w, https:\/\/agora.xtec.cat\/escolasqs\/wp-content\/uploads\/usu951\/2024\/10\/IMG20241017170533-1024x768.jpg 1024w, https:\/\/agora.xtec.cat\/escolasqs\/wp-content\/uploads\/usu951\/2024\/10\/IMG20241017170533-768x576.jpg 768w, https:\/\/agora.xtec.cat\/escolasqs\/wp-content\/uploads\/usu951\/2024\/10\/IMG20241017170533-200x150.jpg 200w\" sizes=\"auto, (max-width: 1152px) 100vw, 1152px\" \/><\/a><\/p>\n<p><a href=\"https:\/\/agora.xtec.cat\/escolasqs\/wp-content\/uploads\/usu951\/2024\/10\/IMG20241017170514.jpg\"><img loading=\"lazy\" decoding=\"async\" class=\"size-full wp-image-8538\" src=\"https:\/\/agora.xtec.cat\/escolasqs\/wp-content\/uploads\/usu951\/2024\/10\/IMG20241017170514.jpg\" alt=\"\" width=\"1152\" height=\"864\" srcset=\"https:\/\/agora.xtec.cat\/escolasqs\/wp-content\/uploads\/usu951\/2024\/10\/IMG20241017170514.jpg 1152w, https:\/\/agora.xtec.cat\/escolasqs\/wp-content\/uploads\/usu951\/2024\/10\/IMG20241017170514-300x225.jpg 300w, https:\/\/agora.xtec.cat\/escolasqs\/wp-content\/uploads\/usu951\/2024\/10\/IMG20241017170514-1024x768.jpg 1024w, https:\/\/agora.xtec.cat\/escolasqs\/wp-content\/uploads\/usu951\/2024\/10\/IMG20241017170514-768x576.jpg 768w, https:\/\/agora.xtec.cat\/escolasqs\/wp-content\/uploads\/usu951\/2024\/10\/IMG20241017170514-200x150.jpg 200w\" sizes=\"auto, (max-width: 1152px) 100vw, 1152px\" \/><\/a><\/p>\n<p><strong>AULA DE MINIS<\/strong><\/p>\n<p><a href=\"https:\/\/agora.xtec.cat\/escolasqs\/wp-content\/uploads\/usu951\/2024\/10\/IMG20241017170448.jpg\"><img loading=\"lazy\" decoding=\"async\" class=\"size-full wp-image-8539\" src=\"https:\/\/agora.xtec.cat\/escolasqs\/wp-content\/uploads\/usu951\/2024\/10\/IMG20241017170448.jpg\" alt=\"\" width=\"1152\" height=\"864\" srcset=\"https:\/\/agora.xtec.cat\/escolasqs\/wp-content\/uploads\/usu951\/2024\/10\/IMG20241017170448.jpg 1152w, https:\/\/agora.xtec.cat\/escolasqs\/wp-content\/uploads\/usu951\/2024\/10\/IMG20241017170448-300x225.jpg 300w, https:\/\/agora.xtec.cat\/escolasqs\/wp-content\/uploads\/usu951\/2024\/10\/IMG20241017170448-1024x768.jpg 1024w, https:\/\/agora.xtec.cat\/escolasqs\/wp-content\/uploads\/usu951\/2024\/10\/IMG20241017170448-768x576.jpg 768w, https:\/\/agora.xtec.cat\/escolasqs\/wp-content\/uploads\/usu951\/2024\/10\/IMG20241017170448-200x150.jpg 200w\" sizes=\"auto, (max-width: 1152px) 100vw, 1152px\" \/><\/a><\/p>\n<p><a href=\"https:\/\/agora.xtec.cat\/escolasqs\/wp-content\/uploads\/usu951\/2024\/10\/IMG20241017170500.jpg\"><img loading=\"lazy\" decoding=\"async\" class=\"size-full wp-image-8540\" src=\"https:\/\/agora.xtec.cat\/escolasqs\/wp-content\/uploads\/usu951\/2024\/10\/IMG20241017170500.jpg\" alt=\"\" width=\"1152\" height=\"864\" srcset=\"https:\/\/agora.xtec.cat\/escolasqs\/wp-content\/uploads\/usu951\/2024\/10\/IMG20241017170500.jpg 1152w, https:\/\/agora.xtec.cat\/escolasqs\/wp-content\/uploads\/usu951\/2024\/10\/IMG20241017170500-300x225.jpg 300w, https:\/\/agora.xtec.cat\/escolasqs\/wp-content\/uploads\/usu951\/2024\/10\/IMG20241017170500-1024x768.jpg 1024w, https:\/\/agora.xtec.cat\/escolasqs\/wp-content\/uploads\/usu951\/2024\/10\/IMG20241017170500-768x576.jpg 768w, https:\/\/agora.xtec.cat\/escolasqs\/wp-content\/uploads\/usu951\/2024\/10\/IMG20241017170500-200x150.jpg 200w\" sizes=\"auto, (max-width: 1152px) 100vw, 1152px\" \/><\/a><\/p>\n<p><strong>SALA DE MESTRES<\/strong><\/p>\n<p><a href=\"https:\/\/agora.xtec.cat\/escolasqs\/wp-content\/uploads\/usu951\/2023\/09\/IMG20230901082124.jpg\"><img loading=\"lazy\" decoding=\"async\" class=\"alignnone wp-image-8059\" src=\"https:\/\/agora.xtec.cat\/escolasqs\/wp-content\/uploads\/usu951\/2023\/09\/IMG20230901082124-768x1024.jpg\" alt=\"\" width=\"360\" height=\"480\" srcset=\"https:\/\/agora.xtec.cat\/escolasqs\/wp-content\/uploads\/usu951\/2023\/09\/IMG20230901082124-768x1024.jpg 768w, https:\/\/agora.xtec.cat\/escolasqs\/wp-content\/uploads\/usu951\/2023\/09\/IMG20230901082124-225x300.jpg 225w, https:\/\/agora.xtec.cat\/escolasqs\/wp-content\/uploads\/usu951\/2023\/09\/IMG20230901082124.jpg 864w\" sizes=\"auto, (max-width: 360px) 100vw, 360px\" \/><\/a> <a href=\"https:\/\/agora.xtec.cat\/escolasqs\/wp-content\/uploads\/usu951\/2023\/09\/IMG20230901082142.jpg\"><img loading=\"lazy\" decoding=\"async\" class=\"alignnone wp-image-8060\" src=\"https:\/\/agora.xtec.cat\/escolasqs\/wp-content\/uploads\/usu951\/2023\/09\/IMG20230901082142-1024x768.jpg\" alt=\"\" width=\"361\" height=\"271\" srcset=\"https:\/\/agora.xtec.cat\/escolasqs\/wp-content\/uploads\/usu951\/2023\/09\/IMG20230901082142-1024x768.jpg 1024w, https:\/\/agora.xtec.cat\/escolasqs\/wp-content\/uploads\/usu951\/2023\/09\/IMG20230901082142-300x225.jpg 300w, https:\/\/agora.xtec.cat\/escolasqs\/wp-content\/uploads\/usu951\/2023\/09\/IMG20230901082142-768x576.jpg 768w, https:\/\/agora.xtec.cat\/escolasqs\/wp-content\/uploads\/usu951\/2023\/09\/IMG20230901082142-200x150.jpg 200w, https:\/\/agora.xtec.cat\/escolasqs\/wp-content\/uploads\/usu951\/2023\/09\/IMG20230901082142.jpg 1152w\" sizes=\"auto, (max-width: 361px) 100vw, 361px\" \/><\/a> <a href=\"https:\/\/agora.xtec.cat\/escolasqs\/wp-content\/uploads\/usu951\/2023\/09\/IMG20230901082209.jpg\"><img loading=\"lazy\" decoding=\"async\" class=\"alignnone wp-image-8061\" src=\"https:\/\/agora.xtec.cat\/escolasqs\/wp-content\/uploads\/usu951\/2023\/09\/IMG20230901082209-768x1024.jpg\" alt=\"\" width=\"358\" height=\"477\" srcset=\"https:\/\/agora.xtec.cat\/escolasqs\/wp-content\/uploads\/usu951\/2023\/09\/IMG20230901082209-768x1024.jpg 768w, https:\/\/agora.xtec.cat\/escolasqs\/wp-content\/uploads\/usu951\/2023\/09\/IMG20230901082209-225x300.jpg 225w, https:\/\/agora.xtec.cat\/escolasqs\/wp-content\/uploads\/usu951\/2023\/09\/IMG20230901082209.jpg 864w\" sizes=\"auto, (max-width: 358px) 100vw, 358px\" \/><\/a><\/p>\n<p><strong>SALA POLIVALENT<\/strong><\/p>\n<p><strong>MENJADOR<\/strong><\/p>\n<p><strong>PATI<\/strong><\/p>\n<p><a href=\"https:\/\/agora.xtec.cat\/escolasqs\/wp-content\/uploads\/usu951\/2024\/09\/IMG20240516170924.jpg\"><img loading=\"lazy\" decoding=\"async\" class=\" wp-image-8460\" src=\"https:\/\/agora.xtec.cat\/escolasqs\/wp-content\/uploads\/usu951\/2024\/09\/IMG20240516170924.jpg\" alt=\"\" width=\"561\" height=\"421\" srcset=\"https:\/\/agora.xtec.cat\/escolasqs\/wp-content\/uploads\/usu951\/2024\/09\/IMG20240516170924.jpg 1152w, https:\/\/agora.xtec.cat\/escolasqs\/wp-content\/uploads\/usu951\/2024\/09\/IMG20240516170924-300x225.jpg 300w, https:\/\/agora.xtec.cat\/escolasqs\/wp-content\/uploads\/usu951\/2024\/09\/IMG20240516170924-1024x768.jpg 1024w, https:\/\/agora.xtec.cat\/escolasqs\/wp-content\/uploads\/usu951\/2024\/09\/IMG20240516170924-768x576.jpg 768w, https:\/\/agora.xtec.cat\/escolasqs\/wp-content\/uploads\/usu951\/2024\/09\/IMG20240516170924-200x150.jpg 200w\" sizes=\"auto, (max-width: 561px) 100vw, 561px\" \/><\/a><\/p>\n<p><a href=\"https:\/\/agora.xtec.cat\/escolasqs\/wp-content\/uploads\/usu951\/2024\/09\/IMG20240516171008.jpg\"><img loading=\"lazy\" decoding=\"async\" class=\" wp-image-8461\" src=\"https:\/\/agora.xtec.cat\/escolasqs\/wp-content\/uploads\/usu951\/2024\/09\/IMG20240516171008.jpg\" alt=\"\" width=\"564\" height=\"423\" srcset=\"https:\/\/agora.xtec.cat\/escolasqs\/wp-content\/uploads\/usu951\/2024\/09\/IMG20240516171008.jpg 1152w, https:\/\/agora.xtec.cat\/escolasqs\/wp-content\/uploads\/usu951\/2024\/09\/IMG20240516171008-300x225.jpg 300w, https:\/\/agora.xtec.cat\/escolasqs\/wp-content\/uploads\/usu951\/2024\/09\/IMG20240516171008-1024x768.jpg 1024w, https:\/\/agora.xtec.cat\/escolasqs\/wp-content\/uploads\/usu951\/2024\/09\/IMG20240516171008-768x576.jpg 768w, https:\/\/agora.xtec.cat\/escolasqs\/wp-content\/uploads\/usu951\/2024\/09\/IMG20240516171008-200x150.jpg 200w\" sizes=\"auto, (max-width: 564px) 100vw, 564px\" \/><\/a><\/p>\n<figure class=\"figure wp-caption alignnone\"><a href=\"https:\/\/agora.xtec.cat\/escolasqs\/wp-content\/uploads\/usu951\/2024\/09\/IMG20240516165331.jpg\"><img loading=\"lazy\" decoding=\"async\" class=\" wp-image-8465\" src=\"https:\/\/agora.xtec.cat\/escolasqs\/wp-content\/uploads\/usu951\/2024\/09\/IMG20240516165331.jpg\" alt=\"\" width=\"561\" height=\"748\" srcset=\"https:\/\/agora.xtec.cat\/escolasqs\/wp-content\/uploads\/usu951\/2024\/09\/IMG20240516165331.jpg 864w, https:\/\/agora.xtec.cat\/escolasqs\/wp-content\/uploads\/usu951\/2024\/09\/IMG20240516165331-225x300.jpg 225w, https:\/\/agora.xtec.cat\/escolasqs\/wp-content\/uploads\/usu951\/2024\/09\/IMG20240516165331-768x1024.jpg 768w\" sizes=\"auto, (max-width: 561px) 100vw, 561px\" \/><\/a><figcaption class=\"wp-caption-text\">oppo_32<\/figcaption><\/figure>\n<p><a href=\"https:\/\/agora.xtec.cat\/escolasqs\/wp-content\/uploads\/usu951\/2024\/09\/IMG20240605121114.jpg\"><img loading=\"lazy\" decoding=\"async\" class=\" wp-image-8462\" src=\"https:\/\/agora.xtec.cat\/escolasqs\/wp-content\/uploads\/usu951\/2024\/09\/IMG20240605121114.jpg\" alt=\"\" width=\"563\" height=\"422\" srcset=\"https:\/\/agora.xtec.cat\/escolasqs\/wp-content\/uploads\/usu951\/2024\/09\/IMG20240605121114.jpg 1152w, https:\/\/agora.xtec.cat\/escolasqs\/wp-content\/uploads\/usu951\/2024\/09\/IMG20240605121114-300x225.jpg 300w, https:\/\/agora.xtec.cat\/escolasqs\/wp-content\/uploads\/usu951\/2024\/09\/IMG20240605121114-1024x768.jpg 1024w, https:\/\/agora.xtec.cat\/escolasqs\/wp-content\/uploads\/usu951\/2024\/09\/IMG20240605121114-768x576.jpg 768w, https:\/\/agora.xtec.cat\/escolasqs\/wp-content\/uploads\/usu951\/2024\/09\/IMG20240605121114-200x150.jpg 200w\" sizes=\"auto, (max-width: 563px) 100vw, 563px\" \/><\/a><\/p>\n<p><a href=\"https:\/\/agora.xtec.cat\/escolasqs\/wp-content\/uploads\/usu951\/2024\/09\/IMG20240605121211.jpg\"><img loading=\"lazy\" decoding=\"async\" class=\" wp-image-8463\" src=\"https:\/\/agora.xtec.cat\/escolasqs\/wp-content\/uploads\/usu951\/2024\/09\/IMG20240605121211.jpg\" alt=\"\" width=\"568\" height=\"758\" srcset=\"https:\/\/agora.xtec.cat\/escolasqs\/wp-content\/uploads\/usu951\/2024\/09\/IMG20240605121211.jpg 864w, https:\/\/agora.xtec.cat\/escolasqs\/wp-content\/uploads\/usu951\/2024\/09\/IMG20240605121211-225x300.jpg 225w, https:\/\/agora.xtec.cat\/escolasqs\/wp-content\/uploads\/usu951\/2024\/09\/IMG20240605121211-768x1024.jpg 768w\" sizes=\"auto, (max-width: 568px) 100vw, 568px\" \/><\/a><\/p>\n<p><a href=\"https:\/\/agora.xtec.cat\/escolasqs\/wp-content\/uploads\/usu951\/2024\/09\/IMG20240605121223.jpg\"><img loading=\"lazy\" decoding=\"async\" class=\" wp-image-8464\" src=\"https:\/\/agora.xtec.cat\/escolasqs\/wp-content\/uploads\/usu951\/2024\/09\/IMG20240605121223.jpg\" alt=\"\" width=\"567\" height=\"425\" srcset=\"https:\/\/agora.xtec.cat\/escolasqs\/wp-content\/uploads\/usu951\/2024\/09\/IMG20240605121223.jpg 1152w, https:\/\/agora.xtec.cat\/escolasqs\/wp-content\/uploads\/usu951\/2024\/09\/IMG20240605121223-300x225.jpg 300w, https:\/\/agora.xtec.cat\/escolasqs\/wp-content\/uploads\/usu951\/2024\/09\/IMG20240605121223-1024x768.jpg 1024w, https:\/\/agora.xtec.cat\/escolasqs\/wp-content\/uploads\/usu951\/2024\/09\/IMG20240605121223-768x576.jpg 768w, https:\/\/agora.xtec.cat\/escolasqs\/wp-content\/uploads\/usu951\/2024\/09\/IMG20240605121223-200x150.jpg 200w\" sizes=\"auto, (max-width: 567px) 100vw, 567px\" \/><\/a><\/p>\n<p>&nbsp;<\/p>\n<p>&nbsp;<\/p>\n<p>&nbsp;<\/p>\n<p>&nbsp;<\/p>\n<p>&nbsp;<\/p>\n<p>&nbsp;<\/p>\n<p>&nbsp;<\/p>\n<p>&nbsp;<\/p>\n<p>&nbsp;<\/p>\n<p>&nbsp;<\/p>\n<p>&nbsp;<\/p>\n<p>&nbsp;<\/p>\n<p>&nbsp;<\/p>\n<p>&nbsp;<\/p>\n<p>&nbsp;<\/p>\n<p>&nbsp;<\/p>\n<p>&nbsp;<\/p>\n<p>&nbsp;<\/p>\n<p>&nbsp;<\/p>\n<p>&nbsp;<\/p>\n<p>&nbsp;<\/p>\n<p>&nbsp;<\/p>\n<p>&nbsp;<\/p>\n<p>&nbsp;<\/p>\n<p>&nbsp;<\/p>\n<p>&nbsp;<\/p>\n<p>&nbsp;<\/p>\n<p>&nbsp;<\/p>\n<p>&nbsp;<\/p>\n<p>&nbsp;<\/p>\n<p>&nbsp;<\/p>\n<p>&nbsp;<\/p>\n<p>&nbsp;<\/p>\n","protected":false},"excerpt":{"rendered":"<p>L\u2019edifici de l\u2019escola est\u00e0 repartit en tres m\u00f2duls: en un primer m\u00f2dul trobem el Grup de Petits (I3, I4 i I5) i una sala polivalent, en el segon m\u00f2dul l&#8217;aula del Grup de Grans (4t, 5\u00e8 i 6\u00e8) i l&#8217;aula de mitjans. Finalment, al darrer&hellip;  <a href=\"https:\/\/agora.xtec.cat\/escolasqs\/lescola\/instal%c2%b7lacions\/\" title=\"Read Instal\u00b7lacions\">Llegeix m\u00e9s\u00bb<\/a><\/p>\n","protected":false},"author":1,"featured_media":0,"parent":22,"menu_order":40,"comment_status":"closed","ping_status":"closed","template":"page-templates\/side-menu.php","meta":{"_bbp_topic_count":0,"_bbp_reply_count":0,"_bbp_total_topic_count":0,"_bbp_total_reply_count":0,"_bbp_voice_count":0,"_bbp_anonymous_reply_count":0,"_bbp_topic_count_hidden":0,"_bbp_reply_count_hidden":0,"_bbp_forum_subforum_count":0,"footnotes":""},"class_list":["post-30","page","type-page","status-publish","hentry"],"post_mailing_queue_ids":[],"_links":{"self":[{"href":"https:\/\/agora.xtec.cat\/escolasqs\/wp-json\/wp\/v2\/pages\/30","targetHints":{"allow":["GET"]}}],"collection":[{"href":"https:\/\/agora.xtec.cat\/escolasqs\/wp-json\/wp\/v2\/pages"}],"about":[{"href":"https:\/\/agora.xtec.cat\/escolasqs\/wp-json\/wp\/v2\/types\/page"}],"author":[{"embeddable":true,"href":"https:\/\/agora.xtec.cat\/escolasqs\/wp-json\/wp\/v2\/users\/1"}],"replies":[{"embeddable":true,"href":"https:\/\/agora.xtec.cat\/escolasqs\/wp-json\/wp\/v2\/comments?post=30"}],"version-history":[{"count":6,"href":"https:\/\/agora.xtec.cat\/escolasqs\/wp-json\/wp\/v2\/pages\/30\/revisions"}],"predecessor-version":[{"id":8541,"href":"https:\/\/agora.xtec.cat\/escolasqs\/wp-json\/wp\/v2\/pages\/30\/revisions\/8541"}],"up":[{"embeddable":true,"href":"https:\/\/agora.xtec.cat\/escolasqs\/wp-json\/wp\/v2\/pages\/22"}],"wp:attachment":[{"href":"https:\/\/agora.xtec.cat\/escolasqs\/wp-json\/wp\/v2\/media?parent=30"}],"curies":[{"name":"wp","href":"https:\/\/api.w.org\/{rel}","templated":true}]}}