{"id":26,"date":"2014-09-18T12:24:32","date_gmt":"2014-09-18T11:24:32","guid":{"rendered":"http:\/\/agora.xtec.cat\/escolasqs\/?page_id=26"},"modified":"2022-10-24T13:00:48","modified_gmt":"2022-10-24T11:00:48","slug":"historia","status":"publish","type":"page","link":"https:\/\/agora.xtec.cat\/escolasqs\/lescola\/historia\/","title":{"rendered":"Hist\u00f2ria"},"content":{"rendered":"<p>Despr\u00e9s d&#8217; 11 anys de tancament de l\u2019Escola de Sant Quirze Safaja, l\u2019any 1994, el curs 2005-2006 van tornar a obrir les portes d\u2019aquesta escola rural que forma part de la ZER del Moian\u00e8s Llevant. L\u2019escola Sant Quirze Safaja est\u00e0 situada al municipi de Sant Quirze Safaja a la comarca del Moian\u00e8s, a 627 metres d\u2019al\u00e7ada. La poblaci\u00f3 actualment \u00e9s de 640 persones aproximadament que conviuen en un terme municipal de poc m\u00e9s de 25 km2, que s\u2019estenen enmig d\u2019una zona muntanyosa envoltada de boscos de pins, roures, alzines i vegetaci\u00f3 de ribera. El seu nucli urb\u00e0 \u00e9s molt petit, i una gran part de la poblaci\u00f3 viu dispersa en les diferents urbanitzacions. L\u2019edifici de l\u2019escola est\u00e0 situat a la sortida del poble, a prop del riu Tenes i del Torrent de l\u2019Espluga. En els darrers cursos hem pogut detectar que estan arribant alguns alumnes provinents dels municipis del voltant. En aquests casos, les fam\u00edlies exposen que escullen l\u2019escola de Sant Quirze Safaja buscant una escola m\u00e9s propera i amb menys alumnat per aula que la que tenen als seus pobles d\u2019origen.<\/p>\n","protected":false},"excerpt":{"rendered":"<p>Despr\u00e9s d&#8217; 11 anys de tancament de l\u2019Escola de Sant Quirze Safaja, l\u2019any 1994, el curs 2005-2006 van tornar a obrir les portes d\u2019aquesta escola rural que forma part de la ZER del Moian\u00e8s Llevant. L\u2019escola Sant Quirze Safaja est\u00e0 situada al municipi de Sant&hellip;  <a href=\"https:\/\/agora.xtec.cat\/escolasqs\/lescola\/historia\/\" title=\"Read Hist\u00f2ria\">Llegeix m\u00e9s\u00bb<\/a><\/p>\n","protected":false},"author":1,"featured_media":0,"parent":22,"menu_order":20,"comment_status":"closed","ping_status":"closed","template":"page-templates\/side-menu.php","meta":{"_bbp_topic_count":0,"_bbp_reply_count":0,"_bbp_total_topic_count":0,"_bbp_total_reply_count":0,"_bbp_voice_count":0,"_bbp_anonymous_reply_count":0,"_bbp_topic_count_hidden":0,"_bbp_reply_count_hidden":0,"_bbp_forum_subforum_count":0,"footnotes":""},"class_list":["post-26","page","type-page","status-publish","hentry"],"post_mailing_queue_ids":[],"_links":{"self":[{"href":"https:\/\/agora.xtec.cat\/escolasqs\/wp-json\/wp\/v2\/pages\/26","targetHints":{"allow":["GET"]}}],"collection":[{"href":"https:\/\/agora.xtec.cat\/escolasqs\/wp-json\/wp\/v2\/pages"}],"about":[{"href":"https:\/\/agora.xtec.cat\/escolasqs\/wp-json\/wp\/v2\/types\/page"}],"author":[{"embeddable":true,"href":"https:\/\/agora.xtec.cat\/escolasqs\/wp-json\/wp\/v2\/users\/1"}],"replies":[{"embeddable":true,"href":"https:\/\/agora.xtec.cat\/escolasqs\/wp-json\/wp\/v2\/comments?post=26"}],"version-history":[{"count":4,"href":"https:\/\/agora.xtec.cat\/escolasqs\/wp-json\/wp\/v2\/pages\/26\/revisions"}],"predecessor-version":[{"id":7962,"href":"https:\/\/agora.xtec.cat\/escolasqs\/wp-json\/wp\/v2\/pages\/26\/revisions\/7962"}],"up":[{"embeddable":true,"href":"https:\/\/agora.xtec.cat\/escolasqs\/wp-json\/wp\/v2\/pages\/22"}],"wp:attachment":[{"href":"https:\/\/agora.xtec.cat\/escolasqs\/wp-json\/wp\/v2\/media?parent=26"}],"curies":[{"name":"wp","href":"https:\/\/api.w.org\/{rel}","templated":true}]}}