{"id":22,"date":"2014-09-18T12:19:57","date_gmt":"2014-09-18T11:19:57","guid":{"rendered":"http:\/\/agora.xtec.cat\/escolasqs\/?page_id=22"},"modified":"2021-11-16T13:48:56","modified_gmt":"2021-11-16T12:48:56","slug":"lescola","status":"publish","type":"page","link":"https:\/\/agora.xtec.cat\/escolasqs\/lescola\/","title":{"rendered":"L&#8217;escola"},"content":{"rendered":"<p class=\"Estilo11\" align=\"left\">El setembre de 2005 va tornar a obrir les seves portes de nou l&#8217;escola de Sant Quirze.<\/p>\n<p class=\"Estilo11\" align=\"left\">Formem part de la Zona Escolar Rural ZER el Moian\u00e8s Llevant juntament amb l\u2019escola de L\u2019Estany, i l\u2019escola Els Ventets de Collsuspina.<\/p>\n<p class=\"Estilo11\" align=\"left\">Tenim alumnes des de P3 fins a 6\u00e8.<\/p>\n<p class=\"Estilo11\" align=\"left\">Estem organitzats en agrupaments multinivell per afavorir la construcci\u00f3 de sabers entre nens i nenes de diferents edats. Creiem en la diversitat com a font d\u2019enriquiment.<\/p>\n<p class=\"Estilo11\" align=\"left\">L\u2019escola est\u00e0 oberta a l\u2019entorn. Fem sortides trimestrals i col\u00f2nies cada any.<\/p>\n<p class=\"Estilo11\" align=\"left\">Amb el projecte actual d&#8217;escola es volen posar les bases per treballar per arribar a ser una escola democr\u00e0tica, inclusiva, coeducativa, solid\u00e0ria, flexible, participativa i catalana. Els canvis per arribar aqu\u00ed no han de ser un motiu de resist\u00e8ncia, sin\u00f3 una oportunitat de fer un millor cam\u00ed.<\/p>\n<p class=\"Estilo11\" align=\"left\">En l\u2019actualitat a l\u2019escola de Sant Quirze Safaja hi ha assignades quatre mestres a tota la jornada i una mestra a mitja jornada. La distribuci\u00f3 dels grups d&#8217;alumnes \u00e9s la seg\u00fcent:<br \/>\nP3 P4 i P5. Grup de PETITS.<br \/>\n1r. 2n.i 3r. Grup de MITJANS.<br \/>\n4t. 5\u00e8. i 6\u00e8. Grup de GRANS.<\/p>\n","protected":false},"excerpt":{"rendered":"<p>El setembre de 2005 va tornar a obrir les seves portes de nou l&#8217;escola de Sant Quirze.<br \/>\nFormem part de la Zona Escolar Rural ZER el Moian\u00e8s Llevant juntament amb l\u2019escola de L\u2019Estany, i l\u2019escola Els Ventets de Collsuspina.<br \/>\nTenim alumnes des de P3 fins a 6\u00e8.<br \/>\nEstem&hellip;  <a href=\"https:\/\/agora.xtec.cat\/escolasqs\/lescola\/\" title=\"Read L&#8217;escola\">Llegeix m\u00e9s\u00bb<\/a><\/p>\n","protected":false},"author":1,"featured_media":0,"parent":0,"menu_order":0,"comment_status":"closed","ping_status":"closed","template":"page-templates\/side-menu.php","meta":{"_bbp_topic_count":0,"_bbp_reply_count":0,"_bbp_total_topic_count":0,"_bbp_total_reply_count":0,"_bbp_voice_count":0,"_bbp_anonymous_reply_count":0,"_bbp_topic_count_hidden":0,"_bbp_reply_count_hidden":0,"_bbp_forum_subforum_count":0,"footnotes":""},"class_list":["post-22","page","type-page","status-publish","hentry"],"post_mailing_queue_ids":[],"_links":{"self":[{"href":"https:\/\/agora.xtec.cat\/escolasqs\/wp-json\/wp\/v2\/pages\/22","targetHints":{"allow":["GET"]}}],"collection":[{"href":"https:\/\/agora.xtec.cat\/escolasqs\/wp-json\/wp\/v2\/pages"}],"about":[{"href":"https:\/\/agora.xtec.cat\/escolasqs\/wp-json\/wp\/v2\/types\/page"}],"author":[{"embeddable":true,"href":"https:\/\/agora.xtec.cat\/escolasqs\/wp-json\/wp\/v2\/users\/1"}],"replies":[{"embeddable":true,"href":"https:\/\/agora.xtec.cat\/escolasqs\/wp-json\/wp\/v2\/comments?post=22"}],"version-history":[{"count":4,"href":"https:\/\/agora.xtec.cat\/escolasqs\/wp-json\/wp\/v2\/pages\/22\/revisions"}],"predecessor-version":[{"id":7806,"href":"https:\/\/agora.xtec.cat\/escolasqs\/wp-json\/wp\/v2\/pages\/22\/revisions\/7806"}],"wp:attachment":[{"href":"https:\/\/agora.xtec.cat\/escolasqs\/wp-json\/wp\/v2\/media?parent=22"}],"curies":[{"name":"wp","href":"https:\/\/api.w.org\/{rel}","templated":true}]}}