{"id":4787,"date":"2020-02-01T21:15:45","date_gmt":"2020-02-01T20:15:45","guid":{"rendered":"http:\/\/agora.xtec.cat\/escolasobirans\/?page_id=4787"},"modified":"2026-03-03T15:33:15","modified_gmt":"2026-03-03T14:33:15","slug":"documentacio","status":"publish","type":"page","link":"https:\/\/agora.xtec.cat\/escolasobirans\/documentacio\/","title":{"rendered":"Documents del centre"},"content":{"rendered":"<p>En aquesta p\u00e0gina podreu trobar els diferents documents amb els quals es gestiona i s\u2019organitza la nostra escola.<\/p>\n<p><a href=\"https:\/\/agora.xtec.cat\/escolasobirans\/wp-content\/uploads\/usu1742\/2020\/02\/PEC_SOBIRANS-1.pdf\">PEC (Projecte educatiu del centre) \u00a0 <\/a>(en revisi\u00f3)<\/p>\n<p><a href=\"https:\/\/agora.xtec.cat\/escolasobirans\/wp-content\/uploads\/usu1742\/2026\/03\/NOFC-WEB-OCTUBRE-2025.pdf\">NOFC &#8211; OCTUBRE 2025<\/a><\/p>\n<p><a href=\"https:\/\/agora.xtec.cat\/escolasobirans\/wp-content\/uploads\/usu1742\/2020\/07\/PROTOCOL-DABSENTISME-ESCOLAR-.pdf\">PROTOCOL D&#8217;ABSENTISME ESCOLAR<\/a><\/p>\n<p><a href=\"https:\/\/agora.xtec.cat\/escolasobirans\/wp-content\/uploads\/usu1742\/2024\/04\/CARTA-COMPROMIS-EDUCATIU_-Modificada_maig24.pdf\">CARTA COMPROM\u00cdS EDUCATIU<\/a><\/p>\n<p><a href=\"https:\/\/agora.xtec.cat\/escolasobirans\/wp-content\/uploads\/usu1742\/2024\/04\/PROJECTE-DE-SOCIALITZACIO_Abril24.pdf\">PROJECTE DE SOCIALITZACI\u00d3<\/a><\/p>\n<p><a href=\"https:\/\/agora.xtec.cat\/escolasobirans\/wp-content\/uploads\/usu1742\/2020\/11\/PLA-ESCOLA-VERDA.pdf\">PLA ESCOLA VERDA<\/a><\/p>\n<p><a href=\"https:\/\/agora.xtec.cat\/escolasobirans\/wp-content\/uploads\/usu1742\/2026\/01\/PROJECTE-LINGUISTIC_aprovacio_28-1-2026.pdf\">PROJECTE LING\u00dc\u00cdSTIC_2026<\/a><\/p>\n<p><a href=\"https:\/\/drive.google.com\/file\/d\/1pIcwkicP6Q7Jexzgk7bOyY3DHJGNqoF2\/view?usp=sharing\">PROJECTE DE CONVIV\u00c8NCIA<\/a><\/p>\n<p><a href=\"https:\/\/drive.google.com\/file\/d\/1mBn5sycGW48UFyb7qEGZKDmhazPXOoGL\/view?usp=share_link\">PLA D&#8217;EVACUACI\u00d3\u00a0<\/a><\/p>\n<p><a href=\"https:\/\/agora.xtec.cat\/escolasobirans\/wp-content\/uploads\/usu1742\/2025\/10\/Acta1_Annex_OBJECTIUS-I-FUNCIONS-FAMILIES-DELEGADES.pdf\">OBJECTIUS I FUNCIONS FAMILIES DELEGADES<\/a><\/p>\n<p>&nbsp;<\/p>\n<p>&nbsp;<\/p>\n","protected":false},"excerpt":{"rendered":"<p>En aquesta p\u00e0gina podreu trobar els diferents documents amb els quals es gestiona i s\u2019organitza la nostra escola. PEC (Projecte educatiu del centre) \u00a0 (en revisi\u00f3) NOFC &#8211; OCTUBRE 2025 PROTOCOL D&#8217;ABSENTISME ESCOLAR CARTA COMPROM\u00cdS EDUCATIU PROJECTE DE SOCIALITZACI\u00d3 PLA ESCOLA VERDA PROJECTE LING\u00dc\u00cdSTIC_2026 PROJECTE DE CONVIV\u00c8NCIA PLA D&#8217;EVACUACI\u00d3\u00a0 OBJECTIUS I FUNCIONS FAMILIES DELEGADES &nbsp; [&hellip;]<\/p>\n","protected":false},"author":1,"featured_media":0,"parent":0,"menu_order":0,"comment_status":"closed","ping_status":"closed","template":"","meta":{"_bbp_topic_count":0,"_bbp_reply_count":0,"_bbp_total_topic_count":0,"_bbp_total_reply_count":0,"_bbp_voice_count":0,"_bbp_anonymous_reply_count":0,"_bbp_topic_count_hidden":0,"_bbp_reply_count_hidden":0,"_bbp_forum_subforum_count":0,"site-sidebar-layout":"default","site-content-layout":"","ast-site-content-layout":"default","site-content-style":"default","site-sidebar-style":"default","ast-global-header-display":"","ast-banner-title-visibility":"","ast-main-header-display":"","ast-hfb-above-header-display":"","ast-hfb-below-header-display":"","ast-hfb-mobile-header-display":"","site-post-title":"","ast-breadcrumbs-content":"","ast-featured-img":"","footer-sml-layout":"","theme-transparent-header-meta":"default","adv-header-id-meta":"","stick-header-meta":"","header-above-stick-meta":"","header-main-stick-meta":"","header-below-stick-meta":"","astra-migrate-meta-layouts":"set","ast-page-background-enabled":"default","ast-page-background-meta":{"desktop":{"background-color":"var(--ast-global-color-4)","background-image":"","background-repeat":"repeat","background-position":"center center","background-size":"auto","background-attachment":"scroll","background-type":"","background-media":"","overlay-type":"","overlay-color":"","overlay-opacity":"","overlay-gradient":""},"tablet":{"background-color":"","background-image":"","background-repeat":"repeat","background-position":"center center","background-size":"auto","background-attachment":"scroll","background-type":"","background-media":"","overlay-type":"","overlay-color":"","overlay-opacity":"","overlay-gradient":""},"mobile":{"background-color":"","background-image":"","background-repeat":"repeat","background-position":"center center","background-size":"auto","background-attachment":"scroll","background-type":"","background-media":"","overlay-type":"","overlay-color":"","overlay-opacity":"","overlay-gradient":""}},"ast-content-background-meta":{"desktop":{"background-color":"var(--ast-global-color-5)","background-image":"","background-repeat":"repeat","background-position":"center center","background-size":"auto","background-attachment":"scroll","background-type":"","background-media":"","overlay-type":"","overlay-color":"","overlay-opacity":"","overlay-gradient":""},"tablet":{"background-color":"var(--ast-global-color-5)","background-image":"","background-repeat":"repeat","background-position":"center center","background-size":"auto","background-attachment":"scroll","background-type":"","background-media":"","overlay-type":"","overlay-color":"","overlay-opacity":"","overlay-gradient":""},"mobile":{"background-color":"var(--ast-global-color-5)","background-image":"","background-repeat":"repeat","background-position":"center center","background-size":"auto","background-attachment":"scroll","background-type":"","background-media":"","overlay-type":"","overlay-color":"","overlay-opacity":"","overlay-gradient":""}},"footnotes":""},"class_list":["post-4787","page","type-page","status-publish","hentry"],"post_mailing_queue_ids":[],"_links":{"self":[{"href":"https:\/\/agora.xtec.cat\/escolasobirans\/wp-json\/wp\/v2\/pages\/4787","targetHints":{"allow":["GET"]}}],"collection":[{"href":"https:\/\/agora.xtec.cat\/escolasobirans\/wp-json\/wp\/v2\/pages"}],"about":[{"href":"https:\/\/agora.xtec.cat\/escolasobirans\/wp-json\/wp\/v2\/types\/page"}],"author":[{"embeddable":true,"href":"https:\/\/agora.xtec.cat\/escolasobirans\/wp-json\/wp\/v2\/users\/1"}],"replies":[{"embeddable":true,"href":"https:\/\/agora.xtec.cat\/escolasobirans\/wp-json\/wp\/v2\/comments?post=4787"}],"version-history":[{"count":6,"href":"https:\/\/agora.xtec.cat\/escolasobirans\/wp-json\/wp\/v2\/pages\/4787\/revisions"}],"predecessor-version":[{"id":19186,"href":"https:\/\/agora.xtec.cat\/escolasobirans\/wp-json\/wp\/v2\/pages\/4787\/revisions\/19186"}],"wp:attachment":[{"href":"https:\/\/agora.xtec.cat\/escolasobirans\/wp-json\/wp\/v2\/media?parent=4787"}],"curies":[{"name":"wp","href":"https:\/\/api.w.org\/{rel}","templated":true}]}}