{"id":4194,"date":"2019-11-23T21:28:28","date_gmt":"2019-11-23T20:28:28","guid":{"rendered":"http:\/\/agora.xtec.cat\/escolasobirans\/?page_id=4194"},"modified":"2024-01-24T15:55:26","modified_gmt":"2024-01-24T14:55:26","slug":"documents-del-centre","status":"publish","type":"page","link":"https:\/\/agora.xtec.cat\/escolasobirans\/lescola\/documents-del-centre\/","title":{"rendered":"L\u00ednia educativa de l&#8217;escola"},"content":{"rendered":"<div style=\"position: relative; width: 100%; height: 0; padding-top: 56.2500%; padding-bottom: 0; box-shadow: 0 2px 8px 0 rgba(63,69,81,0.16); margin-top: 1.6em; margin-bottom: 0.9em; overflow: hidden; border-radius: 8px; will-change: transform;\"><iframe style=\"position: absolute; width: 100%; height: 100%; top: 0; left: 0; border: none; padding: 0; margin: 0;\" src=\"https:\/\/www.canva.com\/design\/DAF59lzDbHg\/view?embed\" allowfullscreen=\"allowfullscreen\"><br \/>\n<\/iframe><\/div>\n<p><a href=\"https:\/\/www.canva.com\/design\/DAF59lzDbHg\/view?utm_content=DAF59lzDbHg&amp;utm_campaign=designshare&amp;utm_medium=embeds&amp;utm_source=link\" target=\"_blank\" rel=\"noopener\">L\u00ednia educativa<\/a><br \/>\n<em><strong><span style=\"color: #000080;\">ENS DEFINIM COM UNA ESCOLA:<\/span><\/strong><\/em><\/p>\n<p><strong><span style=\"color: #000080;\">Familiar\u00a0 <\/span><\/strong><span style=\"font-family: inherit; font-size: 1em;\">Perqu\u00e8 som una escola propera i aix\u00f2 ens permet un tracte personalitzat per a cada infant. La comunicaci\u00f3 i la relaci\u00f3 entre tota la comunitat educativa (mestres, personal no docent, alumnes i fam\u00edlies) \u00e9s fluida i afectuosa.<\/span><\/p>\n<p><span style=\"color: #000080;\"><strong>Oberta\u00a0 <\/strong><\/span>Perqu\u00e8 els pares i mares\u00a0 participen a l\u2019aula i a l&#8217;escola i poden compartir l\u2019experi\u00e8ncia educativa amb els seus fills i filles i amb els mestres.<\/p>\n<p><span style=\"color: #000080;\"><strong>Acollidora\u00a0 <\/strong><\/span>Perqu\u00e8 oferim un espai de benestar on l\u2019infant \u00e9s el protagonista i vetllem perqu\u00e8 se senti estimat i a gust, es respectin els seus ritmes vitals i es desenvolupin els seus talents.<\/p>\n<p><strong><span style=\"color: #000080;\">Motivadora, vivencial i alhora rigorosa\u00a0 <\/span><\/strong>Perqu\u00e8 sabem que aprendre \u00e9s emocionant i fem de l\u2019infant el protagonista del seu aprenentatge que estructurem a partir dels seus interessos i de la realitat que l\u2019envolta tant a dins com a fora de l\u2019escola, .<\/p>\n<p><span style=\"color: #000080;\"><strong>De qualitat\u00a0 <\/strong><\/span>Perqu\u00e8 a la nostra escola fem que els i les nostres alumnes esdevinguin adults responsables, creatius, emprenedors i amb sentit cr\u00edtic. <strong>Cada infant t\u00e9 un talent i a l\u2019escola el potenciem<\/strong>.<\/p>\n<p><span style=\"color: #000080;\"><strong>Innovadora\u00a0 <\/strong><\/span>El nostre equip de mestres \u00e9s estable i cohesionat, treballa amb iniciativa i il\u00b7lusi\u00f3 davant de nous projectes i est\u00e0 en constant formaci\u00f3 pedag\u00f2gica.<\/p>\n<p>&nbsp;<\/p>\n<p><a href=\"https:\/\/www.canva.com\/design\/DAES2hHGooo\/odVgrrMPOC-nnJvk_qwJJQ\/view?utm_content=DAES2hHGooo&amp;utm_campaign=designshare&amp;utm_medium=link&amp;utm_source=publishsharelink\"><img loading=\"lazy\" decoding=\"async\" class=\"wp-image-10611 aligncenter\" src=\"https:\/\/agora.xtec.cat\/escolasobirans\/wp-content\/uploads\/usu1742\/2021\/01\/Els-nostres-referents-educatius_page-0001-imatge.jpg\" alt=\"\" width=\"1271\" height=\"953\" srcset=\"https:\/\/agora.xtec.cat\/escolasobirans\/wp-content\/uploads\/usu1742\/2021\/01\/Els-nostres-referents-educatius_page-0001-imatge.jpg 1600w, https:\/\/agora.xtec.cat\/escolasobirans\/wp-content\/uploads\/usu1742\/2021\/01\/Els-nostres-referents-educatius_page-0001-imatge-300x225.jpg 300w, https:\/\/agora.xtec.cat\/escolasobirans\/wp-content\/uploads\/usu1742\/2021\/01\/Els-nostres-referents-educatius_page-0001-imatge-768x576.jpg 768w, https:\/\/agora.xtec.cat\/escolasobirans\/wp-content\/uploads\/usu1742\/2021\/01\/Els-nostres-referents-educatius_page-0001-imatge-1024x768.jpg 1024w, https:\/\/agora.xtec.cat\/escolasobirans\/wp-content\/uploads\/usu1742\/2021\/01\/Els-nostres-referents-educatius_page-0001-imatge-200x150.jpg 200w\" sizes=\"auto, (max-width: 1271px) 100vw, 1271px\" \/><\/a><\/p>\n<p>&nbsp;<\/p>\n<p>&nbsp;<\/p>\n<p>&nbsp;<\/p>\n","protected":false},"excerpt":{"rendered":"<p>L\u00ednia educativa ENS DEFINIM COM UNA ESCOLA: Familiar\u00a0 Perqu\u00e8 som una escola propera i aix\u00f2 ens permet un tracte personalitzat per a cada infant. La comunicaci\u00f3 i la relaci\u00f3 entre tota la comunitat educativa (mestres, personal no docent, alumnes i fam\u00edlies) \u00e9s fluida i afectuosa. Oberta\u00a0 Perqu\u00e8 els pares i mares\u00a0 participen a l\u2019aula i [&hellip;]<\/p>\n","protected":false},"author":1,"featured_media":0,"parent":22,"menu_order":0,"comment_status":"closed","ping_status":"closed","template":"","meta":{"_bbp_topic_count":0,"_bbp_reply_count":0,"_bbp_total_topic_count":0,"_bbp_total_reply_count":0,"_bbp_voice_count":0,"_bbp_anonymous_reply_count":0,"_bbp_topic_count_hidden":0,"_bbp_reply_count_hidden":0,"_bbp_forum_subforum_count":0,"site-sidebar-layout":"default","site-content-layout":"","ast-site-content-layout":"","site-content-style":"default","site-sidebar-style":"default","ast-global-header-display":"","ast-banner-title-visibility":"","ast-main-header-display":"","ast-hfb-above-header-display":"","ast-hfb-below-header-display":"","ast-hfb-mobile-header-display":"","site-post-title":"","ast-breadcrumbs-content":"","ast-featured-img":"","footer-sml-layout":"","theme-transparent-header-meta":"","adv-header-id-meta":"","stick-header-meta":"","header-above-stick-meta":"","header-main-stick-meta":"","header-below-stick-meta":"","astra-migrate-meta-layouts":"default","ast-page-background-enabled":"default","ast-page-background-meta":{"desktop":{"background-color":"var(--ast-global-color-4)","background-image":"","background-repeat":"repeat","background-position":"center center","background-size":"auto","background-attachment":"scroll","background-type":"","background-media":"","overlay-type":"","overlay-color":"","overlay-opacity":"","overlay-gradient":""},"tablet":{"background-color":"","background-image":"","background-repeat":"repeat","background-position":"center center","background-size":"auto","background-attachment":"scroll","background-type":"","background-media":"","overlay-type":"","overlay-color":"","overlay-opacity":"","overlay-gradient":""},"mobile":{"background-color":"","background-image":"","background-repeat":"repeat","background-position":"center center","background-size":"auto","background-attachment":"scroll","background-type":"","background-media":"","overlay-type":"","overlay-color":"","overlay-opacity":"","overlay-gradient":""}},"ast-content-background-meta":{"desktop":{"background-color":"var(--ast-global-color-5)","background-image":"","background-repeat":"repeat","background-position":"center center","background-size":"auto","background-attachment":"scroll","background-type":"","background-media":"","overlay-type":"","overlay-color":"","overlay-opacity":"","overlay-gradient":""},"tablet":{"background-color":"var(--ast-global-color-5)","background-image":"","background-repeat":"repeat","background-position":"center center","background-size":"auto","background-attachment":"scroll","background-type":"","background-media":"","overlay-type":"","overlay-color":"","overlay-opacity":"","overlay-gradient":""},"mobile":{"background-color":"var(--ast-global-color-5)","background-image":"","background-repeat":"repeat","background-position":"center center","background-size":"auto","background-attachment":"scroll","background-type":"","background-media":"","overlay-type":"","overlay-color":"","overlay-opacity":"","overlay-gradient":""}},"footnotes":""},"class_list":["post-4194","page","type-page","status-publish","hentry"],"post_mailing_queue_ids":[],"_links":{"self":[{"href":"https:\/\/agora.xtec.cat\/escolasobirans\/wp-json\/wp\/v2\/pages\/4194","targetHints":{"allow":["GET"]}}],"collection":[{"href":"https:\/\/agora.xtec.cat\/escolasobirans\/wp-json\/wp\/v2\/pages"}],"about":[{"href":"https:\/\/agora.xtec.cat\/escolasobirans\/wp-json\/wp\/v2\/types\/page"}],"author":[{"embeddable":true,"href":"https:\/\/agora.xtec.cat\/escolasobirans\/wp-json\/wp\/v2\/users\/1"}],"replies":[{"embeddable":true,"href":"https:\/\/agora.xtec.cat\/escolasobirans\/wp-json\/wp\/v2\/comments?post=4194"}],"version-history":[{"count":7,"href":"https:\/\/agora.xtec.cat\/escolasobirans\/wp-json\/wp\/v2\/pages\/4194\/revisions"}],"predecessor-version":[{"id":17114,"href":"https:\/\/agora.xtec.cat\/escolasobirans\/wp-json\/wp\/v2\/pages\/4194\/revisions\/17114"}],"up":[{"embeddable":true,"href":"https:\/\/agora.xtec.cat\/escolasobirans\/wp-json\/wp\/v2\/pages\/22"}],"wp:attachment":[{"href":"https:\/\/agora.xtec.cat\/escolasobirans\/wp-json\/wp\/v2\/media?parent=4194"}],"curies":[{"name":"wp","href":"https:\/\/api.w.org\/{rel}","templated":true}]}}