{"id":3166,"date":"2018-12-29T20:52:20","date_gmt":"2018-12-29T19:52:20","guid":{"rendered":"http:\/\/agora.xtec.cat\/escolasobirans\/?page_id=3166"},"modified":"2024-02-01T11:19:01","modified_gmt":"2024-02-01T10:19:01","slug":"biblioteca-escolar","status":"publish","type":"page","link":"https:\/\/agora.xtec.cat\/escolasobirans\/biblioteca-escolar\/","title":{"rendered":"Biblioteca escolar"},"content":{"rendered":"<h5><em><strong><span style=\"color: #ff0000;\">La lectura \u00e9s una finestra amb la qual els infants coneixen m\u00f3n i es coneixen a s\u00ed mateixos.<\/span><\/strong><\/em><\/h5>\n<h5>Amb el projecte de biblioteca escolar, l&#8217;escola ha creat diferents activitats entorn a la lectura per potenciar i afavorir no solament aprenentatges curriculars sin\u00f3 interaccions socials en diferents espais din\u00e0mics i enriquir-nos els uns dels altres.<\/h5>\n<h5><\/h5>\n<p><a href=\"https:\/\/www.canva.com\/design\/DAEREiIfG8k\/Qi21ljgVX8IDAX1cHS7lzw\/view?utm_content=DAEREiIfG8k&amp;utm_campaign=designshare&amp;utm_medium=link&amp;utm_source=publishsharelink\"><img loading=\"lazy\" decoding=\"async\" class=\"alignnone wp-image-10454 size-medium\" src=\"https:\/\/agora.xtec.cat\/escolasobirans\/wp-content\/uploads\/usu1742\/2020\/12\/PRESENTACI\u00d3-DEL-PROJECTE-2_page-0001-300x213.jpg\" alt=\"\" width=\"300\" height=\"213\" srcset=\"https:\/\/agora.xtec.cat\/escolasobirans\/wp-content\/uploads\/usu1742\/2020\/12\/PRESENTACI\u00d3-DEL-PROJECTE-2_page-0001-300x213.jpg 300w, https:\/\/agora.xtec.cat\/escolasobirans\/wp-content\/uploads\/usu1742\/2020\/12\/PRESENTACI\u00d3-DEL-PROJECTE-2_page-0001-768x546.jpg 768w, https:\/\/agora.xtec.cat\/escolasobirans\/wp-content\/uploads\/usu1742\/2020\/12\/PRESENTACI\u00d3-DEL-PROJECTE-2_page-0001.jpg 874w\" sizes=\"auto, (max-width: 300px) 100vw, 300px\" \/>\u00a0\u00a0\u00a0\u00a0 <\/a><\/p>\n<p><iframe loading=\"lazy\" src=\"\/\/www.youtube.com\/embed\/G0_XYJRxC5s\" width=\"560\" height=\"314\"><\/iframe><\/p>\n<p><strong>BIBLIOPATI\u00a0\u00a0<\/strong><a href=\"https:\/\/agora.xtec.cat\/escolasobirans\/p3\/bibliopati-a-p3\/\">https:\/\/agora.xtec.cat\/escolasobirans\/p3\/bibliopati-a-p3\/<\/a><\/p>\n<p><strong>PARELLES LECTORES\u00a0\u00a0<\/strong><a href=\"https:\/\/agora.xtec.cat\/escolasobirans\/1r\/parelles-lectores-3\/\">https:\/\/agora.xtec.cat\/escolasobirans\/1r\/parelles-lectores-3\/<\/a><\/p>\n<p><strong>PLA DE LECTURA<\/strong>\u00a0<a href=\"https:\/\/agora.xtec.cat\/escolasobirans\/2n\/lectura-a-laire-lliure\/\">https:\/\/agora.xtec.cat\/escolasobirans\/2n\/lectura-a-laire-lliure\/<\/a><\/p>\n<h2 class=\"subtitle x13\"><\/h2>\n","protected":false},"excerpt":{"rendered":"<p>La lectura \u00e9s una finestra amb la qual els infants coneixen m\u00f3n i es coneixen a s\u00ed mateixos. Amb el projecte de biblioteca escolar, l&#8217;escola ha creat diferents activitats entorn a la lectura per potenciar i afavorir no solament aprenentatges curriculars sin\u00f3 interaccions socials en diferents espais din\u00e0mics i enriquir-nos els uns dels altres. \u00a0\u00a0\u00a0\u00a0 [&hellip;]<\/p>\n","protected":false},"author":1,"featured_media":0,"parent":0,"menu_order":0,"comment_status":"closed","ping_status":"closed","template":"","meta":{"_bbp_topic_count":0,"_bbp_reply_count":0,"_bbp_total_topic_count":0,"_bbp_total_reply_count":0,"_bbp_voice_count":0,"_bbp_anonymous_reply_count":0,"_bbp_topic_count_hidden":0,"_bbp_reply_count_hidden":0,"_bbp_forum_subforum_count":0,"site-sidebar-layout":"default","site-content-layout":"","ast-site-content-layout":"","site-content-style":"default","site-sidebar-style":"default","ast-global-header-display":"","ast-banner-title-visibility":"","ast-main-header-display":"","ast-hfb-above-header-display":"","ast-hfb-below-header-display":"","ast-hfb-mobile-header-display":"","site-post-title":"","ast-breadcrumbs-content":"","ast-featured-img":"","footer-sml-layout":"","theme-transparent-header-meta":"","adv-header-id-meta":"","stick-header-meta":"","header-above-stick-meta":"","header-main-stick-meta":"","header-below-stick-meta":"","astra-migrate-meta-layouts":"default","ast-page-background-enabled":"default","ast-page-background-meta":{"desktop":{"background-color":"var(--ast-global-color-4)","background-image":"","background-repeat":"repeat","background-position":"center center","background-size":"auto","background-attachment":"scroll","background-type":"","background-media":"","overlay-type":"","overlay-color":"","overlay-opacity":"","overlay-gradient":""},"tablet":{"background-color":"","background-image":"","background-repeat":"repeat","background-position":"center center","background-size":"auto","background-attachment":"scroll","background-type":"","background-media":"","overlay-type":"","overlay-color":"","overlay-opacity":"","overlay-gradient":""},"mobile":{"background-color":"","background-image":"","background-repeat":"repeat","background-position":"center center","background-size":"auto","background-attachment":"scroll","background-type":"","background-media":"","overlay-type":"","overlay-color":"","overlay-opacity":"","overlay-gradient":""}},"ast-content-background-meta":{"desktop":{"background-color":"var(--ast-global-color-5)","background-image":"","background-repeat":"repeat","background-position":"center center","background-size":"auto","background-attachment":"scroll","background-type":"","background-media":"","overlay-type":"","overlay-color":"","overlay-opacity":"","overlay-gradient":""},"tablet":{"background-color":"var(--ast-global-color-5)","background-image":"","background-repeat":"repeat","background-position":"center center","background-size":"auto","background-attachment":"scroll","background-type":"","background-media":"","overlay-type":"","overlay-color":"","overlay-opacity":"","overlay-gradient":""},"mobile":{"background-color":"var(--ast-global-color-5)","background-image":"","background-repeat":"repeat","background-position":"center center","background-size":"auto","background-attachment":"scroll","background-type":"","background-media":"","overlay-type":"","overlay-color":"","overlay-opacity":"","overlay-gradient":""}},"footnotes":""},"class_list":["post-3166","page","type-page","status-publish","hentry"],"post_mailing_queue_ids":[],"_links":{"self":[{"href":"https:\/\/agora.xtec.cat\/escolasobirans\/wp-json\/wp\/v2\/pages\/3166","targetHints":{"allow":["GET"]}}],"collection":[{"href":"https:\/\/agora.xtec.cat\/escolasobirans\/wp-json\/wp\/v2\/pages"}],"about":[{"href":"https:\/\/agora.xtec.cat\/escolasobirans\/wp-json\/wp\/v2\/types\/page"}],"author":[{"embeddable":true,"href":"https:\/\/agora.xtec.cat\/escolasobirans\/wp-json\/wp\/v2\/users\/1"}],"replies":[{"embeddable":true,"href":"https:\/\/agora.xtec.cat\/escolasobirans\/wp-json\/wp\/v2\/comments?post=3166"}],"version-history":[{"count":5,"href":"https:\/\/agora.xtec.cat\/escolasobirans\/wp-json\/wp\/v2\/pages\/3166\/revisions"}],"predecessor-version":[{"id":17230,"href":"https:\/\/agora.xtec.cat\/escolasobirans\/wp-json\/wp\/v2\/pages\/3166\/revisions\/17230"}],"wp:attachment":[{"href":"https:\/\/agora.xtec.cat\/escolasobirans\/wp-json\/wp\/v2\/media?parent=3166"}],"curies":[{"name":"wp","href":"https:\/\/api.w.org\/{rel}","templated":true}]}}