{"id":3020,"date":"2018-09-30T21:52:05","date_gmt":"2018-09-30T19:52:05","guid":{"rendered":"http:\/\/agora.xtec.cat\/escolasobirans\/?page_id=3020"},"modified":"2025-09-26T10:51:26","modified_gmt":"2025-09-26T08:51:26","slug":"projectes-descola","status":"publish","type":"page","link":"https:\/\/agora.xtec.cat\/escolasobirans\/projectes-descola\/","title":{"rendered":"COM APRENEM"},"content":{"rendered":"<p>Una de les idees-for\u00e7a del nostre projecte educatiu consisteix en entendre que el coneixement no queda mai dipositat en compartiments estancs sin\u00f3 que circula, forma part d&#8217;un proc\u00e9s din\u00e0mic i fluid. Per aix\u00f2, tot i haver de seguir les rigideses de la programaci\u00f3 i de les assignatures, sovint tirem endavant projectes interdisciplinaris, motivadors, que sensibilitzen i que, a m\u00e9s, cobreixen aspectes importants per a la formaci\u00f3 dels nens i nenes de l&#8217;escola. Es tracta de projectes que representen una mena de sacsejada per treballar i reflexionar sobre q\u00fcestions estrat\u00e8giques per a l&#8217;aprenentatge i la formaci\u00f3 com a persones, del nostre alumnat.<\/p>\n<p>Sota aquest t\u00edtol volem fer difusi\u00f3 d&#8217;aquells plans educatius que portem a terme a l&#8217;escola.\u00a0Son actuacions pedag\u00f2giques que impliquen la participaci\u00f3 i col\u00b7laboraci\u00f3 de tota la comunitat escolar ja que tots i entre tots, aprenem els uns dels altres.<\/p>\n<p>&nbsp;<\/p>\n","protected":false},"excerpt":{"rendered":"<p>Una de les idees-for\u00e7a del nostre projecte educatiu consisteix en entendre que el coneixement no queda mai dipositat en compartiments estancs sin\u00f3 que circula, forma part d&#8217;un proc\u00e9s din\u00e0mic i fluid. Per aix\u00f2, tot i haver de seguir les rigideses de la programaci\u00f3 i de les assignatures, sovint tirem endavant projectes interdisciplinaris, motivadors, que sensibilitzen [&hellip;]<\/p>\n","protected":false},"author":1,"featured_media":0,"parent":0,"menu_order":0,"comment_status":"closed","ping_status":"closed","template":"","meta":{"_bbp_topic_count":0,"_bbp_reply_count":0,"_bbp_total_topic_count":0,"_bbp_total_reply_count":0,"_bbp_voice_count":0,"_bbp_anonymous_reply_count":0,"_bbp_topic_count_hidden":0,"_bbp_reply_count_hidden":0,"_bbp_forum_subforum_count":0,"site-sidebar-layout":"default","site-content-layout":"","ast-site-content-layout":"","site-content-style":"default","site-sidebar-style":"default","ast-global-header-display":"","ast-banner-title-visibility":"","ast-main-header-display":"","ast-hfb-above-header-display":"","ast-hfb-below-header-display":"","ast-hfb-mobile-header-display":"","site-post-title":"","ast-breadcrumbs-content":"","ast-featured-img":"","footer-sml-layout":"","theme-transparent-header-meta":"","adv-header-id-meta":"","stick-header-meta":"","header-above-stick-meta":"","header-main-stick-meta":"","header-below-stick-meta":"","astra-migrate-meta-layouts":"default","ast-page-background-enabled":"default","ast-page-background-meta":{"desktop":{"background-color":"var(--ast-global-color-4)","background-image":"","background-repeat":"repeat","background-position":"center center","background-size":"auto","background-attachment":"scroll","background-type":"","background-media":"","overlay-type":"","overlay-color":"","overlay-opacity":"","overlay-gradient":""},"tablet":{"background-color":"","background-image":"","background-repeat":"repeat","background-position":"center center","background-size":"auto","background-attachment":"scroll","background-type":"","background-media":"","overlay-type":"","overlay-color":"","overlay-opacity":"","overlay-gradient":""},"mobile":{"background-color":"","background-image":"","background-repeat":"repeat","background-position":"center center","background-size":"auto","background-attachment":"scroll","background-type":"","background-media":"","overlay-type":"","overlay-color":"","overlay-opacity":"","overlay-gradient":""}},"ast-content-background-meta":{"desktop":{"background-color":"var(--ast-global-color-5)","background-image":"","background-repeat":"repeat","background-position":"center center","background-size":"auto","background-attachment":"scroll","background-type":"","background-media":"","overlay-type":"","overlay-color":"","overlay-opacity":"","overlay-gradient":""},"tablet":{"background-color":"var(--ast-global-color-5)","background-image":"","background-repeat":"repeat","background-position":"center center","background-size":"auto","background-attachment":"scroll","background-type":"","background-media":"","overlay-type":"","overlay-color":"","overlay-opacity":"","overlay-gradient":""},"mobile":{"background-color":"var(--ast-global-color-5)","background-image":"","background-repeat":"repeat","background-position":"center center","background-size":"auto","background-attachment":"scroll","background-type":"","background-media":"","overlay-type":"","overlay-color":"","overlay-opacity":"","overlay-gradient":""}},"footnotes":""},"class_list":["post-3020","page","type-page","status-publish","hentry"],"post_mailing_queue_ids":[],"_links":{"self":[{"href":"https:\/\/agora.xtec.cat\/escolasobirans\/wp-json\/wp\/v2\/pages\/3020","targetHints":{"allow":["GET"]}}],"collection":[{"href":"https:\/\/agora.xtec.cat\/escolasobirans\/wp-json\/wp\/v2\/pages"}],"about":[{"href":"https:\/\/agora.xtec.cat\/escolasobirans\/wp-json\/wp\/v2\/types\/page"}],"author":[{"embeddable":true,"href":"https:\/\/agora.xtec.cat\/escolasobirans\/wp-json\/wp\/v2\/users\/1"}],"replies":[{"embeddable":true,"href":"https:\/\/agora.xtec.cat\/escolasobirans\/wp-json\/wp\/v2\/comments?post=3020"}],"version-history":[{"count":4,"href":"https:\/\/agora.xtec.cat\/escolasobirans\/wp-json\/wp\/v2\/pages\/3020\/revisions"}],"predecessor-version":[{"id":17118,"href":"https:\/\/agora.xtec.cat\/escolasobirans\/wp-json\/wp\/v2\/pages\/3020\/revisions\/17118"}],"wp:attachment":[{"href":"https:\/\/agora.xtec.cat\/escolasobirans\/wp-json\/wp\/v2\/media?parent=3020"}],"curies":[{"name":"wp","href":"https:\/\/api.w.org\/{rel}","templated":true}]}}