{"id":3005,"date":"2018-09-30T21:27:18","date_gmt":"2018-09-30T19:27:18","guid":{"rendered":"http:\/\/agora.xtec.cat\/escolasobirans\/?page_id=3005"},"modified":"2024-03-14T13:33:09","modified_gmt":"2024-03-14T12:33:09","slug":"curriculum-infantil-primaria","status":"publish","type":"page","link":"https:\/\/agora.xtec.cat\/escolasobirans\/documents\/curriculum-infantil-primaria\/","title":{"rendered":"Curr\u00edculum d&#8217;educaci\u00f3 b\u00e0sica"},"content":{"rendered":"<p>En aquest apartat podreu trobar informaci\u00f3 referent al nou curr\u00edculum.<\/p>\n<p>Si cliqueu a la imatge, trobareu el <a href=\"https:\/\/dogc.gencat.cat\/ca\/document-del-dogc\/?documentId=938401\" target=\"_blank\" rel=\"noopener\"><strong>Decret 175\/2022 <\/strong><strong>d\u2019Ordenaci\u00f3 dels Ensenyaments<\/strong>\u00a0de\u00a0<strong>l\u2019Educaci\u00f3 B\u00e0sica<\/strong><\/a>, que inclou\u00a0<strong>l\u2019Educaci\u00f3 Prim\u00e0ria, l\u2019Educaci\u00f3 Secund\u00e0ria Obligat\u00f2ria (ESO)<\/strong>\u00a0<strong>i els Cicles Formatius de Grau B\u00e0sic.<\/strong><\/p>\n<p>&nbsp;<\/p>\n<p><a href=\"https:\/\/projectes.xtec.cat\/nou-curriculum\/educacio-basica\/decret-educacio-basica\/\"><img loading=\"lazy\" decoding=\"async\" class=\"aligncenter wp-image-15949 size-full\" src=\"https:\/\/agora.xtec.cat\/escolasobirans\/wp-content\/uploads\/usu1742\/2023\/02\/4-11-2022-13.11.48-51.jpg\" alt=\"https:\/\/projectes.xtec.cat\/nou-curriculum\/educacio-basica\/decret-educacio-basica\/\" width=\"457\" height=\"657\" srcset=\"https:\/\/agora.xtec.cat\/escolasobirans\/wp-content\/uploads\/usu1742\/2023\/02\/4-11-2022-13.11.48-51.jpg 457w, https:\/\/agora.xtec.cat\/escolasobirans\/wp-content\/uploads\/usu1742\/2023\/02\/4-11-2022-13.11.48-51-209x300.jpg 209w\" sizes=\"auto, (max-width: 457px) 100vw, 457px\" \/><\/a><\/p>\n<p>&nbsp;<\/p>\n<p>A l&#8217;escola, a nivell organitzatiu, els cicles estan agrupats en cicle de petits, mitjans i grans. No obstant, seguim l&#8217;estructura que disposa el Departament d&#8217;Educaci\u00f3 en el desplegament del curr\u00edculum. A continuaci\u00f3 trobareu els documents que fan refer\u00e8ncia a les compet\u00e8ncies i criteris d&#8217;avaluaci\u00f3 de cada cicle de prim\u00e0ria (inicial, mitj\u00e0 i superior) tal i com estan establerts pel Departament d&#8217;Educaci\u00f3.<\/p>\n<p><a href=\"https:\/\/agora.xtec.cat\/escolasobirans\/wp-content\/uploads\/usu1742\/2024\/03\/CICLE-INICIAL_Competencies-i-criteris-davaluacio.pdf\">CICLE INICIAL_Compet\u00e8ncies i criteris d&#8217;avaluaci\u00f3<\/a><\/p>\n<p><a href=\"https:\/\/agora.xtec.cat\/escolasobirans\/wp-content\/uploads\/usu1742\/2024\/03\/CICLE-MITJA_Competencies-i-criteris-davaluacio-1.pdf\">CICLE MITJ\u00c0_Compet\u00e8ncies i criteris d&#8217;avaluaci\u00f3<\/a><\/p>\n<p><a href=\"https:\/\/agora.xtec.cat\/escolasobirans\/wp-content\/uploads\/usu1742\/2024\/03\/CICLE-SUPERIOR_Competencies-i-criteris-davaluacio.pdf\">CICLE SUPERIOR_Compet\u00e8ncies i criteris d&#8217;avaluaci\u00f3<\/a><\/p>\n","protected":false},"excerpt":{"rendered":"<p>En aquest apartat podreu trobar informaci\u00f3 referent al nou curr\u00edculum. Si cliqueu a la imatge, trobareu el Decret 175\/2022 d\u2019Ordenaci\u00f3 dels Ensenyaments\u00a0de\u00a0l\u2019Educaci\u00f3 B\u00e0sica, que inclou\u00a0l\u2019Educaci\u00f3 Prim\u00e0ria, l\u2019Educaci\u00f3 Secund\u00e0ria Obligat\u00f2ria (ESO)\u00a0i els Cicles Formatius de Grau B\u00e0sic. &nbsp; &nbsp; A l&#8217;escola, a nivell organitzatiu, els cicles estan agrupats en cicle de petits, mitjans i grans. No [&hellip;]<\/p>\n","protected":false},"author":1,"featured_media":0,"parent":2982,"menu_order":3,"comment_status":"closed","ping_status":"closed","template":"","meta":{"_bbp_topic_count":0,"_bbp_reply_count":0,"_bbp_total_topic_count":0,"_bbp_total_reply_count":0,"_bbp_voice_count":0,"_bbp_anonymous_reply_count":0,"_bbp_topic_count_hidden":0,"_bbp_reply_count_hidden":0,"_bbp_forum_subforum_count":0,"site-sidebar-layout":"default","site-content-layout":"","ast-site-content-layout":"","site-content-style":"default","site-sidebar-style":"default","ast-global-header-display":"","ast-banner-title-visibility":"","ast-main-header-display":"","ast-hfb-above-header-display":"","ast-hfb-below-header-display":"","ast-hfb-mobile-header-display":"","site-post-title":"","ast-breadcrumbs-content":"","ast-featured-img":"","footer-sml-layout":"","theme-transparent-header-meta":"","adv-header-id-meta":"","stick-header-meta":"","header-above-stick-meta":"","header-main-stick-meta":"","header-below-stick-meta":"","astra-migrate-meta-layouts":"default","ast-page-background-enabled":"default","ast-page-background-meta":{"desktop":{"background-color":"var(--ast-global-color-4)","background-image":"","background-repeat":"repeat","background-position":"center center","background-size":"auto","background-attachment":"scroll","background-type":"","background-media":"","overlay-type":"","overlay-color":"","overlay-opacity":"","overlay-gradient":""},"tablet":{"background-color":"","background-image":"","background-repeat":"repeat","background-position":"center center","background-size":"auto","background-attachment":"scroll","background-type":"","background-media":"","overlay-type":"","overlay-color":"","overlay-opacity":"","overlay-gradient":""},"mobile":{"background-color":"","background-image":"","background-repeat":"repeat","background-position":"center center","background-size":"auto","background-attachment":"scroll","background-type":"","background-media":"","overlay-type":"","overlay-color":"","overlay-opacity":"","overlay-gradient":""}},"ast-content-background-meta":{"desktop":{"background-color":"var(--ast-global-color-5)","background-image":"","background-repeat":"repeat","background-position":"center center","background-size":"auto","background-attachment":"scroll","background-type":"","background-media":"","overlay-type":"","overlay-color":"","overlay-opacity":"","overlay-gradient":""},"tablet":{"background-color":"var(--ast-global-color-5)","background-image":"","background-repeat":"repeat","background-position":"center center","background-size":"auto","background-attachment":"scroll","background-type":"","background-media":"","overlay-type":"","overlay-color":"","overlay-opacity":"","overlay-gradient":""},"mobile":{"background-color":"var(--ast-global-color-5)","background-image":"","background-repeat":"repeat","background-position":"center center","background-size":"auto","background-attachment":"scroll","background-type":"","background-media":"","overlay-type":"","overlay-color":"","overlay-opacity":"","overlay-gradient":""}},"footnotes":""},"class_list":["post-3005","page","type-page","status-publish","hentry"],"post_mailing_queue_ids":[],"_links":{"self":[{"href":"https:\/\/agora.xtec.cat\/escolasobirans\/wp-json\/wp\/v2\/pages\/3005","targetHints":{"allow":["GET"]}}],"collection":[{"href":"https:\/\/agora.xtec.cat\/escolasobirans\/wp-json\/wp\/v2\/pages"}],"about":[{"href":"https:\/\/agora.xtec.cat\/escolasobirans\/wp-json\/wp\/v2\/types\/page"}],"author":[{"embeddable":true,"href":"https:\/\/agora.xtec.cat\/escolasobirans\/wp-json\/wp\/v2\/users\/1"}],"replies":[{"embeddable":true,"href":"https:\/\/agora.xtec.cat\/escolasobirans\/wp-json\/wp\/v2\/comments?post=3005"}],"version-history":[{"count":6,"href":"https:\/\/agora.xtec.cat\/escolasobirans\/wp-json\/wp\/v2\/pages\/3005\/revisions"}],"predecessor-version":[{"id":17502,"href":"https:\/\/agora.xtec.cat\/escolasobirans\/wp-json\/wp\/v2\/pages\/3005\/revisions\/17502"}],"up":[{"embeddable":true,"href":"https:\/\/agora.xtec.cat\/escolasobirans\/wp-json\/wp\/v2\/pages\/2982"}],"wp:attachment":[{"href":"https:\/\/agora.xtec.cat\/escolasobirans\/wp-json\/wp\/v2\/media?parent=3005"}],"curies":[{"name":"wp","href":"https:\/\/api.w.org\/{rel}","templated":true}]}}