{"id":30,"date":"2014-09-18T12:30:23","date_gmt":"2014-09-18T10:30:23","guid":{"rendered":"http:\/\/agora.xtec.cat\/escolasobirans\/?page_id=30"},"modified":"2024-01-24T15:49:38","modified_gmt":"2024-01-24T14:49:38","slug":"instal%c2%b7lacions","status":"publish","type":"page","link":"https:\/\/agora.xtec.cat\/escolasobirans\/lescola\/instal%c2%b7lacions\/","title":{"rendered":"Instal\u00b7lacions"},"content":{"rendered":"<p><a href=\"https:\/\/youtu.be\/Lv8-NHoU6aY\"><img loading=\"lazy\" decoding=\"async\" class=\"alignnone aligncenter\" src=\"https:\/\/img.genial.ly\/5fff6bcbde3f9707afd56c13\/36887546-dcaf-481a-ade9-60c9ec935d9c.jpeg\" alt=\"\" width=\"512\" height=\"384\" \/><\/a><\/p>\n<p style=\"text-align: center;\">\n<p style=\"text-align: center;\"><iframe loading=\"lazy\" src=\"\/\/www.youtube.com\/embed\/Lv8-NHoU6aY\" width=\"560\" height=\"314\" allowfullscreen=\"allowfullscreen\"><\/iframe><\/p>\n<p>L&#8217;edifici i el conjunt de terrenys que l&#8217;envolten conformen uns espais molt agradables per a la pr\u00e0ctica educativa , s\u00f3n espais molt oberts envoltats de natura pensats per a fer escola.<\/p>\n<p>Els diferents espais de l&#8217;escola:<\/p>\n<p>\u2013 6 aules d&#8217;educaci\u00f3 infantil a la planta baixa preparades per a 25 alumnes a cada nivell. Espais annexos amb serveis d&#8217;higiene personal adequats per rentar-hi i canviar-hi els m\u00e9s petits.<br \/>\n\u2013 12 aules d\u2019educaci\u00f3 prim\u00e0ria a la primera planta amb els corresponents serveis.<br \/>\n\u2013 Aula de m\u00fasica\/audiovisuals<br \/>\n\u2013 Aula de pl\u00e0stica amb els materials adequats per treballar aquesta especialitat. Aquesta aula tamb\u00e9 s&#8217;utilitza per l&#8217;acollida matinal que realitza l&#8217;AMPA i pel Menjador escolar.<br \/>\n\u2013 English Class<br \/>\n\u2013 Aula d&#8217;Educaci\u00f3 especial<br \/>\n\u2013 Aules de refor\u00e7 de petit grup<br \/>\n\u2013 Sala de gimn\u00e0s i expressi\u00f3 din\u00e0mica i equipaments diversos per a la pr\u00e0ctica de l&#8217;educaci\u00f3 f\u00edsica. Al mateix espai s&#8217;hi ha incorporat un escenari de fusta per a les activitats de teatre.\u00a0 \u00a0 \u00a0 \u00a0 _Lavabos i vestidors.<br \/>\n\u2013 Biblioteca amb els llibres de lectura i consulta, amb un equip d&#8217;audiovisuals.<br \/>\n\u2013 Aula d&#8217;inform\u00e0tica amb ordinadors per a la pr\u00e0ctica de la inform\u00e0tica educativa. Wifi a tota l&#8217;escola. Ordinadors port\u00e0tils per al treball a l&#8217;aula.<br \/>\n\u2013 Menjador amb cuina annexa equipada per a la preparaci\u00f3 de tot tipus de men\u00fas. Cuina pr\u00f2pia.<br \/>\n\u2013 Sala de mestres<br \/>\n\u2013 4 tutories<br \/>\n\u2013 Despatx de l\u2019AMPA<br \/>\n\u2013 Despatx Direcci\u00f3, Secretaria, Cap d&#8217;Estudis<br \/>\n\u2013 Consergeria<br \/>\n\u2013 Magatzem<br \/>\n\u2013 Sala de material<br \/>\n\u2013 Espais exteriors d&#8217;esbarjo amb jardins i cirerers, camps de futbol, pista poliesportiva, racons per a la pr\u00e0ctica de b\u00e0squet i jocs infantils.<br \/>\n\u2013 Espais enjardinats per a la pr\u00e0ctica de la jardineria: Hort i compostadora org\u00e0nica. Contenidors per a la gesti\u00f3 dels residus.<br \/>\n\u2013 Magatzem<br \/>\n\u2013 Aula de Psicomotricitat.<br \/>\n\u2013 Un bloc de serveis amb ascensor, espais per a la caldera de calefacci\u00f3, instal\u00b7lacions d&#8217;aigua i electricitat.<\/p>\n","protected":false},"excerpt":{"rendered":"<p>L&#8217;edifici i el conjunt de terrenys que l&#8217;envolten conformen uns espais molt agradables per a la pr\u00e0ctica educativa , s\u00f3n espais molt oberts envoltats de natura pensats per a fer escola. Els diferents espais de l&#8217;escola: \u2013 6 aules d&#8217;educaci\u00f3 infantil a la planta baixa preparades per a 25 alumnes a cada nivell. Espais annexos [&hellip;]<\/p>\n","protected":false},"author":1,"featured_media":0,"parent":22,"menu_order":2,"comment_status":"closed","ping_status":"closed","template":"","meta":{"_bbp_topic_count":0,"_bbp_reply_count":0,"_bbp_total_topic_count":0,"_bbp_total_reply_count":0,"_bbp_voice_count":0,"_bbp_anonymous_reply_count":0,"_bbp_topic_count_hidden":0,"_bbp_reply_count_hidden":0,"_bbp_forum_subforum_count":0,"site-sidebar-layout":"default","site-content-layout":"","ast-site-content-layout":"","site-content-style":"default","site-sidebar-style":"default","ast-global-header-display":"","ast-banner-title-visibility":"","ast-main-header-display":"","ast-hfb-above-header-display":"","ast-hfb-below-header-display":"","ast-hfb-mobile-header-display":"","site-post-title":"","ast-breadcrumbs-content":"","ast-featured-img":"","footer-sml-layout":"","theme-transparent-header-meta":"","adv-header-id-meta":"","stick-header-meta":"","header-above-stick-meta":"","header-main-stick-meta":"","header-below-stick-meta":"","astra-migrate-meta-layouts":"default","ast-page-background-enabled":"default","ast-page-background-meta":{"desktop":{"background-color":"var(--ast-global-color-4)","background-image":"","background-repeat":"repeat","background-position":"center center","background-size":"auto","background-attachment":"scroll","background-type":"","background-media":"","overlay-type":"","overlay-color":"","overlay-opacity":"","overlay-gradient":""},"tablet":{"background-color":"","background-image":"","background-repeat":"repeat","background-position":"center center","background-size":"auto","background-attachment":"scroll","background-type":"","background-media":"","overlay-type":"","overlay-color":"","overlay-opacity":"","overlay-gradient":""},"mobile":{"background-color":"","background-image":"","background-repeat":"repeat","background-position":"center center","background-size":"auto","background-attachment":"scroll","background-type":"","background-media":"","overlay-type":"","overlay-color":"","overlay-opacity":"","overlay-gradient":""}},"ast-content-background-meta":{"desktop":{"background-color":"var(--ast-global-color-5)","background-image":"","background-repeat":"repeat","background-position":"center center","background-size":"auto","background-attachment":"scroll","background-type":"","background-media":"","overlay-type":"","overlay-color":"","overlay-opacity":"","overlay-gradient":""},"tablet":{"background-color":"var(--ast-global-color-5)","background-image":"","background-repeat":"repeat","background-position":"center center","background-size":"auto","background-attachment":"scroll","background-type":"","background-media":"","overlay-type":"","overlay-color":"","overlay-opacity":"","overlay-gradient":""},"mobile":{"background-color":"var(--ast-global-color-5)","background-image":"","background-repeat":"repeat","background-position":"center center","background-size":"auto","background-attachment":"scroll","background-type":"","background-media":"","overlay-type":"","overlay-color":"","overlay-opacity":"","overlay-gradient":""}},"footnotes":""},"class_list":["post-30","page","type-page","status-publish","hentry"],"post_mailing_queue_ids":[],"_links":{"self":[{"href":"https:\/\/agora.xtec.cat\/escolasobirans\/wp-json\/wp\/v2\/pages\/30","targetHints":{"allow":["GET"]}}],"collection":[{"href":"https:\/\/agora.xtec.cat\/escolasobirans\/wp-json\/wp\/v2\/pages"}],"about":[{"href":"https:\/\/agora.xtec.cat\/escolasobirans\/wp-json\/wp\/v2\/types\/page"}],"author":[{"embeddable":true,"href":"https:\/\/agora.xtec.cat\/escolasobirans\/wp-json\/wp\/v2\/users\/1"}],"replies":[{"embeddable":true,"href":"https:\/\/agora.xtec.cat\/escolasobirans\/wp-json\/wp\/v2\/comments?post=30"}],"version-history":[{"count":6,"href":"https:\/\/agora.xtec.cat\/escolasobirans\/wp-json\/wp\/v2\/pages\/30\/revisions"}],"predecessor-version":[{"id":17109,"href":"https:\/\/agora.xtec.cat\/escolasobirans\/wp-json\/wp\/v2\/pages\/30\/revisions\/17109"}],"up":[{"embeddable":true,"href":"https:\/\/agora.xtec.cat\/escolasobirans\/wp-json\/wp\/v2\/pages\/22"}],"wp:attachment":[{"href":"https:\/\/agora.xtec.cat\/escolasobirans\/wp-json\/wp\/v2\/media?parent=30"}],"curies":[{"name":"wp","href":"https:\/\/api.w.org\/{rel}","templated":true}]}}