{"id":2973,"date":"2018-09-30T20:37:00","date_gmt":"2018-09-30T18:37:00","guid":{"rendered":"http:\/\/agora.xtec.cat\/escolasobirans\/?page_id=2973"},"modified":"2024-01-24T15:58:56","modified_gmt":"2024-01-24T14:58:56","slug":"com-treballem","status":"publish","type":"page","link":"https:\/\/agora.xtec.cat\/escolasobirans\/lescola\/com-treballem\/","title":{"rendered":"El treball a l&#8217;escola"},"content":{"rendered":"<p><a href=\"https:\/\/view.genial.ly\/60070e855fdcc20d0b2698b2\/interactive-content-metodologia\"><img loading=\"lazy\" decoding=\"async\" class=\"wp-image-11308 aligncenter\" src=\"https:\/\/agora.xtec.cat\/escolasobirans\/wp-content\/uploads\/usu1742\/2021\/03\/Add-a-heading-2_page-0001-IMatge-com-treballem-300x213.jpg\" alt=\"\" width=\"523\" height=\"371\" srcset=\"https:\/\/agora.xtec.cat\/escolasobirans\/wp-content\/uploads\/usu1742\/2021\/03\/Add-a-heading-2_page-0001-IMatge-com-treballem-300x213.jpg 300w, https:\/\/agora.xtec.cat\/escolasobirans\/wp-content\/uploads\/usu1742\/2021\/03\/Add-a-heading-2_page-0001-IMatge-com-treballem-768x546.jpg 768w, https:\/\/agora.xtec.cat\/escolasobirans\/wp-content\/uploads\/usu1742\/2021\/03\/Add-a-heading-2_page-0001-IMatge-com-treballem.jpg 874w\" sizes=\"auto, (max-width: 523px) 100vw, 523px\" \/><\/a><\/p>\n<p style=\"text-align: center;\"><a href=\"https:\/\/drive.google.com\/file\/d\/1dSlf29PKOUdk6ITEskc3-oZT1Yg1z7x4\/view?usp=sharing\"><img loading=\"lazy\" decoding=\"async\" class=\"wp-image-14064 aligncenter\" src=\"https:\/\/agora.xtec.cat\/escolasobirans\/wp-content\/uploads\/usu1742\/2022\/02\/sobirans-1024x768.jpg\" alt=\"\" width=\"542\" height=\"406\" srcset=\"https:\/\/agora.xtec.cat\/escolasobirans\/wp-content\/uploads\/usu1742\/2022\/02\/sobirans-1024x768.jpg 1024w, https:\/\/agora.xtec.cat\/escolasobirans\/wp-content\/uploads\/usu1742\/2022\/02\/sobirans-300x225.jpg 300w, https:\/\/agora.xtec.cat\/escolasobirans\/wp-content\/uploads\/usu1742\/2022\/02\/sobirans-768x576.jpg 768w, https:\/\/agora.xtec.cat\/escolasobirans\/wp-content\/uploads\/usu1742\/2022\/02\/sobirans-200x150.jpg 200w, https:\/\/agora.xtec.cat\/escolasobirans\/wp-content\/uploads\/usu1742\/2022\/02\/sobirans.jpg 1200w\" sizes=\"auto, (max-width: 542px) 100vw, 542px\" \/><\/a><\/p>\n<h6 class=\"a2a_kit a2a_kit_size_25 addtoany_list\" style=\"text-align: center;\" data-a2a-url=\"https:\/\/agora.xtec.cat\/escolamontbui\/lescola\/organitzacio\/\" data-a2a-title=\"Metodologia\"><\/h6>\n<h1 style=\"text-align: center;\"><\/h1>\n<header class=\"entry-header\">\n<h1 class=\"entry-title\">Prioritats educatives<\/h1>\n<\/header>\n<div class=\"entry-content\">\n<p><strong>La compet\u00e8ncia comunicativa:<\/strong><\/p>\n<p><em>Educaci\u00f3 infantil:<\/em><\/p>\n<ul>\n<li><em>Lectura di\u00e0ria \/\u00a0<\/em>L\u2019hora del conte<\/li>\n<li>Converses formals i\/o informals<\/li>\n<li>Treball de la consci\u00e8ncia fonol\u00f2gica<\/li>\n<li>Racons de llengua<\/li>\n<\/ul>\n<p><em>Educaci\u00f3 prim\u00e0ria:<\/em><\/p>\n<ul>\n<li>Lectura di\u00e0ria<\/li>\n<li>Biblioteca d\u2019aula<\/li>\n<li>Parelles lectores<\/li>\n<li>Converses formals i\/o informals<\/li>\n<li>Dramatitzacions<\/li>\n<li>Exposicions orals<\/li>\n<\/ul>\n<p><strong>L\u2019aprenentatge de l\u2019angl\u00e8s:<\/strong><\/p>\n<ul>\n<li>Introducci\u00f3 de la llengua anglesa oral des de P3 .<\/li>\n<li>Speaking: potenciar la conversa en llengua anglesa a tota la prim\u00e0ria.<\/li>\n<li>Dues sessions de llengua anglesa a prim\u00e0ria.<\/li>\n<li>Lectures en llengua anglesa.<\/li>\n<li>Pr\u00e9stec de llibres en angl\u00e8s.<\/li>\n<\/ul>\n<p><strong>L\u2019aprenentatge cooperatiu com una de les metodologies d\u2019aprenentatge dels infants:<\/strong><\/p>\n<p>Aquesta metodologia afavoreix l\u2019aprenentatge de tot l\u2019alumnat perqu\u00e8 facilita la interacci\u00f3 entre iguals, millora la comunicaci\u00f3, d\u00f3na un paper actiu a cada alumne i crea motivaci\u00f3 per aprendre. Prepara l\u2019alumnat per ser capa\u00e7 de treballar amb persones diferents, ser competent, prendre decisions conjuntes, assumir la pr\u00f2pia responsabilitat, millorar les habilitats socials, l\u2019autoestima i l\u2019escolta activa, aix\u00ed com potenciar els valors del respecte, la inclusi\u00f3, la difer\u00e8ncia\u2026<\/p>\n<ul>\n<li>La cohesi\u00f3 de grup (din\u00e0miques de grup).<\/li>\n<li>Educaci\u00f3 emocional \/ Gesti\u00f3 del conflicte<\/li>\n<li>El treball en equip com a recurs per l\u2019aprenentatge (estructures cooperatives).<\/li>\n<\/ul>\n<p><strong>Eines per situar-se en l\u2019entorn on viu<\/strong>:\u00a0<strong>comprendre, pensar i aplicar.<\/strong><\/p>\n<ul>\n<li>Programaci\u00f3 d\u2019activitats encaminades a interpretar les experi\u00e8ncies, tan directes com indirectes, significatives i properes en el temps i en l\u2019espai.<\/li>\n<li>Descoberta i treball de l\u2019entorn proper.<\/li>\n<li>Treballs per projectes.<\/li>\n<li>Plantejament de reptes i activitats de recerca.<\/li>\n<li>Projecte d\u2019hort escolar.<\/li>\n<li>Celebraci\u00f3 de les festes tradicionals catalanes.<\/li>\n<li>Programaci\u00f3 d\u2019activitats complement\u00e0ries per relacionar els coneixements propis amb all\u00f2 que l\u2019envolta. Aquestes activitats s\u00f3n: visites a equipaments del barri, sortides a museus, a teatres, a la natura , col\u00f2nies.<\/li>\n<\/ul>\n<p><strong>La compet\u00e8ncia digital:<\/strong><\/p>\n<ul>\n<li>\u00das de la pissarra digital per aprendre de manera interactiva.<\/li>\n<li>Utilitzaci\u00f3 de processadors de textos.<\/li>\n<li>Elaboraci\u00f3 i presentaci\u00f3 de treballs amb les TAC.<\/li>\n<li>Iniciaci\u00f3 al m\u00f3n de la rob\u00f2tica i de la programaci\u00f3 mitjan\u00e7ant els robots bee-bot, pro-bot i el programa scratch.<\/li>\n<li>Projecte NINUS a Infantil: aprendre amb jocs digitals interactius.<\/li>\n<li>Utilitzaci\u00f3 de l\u2019aula d\u2019inform\u00e0tica i d\u2019ordinadors port\u00e0tils.<\/li>\n<li>Pr\u00e0ctiques educatives amb les noves tecnologies fent un \u00fas moderat, cr\u00edtic i productiu.<\/li>\n<\/ul>\n<p><strong>Les compet\u00e8ncies personals:<\/strong><\/p>\n<ul>\n<li>Acompanyament en el proc\u00e9s de creixement i de maduresa personal.<\/li>\n<li>Foment de la responsabilitat i de l\u2019autonomia de l\u2019alumnat: c\u00e0rrecs d\u2019aula, rols de l\u2019alumnat i treball per equips cooperatius, participaci\u00f3 dels alumnes m\u00e9s grans en l\u2019organitzaci\u00f3 d\u2019activitats d\u2019escola\u2026<\/li>\n<li>El moment de jugar. El pati espai natural i educatiu.<\/li>\n<li>Fem escola: festes culturals, treball conjunt d\u2019escola, concerts, sortides i col\u00f2nies\u2026<\/li>\n<\/ul>\n<p><strong>La compet\u00e8ncia matem\u00e0tica<\/strong>:<\/p>\n<ul>\n<li>Activitats manipulatives i lligades a la vida quotidiana.<\/li>\n<li>Racons de matem\u00e0tiques a tots els cicles.<\/li>\n<li>Estrat\u00e8gies de c\u00e0lcul mental a educaci\u00f3 infantil i prim\u00e0ria.<\/li>\n<li>Resoluci\u00f3 de situacions reals.<\/li>\n<\/ul>\n<p><strong>Compet\u00e8ncia art\u00edstica:<\/strong><\/p>\n<ul>\n<li>Tallers d\u2019educaci\u00f3 pl\u00e0stica amb diferents autors pl\u00e0stics.<\/li>\n<li>Participaci\u00f3 i gaudi de les activitats art\u00edstiques de l\u2019escola: treball pl\u00e0stic conjunt d\u2019escola, actuacions al voltant de les festes tradicionals, cantades\u2026<\/li>\n<li>Assist\u00e8ncia a teatres i concerts.<\/li>\n<\/ul>\n<\/div>\n","protected":false},"excerpt":{"rendered":"<p>Prioritats educatives La compet\u00e8ncia comunicativa: Educaci\u00f3 infantil: Lectura di\u00e0ria \/\u00a0L\u2019hora del conte Converses formals i\/o informals Treball de la consci\u00e8ncia fonol\u00f2gica Racons de llengua Educaci\u00f3 prim\u00e0ria: Lectura di\u00e0ria Biblioteca d\u2019aula Parelles lectores Converses formals i\/o informals Dramatitzacions Exposicions orals L\u2019aprenentatge de l\u2019angl\u00e8s: Introducci\u00f3 de la llengua anglesa oral des de P3 . Speaking: potenciar la [&hellip;]<\/p>\n","protected":false},"author":1,"featured_media":0,"parent":22,"menu_order":4,"comment_status":"closed","ping_status":"closed","template":"","meta":{"_bbp_topic_count":0,"_bbp_reply_count":0,"_bbp_total_topic_count":0,"_bbp_total_reply_count":0,"_bbp_voice_count":0,"_bbp_anonymous_reply_count":0,"_bbp_topic_count_hidden":0,"_bbp_reply_count_hidden":0,"_bbp_forum_subforum_count":0,"site-sidebar-layout":"default","site-content-layout":"","ast-site-content-layout":"","site-content-style":"default","site-sidebar-style":"default","ast-global-header-display":"","ast-banner-title-visibility":"","ast-main-header-display":"","ast-hfb-above-header-display":"","ast-hfb-below-header-display":"","ast-hfb-mobile-header-display":"","site-post-title":"","ast-breadcrumbs-content":"","ast-featured-img":"","footer-sml-layout":"","theme-transparent-header-meta":"","adv-header-id-meta":"","stick-header-meta":"","header-above-stick-meta":"","header-main-stick-meta":"","header-below-stick-meta":"","astra-migrate-meta-layouts":"default","ast-page-background-enabled":"default","ast-page-background-meta":{"desktop":{"background-color":"var(--ast-global-color-4)","background-image":"","background-repeat":"repeat","background-position":"center center","background-size":"auto","background-attachment":"scroll","background-type":"","background-media":"","overlay-type":"","overlay-color":"","overlay-opacity":"","overlay-gradient":""},"tablet":{"background-color":"","background-image":"","background-repeat":"repeat","background-position":"center center","background-size":"auto","background-attachment":"scroll","background-type":"","background-media":"","overlay-type":"","overlay-color":"","overlay-opacity":"","overlay-gradient":""},"mobile":{"background-color":"","background-image":"","background-repeat":"repeat","background-position":"center center","background-size":"auto","background-attachment":"scroll","background-type":"","background-media":"","overlay-type":"","overlay-color":"","overlay-opacity":"","overlay-gradient":""}},"ast-content-background-meta":{"desktop":{"background-color":"var(--ast-global-color-5)","background-image":"","background-repeat":"repeat","background-position":"center center","background-size":"auto","background-attachment":"scroll","background-type":"","background-media":"","overlay-type":"","overlay-color":"","overlay-opacity":"","overlay-gradient":""},"tablet":{"background-color":"var(--ast-global-color-5)","background-image":"","background-repeat":"repeat","background-position":"center center","background-size":"auto","background-attachment":"scroll","background-type":"","background-media":"","overlay-type":"","overlay-color":"","overlay-opacity":"","overlay-gradient":""},"mobile":{"background-color":"var(--ast-global-color-5)","background-image":"","background-repeat":"repeat","background-position":"center center","background-size":"auto","background-attachment":"scroll","background-type":"","background-media":"","overlay-type":"","overlay-color":"","overlay-opacity":"","overlay-gradient":""}},"footnotes":""},"class_list":["post-2973","page","type-page","status-publish","hentry"],"post_mailing_queue_ids":[],"_links":{"self":[{"href":"https:\/\/agora.xtec.cat\/escolasobirans\/wp-json\/wp\/v2\/pages\/2973","targetHints":{"allow":["GET"]}}],"collection":[{"href":"https:\/\/agora.xtec.cat\/escolasobirans\/wp-json\/wp\/v2\/pages"}],"about":[{"href":"https:\/\/agora.xtec.cat\/escolasobirans\/wp-json\/wp\/v2\/types\/page"}],"author":[{"embeddable":true,"href":"https:\/\/agora.xtec.cat\/escolasobirans\/wp-json\/wp\/v2\/users\/1"}],"replies":[{"embeddable":true,"href":"https:\/\/agora.xtec.cat\/escolasobirans\/wp-json\/wp\/v2\/comments?post=2973"}],"version-history":[{"count":6,"href":"https:\/\/agora.xtec.cat\/escolasobirans\/wp-json\/wp\/v2\/pages\/2973\/revisions"}],"predecessor-version":[{"id":17116,"href":"https:\/\/agora.xtec.cat\/escolasobirans\/wp-json\/wp\/v2\/pages\/2973\/revisions\/17116"}],"up":[{"embeddable":true,"href":"https:\/\/agora.xtec.cat\/escolasobirans\/wp-json\/wp\/v2\/pages\/22"}],"wp:attachment":[{"href":"https:\/\/agora.xtec.cat\/escolasobirans\/wp-json\/wp\/v2\/media?parent=2973"}],"curies":[{"name":"wp","href":"https:\/\/api.w.org\/{rel}","templated":true}]}}