{"id":2968,"date":"2018-09-30T20:28:44","date_gmt":"2018-09-30T18:28:44","guid":{"rendered":"http:\/\/agora.xtec.cat\/escolasobirans\/?page_id=2968"},"modified":"2024-01-24T15:51:18","modified_gmt":"2024-01-24T14:51:18","slug":"trets-didentitat","status":"publish","type":"page","link":"https:\/\/agora.xtec.cat\/escolasobirans\/lescola\/trets-didentitat\/","title":{"rendered":"Trets d&#8217;identitat"},"content":{"rendered":"<p>L&#8217;Escola Sobirans es defineix com una escola p\u00fablica, oberta a tothom i catalana. Ens identifiquem amb aquest pa\u00eds i amb la seva cultura i, per tant, utilitzem el catal\u00e0 com a llengua d&#8217;\u00fas i de comunicaci\u00f3. Sense oblidar l&#8217;aprenentatge de totes les lleng\u00fces curriculars.<\/p>\n<p>Som una escola activa,\u00a0 que segueix una metodologia on els infants participen en els seus aprenentatges, usant m\u00e8todes i recursos adaptats a cada edat i circumst\u00e0ncia, que s&#8217;ajuda de recursos i programes tecnol\u00f2gics en tots els \u00e0mbits.<\/p>\n<p>El nostre centre \u00e9s\u00a0\u00a0<strong>afectu\u00f3s, familiar,alegre , tranquil, acollidor<\/strong>\u2026on ens hi trobem a gust tots i totes en un entorn motivador i gener\u00f3s.\u00a0<strong>Respectu\u00f3s amb l&#8217;entorn<\/strong>, ja sigui medi ambiental ( per aix\u00f2 ens definim com a Escola verda) com amb les persones que el conformen.<\/p>\n<p>Som una escola<strong>\u00a0propera<\/strong>,on volem promoure la implicaci\u00f3 de les fam\u00edlies en el seguiment de l&#8217;evoluci\u00f3 personal i acad\u00e8mica\u00a0dels seus fills i alhora\u00a0 col\u00b7laborin i participin en diferents activitats de l&#8217;escola.<\/p>\n<p>Apostem per una escola\u00a0<strong>oberta<\/strong>\u00a0a tothom on cada alumne pugui seguir el ritme que li marca el seu propi proc\u00e9s evolutiu en un\u00a0<strong>ambient cooperatiu<\/strong>, basat en la conviv\u00e8ncia, en la participaci\u00f3 democr\u00e0tica i el respecte per la diversitat, \u00e9s a dir,<strong>\u00a0integradora<\/strong>, i que s&#8217;entengui la difer\u00e8ncia com un fet positiu,\u00a0<strong>inclusiva<\/strong>.<\/p>\n<p>Som una\u00a0<strong>escola activa<\/strong>\u00a0i connectada amb la societat i el moment actual qu\u00e8 vivim. Ser una escola que ajudi a desenvolupar la part m\u00e9s\u00a0<strong>creativa i art\u00edstica<\/strong>\u00a0dels infants, respectant i valorant les qualitats i les aportacions de cada un d&#8217;ells. Que vinguin cada dia a l&#8217;escola amb un somriure, amb energia i amb ganes de ser millors persones cada dia.<\/p>\n<p><strong>I el m\u00e9s important de tot, ajudar a cr\u00e9ixer a aquests nens\/es de l&#8217;escola, ajudar-los a pensar, a que siguin \u00e9ssers organitzats , observadors, previsors, exigents amb ells\/es mateixos\/es i amb la societat en la qu\u00e8 viuen, prudents\u2026 ajudar-los i ensenyar-los a ser cr\u00edtics i amb esfor\u00e7, treball sistem\u00e0tic i dedicaci\u00f3,\u00a0aconseguir ser\u00a0persones competents. \u00a0\u00a0<\/strong><\/p>\n<p>Comptem amb un\u00a0<strong>equip docent<\/strong>\u00a0estable i professional que impulsa aquest treball de conviv\u00e8ncia aix\u00ed com tamb\u00e9 els excel\u00b7lents resultats educatius que reflecteixen aquest benestar global.<\/p>\n","protected":false},"excerpt":{"rendered":"<p>L&#8217;Escola Sobirans es defineix com una escola p\u00fablica, oberta a tothom i catalana. Ens identifiquem amb aquest pa\u00eds i amb la seva cultura i, per tant, utilitzem el catal\u00e0 com a llengua d&#8217;\u00fas i de comunicaci\u00f3. Sense oblidar l&#8217;aprenentatge de totes les lleng\u00fces curriculars. Som una escola activa,\u00a0 que segueix una metodologia on els infants [&hellip;]<\/p>\n","protected":false},"author":1,"featured_media":0,"parent":22,"menu_order":2,"comment_status":"closed","ping_status":"closed","template":"","meta":{"_bbp_topic_count":0,"_bbp_reply_count":0,"_bbp_total_topic_count":0,"_bbp_total_reply_count":0,"_bbp_voice_count":0,"_bbp_anonymous_reply_count":0,"_bbp_topic_count_hidden":0,"_bbp_reply_count_hidden":0,"_bbp_forum_subforum_count":0,"site-sidebar-layout":"default","site-content-layout":"","ast-site-content-layout":"","site-content-style":"default","site-sidebar-style":"default","ast-global-header-display":"","ast-banner-title-visibility":"","ast-main-header-display":"","ast-hfb-above-header-display":"","ast-hfb-below-header-display":"","ast-hfb-mobile-header-display":"","site-post-title":"","ast-breadcrumbs-content":"","ast-featured-img":"","footer-sml-layout":"","theme-transparent-header-meta":"","adv-header-id-meta":"","stick-header-meta":"","header-above-stick-meta":"","header-main-stick-meta":"","header-below-stick-meta":"","astra-migrate-meta-layouts":"default","ast-page-background-enabled":"default","ast-page-background-meta":{"desktop":{"background-color":"var(--ast-global-color-4)","background-image":"","background-repeat":"repeat","background-position":"center center","background-size":"auto","background-attachment":"scroll","background-type":"","background-media":"","overlay-type":"","overlay-color":"","overlay-opacity":"","overlay-gradient":""},"tablet":{"background-color":"","background-image":"","background-repeat":"repeat","background-position":"center center","background-size":"auto","background-attachment":"scroll","background-type":"","background-media":"","overlay-type":"","overlay-color":"","overlay-opacity":"","overlay-gradient":""},"mobile":{"background-color":"","background-image":"","background-repeat":"repeat","background-position":"center center","background-size":"auto","background-attachment":"scroll","background-type":"","background-media":"","overlay-type":"","overlay-color":"","overlay-opacity":"","overlay-gradient":""}},"ast-content-background-meta":{"desktop":{"background-color":"var(--ast-global-color-5)","background-image":"","background-repeat":"repeat","background-position":"center center","background-size":"auto","background-attachment":"scroll","background-type":"","background-media":"","overlay-type":"","overlay-color":"","overlay-opacity":"","overlay-gradient":""},"tablet":{"background-color":"var(--ast-global-color-5)","background-image":"","background-repeat":"repeat","background-position":"center center","background-size":"auto","background-attachment":"scroll","background-type":"","background-media":"","overlay-type":"","overlay-color":"","overlay-opacity":"","overlay-gradient":""},"mobile":{"background-color":"var(--ast-global-color-5)","background-image":"","background-repeat":"repeat","background-position":"center center","background-size":"auto","background-attachment":"scroll","background-type":"","background-media":"","overlay-type":"","overlay-color":"","overlay-opacity":"","overlay-gradient":""}},"footnotes":""},"class_list":["post-2968","page","type-page","status-publish","hentry"],"post_mailing_queue_ids":[],"_links":{"self":[{"href":"https:\/\/agora.xtec.cat\/escolasobirans\/wp-json\/wp\/v2\/pages\/2968","targetHints":{"allow":["GET"]}}],"collection":[{"href":"https:\/\/agora.xtec.cat\/escolasobirans\/wp-json\/wp\/v2\/pages"}],"about":[{"href":"https:\/\/agora.xtec.cat\/escolasobirans\/wp-json\/wp\/v2\/types\/page"}],"author":[{"embeddable":true,"href":"https:\/\/agora.xtec.cat\/escolasobirans\/wp-json\/wp\/v2\/users\/1"}],"replies":[{"embeddable":true,"href":"https:\/\/agora.xtec.cat\/escolasobirans\/wp-json\/wp\/v2\/comments?post=2968"}],"version-history":[{"count":4,"href":"https:\/\/agora.xtec.cat\/escolasobirans\/wp-json\/wp\/v2\/pages\/2968\/revisions"}],"predecessor-version":[{"id":17110,"href":"https:\/\/agora.xtec.cat\/escolasobirans\/wp-json\/wp\/v2\/pages\/2968\/revisions\/17110"}],"up":[{"embeddable":true,"href":"https:\/\/agora.xtec.cat\/escolasobirans\/wp-json\/wp\/v2\/pages\/22"}],"wp:attachment":[{"href":"https:\/\/agora.xtec.cat\/escolasobirans\/wp-json\/wp\/v2\/media?parent=2968"}],"curies":[{"name":"wp","href":"https:\/\/api.w.org\/{rel}","templated":true}]}}