{"id":26,"date":"2014-09-18T12:24:32","date_gmt":"2014-09-18T10:24:32","guid":{"rendered":"http:\/\/agora.xtec.cat\/escolasobirans\/?page_id=26"},"modified":"2024-01-22T15:57:04","modified_gmt":"2024-01-22T14:57:04","slug":"historia","status":"publish","type":"page","link":"https:\/\/agora.xtec.cat\/escolasobirans\/lescola\/historia\/","title":{"rendered":"Hist\u00f2ria"},"content":{"rendered":"<h4>Benvinguts a l&#8217;escola SOBIRANS!!!<\/h4>\n<p><a href=\"https:\/\/agora.xtec.cat\/escolasobirans\/wp-content\/uploads\/usu1742\/2017\/12\/fa\u00e7ana-escola.jpg\"><img loading=\"lazy\" decoding=\"async\" class=\"alignnone wp-image-463 size-medium\" src=\"https:\/\/agora.xtec.cat\/escolasobirans\/wp-content\/uploads\/usu1742\/2017\/12\/fa\u00e7ana-escola-300x127.jpg\" alt=\"\" width=\"300\" height=\"127\" srcset=\"https:\/\/agora.xtec.cat\/escolasobirans\/wp-content\/uploads\/usu1742\/2017\/12\/fa\u00e7ana-escola-300x127.jpg 300w, https:\/\/agora.xtec.cat\/escolasobirans\/wp-content\/uploads\/usu1742\/2017\/12\/fa\u00e7ana-escola-768x325.jpg 768w, https:\/\/agora.xtec.cat\/escolasobirans\/wp-content\/uploads\/usu1742\/2017\/12\/fa\u00e7ana-escola-1024x433.jpg 1024w\" sizes=\"auto, (max-width: 300px) 100vw, 300px\" \/><\/a><\/p>\n<p>L&#8217;escola\u00a0 fou construida el curs 2003-2004 degut a la gran de demanda d&#8217;escolaritzaci\u00f3. La creaci\u00f3 d&#8217;una nova escola va ser una aposta important per millorar la qualitat en l&#8217;educaci\u00f3 i l&#8217;ensenyament dels nostres infants, per garantir uns millors i m\u00e9s amplis coneixements i intentar assegurar un futur molt m\u00e9s ric per a tots ells i, conseq\u00fcentment, per a la nostra comunitat.<\/p>\n<p>Tots volem un poble molt m\u00e9s avan\u00e7at i un pa\u00eds molt m\u00e9s desenvolupat a partir d&#8217;uns valors profundament democr\u00e0tics. L&#8217;ensenyament \u00e9s un dels instruments b\u00e0sics per aconseguir-ho. I entre tots ho podem fer!<\/p>\n<p><strong>La construcci\u00f3 de l&#8217;escola\u00a0<\/strong><\/p>\n<p><a href=\"https:\/\/www.google.com\/url?sa=i&amp;url=https%3A%2F%2Fwww.premiosdearquitectura.es%2Fca%2Fpremis%2F4-iii-mostra-d-arquitectura-del-maresme%2Fobres-presentades%2F94-ceip-sobirans&amp;psig=AOvVaw2w6eVGdKOViW7xOFkmcftt&amp;ust=1581272903037000&amp;source=images&amp;cd=vfe&amp;ved=0CA0QjhxqFwoTCNjSg-LKwucCFQAAAAAdAAAAABAh\">https:\/\/www.google.com\/url?sa=i&amp;url=https%3A%2F%2Fwww.premiosdearquitectura.es%2Fca%2Fpremis%2F4-iii-mostra-d-arquitectura-del-maresme%2Fobres-presentades%2F94-ceip-sobirans&amp;psig=AOvVaw2w6eVGdKOViW7xOFkmcftt&amp;ust=1581272903037000&amp;source=images&amp;cd=vfe&amp;ved=0CA0QjhxqFwoTCNjSg-LKwucCFQAAAAAdAAAAABAh<\/a><\/p>\n<p><strong>Inauguraci\u00f3 de l&#8217;Escola Sobirans<\/strong><\/p>\n<p><a href=\"http:\/\/www.ccmaresme.cat\/document.php?id=2551\">http:\/\/www.ccmaresme.cat\/document.php?id=2551<\/a><\/p>\n<p><strong>Celebrem 10 anys!!!<\/strong><\/p>\n<p><a href=\"https:\/\/agora.xtec.cat\/escolasobirans\/wp-content\/uploads\/usu1742\/2020\/02\/image.png\"><img loading=\"lazy\" decoding=\"async\" class=\"alignnone size-full wp-image-4987\" src=\"https:\/\/agora.xtec.cat\/escolasobirans\/wp-content\/uploads\/usu1742\/2020\/02\/image.png\" alt=\"\" width=\"240\" height=\"156\" \/>\u00a0<\/a><\/p>\n<p><a href=\"http:\/\/www.arenysdemunt.cat\/ARXIUS\/2012\/documents_noticies\/120826_10_anys_Escola_Sobirans.pdf\">http:\/\/www.arenysdemunt.cat\/ARXIUS\/2012\/documents_noticies\/120826_10_anys_Escola_Sobirans.pdf<\/a><\/p>\n<p><strong>Visita de l&#8217;alcalde a l&#8217;escola Sobirans<\/strong><\/p>\n<p><a href=\"http:\/\/www.arenysdemunt.cat\/document.php?id=6274\">http:\/\/www.arenysdemunt.cat\/document.php?id=6274<\/a><\/p>\n<p><strong>Inauguraci\u00f3 del Cam\u00ed Segur cap a l&#8217;escola (Escola Verda)<\/strong><\/p>\n<p><a href=\"https:\/\/www.google.com\/url?sa=i&amp;url=http%3A%2F%2Fwww.arenysdemunt.cat%2Fdocument.php%3Fid%3D3976&amp;psig=AOvVaw2w6eVGdKOViW7xOFkmcftt&amp;ust=1581272903037000&amp;source=images&amp;cd=vfe&amp;ved=0CA0QjhxqFwoTCNjSg-LKwucCFQAAAAAdAAAAABAD\">https:\/\/www.google.com\/url?sa=i&amp;url=http%3A%2F%2Fwww.arenysdemunt.cat%2Fdocument.php%3Fid%3D3976&amp;psig=AOvVaw2w6eVGdKOViW7xOFkmcftt&amp;ust=1581272903037000&amp;source=images&amp;cd=vfe&amp;ved=0CA0QjhxqFwoTCNjSg-LKwucCFQAAAAAdAAAAABAD<\/a><\/p>\n<p>&nbsp;<\/p>\n<p>&nbsp;<\/p>\n<p>&nbsp;<\/p>\n","protected":false},"excerpt":{"rendered":"<p>Benvinguts a l&#8217;escola SOBIRANS!!! L&#8217;escola\u00a0 fou construida el curs 2003-2004 degut a la gran de demanda d&#8217;escolaritzaci\u00f3. La creaci\u00f3 d&#8217;una nova escola va ser una aposta important per millorar la qualitat en l&#8217;educaci\u00f3 i l&#8217;ensenyament dels nostres infants, per garantir uns millors i m\u00e9s amplis coneixements i intentar assegurar un futur molt m\u00e9s ric per [&hellip;]<\/p>\n","protected":false},"author":1,"featured_media":0,"parent":22,"menu_order":1,"comment_status":"closed","ping_status":"closed","template":"","meta":{"_bbp_topic_count":0,"_bbp_reply_count":0,"_bbp_total_topic_count":0,"_bbp_total_reply_count":0,"_bbp_voice_count":0,"_bbp_anonymous_reply_count":0,"_bbp_topic_count_hidden":0,"_bbp_reply_count_hidden":0,"_bbp_forum_subforum_count":0,"site-sidebar-layout":"default","site-content-layout":"","ast-site-content-layout":"","site-content-style":"default","site-sidebar-style":"default","ast-global-header-display":"","ast-banner-title-visibility":"","ast-main-header-display":"","ast-hfb-above-header-display":"","ast-hfb-below-header-display":"","ast-hfb-mobile-header-display":"","site-post-title":"","ast-breadcrumbs-content":"","ast-featured-img":"","footer-sml-layout":"","theme-transparent-header-meta":"","adv-header-id-meta":"","stick-header-meta":"","header-above-stick-meta":"","header-main-stick-meta":"","header-below-stick-meta":"","astra-migrate-meta-layouts":"default","ast-page-background-enabled":"default","ast-page-background-meta":{"desktop":{"background-color":"var(--ast-global-color-4)","background-image":"","background-repeat":"repeat","background-position":"center center","background-size":"auto","background-attachment":"scroll","background-type":"","background-media":"","overlay-type":"","overlay-color":"","overlay-opacity":"","overlay-gradient":""},"tablet":{"background-color":"","background-image":"","background-repeat":"repeat","background-position":"center center","background-size":"auto","background-attachment":"scroll","background-type":"","background-media":"","overlay-type":"","overlay-color":"","overlay-opacity":"","overlay-gradient":""},"mobile":{"background-color":"","background-image":"","background-repeat":"repeat","background-position":"center center","background-size":"auto","background-attachment":"scroll","background-type":"","background-media":"","overlay-type":"","overlay-color":"","overlay-opacity":"","overlay-gradient":""}},"ast-content-background-meta":{"desktop":{"background-color":"var(--ast-global-color-5)","background-image":"","background-repeat":"repeat","background-position":"center center","background-size":"auto","background-attachment":"scroll","background-type":"","background-media":"","overlay-type":"","overlay-color":"","overlay-opacity":"","overlay-gradient":""},"tablet":{"background-color":"var(--ast-global-color-5)","background-image":"","background-repeat":"repeat","background-position":"center center","background-size":"auto","background-attachment":"scroll","background-type":"","background-media":"","overlay-type":"","overlay-color":"","overlay-opacity":"","overlay-gradient":""},"mobile":{"background-color":"var(--ast-global-color-5)","background-image":"","background-repeat":"repeat","background-position":"center center","background-size":"auto","background-attachment":"scroll","background-type":"","background-media":"","overlay-type":"","overlay-color":"","overlay-opacity":"","overlay-gradient":""}},"footnotes":""},"class_list":["post-26","page","type-page","status-publish","hentry"],"post_mailing_queue_ids":[],"_links":{"self":[{"href":"https:\/\/agora.xtec.cat\/escolasobirans\/wp-json\/wp\/v2\/pages\/26","targetHints":{"allow":["GET"]}}],"collection":[{"href":"https:\/\/agora.xtec.cat\/escolasobirans\/wp-json\/wp\/v2\/pages"}],"about":[{"href":"https:\/\/agora.xtec.cat\/escolasobirans\/wp-json\/wp\/v2\/types\/page"}],"author":[{"embeddable":true,"href":"https:\/\/agora.xtec.cat\/escolasobirans\/wp-json\/wp\/v2\/users\/1"}],"replies":[{"embeddable":true,"href":"https:\/\/agora.xtec.cat\/escolasobirans\/wp-json\/wp\/v2\/comments?post=26"}],"version-history":[{"count":3,"href":"https:\/\/agora.xtec.cat\/escolasobirans\/wp-json\/wp\/v2\/pages\/26\/revisions"}],"predecessor-version":[{"id":4991,"href":"https:\/\/agora.xtec.cat\/escolasobirans\/wp-json\/wp\/v2\/pages\/26\/revisions\/4991"}],"up":[{"embeddable":true,"href":"https:\/\/agora.xtec.cat\/escolasobirans\/wp-json\/wp\/v2\/pages\/22"}],"wp:attachment":[{"href":"https:\/\/agora.xtec.cat\/escolasobirans\/wp-json\/wp\/v2\/media?parent=26"}],"curies":[{"name":"wp","href":"https:\/\/api.w.org\/{rel}","templated":true}]}}