{"id":17210,"date":"2024-02-01T10:59:44","date_gmt":"2024-02-01T09:59:44","guid":{"rendered":"https:\/\/agora.xtec.cat\/escolasobirans\/?page_id=17210"},"modified":"2024-02-01T12:05:50","modified_gmt":"2024-02-01T11:05:50","slug":"fiction-express","status":"publish","type":"page","link":"https:\/\/agora.xtec.cat\/escolasobirans\/fiction-express\/","title":{"rendered":"Fiction express"},"content":{"rendered":"<p><strong>Qu\u00e8 \u00e9s Fiction Express?<\/strong><\/p>\n<p>Una plataforma de lectura innovadora que connecta autors i lectors fomentant el di\u00e0leg creatiu entre ells per anar creant les hist\u00f2ries.<\/p>\n<p>Cada 8 setmanes inicien la publicaci\u00f3 de tres llibres diferents, setmanalment i per cap\u00edtols, deixant l\u2019argument a decisi\u00f3 dels lectors. Mitjan\u00e7ant els seus vots i del di\u00e0leg creatiu amb els autors al f\u00f2rum, son ells i ells qui decideixen com continua l\u2019argument.<\/p>\n<p><a href=\"https:\/\/cat.fictionexpress.com\/\"><img loading=\"lazy\" decoding=\"async\" class=\"aligncenter  wp-image-17244\" src=\"https:\/\/agora.xtec.cat\/escolasobirans\/wp-content\/uploads\/usu1742\/2024\/02\/FictionExpress-tagline-1024x430.png\" alt=\"\" width=\"883\" height=\"371\" srcset=\"https:\/\/agora.xtec.cat\/escolasobirans\/wp-content\/uploads\/usu1742\/2024\/02\/FictionExpress-tagline-1024x430.png 1024w, https:\/\/agora.xtec.cat\/escolasobirans\/wp-content\/uploads\/usu1742\/2024\/02\/FictionExpress-tagline-300x126.png 300w, https:\/\/agora.xtec.cat\/escolasobirans\/wp-content\/uploads\/usu1742\/2024\/02\/FictionExpress-tagline-768x323.png 768w, https:\/\/agora.xtec.cat\/escolasobirans\/wp-content\/uploads\/usu1742\/2024\/02\/FictionExpress-tagline-1536x645.png 1536w, https:\/\/agora.xtec.cat\/escolasobirans\/wp-content\/uploads\/usu1742\/2024\/02\/FictionExpress-tagline.png 1631w\" sizes=\"auto, (max-width: 883px) 100vw, 883px\" \/><\/a><\/p>\n","protected":false},"excerpt":{"rendered":"<p>Qu\u00e8 \u00e9s Fiction Express? Una plataforma de lectura innovadora que connecta autors i lectors fomentant el di\u00e0leg creatiu entre ells per anar creant les hist\u00f2ries. Cada 8 setmanes inicien la publicaci\u00f3 de tres llibres diferents, setmanalment i per cap\u00edtols, deixant l\u2019argument a decisi\u00f3 dels lectors. Mitjan\u00e7ant els seus vots i del di\u00e0leg creatiu amb els [&hellip;]<\/p>\n","protected":false},"author":1,"featured_media":0,"parent":0,"menu_order":0,"comment_status":"closed","ping_status":"closed","template":"","meta":{"_bbp_topic_count":0,"_bbp_reply_count":0,"_bbp_total_topic_count":0,"_bbp_total_reply_count":0,"_bbp_voice_count":0,"_bbp_anonymous_reply_count":0,"_bbp_topic_count_hidden":0,"_bbp_reply_count_hidden":0,"_bbp_forum_subforum_count":0,"site-sidebar-layout":"default","site-content-layout":"","ast-site-content-layout":"","site-content-style":"default","site-sidebar-style":"default","ast-global-header-display":"","ast-banner-title-visibility":"","ast-main-header-display":"","ast-hfb-above-header-display":"","ast-hfb-below-header-display":"","ast-hfb-mobile-header-display":"","site-post-title":"","ast-breadcrumbs-content":"","ast-featured-img":"","footer-sml-layout":"","theme-transparent-header-meta":"","adv-header-id-meta":"","stick-header-meta":"","header-above-stick-meta":"","header-main-stick-meta":"","header-below-stick-meta":"","astra-migrate-meta-layouts":"default","ast-page-background-enabled":"default","ast-page-background-meta":{"desktop":{"background-color":"var(--ast-global-color-4)","background-image":"","background-repeat":"repeat","background-position":"center center","background-size":"auto","background-attachment":"scroll","background-type":"","background-media":"","overlay-type":"","overlay-color":"","overlay-opacity":"","overlay-gradient":""},"tablet":{"background-color":"","background-image":"","background-repeat":"repeat","background-position":"center center","background-size":"auto","background-attachment":"scroll","background-type":"","background-media":"","overlay-type":"","overlay-color":"","overlay-opacity":"","overlay-gradient":""},"mobile":{"background-color":"","background-image":"","background-repeat":"repeat","background-position":"center center","background-size":"auto","background-attachment":"scroll","background-type":"","background-media":"","overlay-type":"","overlay-color":"","overlay-opacity":"","overlay-gradient":""}},"ast-content-background-meta":{"desktop":{"background-color":"var(--ast-global-color-5)","background-image":"","background-repeat":"repeat","background-position":"center center","background-size":"auto","background-attachment":"scroll","background-type":"","background-media":"","overlay-type":"","overlay-color":"","overlay-opacity":"","overlay-gradient":""},"tablet":{"background-color":"var(--ast-global-color-5)","background-image":"","background-repeat":"repeat","background-position":"center center","background-size":"auto","background-attachment":"scroll","background-type":"","background-media":"","overlay-type":"","overlay-color":"","overlay-opacity":"","overlay-gradient":""},"mobile":{"background-color":"var(--ast-global-color-5)","background-image":"","background-repeat":"repeat","background-position":"center center","background-size":"auto","background-attachment":"scroll","background-type":"","background-media":"","overlay-type":"","overlay-color":"","overlay-opacity":"","overlay-gradient":""}},"footnotes":""},"class_list":["post-17210","page","type-page","status-publish","hentry"],"post_mailing_queue_ids":[],"_links":{"self":[{"href":"https:\/\/agora.xtec.cat\/escolasobirans\/wp-json\/wp\/v2\/pages\/17210","targetHints":{"allow":["GET"]}}],"collection":[{"href":"https:\/\/agora.xtec.cat\/escolasobirans\/wp-json\/wp\/v2\/pages"}],"about":[{"href":"https:\/\/agora.xtec.cat\/escolasobirans\/wp-json\/wp\/v2\/types\/page"}],"author":[{"embeddable":true,"href":"https:\/\/agora.xtec.cat\/escolasobirans\/wp-json\/wp\/v2\/users\/1"}],"replies":[{"embeddable":true,"href":"https:\/\/agora.xtec.cat\/escolasobirans\/wp-json\/wp\/v2\/comments?post=17210"}],"version-history":[{"count":4,"href":"https:\/\/agora.xtec.cat\/escolasobirans\/wp-json\/wp\/v2\/pages\/17210\/revisions"}],"predecessor-version":[{"id":17245,"href":"https:\/\/agora.xtec.cat\/escolasobirans\/wp-json\/wp\/v2\/pages\/17210\/revisions\/17245"}],"wp:attachment":[{"href":"https:\/\/agora.xtec.cat\/escolasobirans\/wp-json\/wp\/v2\/media?parent=17210"}],"curies":[{"name":"wp","href":"https:\/\/api.w.org\/{rel}","templated":true}]}}