{"id":17208,"date":"2024-02-01T10:59:29","date_gmt":"2024-02-01T09:59:29","guid":{"rendered":"https:\/\/agora.xtec.cat\/escolasobirans\/?page_id=17208"},"modified":"2025-09-26T11:00:00","modified_gmt":"2025-09-26T09:00:00","slug":"festes-anglosaxones-2","status":"publish","type":"page","link":"https:\/\/agora.xtec.cat\/escolasobirans\/festes-anglosaxones-2\/","title":{"rendered":"Festes anglosaxones"},"content":{"rendered":"<p dir=\"ltr\"><span style=\"font-family: inherit; font-size: 1em;\">Cada any, celebrem una festa anglosaxona dels diferents pa\u00efsos de parla anglesa. Aquestes festes anglosaxones s\u00f3n un recurs m\u00e9s que tenim a l&#8217;escola per potenciar i motivar l&#8217;aprenentatge de la llengua anglesa.<\/span><\/p>\n<p dir=\"ltr\">Durant la setmana es plantegen, des de l\u2019\u00e0rea d\u2019angl\u00e8s i les tutories una s\u00e8rie d&#8217;activitats, jocs i audiovisuals per treballar vocabulari espec\u00edfic de la festa, estructures gramaticals i coneixement d&#8217;aquesta tradici\u00f3.<\/p>\n<p dir=\"ltr\">Es fa als alumnes una s\u00e8rie de propostes basades en l&#8217;aprenentatge vivencial fomentant tamb\u00e9 la conviv\u00e8ncia escolar tot celebrant conjuntament aquesta festa.<\/p>\n<p dir=\"ltr\">Tot aix\u00f2 \u00e9s possible gr\u00e0cies a les propostes impulsades des de la comissi\u00f3 d&#8217;angl\u00e8s de l&#8217;escola i a la participaci\u00f3 de tot el claustre i alumnat.<\/p>\n<p dir=\"ltr\">Aqu\u00ed podreu veure un recull de les \u00faltimes festes celebrades:<\/p>\n<p dir=\"ltr\" style=\"text-align: center;\"><a href=\"https:\/\/agora.xtec.cat\/escolasobirans\/general\/thanskgiving-day\/\">Thanksgiving Curs 23-24<\/a><\/p>\n<p dir=\"ltr\"><a href=\"https:\/\/agora.xtec.cat\/escolasobirans\/wp-content\/uploads\/usu1742\/2024\/02\/thanks.jpg\"><img loading=\"lazy\" decoding=\"async\" class=\"aligncenter size-full wp-image-17238\" src=\"https:\/\/agora.xtec.cat\/escolasobirans\/wp-content\/uploads\/usu1742\/2024\/02\/thanks.jpg\" alt=\"\" width=\"480\" height=\"360\" srcset=\"https:\/\/agora.xtec.cat\/escolasobirans\/wp-content\/uploads\/usu1742\/2024\/02\/thanks.jpg 480w, https:\/\/agora.xtec.cat\/escolasobirans\/wp-content\/uploads\/usu1742\/2024\/02\/thanks-300x225.jpg 300w, https:\/\/agora.xtec.cat\/escolasobirans\/wp-content\/uploads\/usu1742\/2024\/02\/thanks-200x150.jpg 200w\" sizes=\"auto, (max-width: 480px) 100vw, 480px\" \/><\/a><\/p>\n<p dir=\"ltr\" style=\"text-align: center;\"><a href=\"https:\/\/agora.xtec.cat\/escolasobirans\/general\/holi-fest\/\">Holi Fest Curs 22-23<\/a><\/p>\n<p dir=\"ltr\" style=\"text-align: center;\"><a href=\"https:\/\/agora.xtec.cat\/escolasobirans\/wp-content\/uploads\/usu1742\/2024\/02\/Holifest.png\"><img loading=\"lazy\" decoding=\"async\" class=\"wp-image-17234 aligncenter\" src=\"https:\/\/agora.xtec.cat\/escolasobirans\/wp-content\/uploads\/usu1742\/2024\/02\/Holifest-1024x598.png\" alt=\"\" width=\"483\" height=\"282\" srcset=\"https:\/\/agora.xtec.cat\/escolasobirans\/wp-content\/uploads\/usu1742\/2024\/02\/Holifest-1024x598.png 1024w, https:\/\/agora.xtec.cat\/escolasobirans\/wp-content\/uploads\/usu1742\/2024\/02\/Holifest-300x175.png 300w, https:\/\/agora.xtec.cat\/escolasobirans\/wp-content\/uploads\/usu1742\/2024\/02\/Holifest-768x449.png 768w, https:\/\/agora.xtec.cat\/escolasobirans\/wp-content\/uploads\/usu1742\/2024\/02\/Holifest.png 1123w\" sizes=\"auto, (max-width: 483px) 100vw, 483px\" \/><\/a><\/p>\n<p dir=\"ltr\" style=\"text-align: center;\"><a href=\"https:\/\/agora.xtec.cat\/escolasobirans\/general\/easter-egg-hunt\/\">Easter Egg Hunt Curs 21-22<\/a><\/p>\n<p dir=\"ltr\" style=\"text-align: center;\"><a href=\"https:\/\/agora.xtec.cat\/escolasobirans\/wp-content\/uploads\/usu1742\/2024\/02\/easter.png\"><img loading=\"lazy\" decoding=\"async\" class=\"wp-image-17236 aligncenter\" src=\"https:\/\/agora.xtec.cat\/escolasobirans\/wp-content\/uploads\/usu1742\/2024\/02\/easter.png\" alt=\"\" width=\"480\" height=\"263\" srcset=\"https:\/\/agora.xtec.cat\/escolasobirans\/wp-content\/uploads\/usu1742\/2024\/02\/easter.png 646w, https:\/\/agora.xtec.cat\/escolasobirans\/wp-content\/uploads\/usu1742\/2024\/02\/easter-300x164.png 300w\" sizes=\"auto, (max-width: 480px) 100vw, 480px\" \/><\/a><\/p>\n<p dir=\"ltr\" style=\"text-align: center;\"><a href=\"https:\/\/agora.xtec.cat\/escolasobirans\/6e\/saint-patricks\/\">Saint Patrick&#8217;s Curs 20-21<\/a><\/p>\n<p dir=\"ltr\" style=\"text-align: center;\"><a href=\"https:\/\/agora.xtec.cat\/escolasobirans\/general\/st-patricks-day-a-infantil\/\">Saint Patrick&#8217;s Curs 24-25<\/a><\/p>\n<p dir=\"ltr\" style=\"text-align: center;\"><a href=\"https:\/\/agora.xtec.cat\/escolasobirans\/wp-content\/uploads\/usu1742\/2024\/02\/saint-patricks.png\"><img loading=\"lazy\" decoding=\"async\" class=\"wp-image-17235 aligncenter\" src=\"https:\/\/agora.xtec.cat\/escolasobirans\/wp-content\/uploads\/usu1742\/2024\/02\/saint-patricks.png\" alt=\"\" width=\"405\" height=\"317\" srcset=\"https:\/\/agora.xtec.cat\/escolasobirans\/wp-content\/uploads\/usu1742\/2024\/02\/saint-patricks.png 937w, https:\/\/agora.xtec.cat\/escolasobirans\/wp-content\/uploads\/usu1742\/2024\/02\/saint-patricks-300x235.png 300w, https:\/\/agora.xtec.cat\/escolasobirans\/wp-content\/uploads\/usu1742\/2024\/02\/saint-patricks-768x602.png 768w\" sizes=\"auto, (max-width: 405px) 100vw, 405px\" \/><\/a><\/p>\n<p dir=\"ltr\" style=\"text-align: center;\">\n","protected":false},"excerpt":{"rendered":"<p>Cada any, celebrem una festa anglosaxona dels diferents pa\u00efsos de parla anglesa. Aquestes festes anglosaxones s\u00f3n un recurs m\u00e9s que tenim a l&#8217;escola per potenciar i motivar l&#8217;aprenentatge de la llengua anglesa. Durant la setmana es plantegen, des de l\u2019\u00e0rea d\u2019angl\u00e8s i les tutories una s\u00e8rie d&#8217;activitats, jocs i audiovisuals per treballar vocabulari espec\u00edfic de [&hellip;]<\/p>\n","protected":false},"author":1,"featured_media":0,"parent":0,"menu_order":0,"comment_status":"closed","ping_status":"closed","template":"","meta":{"_bbp_topic_count":0,"_bbp_reply_count":0,"_bbp_total_topic_count":0,"_bbp_total_reply_count":0,"_bbp_voice_count":0,"_bbp_anonymous_reply_count":0,"_bbp_topic_count_hidden":0,"_bbp_reply_count_hidden":0,"_bbp_forum_subforum_count":0,"site-sidebar-layout":"default","site-content-layout":"","ast-site-content-layout":"","site-content-style":"default","site-sidebar-style":"default","ast-global-header-display":"","ast-banner-title-visibility":"","ast-main-header-display":"","ast-hfb-above-header-display":"","ast-hfb-below-header-display":"","ast-hfb-mobile-header-display":"","site-post-title":"","ast-breadcrumbs-content":"","ast-featured-img":"","footer-sml-layout":"","theme-transparent-header-meta":"","adv-header-id-meta":"","stick-header-meta":"","header-above-stick-meta":"","header-main-stick-meta":"","header-below-stick-meta":"","astra-migrate-meta-layouts":"default","ast-page-background-enabled":"default","ast-page-background-meta":{"desktop":{"background-color":"var(--ast-global-color-4)","background-image":"","background-repeat":"repeat","background-position":"center center","background-size":"auto","background-attachment":"scroll","background-type":"","background-media":"","overlay-type":"","overlay-color":"","overlay-opacity":"","overlay-gradient":""},"tablet":{"background-color":"","background-image":"","background-repeat":"repeat","background-position":"center center","background-size":"auto","background-attachment":"scroll","background-type":"","background-media":"","overlay-type":"","overlay-color":"","overlay-opacity":"","overlay-gradient":""},"mobile":{"background-color":"","background-image":"","background-repeat":"repeat","background-position":"center center","background-size":"auto","background-attachment":"scroll","background-type":"","background-media":"","overlay-type":"","overlay-color":"","overlay-opacity":"","overlay-gradient":""}},"ast-content-background-meta":{"desktop":{"background-color":"var(--ast-global-color-5)","background-image":"","background-repeat":"repeat","background-position":"center center","background-size":"auto","background-attachment":"scroll","background-type":"","background-media":"","overlay-type":"","overlay-color":"","overlay-opacity":"","overlay-gradient":""},"tablet":{"background-color":"var(--ast-global-color-5)","background-image":"","background-repeat":"repeat","background-position":"center center","background-size":"auto","background-attachment":"scroll","background-type":"","background-media":"","overlay-type":"","overlay-color":"","overlay-opacity":"","overlay-gradient":""},"mobile":{"background-color":"var(--ast-global-color-5)","background-image":"","background-repeat":"repeat","background-position":"center center","background-size":"auto","background-attachment":"scroll","background-type":"","background-media":"","overlay-type":"","overlay-color":"","overlay-opacity":"","overlay-gradient":""}},"footnotes":""},"class_list":["post-17208","page","type-page","status-publish","hentry"],"post_mailing_queue_ids":[],"_links":{"self":[{"href":"https:\/\/agora.xtec.cat\/escolasobirans\/wp-json\/wp\/v2\/pages\/17208","targetHints":{"allow":["GET"]}}],"collection":[{"href":"https:\/\/agora.xtec.cat\/escolasobirans\/wp-json\/wp\/v2\/pages"}],"about":[{"href":"https:\/\/agora.xtec.cat\/escolasobirans\/wp-json\/wp\/v2\/types\/page"}],"author":[{"embeddable":true,"href":"https:\/\/agora.xtec.cat\/escolasobirans\/wp-json\/wp\/v2\/users\/1"}],"replies":[{"embeddable":true,"href":"https:\/\/agora.xtec.cat\/escolasobirans\/wp-json\/wp\/v2\/comments?post=17208"}],"version-history":[{"count":5,"href":"https:\/\/agora.xtec.cat\/escolasobirans\/wp-json\/wp\/v2\/pages\/17208\/revisions"}],"predecessor-version":[{"id":18539,"href":"https:\/\/agora.xtec.cat\/escolasobirans\/wp-json\/wp\/v2\/pages\/17208\/revisions\/18539"}],"wp:attachment":[{"href":"https:\/\/agora.xtec.cat\/escolasobirans\/wp-json\/wp\/v2\/media?parent=17208"}],"curies":[{"name":"wp","href":"https:\/\/api.w.org\/{rel}","templated":true}]}}