{"id":17206,"date":"2024-02-01T10:59:15","date_gmt":"2024-02-01T09:59:15","guid":{"rendered":"https:\/\/agora.xtec.cat\/escolasobirans\/?page_id=17206"},"modified":"2024-02-01T11:20:35","modified_gmt":"2024-02-01T10:20:35","slug":"innovamat-4","status":"publish","type":"page","link":"https:\/\/agora.xtec.cat\/escolasobirans\/innovamat-4\/","title":{"rendered":"Innovamat"},"content":{"rendered":"<p><span style=\"font-weight: 400;\">Qu\u00e8 \u00e9s Innovamat?<\/span><\/p>\n<p><span style=\"font-weight: 400;\">\u00c9s un projecte innovador per treballar les matem\u00e0tiques. Fomenta la descoberta, el desenvolupament de les compet\u00e8ncies matem\u00e0tiques i individualitza l\u2019aprenentatge atenent la diversitat.<\/span><\/p>\n<p><span style=\"font-weight: 400;\">Les sessions de matem\u00e0tiques s\u00f3n riques i potencien la reflexi\u00f3, la creativitat i la necessitat d\u2019interpretar el m\u00f3n que ens envolta. Utilitzant material molt divers<\/span><\/p>\n<p><span style=\"font-weight: 400;\">El material did\u00e0ctic Innovamat ha estat elaborat per un nombr\u00f3s grup d\u2019expertes\/s en diferents disciplines com la matem\u00e0tica, la pedagogia, l\u2019enginyeria i el disseny.<\/span><\/p>\n<p><span style=\"font-weight: 400;\">Com es fa servir?<\/span><\/p>\n<p><span style=\"font-weight: 400;\">El contingut educatiu s\u2019organitza en tres grans blocs on actuen diferents conceptes matem\u00e0tics i dimensions emprant metodologies pedag\u00f2giques diverses.<\/span><\/p>\n<p><b>A)<\/b> <b>Laboratori de nombres:<\/b><span style=\"font-weight: 400;\"> cobreix numeraci\u00f3 i c\u00e0lcul, el bloc amb m\u00e9s pes durant l\u2019etapa d\u2019educaci\u00f3 prim\u00e0ria, especialment a cicle inicial, i que estableix els fonaments de l\u2019aprenentatge matem\u00e0tic. <\/span>Els conceptes s\u2019hi presenten de manera c\u00edclica, tant al llarg de tot el curs com dins de cada trimestre, amb un increment progressiu de la dificultat. L\u2019aula canvia radicalment de forma: el \/ la docent passa a ser un\/a guia de l\u2019aprenentatge en lloc de transmetre tots els coneixements. \u00c9s l\u2019alumnat qui, mitjan\u00e7ant les activitats de conversa matem\u00e0tica i l\u2019\u00fas de materials manipulatius o miniaplicacions digitals, apr\u00e8n els conceptes per si mateix<\/p>\n<p><b>B) Aventures i reptes matem\u00e0tics:<\/b><span style=\"font-weight: 400;\"> cobreix la resta de blocs (relacions i canvi, espai i forma, mesura i estad\u00edstica i atzar) sense perdre de vista numeraci\u00f3 i c\u00e0lcul. Els conceptes s\u2019hi presenten en forma de reptes guiats i contextualitzats dins d\u2019hist\u00f2ries de fantasia. Cada curs escolar, l\u2019alumnat \u00e9s protagonista de dues hist\u00f2ries diferents plenes de reptes, presentades amb v\u00eddeos d\u2019una s\u00e8rie d\u2019animaci\u00f3. Es presenta un problema per sessi\u00f3 i, amb l\u2019ajuda d\u2019activitats introduct\u00f2ries guiades pel mestre\/a, es treballa amb profunditat la seva resoluci\u00f3.<\/span><\/p>\n<p><b>C) Plataforma digital<\/b><span style=\"font-weight: 400;\">: \u00c9s una pr\u00e0ctica personalitzada i aut\u00f2noma que els nens i nenes fan individualment utilitat una tauleta digital A l\u2019App d\u2019Innovamat els nens i nenes practiquen els continguts matem\u00e0tics que s\u2019han elaborat a partir d\u2019activitats i jocs.<\/span><\/p>\n<p><span style=\"font-weight: 400;\">Setmanalment, els mestres obtenen informaci\u00f3 detallada sobre el proc\u00e9s de cada infant.<\/span><\/p>\n","protected":false},"excerpt":{"rendered":"<p>Qu\u00e8 \u00e9s Innovamat? \u00c9s un projecte innovador per treballar les matem\u00e0tiques. Fomenta la descoberta, el desenvolupament de les compet\u00e8ncies matem\u00e0tiques i individualitza l\u2019aprenentatge atenent la diversitat. Les sessions de matem\u00e0tiques s\u00f3n riques i potencien la reflexi\u00f3, la creativitat i la necessitat d\u2019interpretar el m\u00f3n que ens envolta. Utilitzant material molt divers El material did\u00e0ctic Innovamat [&hellip;]<\/p>\n","protected":false},"author":1,"featured_media":0,"parent":0,"menu_order":0,"comment_status":"closed","ping_status":"closed","template":"","meta":{"_bbp_topic_count":0,"_bbp_reply_count":0,"_bbp_total_topic_count":0,"_bbp_total_reply_count":0,"_bbp_voice_count":0,"_bbp_anonymous_reply_count":0,"_bbp_topic_count_hidden":0,"_bbp_reply_count_hidden":0,"_bbp_forum_subforum_count":0,"site-sidebar-layout":"default","site-content-layout":"","ast-site-content-layout":"","site-content-style":"default","site-sidebar-style":"default","ast-global-header-display":"","ast-banner-title-visibility":"","ast-main-header-display":"","ast-hfb-above-header-display":"","ast-hfb-below-header-display":"","ast-hfb-mobile-header-display":"","site-post-title":"","ast-breadcrumbs-content":"","ast-featured-img":"","footer-sml-layout":"","theme-transparent-header-meta":"","adv-header-id-meta":"","stick-header-meta":"","header-above-stick-meta":"","header-main-stick-meta":"","header-below-stick-meta":"","astra-migrate-meta-layouts":"default","ast-page-background-enabled":"default","ast-page-background-meta":{"desktop":{"background-color":"var(--ast-global-color-4)","background-image":"","background-repeat":"repeat","background-position":"center center","background-size":"auto","background-attachment":"scroll","background-type":"","background-media":"","overlay-type":"","overlay-color":"","overlay-opacity":"","overlay-gradient":""},"tablet":{"background-color":"","background-image":"","background-repeat":"repeat","background-position":"center center","background-size":"auto","background-attachment":"scroll","background-type":"","background-media":"","overlay-type":"","overlay-color":"","overlay-opacity":"","overlay-gradient":""},"mobile":{"background-color":"","background-image":"","background-repeat":"repeat","background-position":"center center","background-size":"auto","background-attachment":"scroll","background-type":"","background-media":"","overlay-type":"","overlay-color":"","overlay-opacity":"","overlay-gradient":""}},"ast-content-background-meta":{"desktop":{"background-color":"var(--ast-global-color-5)","background-image":"","background-repeat":"repeat","background-position":"center center","background-size":"auto","background-attachment":"scroll","background-type":"","background-media":"","overlay-type":"","overlay-color":"","overlay-opacity":"","overlay-gradient":""},"tablet":{"background-color":"var(--ast-global-color-5)","background-image":"","background-repeat":"repeat","background-position":"center center","background-size":"auto","background-attachment":"scroll","background-type":"","background-media":"","overlay-type":"","overlay-color":"","overlay-opacity":"","overlay-gradient":""},"mobile":{"background-color":"var(--ast-global-color-5)","background-image":"","background-repeat":"repeat","background-position":"center center","background-size":"auto","background-attachment":"scroll","background-type":"","background-media":"","overlay-type":"","overlay-color":"","overlay-opacity":"","overlay-gradient":""}},"footnotes":""},"class_list":["post-17206","page","type-page","status-publish","hentry"],"post_mailing_queue_ids":[],"_links":{"self":[{"href":"https:\/\/agora.xtec.cat\/escolasobirans\/wp-json\/wp\/v2\/pages\/17206","targetHints":{"allow":["GET"]}}],"collection":[{"href":"https:\/\/agora.xtec.cat\/escolasobirans\/wp-json\/wp\/v2\/pages"}],"about":[{"href":"https:\/\/agora.xtec.cat\/escolasobirans\/wp-json\/wp\/v2\/types\/page"}],"author":[{"embeddable":true,"href":"https:\/\/agora.xtec.cat\/escolasobirans\/wp-json\/wp\/v2\/users\/1"}],"replies":[{"embeddable":true,"href":"https:\/\/agora.xtec.cat\/escolasobirans\/wp-json\/wp\/v2\/comments?post=17206"}],"version-history":[{"count":1,"href":"https:\/\/agora.xtec.cat\/escolasobirans\/wp-json\/wp\/v2\/pages\/17206\/revisions"}],"predecessor-version":[{"id":17207,"href":"https:\/\/agora.xtec.cat\/escolasobirans\/wp-json\/wp\/v2\/pages\/17206\/revisions\/17207"}],"wp:attachment":[{"href":"https:\/\/agora.xtec.cat\/escolasobirans\/wp-json\/wp\/v2\/media?parent=17206"}],"curies":[{"name":"wp","href":"https:\/\/api.w.org\/{rel}","templated":true}]}}