{"id":17204,"date":"2024-02-01T10:58:13","date_gmt":"2024-02-01T09:58:13","guid":{"rendered":"https:\/\/agora.xtec.cat\/escolasobirans\/?page_id=17204"},"modified":"2024-02-01T11:06:28","modified_gmt":"2024-02-01T10:06:28","slug":"fem-cami-amb-les-families","status":"publish","type":"page","link":"https:\/\/agora.xtec.cat\/escolasobirans\/fem-cami-amb-les-families\/","title":{"rendered":"Fem cam\u00ed amb les fam\u00edlies"},"content":{"rendered":"<p><span style=\"font-weight: 400;\">Des de l&#8217;escola considerem important el vincle escola-fam\u00edlia i \u00e9s per aix\u00f2 que sovint demanem col\u00b7laboraci\u00f3 o participaci\u00f3 en diferents activitats com les festes o tasques espec\u00edfiques d&#8217;aula de cada curs (racons activitats en angl\u00e8s, contingut cient\u00edfic, oficis..). Comptem, tamb\u00e9, amb fam\u00edlies delegades que s&#8217;encarreguen de fer de pont entre les fam\u00edlies i l&#8217;equip directiu.<\/span><\/p>\n<p><span style=\"font-weight: 400;\">Utilitzem algunes xarxes socials per visualitzar l&#8217;escola com Instagram, el blog de l&#8217;escola, el moodle i el telegram. Per la comunicaci\u00f3 amb les fam\u00edlies, a nivell digital, fem servir el correu electr\u00f2nic. No obstant, tamb\u00e9 fem entrevistes individuals, trucades i tenim contacte presencial tant en les entrades com en les sortides. Enviem les planificacions mensuals per tal que les fam\u00edlies estiguin assabentades del que passa a l&#8217;escola.<\/span><\/p>\n","protected":false},"excerpt":{"rendered":"<p>Des de l&#8217;escola considerem important el vincle escola-fam\u00edlia i \u00e9s per aix\u00f2 que sovint demanem col\u00b7laboraci\u00f3 o participaci\u00f3 en diferents activitats com les festes o tasques espec\u00edfiques d&#8217;aula de cada curs (racons activitats en angl\u00e8s, contingut cient\u00edfic, oficis..). Comptem, tamb\u00e9, amb fam\u00edlies delegades que s&#8217;encarreguen de fer de pont entre les fam\u00edlies i l&#8217;equip directiu. [&hellip;]<\/p>\n","protected":false},"author":1,"featured_media":0,"parent":0,"menu_order":0,"comment_status":"closed","ping_status":"closed","template":"","meta":{"_bbp_topic_count":0,"_bbp_reply_count":0,"_bbp_total_topic_count":0,"_bbp_total_reply_count":0,"_bbp_voice_count":0,"_bbp_anonymous_reply_count":0,"_bbp_topic_count_hidden":0,"_bbp_reply_count_hidden":0,"_bbp_forum_subforum_count":0,"site-sidebar-layout":"default","site-content-layout":"","ast-site-content-layout":"","site-content-style":"default","site-sidebar-style":"default","ast-global-header-display":"","ast-banner-title-visibility":"","ast-main-header-display":"","ast-hfb-above-header-display":"","ast-hfb-below-header-display":"","ast-hfb-mobile-header-display":"","site-post-title":"","ast-breadcrumbs-content":"","ast-featured-img":"","footer-sml-layout":"","theme-transparent-header-meta":"","adv-header-id-meta":"","stick-header-meta":"","header-above-stick-meta":"","header-main-stick-meta":"","header-below-stick-meta":"","astra-migrate-meta-layouts":"default","ast-page-background-enabled":"default","ast-page-background-meta":{"desktop":{"background-color":"var(--ast-global-color-4)","background-image":"","background-repeat":"repeat","background-position":"center center","background-size":"auto","background-attachment":"scroll","background-type":"","background-media":"","overlay-type":"","overlay-color":"","overlay-opacity":"","overlay-gradient":""},"tablet":{"background-color":"","background-image":"","background-repeat":"repeat","background-position":"center center","background-size":"auto","background-attachment":"scroll","background-type":"","background-media":"","overlay-type":"","overlay-color":"","overlay-opacity":"","overlay-gradient":""},"mobile":{"background-color":"","background-image":"","background-repeat":"repeat","background-position":"center center","background-size":"auto","background-attachment":"scroll","background-type":"","background-media":"","overlay-type":"","overlay-color":"","overlay-opacity":"","overlay-gradient":""}},"ast-content-background-meta":{"desktop":{"background-color":"var(--ast-global-color-5)","background-image":"","background-repeat":"repeat","background-position":"center center","background-size":"auto","background-attachment":"scroll","background-type":"","background-media":"","overlay-type":"","overlay-color":"","overlay-opacity":"","overlay-gradient":""},"tablet":{"background-color":"var(--ast-global-color-5)","background-image":"","background-repeat":"repeat","background-position":"center center","background-size":"auto","background-attachment":"scroll","background-type":"","background-media":"","overlay-type":"","overlay-color":"","overlay-opacity":"","overlay-gradient":""},"mobile":{"background-color":"var(--ast-global-color-5)","background-image":"","background-repeat":"repeat","background-position":"center center","background-size":"auto","background-attachment":"scroll","background-type":"","background-media":"","overlay-type":"","overlay-color":"","overlay-opacity":"","overlay-gradient":""}},"footnotes":""},"class_list":["post-17204","page","type-page","status-publish","hentry"],"post_mailing_queue_ids":[],"_links":{"self":[{"href":"https:\/\/agora.xtec.cat\/escolasobirans\/wp-json\/wp\/v2\/pages\/17204","targetHints":{"allow":["GET"]}}],"collection":[{"href":"https:\/\/agora.xtec.cat\/escolasobirans\/wp-json\/wp\/v2\/pages"}],"about":[{"href":"https:\/\/agora.xtec.cat\/escolasobirans\/wp-json\/wp\/v2\/types\/page"}],"author":[{"embeddable":true,"href":"https:\/\/agora.xtec.cat\/escolasobirans\/wp-json\/wp\/v2\/users\/1"}],"replies":[{"embeddable":true,"href":"https:\/\/agora.xtec.cat\/escolasobirans\/wp-json\/wp\/v2\/comments?post=17204"}],"version-history":[{"count":1,"href":"https:\/\/agora.xtec.cat\/escolasobirans\/wp-json\/wp\/v2\/pages\/17204\/revisions"}],"predecessor-version":[{"id":17205,"href":"https:\/\/agora.xtec.cat\/escolasobirans\/wp-json\/wp\/v2\/pages\/17204\/revisions\/17205"}],"wp:attachment":[{"href":"https:\/\/agora.xtec.cat\/escolasobirans\/wp-json\/wp\/v2\/media?parent=17204"}],"curies":[{"name":"wp","href":"https:\/\/api.w.org\/{rel}","templated":true}]}}