{"id":17200,"date":"2024-02-01T10:57:03","date_gmt":"2024-02-01T09:57:03","guid":{"rendered":"https:\/\/agora.xtec.cat\/escolasobirans\/?page_id=17200"},"modified":"2024-02-01T11:03:33","modified_gmt":"2024-02-01T10:03:33","slug":"entorn-privilegiat","status":"publish","type":"page","link":"https:\/\/agora.xtec.cat\/escolasobirans\/entorn-privilegiat\/","title":{"rendered":"Entorn privilegiat"},"content":{"rendered":"<p><span style=\"font-weight: 400;\">Les instal\u00b7lacions ens acompanyen amb grans finestrals i l\u00ednia continuista amb l\u2019entorn. Aprofitem molt l\u2019<\/span><b>entorn<\/b><span style=\"font-weight: 400;\"> per a l\u2019ensenyament did\u00e0ctic: lectura a fora, tra\u00e7, dibuix al natural, geometria, mesurem, Landart&#8230; A m\u00e9s a m\u00e9s som escola verda des del curs 2006, fem moltes accions com ara el reciclar, pla consum fruita, compostatge i hort; tamb\u00e9 <\/span><b>sortim a la descoberta de l\u2019entorn proper<\/b><span style=\"font-weight: 400;\">: Fem sortides a l\u2019entorn <\/span><i><span style=\"font-weight: 400;\">per treballar no sols la identitat sin\u00f3 alhora el lloc on es viu.<\/span><\/i><\/p>\n<ul>\n<li><span style=\"font-weight: 400;\">Parc de Lourdes<\/span><\/li>\n<li><span style=\"font-weight: 400;\">Riera<\/span><\/li>\n<li><span style=\"font-weight: 400;\">Mercat<\/span><\/li>\n<li><span style=\"font-weight: 400;\">Can Borrell<\/span><\/li>\n<li><span style=\"font-weight: 400;\">La Font de la Milans<\/span><\/li>\n<li><span style=\"font-weight: 400;\">La Caiaia<\/span><\/li>\n<li><span style=\"font-weight: 400;\">El Tur\u00f3<\/span><\/li>\n<li><span style=\"font-weight: 400;\">H\u00edpica Terra Equestre<\/span><\/li>\n<li><span style=\"font-weight: 400;\">Can Jalp\u00ed<\/span><\/li>\n<li><span style=\"font-weight: 400;\">Ruta per les Masies del poble<\/span><\/li>\n<\/ul>\n","protected":false},"excerpt":{"rendered":"<p>Les instal\u00b7lacions ens acompanyen amb grans finestrals i l\u00ednia continuista amb l\u2019entorn. Aprofitem molt l\u2019entorn per a l\u2019ensenyament did\u00e0ctic: lectura a fora, tra\u00e7, dibuix al natural, geometria, mesurem, Landart&#8230; A m\u00e9s a m\u00e9s som escola verda des del curs 2006, fem moltes accions com ara el reciclar, pla consum fruita, compostatge i hort; tamb\u00e9 sortim [&hellip;]<\/p>\n","protected":false},"author":1,"featured_media":0,"parent":0,"menu_order":0,"comment_status":"closed","ping_status":"closed","template":"","meta":{"_bbp_topic_count":0,"_bbp_reply_count":0,"_bbp_total_topic_count":0,"_bbp_total_reply_count":0,"_bbp_voice_count":0,"_bbp_anonymous_reply_count":0,"_bbp_topic_count_hidden":0,"_bbp_reply_count_hidden":0,"_bbp_forum_subforum_count":0,"site-sidebar-layout":"default","site-content-layout":"","ast-site-content-layout":"","site-content-style":"default","site-sidebar-style":"default","ast-global-header-display":"","ast-banner-title-visibility":"","ast-main-header-display":"","ast-hfb-above-header-display":"","ast-hfb-below-header-display":"","ast-hfb-mobile-header-display":"","site-post-title":"","ast-breadcrumbs-content":"","ast-featured-img":"","footer-sml-layout":"","theme-transparent-header-meta":"","adv-header-id-meta":"","stick-header-meta":"","header-above-stick-meta":"","header-main-stick-meta":"","header-below-stick-meta":"","astra-migrate-meta-layouts":"default","ast-page-background-enabled":"default","ast-page-background-meta":{"desktop":{"background-color":"var(--ast-global-color-4)","background-image":"","background-repeat":"repeat","background-position":"center center","background-size":"auto","background-attachment":"scroll","background-type":"","background-media":"","overlay-type":"","overlay-color":"","overlay-opacity":"","overlay-gradient":""},"tablet":{"background-color":"","background-image":"","background-repeat":"repeat","background-position":"center center","background-size":"auto","background-attachment":"scroll","background-type":"","background-media":"","overlay-type":"","overlay-color":"","overlay-opacity":"","overlay-gradient":""},"mobile":{"background-color":"","background-image":"","background-repeat":"repeat","background-position":"center center","background-size":"auto","background-attachment":"scroll","background-type":"","background-media":"","overlay-type":"","overlay-color":"","overlay-opacity":"","overlay-gradient":""}},"ast-content-background-meta":{"desktop":{"background-color":"var(--ast-global-color-5)","background-image":"","background-repeat":"repeat","background-position":"center center","background-size":"auto","background-attachment":"scroll","background-type":"","background-media":"","overlay-type":"","overlay-color":"","overlay-opacity":"","overlay-gradient":""},"tablet":{"background-color":"var(--ast-global-color-5)","background-image":"","background-repeat":"repeat","background-position":"center center","background-size":"auto","background-attachment":"scroll","background-type":"","background-media":"","overlay-type":"","overlay-color":"","overlay-opacity":"","overlay-gradient":""},"mobile":{"background-color":"var(--ast-global-color-5)","background-image":"","background-repeat":"repeat","background-position":"center center","background-size":"auto","background-attachment":"scroll","background-type":"","background-media":"","overlay-type":"","overlay-color":"","overlay-opacity":"","overlay-gradient":""}},"footnotes":""},"class_list":["post-17200","page","type-page","status-publish","hentry"],"post_mailing_queue_ids":[],"_links":{"self":[{"href":"https:\/\/agora.xtec.cat\/escolasobirans\/wp-json\/wp\/v2\/pages\/17200","targetHints":{"allow":["GET"]}}],"collection":[{"href":"https:\/\/agora.xtec.cat\/escolasobirans\/wp-json\/wp\/v2\/pages"}],"about":[{"href":"https:\/\/agora.xtec.cat\/escolasobirans\/wp-json\/wp\/v2\/types\/page"}],"author":[{"embeddable":true,"href":"https:\/\/agora.xtec.cat\/escolasobirans\/wp-json\/wp\/v2\/users\/1"}],"replies":[{"embeddable":true,"href":"https:\/\/agora.xtec.cat\/escolasobirans\/wp-json\/wp\/v2\/comments?post=17200"}],"version-history":[{"count":1,"href":"https:\/\/agora.xtec.cat\/escolasobirans\/wp-json\/wp\/v2\/pages\/17200\/revisions"}],"predecessor-version":[{"id":17201,"href":"https:\/\/agora.xtec.cat\/escolasobirans\/wp-json\/wp\/v2\/pages\/17200\/revisions\/17201"}],"wp:attachment":[{"href":"https:\/\/agora.xtec.cat\/escolasobirans\/wp-json\/wp\/v2\/media?parent=17200"}],"curies":[{"name":"wp","href":"https:\/\/api.w.org\/{rel}","templated":true}]}}