{"id":15536,"date":"2022-10-27T11:50:26","date_gmt":"2022-10-27T09:50:26","guid":{"rendered":"https:\/\/agora.xtec.cat\/escolasobirans\/?page_id=15536"},"modified":"2025-09-02T14:03:40","modified_gmt":"2025-09-02T12:03:40","slug":"quotes-i-pagaments","status":"publish","type":"page","link":"https:\/\/agora.xtec.cat\/escolasobirans\/quotes-i-pagaments\/","title":{"rendered":"Quotes i pagaments"},"content":{"rendered":"<h5>La <span style=\"color: #0000ff;\">quota de material escola<\/span>r \u00e9s de 90\u20ac per l&#8217;alumnat de cicle de petits, mitjans i grans.<\/h5>\n<h5 style=\"text-align: justify;\">La<strong><span style=\"color: #0000ff;\"> quota de socialitzaci\u00f3 de llibres i material digital<\/span><\/strong> (30\u20ac) es basa en el projecte de socialitzaci\u00f3 de l&#8217;escola i pret\u00e9n optimitzar l&#8217;\u00fas responsable dels recursos educatius amb la participaci\u00f3 de tota la comunitat educativa. Amb la socialitzaci\u00f3 fomentem els valors de la conservaci\u00f3 responsable del material i els llibres, la cooperaci\u00f3 i el saber reutilitzar i compartir els recursos disponibles. El nostre objectiu \u00e9s aprofundir en la idea de sostenibilitat, el reciclatge i el respecte al medi ambient d&#8217;acord amb els valors d&#8217;escola verda.\u00a0 Alhora aquesta quota inclou el material digital: llic\u00e8ncies i recursos tecnol\u00f2gics.<\/h5>\n<p>&nbsp;<\/p>\n<h5>Detall de la quota de material digital i llibres de text:<\/h5>\n<ul>\n<li>Llic\u00e8ncies Digitals:\n<ul>\n<li style=\"list-style-type: none;\">\n<ul>\n<li style=\"list-style-type: none;\">\n<ul>\n<li>Koalatext.net<\/li>\n<li>Fiction express<\/li>\n<li>Innovamat<\/li>\n<li>Twinkl<\/li>\n<li>Plataforma de lectura:&#8221;Yo tambi\u00e9n leo&#8221;<\/li>\n<\/ul>\n<\/li>\n<\/ul>\n<\/li>\n<\/ul>\n<\/li>\n<li>Llibres i material socialitzat:\n<ul>\n<li style=\"list-style-type: none;\">\n<ul>\n<li style=\"list-style-type: none;\">\n<ul>\n<li>Caixa de materials manipulatius de matem\u00e0tiques- innovamat 2n<\/li>\n<li>Caixa de materials manipulatius de matem\u00e0tiques- innovamat 3r<\/li>\n<li>Col.lecci\u00f3 de llibres de lectures biblioteca d&#8217;aula<\/li>\n<li>Col.lecci\u00f3 llibres de lecto-escriptura aula Siei<\/li>\n<li>Col.lecci\u00f3 llibres de lecto-escriptura aula Educaci\u00f3 Especial<\/li>\n<li>Llibres de lectura en angl\u00e8s:&#8221; Reading books&#8221; de Trichers Edkids, S.L.<br \/>\n<h5><\/h5>\n<\/li>\n<\/ul>\n<\/li>\n<\/ul>\n<\/li>\n<\/ul>\n<\/li>\n<li>Material digital:\n<ul>\n<li style=\"list-style-type: none;\">\n<ul>\n<li style=\"list-style-type: none;\">\n<ul>\n<li>Manteniment inform\u00e0tic d&#8217;ordinadors<\/li>\n<li>Manteniment inform\u00e0tic dels Projectors<\/li>\n<li>Manteniment i actualitzaci\u00f3 del Ninus<\/li>\n<li>Domini anual Xenon<\/li>\n<\/ul>\n<\/li>\n<\/ul>\n<\/li>\n<\/ul>\n<\/li>\n<\/ul>\n<p>&nbsp;<\/p>\n<p>&nbsp;<\/p>\n","protected":false},"excerpt":{"rendered":"<p>La quota de material escolar \u00e9s de 90\u20ac per l&#8217;alumnat de cicle de petits, mitjans i grans. La quota de socialitzaci\u00f3 de llibres i material digital (30\u20ac) es basa en el projecte de socialitzaci\u00f3 de l&#8217;escola i pret\u00e9n optimitzar l&#8217;\u00fas responsable dels recursos educatius amb la participaci\u00f3 de tota la comunitat educativa. Amb la socialitzaci\u00f3 [&hellip;]<\/p>\n","protected":false},"author":1,"featured_media":0,"parent":0,"menu_order":0,"comment_status":"closed","ping_status":"closed","template":"","meta":{"_bbp_topic_count":0,"_bbp_reply_count":0,"_bbp_total_topic_count":0,"_bbp_total_reply_count":0,"_bbp_voice_count":0,"_bbp_anonymous_reply_count":0,"_bbp_topic_count_hidden":0,"_bbp_reply_count_hidden":0,"_bbp_forum_subforum_count":0,"site-sidebar-layout":"default","site-content-layout":"","ast-site-content-layout":"","site-content-style":"default","site-sidebar-style":"default","ast-global-header-display":"","ast-banner-title-visibility":"","ast-main-header-display":"","ast-hfb-above-header-display":"","ast-hfb-below-header-display":"","ast-hfb-mobile-header-display":"","site-post-title":"","ast-breadcrumbs-content":"","ast-featured-img":"","footer-sml-layout":"","theme-transparent-header-meta":"","adv-header-id-meta":"","stick-header-meta":"","header-above-stick-meta":"","header-main-stick-meta":"","header-below-stick-meta":"","astra-migrate-meta-layouts":"default","ast-page-background-enabled":"default","ast-page-background-meta":{"desktop":{"background-color":"var(--ast-global-color-4)","background-image":"","background-repeat":"repeat","background-position":"center center","background-size":"auto","background-attachment":"scroll","background-type":"","background-media":"","overlay-type":"","overlay-color":"","overlay-opacity":"","overlay-gradient":""},"tablet":{"background-color":"","background-image":"","background-repeat":"repeat","background-position":"center center","background-size":"auto","background-attachment":"scroll","background-type":"","background-media":"","overlay-type":"","overlay-color":"","overlay-opacity":"","overlay-gradient":""},"mobile":{"background-color":"","background-image":"","background-repeat":"repeat","background-position":"center center","background-size":"auto","background-attachment":"scroll","background-type":"","background-media":"","overlay-type":"","overlay-color":"","overlay-opacity":"","overlay-gradient":""}},"ast-content-background-meta":{"desktop":{"background-color":"var(--ast-global-color-5)","background-image":"","background-repeat":"repeat","background-position":"center center","background-size":"auto","background-attachment":"scroll","background-type":"","background-media":"","overlay-type":"","overlay-color":"","overlay-opacity":"","overlay-gradient":""},"tablet":{"background-color":"var(--ast-global-color-5)","background-image":"","background-repeat":"repeat","background-position":"center center","background-size":"auto","background-attachment":"scroll","background-type":"","background-media":"","overlay-type":"","overlay-color":"","overlay-opacity":"","overlay-gradient":""},"mobile":{"background-color":"var(--ast-global-color-5)","background-image":"","background-repeat":"repeat","background-position":"center center","background-size":"auto","background-attachment":"scroll","background-type":"","background-media":"","overlay-type":"","overlay-color":"","overlay-opacity":"","overlay-gradient":""}},"footnotes":""},"class_list":["post-15536","page","type-page","status-publish","hentry"],"post_mailing_queue_ids":[],"_links":{"self":[{"href":"https:\/\/agora.xtec.cat\/escolasobirans\/wp-json\/wp\/v2\/pages\/15536","targetHints":{"allow":["GET"]}}],"collection":[{"href":"https:\/\/agora.xtec.cat\/escolasobirans\/wp-json\/wp\/v2\/pages"}],"about":[{"href":"https:\/\/agora.xtec.cat\/escolasobirans\/wp-json\/wp\/v2\/types\/page"}],"author":[{"embeddable":true,"href":"https:\/\/agora.xtec.cat\/escolasobirans\/wp-json\/wp\/v2\/users\/1"}],"replies":[{"embeddable":true,"href":"https:\/\/agora.xtec.cat\/escolasobirans\/wp-json\/wp\/v2\/comments?post=15536"}],"version-history":[{"count":6,"href":"https:\/\/agora.xtec.cat\/escolasobirans\/wp-json\/wp\/v2\/pages\/15536\/revisions"}],"predecessor-version":[{"id":18449,"href":"https:\/\/agora.xtec.cat\/escolasobirans\/wp-json\/wp\/v2\/pages\/15536\/revisions\/18449"}],"wp:attachment":[{"href":"https:\/\/agora.xtec.cat\/escolasobirans\/wp-json\/wp\/v2\/media?parent=15536"}],"curies":[{"name":"wp","href":"https:\/\/api.w.org\/{rel}","templated":true}]}}