{"id":13934,"date":"2022-02-02T16:45:53","date_gmt":"2022-02-02T15:45:53","guid":{"rendered":"https:\/\/agora.xtec.cat\/escolasobirans\/?page_id=13934"},"modified":"2024-02-01T11:18:30","modified_gmt":"2024-02-01T10:18:30","slug":"coral-de-lescola-2","status":"publish","type":"page","link":"https:\/\/agora.xtec.cat\/escolasobirans\/coral-de-lescola-2\/","title":{"rendered":"L&#8217;art ens fa cr\u00e9ixer"},"content":{"rendered":"<p><span style=\"font-weight: 400;\">A l\u2018escola Sobirans ens agrada sentir i viure la m\u00fasica, i \u00e9s per aix\u00f2 que treballem aquesta \u00e0rea d&#8217;una manera ben vivencial. Cantem, ballem, toquem, sentim, escoltem, creem&#8230;<\/span><\/p>\n<p><span style=\"font-weight: 400;\">Cada any, celebrem el concert de Nadal, obert a les fam\u00edlies, a la Sala <\/span><span style=\"font-weight: 400;\">Municipal, on tots els nens i nenes de l&#8217;escola van interpreten can\u00e7ons relacionades amb l&#8217;hivern o el Nadal<\/span><span style=\"font-weight: 400;\">. Tamb\u00e9<\/span><span style=\"font-weight: 400;\">, com a escola ens agrada participar en les propostes que fan diferents entitats vinculades amb el m\u00f3n educatiu, que enriqueixen el bagatge dels nostres alumnes i que els permeten compartir experi\u00e8ncies molt interessants amb infants d\u2018altres escoles de Catalunya. Per aix\u00f2, participem en projectes com <strong>&#8220;La Clika&#8221;<\/strong>, la <strong>&#8220;Trobada de Corals&#8221;<\/strong>; el <strong>&#8220;Fem Dansa a l\u2018Alt Maresme&#8221;<\/strong>, i a la\u00a0 <strong>&#8220;Cant\u00e0nia&#8221;<\/strong>, de la m\u00e0 de l \u0301Auditori de Barcelona.<\/span><\/p>\n<p><span style=\"font-weight: 400;\">A l&#8217;\u00e0rea de pl\u00e0stica treballem les diferents t\u00e8cniques a partir de diversos autors establerts a cada curs: Mondrian, Mir\u00f3, Calder, Delaunay, Pollock, Picasso, Kandisnky, Niki de Saint Phalle, Rosa Virgili, Hunderwassert, Tony Cragg, Georgia O\u2019Keefle, Pol Klee, Leandre Cristofol, Matisse, Claes Oldenburg, Gaud\u00ed, Dal\u00ed, Picasso, Pop Art, Andy Warhol i Vel\u00e1zquez.<\/span><\/p>\n","protected":false},"excerpt":{"rendered":"<p>A l\u2018escola Sobirans ens agrada sentir i viure la m\u00fasica, i \u00e9s per aix\u00f2 que treballem aquesta \u00e0rea d&#8217;una manera ben vivencial. Cantem, ballem, toquem, sentim, escoltem, creem&#8230; Cada any, celebrem el concert de Nadal, obert a les fam\u00edlies, a la Sala Municipal, on tots els nens i nenes de l&#8217;escola van interpreten can\u00e7ons relacionades [&hellip;]<\/p>\n","protected":false},"author":1,"featured_media":0,"parent":0,"menu_order":0,"comment_status":"closed","ping_status":"closed","template":"","meta":{"_bbp_topic_count":0,"_bbp_reply_count":0,"_bbp_total_topic_count":0,"_bbp_total_reply_count":0,"_bbp_voice_count":0,"_bbp_anonymous_reply_count":0,"_bbp_topic_count_hidden":0,"_bbp_reply_count_hidden":0,"_bbp_forum_subforum_count":0,"site-sidebar-layout":"default","site-content-layout":"","ast-site-content-layout":"","site-content-style":"default","site-sidebar-style":"default","ast-global-header-display":"","ast-banner-title-visibility":"","ast-main-header-display":"","ast-hfb-above-header-display":"","ast-hfb-below-header-display":"","ast-hfb-mobile-header-display":"","site-post-title":"","ast-breadcrumbs-content":"","ast-featured-img":"","footer-sml-layout":"","theme-transparent-header-meta":"","adv-header-id-meta":"","stick-header-meta":"","header-above-stick-meta":"","header-main-stick-meta":"","header-below-stick-meta":"","astra-migrate-meta-layouts":"default","ast-page-background-enabled":"default","ast-page-background-meta":{"desktop":{"background-color":"var(--ast-global-color-4)","background-image":"","background-repeat":"repeat","background-position":"center center","background-size":"auto","background-attachment":"scroll","background-type":"","background-media":"","overlay-type":"","overlay-color":"","overlay-opacity":"","overlay-gradient":""},"tablet":{"background-color":"","background-image":"","background-repeat":"repeat","background-position":"center center","background-size":"auto","background-attachment":"scroll","background-type":"","background-media":"","overlay-type":"","overlay-color":"","overlay-opacity":"","overlay-gradient":""},"mobile":{"background-color":"","background-image":"","background-repeat":"repeat","background-position":"center center","background-size":"auto","background-attachment":"scroll","background-type":"","background-media":"","overlay-type":"","overlay-color":"","overlay-opacity":"","overlay-gradient":""}},"ast-content-background-meta":{"desktop":{"background-color":"var(--ast-global-color-5)","background-image":"","background-repeat":"repeat","background-position":"center center","background-size":"auto","background-attachment":"scroll","background-type":"","background-media":"","overlay-type":"","overlay-color":"","overlay-opacity":"","overlay-gradient":""},"tablet":{"background-color":"var(--ast-global-color-5)","background-image":"","background-repeat":"repeat","background-position":"center center","background-size":"auto","background-attachment":"scroll","background-type":"","background-media":"","overlay-type":"","overlay-color":"","overlay-opacity":"","overlay-gradient":""},"mobile":{"background-color":"var(--ast-global-color-5)","background-image":"","background-repeat":"repeat","background-position":"center center","background-size":"auto","background-attachment":"scroll","background-type":"","background-media":"","overlay-type":"","overlay-color":"","overlay-opacity":"","overlay-gradient":""}},"footnotes":""},"class_list":["post-13934","page","type-page","status-publish","hentry"],"post_mailing_queue_ids":[],"_links":{"self":[{"href":"https:\/\/agora.xtec.cat\/escolasobirans\/wp-json\/wp\/v2\/pages\/13934","targetHints":{"allow":["GET"]}}],"collection":[{"href":"https:\/\/agora.xtec.cat\/escolasobirans\/wp-json\/wp\/v2\/pages"}],"about":[{"href":"https:\/\/agora.xtec.cat\/escolasobirans\/wp-json\/wp\/v2\/types\/page"}],"author":[{"embeddable":true,"href":"https:\/\/agora.xtec.cat\/escolasobirans\/wp-json\/wp\/v2\/users\/1"}],"replies":[{"embeddable":true,"href":"https:\/\/agora.xtec.cat\/escolasobirans\/wp-json\/wp\/v2\/comments?post=13934"}],"version-history":[{"count":4,"href":"https:\/\/agora.xtec.cat\/escolasobirans\/wp-json\/wp\/v2\/pages\/13934\/revisions"}],"predecessor-version":[{"id":17188,"href":"https:\/\/agora.xtec.cat\/escolasobirans\/wp-json\/wp\/v2\/pages\/13934\/revisions\/17188"}],"wp:attachment":[{"href":"https:\/\/agora.xtec.cat\/escolasobirans\/wp-json\/wp\/v2\/media?parent=13934"}],"curies":[{"name":"wp","href":"https:\/\/api.w.org\/{rel}","templated":true}]}}