{"id":13931,"date":"2022-02-02T16:45:53","date_gmt":"2022-02-02T15:45:53","guid":{"rendered":"https:\/\/agora.xtec.cat\/escolasobirans\/?page_id=13931"},"modified":"2024-02-01T10:41:19","modified_gmt":"2024-02-01T09:41:19","slug":"angles-2","status":"publish","type":"page","link":"https:\/\/agora.xtec.cat\/escolasobirans\/angles-2\/","title":{"rendered":"Llengua estrangera"},"content":{"rendered":"<h4><\/h4>\n<p><span style=\"font-weight: 400;\">La llengua anglesa es treballa des d&#8217;I3 fins a 6\u00e8. Es treballa des de l&#8217;oralitat i el joc. Als cursos d\u2019infantil l\u2019angl\u00e8s s\u2019inclou en les rutines di\u00e0ries i a prim\u00e0ria, en els desdoblaments, es treballa tant l\u2019expressi\u00f3 oral com la comprensi\u00f3 de la llengua. <\/span><\/p>\n<p><span style=\"font-weight: 400;\">En alguns cursos ens hem iniciat amb la plataforma e-twinning, una plataforma internacional on les i les alumnes poden fer projectes conjunts amb alumnes d\u2019arreu d\u2019Europa posant en pr\u00e0ctica d\u2019una manera significativa la llengua anglesa.<\/span><\/p>\n<p><span style=\"color: #000000;\">Tamb\u00e9, comptem amb una biblioteca de llibres cl\u00e0ssics i tradicionals en angl\u00e8s, fomentant la cultura anglesa.<\/span><\/p>\n<p><span style=\"color: #000000;\">Durant el curs, realitzem una festa anglosaxona.<\/span><\/p>\n<p><span style=\"color: #000000;\">Tamb\u00e9 fem angl\u00e8s a altres festes, a les jornades verdes, a la Castanyada relacionat amb Halloween, al Nadal amb el Christmas, Teatre en angl\u00e8s&#8230;<\/span><\/p>\n<p>&nbsp;<\/p>\n<p>&nbsp;<\/p>\n","protected":false},"excerpt":{"rendered":"<p>La llengua anglesa es treballa des d&#8217;I3 fins a 6\u00e8. Es treballa des de l&#8217;oralitat i el joc. Als cursos d\u2019infantil l\u2019angl\u00e8s s\u2019inclou en les rutines di\u00e0ries i a prim\u00e0ria, en els desdoblaments, es treballa tant l\u2019expressi\u00f3 oral com la comprensi\u00f3 de la llengua. En alguns cursos ens hem iniciat amb la plataforma e-twinning, una [&hellip;]<\/p>\n","protected":false},"author":1,"featured_media":0,"parent":0,"menu_order":0,"comment_status":"closed","ping_status":"closed","template":"","meta":{"_bbp_topic_count":0,"_bbp_reply_count":0,"_bbp_total_topic_count":0,"_bbp_total_reply_count":0,"_bbp_voice_count":0,"_bbp_anonymous_reply_count":0,"_bbp_topic_count_hidden":0,"_bbp_reply_count_hidden":0,"_bbp_forum_subforum_count":0,"site-sidebar-layout":"default","site-content-layout":"","ast-site-content-layout":"","site-content-style":"default","site-sidebar-style":"default","ast-global-header-display":"","ast-banner-title-visibility":"","ast-main-header-display":"","ast-hfb-above-header-display":"","ast-hfb-below-header-display":"","ast-hfb-mobile-header-display":"","site-post-title":"","ast-breadcrumbs-content":"","ast-featured-img":"","footer-sml-layout":"","theme-transparent-header-meta":"","adv-header-id-meta":"","stick-header-meta":"","header-above-stick-meta":"","header-main-stick-meta":"","header-below-stick-meta":"","astra-migrate-meta-layouts":"default","ast-page-background-enabled":"default","ast-page-background-meta":{"desktop":{"background-color":"var(--ast-global-color-4)","background-image":"","background-repeat":"repeat","background-position":"center center","background-size":"auto","background-attachment":"scroll","background-type":"","background-media":"","overlay-type":"","overlay-color":"","overlay-opacity":"","overlay-gradient":""},"tablet":{"background-color":"","background-image":"","background-repeat":"repeat","background-position":"center center","background-size":"auto","background-attachment":"scroll","background-type":"","background-media":"","overlay-type":"","overlay-color":"","overlay-opacity":"","overlay-gradient":""},"mobile":{"background-color":"","background-image":"","background-repeat":"repeat","background-position":"center center","background-size":"auto","background-attachment":"scroll","background-type":"","background-media":"","overlay-type":"","overlay-color":"","overlay-opacity":"","overlay-gradient":""}},"ast-content-background-meta":{"desktop":{"background-color":"var(--ast-global-color-5)","background-image":"","background-repeat":"repeat","background-position":"center center","background-size":"auto","background-attachment":"scroll","background-type":"","background-media":"","overlay-type":"","overlay-color":"","overlay-opacity":"","overlay-gradient":""},"tablet":{"background-color":"var(--ast-global-color-5)","background-image":"","background-repeat":"repeat","background-position":"center center","background-size":"auto","background-attachment":"scroll","background-type":"","background-media":"","overlay-type":"","overlay-color":"","overlay-opacity":"","overlay-gradient":""},"mobile":{"background-color":"var(--ast-global-color-5)","background-image":"","background-repeat":"repeat","background-position":"center center","background-size":"auto","background-attachment":"scroll","background-type":"","background-media":"","overlay-type":"","overlay-color":"","overlay-opacity":"","overlay-gradient":""}},"footnotes":""},"class_list":["post-13931","page","type-page","status-publish","hentry"],"post_mailing_queue_ids":[],"_links":{"self":[{"href":"https:\/\/agora.xtec.cat\/escolasobirans\/wp-json\/wp\/v2\/pages\/13931","targetHints":{"allow":["GET"]}}],"collection":[{"href":"https:\/\/agora.xtec.cat\/escolasobirans\/wp-json\/wp\/v2\/pages"}],"about":[{"href":"https:\/\/agora.xtec.cat\/escolasobirans\/wp-json\/wp\/v2\/types\/page"}],"author":[{"embeddable":true,"href":"https:\/\/agora.xtec.cat\/escolasobirans\/wp-json\/wp\/v2\/users\/1"}],"replies":[{"embeddable":true,"href":"https:\/\/agora.xtec.cat\/escolasobirans\/wp-json\/wp\/v2\/comments?post=13931"}],"version-history":[{"count":4,"href":"https:\/\/agora.xtec.cat\/escolasobirans\/wp-json\/wp\/v2\/pages\/13931\/revisions"}],"predecessor-version":[{"id":17194,"href":"https:\/\/agora.xtec.cat\/escolasobirans\/wp-json\/wp\/v2\/pages\/13931\/revisions\/17194"}],"wp:attachment":[{"href":"https:\/\/agora.xtec.cat\/escolasobirans\/wp-json\/wp\/v2\/media?parent=13931"}],"curies":[{"name":"wp","href":"https:\/\/api.w.org\/{rel}","templated":true}]}}