{"id":13930,"date":"2022-02-02T16:45:53","date_gmt":"2022-02-02T15:45:53","guid":{"rendered":"https:\/\/agora.xtec.cat\/escolasobirans\/?page_id=13930"},"modified":"2024-02-01T10:32:04","modified_gmt":"2024-02-01T09:32:04","slug":"llengua-2","status":"publish","type":"page","link":"https:\/\/agora.xtec.cat\/escolasobirans\/llengua-2\/","title":{"rendered":"Llengua i el gust per la lectura"},"content":{"rendered":"<p><span style=\"font-weight: 400;\">Treballem molt la llengua des de l&#8217;oralitat. Realitzem racons de llengua a infantil i lectura di\u00e0ria a partir de 1r de prim\u00e0ria.\u00a0<\/span><\/p>\n<p><span style=\"font-weight: 400;\">Les tipologies textuals estan establertes en el diferents cursos: paraules, llistes, la carta, la recepta, el conte, etc.\u00a0<\/span><\/p>\n<p><span style=\"font-weight: 400;\">Fem sortides a la biblioteca d&#8217;Arenys de Munt i d&#8217;Arenys de Mar. Contactem amb autors per visitar l&#8217;escola i treballem amb la plataforma digital &#8220;Fiction Express&#8221;.\u00a0<\/span><\/p>\n<p><span style=\"font-weight: 400;\">Tamb\u00e9 participem en el certamen de lectura en Veu Alta aix\u00ed com a la Mostra liter\u00e0ria d\u2019Arenys de Munt.<\/span><\/p>\n<p><span style=\"font-weight: 400;\">Els 30 minuts de lectura s\u2019emmarquen en l\u2019eix de l\u2019aprenentatge lector del gust per llegir.<\/span><span style=\"font-weight: 400;\"><br \/>\n<\/span><span style=\"font-weight: 400;\"> L\u2019objectiu general del Temps de lectura \u00e9s incrementar el nombre d\u2019experi\u00e8ncies lectores de l\u2019alumnat per aconseguir de potenciar els h\u00e0bits de lectura.<\/span><span style=\"font-weight: 400;\"><br \/>\n<\/span><span style=\"font-weight: 400;\"> Es proposa que el temps diari que es dediqui a la lectura es distribueixi en dues activitats diferenciades: un temps de lectura i un temps per parlar del que s\u2019ha llegit.<\/span><\/p>\n<p><span style=\"font-weight: 400;\">L\u2019adquisici\u00f3 de l\u2019h\u00e0bit lector es relaciona amb:<\/span><span style=\"font-weight: 400;\"><br \/>\n<\/span><span style=\"font-weight: 400;\"> \u2022 La millora dels resultats escolars<\/span><span style=\"font-weight: 400;\"><br \/>\n<\/span><span style=\"font-weight: 400;\"> \u2022 La millora de la comprensi\u00f3 i la compet\u00e8ncia lectora<\/span><span style=\"font-weight: 400;\"><br \/>\n<\/span><span style=\"font-weight: 400;\"> \u2022 La millora de l\u2019expressi\u00f3 escrita<\/span><span style=\"font-weight: 400;\"><br \/>\n<\/span><span style=\"font-weight: 400;\"> \u2022 El nivell de coneixements generals<\/span><span style=\"font-weight: 400;\"><br \/>\n<\/span><span style=\"font-weight: 400;\"> \u2022 La comprensi\u00f3 d\u2019altres cultures<\/span><span style=\"font-weight: 400;\"><br \/>\n<\/span><span style=\"font-weight: 400;\"> \u2022 La comprensi\u00f3 de la naturalesa humana<\/span><span style=\"font-weight: 400;\"><br \/>\n<\/span><span style=\"font-weight: 400;\"> \u2022 La capacitat de presa de decisions<\/span><\/p>\n<p><b>Els tipus de lectura s\u00f3n:<\/b><\/p>\n<ul>\n<li aria-level=\"1\"><b>La lectura en veu alta de l\u2019alumnat.\u00a0<\/b><\/li>\n<\/ul>\n<ul>\n<li aria-level=\"1\"><b>Lectura aut\u00f2noma.<\/b><\/li>\n<\/ul>\n<ul>\n<li aria-level=\"1\"><b>Parlar del que es llegeix. La conversa al voltant de la lectura.<\/b><\/li>\n<\/ul>\n<p><span style=\"font-weight: 400;\">Altres:<\/span><\/p>\n<p><span style=\"font-weight: 400;\">\u00a0\u25cf Visita a la biblioteca municipal i de l\u2019escola<\/span><span style=\"font-weight: 400;\"><br \/>\n<\/span><span style=\"font-weight: 400;\"> \u25cf Pr\u00e9stec de llibres de la biblioteca municipal de temes concrets que demanem des de l\u2019escola.<\/span><span style=\"font-weight: 400;\"><br \/>\n<\/span><span style=\"font-weight: 400;\"> \u25cf Sant Jordi: activitats al voltant dels llibres i la lectura: participaci\u00f3 a la mostra liter\u00e0ria, intercanvi de llibres, exposicions \u2026<\/span><span style=\"font-weight: 400;\"><br \/>\n<\/span><span style=\"font-weight: 400;\"> \u25cf L\u2019hora del conte.<\/span><\/p>\n","protected":false},"excerpt":{"rendered":"<p>Treballem molt la llengua des de l&#8217;oralitat. Realitzem racons de llengua a infantil i lectura di\u00e0ria a partir de 1r de prim\u00e0ria.\u00a0 Les tipologies textuals estan establertes en el diferents cursos: paraules, llistes, la carta, la recepta, el conte, etc.\u00a0 Fem sortides a la biblioteca d&#8217;Arenys de Munt i d&#8217;Arenys de Mar. Contactem amb autors [&hellip;]<\/p>\n","protected":false},"author":1,"featured_media":0,"parent":0,"menu_order":0,"comment_status":"closed","ping_status":"closed","template":"","meta":{"_bbp_topic_count":0,"_bbp_reply_count":0,"_bbp_total_topic_count":0,"_bbp_total_reply_count":0,"_bbp_voice_count":0,"_bbp_anonymous_reply_count":0,"_bbp_topic_count_hidden":0,"_bbp_reply_count_hidden":0,"_bbp_forum_subforum_count":0,"site-sidebar-layout":"default","site-content-layout":"","ast-site-content-layout":"","site-content-style":"default","site-sidebar-style":"default","ast-global-header-display":"","ast-banner-title-visibility":"","ast-main-header-display":"","ast-hfb-above-header-display":"","ast-hfb-below-header-display":"","ast-hfb-mobile-header-display":"","site-post-title":"","ast-breadcrumbs-content":"","ast-featured-img":"","footer-sml-layout":"","theme-transparent-header-meta":"","adv-header-id-meta":"","stick-header-meta":"","header-above-stick-meta":"","header-main-stick-meta":"","header-below-stick-meta":"","astra-migrate-meta-layouts":"default","ast-page-background-enabled":"default","ast-page-background-meta":{"desktop":{"background-color":"var(--ast-global-color-4)","background-image":"","background-repeat":"repeat","background-position":"center center","background-size":"auto","background-attachment":"scroll","background-type":"","background-media":"","overlay-type":"","overlay-color":"","overlay-opacity":"","overlay-gradient":""},"tablet":{"background-color":"","background-image":"","background-repeat":"repeat","background-position":"center center","background-size":"auto","background-attachment":"scroll","background-type":"","background-media":"","overlay-type":"","overlay-color":"","overlay-opacity":"","overlay-gradient":""},"mobile":{"background-color":"","background-image":"","background-repeat":"repeat","background-position":"center center","background-size":"auto","background-attachment":"scroll","background-type":"","background-media":"","overlay-type":"","overlay-color":"","overlay-opacity":"","overlay-gradient":""}},"ast-content-background-meta":{"desktop":{"background-color":"var(--ast-global-color-5)","background-image":"","background-repeat":"repeat","background-position":"center center","background-size":"auto","background-attachment":"scroll","background-type":"","background-media":"","overlay-type":"","overlay-color":"","overlay-opacity":"","overlay-gradient":""},"tablet":{"background-color":"var(--ast-global-color-5)","background-image":"","background-repeat":"repeat","background-position":"center center","background-size":"auto","background-attachment":"scroll","background-type":"","background-media":"","overlay-type":"","overlay-color":"","overlay-opacity":"","overlay-gradient":""},"mobile":{"background-color":"var(--ast-global-color-5)","background-image":"","background-repeat":"repeat","background-position":"center center","background-size":"auto","background-attachment":"scroll","background-type":"","background-media":"","overlay-type":"","overlay-color":"","overlay-opacity":"","overlay-gradient":""}},"footnotes":""},"class_list":["post-13930","page","type-page","status-publish","hentry"],"post_mailing_queue_ids":[],"_links":{"self":[{"href":"https:\/\/agora.xtec.cat\/escolasobirans\/wp-json\/wp\/v2\/pages\/13930","targetHints":{"allow":["GET"]}}],"collection":[{"href":"https:\/\/agora.xtec.cat\/escolasobirans\/wp-json\/wp\/v2\/pages"}],"about":[{"href":"https:\/\/agora.xtec.cat\/escolasobirans\/wp-json\/wp\/v2\/types\/page"}],"author":[{"embeddable":true,"href":"https:\/\/agora.xtec.cat\/escolasobirans\/wp-json\/wp\/v2\/users\/1"}],"replies":[{"embeddable":true,"href":"https:\/\/agora.xtec.cat\/escolasobirans\/wp-json\/wp\/v2\/comments?post=13930"}],"version-history":[{"count":2,"href":"https:\/\/agora.xtec.cat\/escolasobirans\/wp-json\/wp\/v2\/pages\/13930\/revisions"}],"predecessor-version":[{"id":17190,"href":"https:\/\/agora.xtec.cat\/escolasobirans\/wp-json\/wp\/v2\/pages\/13930\/revisions\/17190"}],"wp:attachment":[{"href":"https:\/\/agora.xtec.cat\/escolasobirans\/wp-json\/wp\/v2\/media?parent=13930"}],"curies":[{"name":"wp","href":"https:\/\/api.w.org\/{rel}","templated":true}]}}