{"id":13928,"date":"2022-02-02T16:45:53","date_gmt":"2022-02-02T15:45:53","guid":{"rendered":"https:\/\/agora.xtec.cat\/escolasobirans\/?page_id=13928"},"modified":"2024-02-01T11:03:12","modified_gmt":"2024-02-01T10:03:12","slug":"matematiques-2","status":"publish","type":"page","link":"https:\/\/agora.xtec.cat\/escolasobirans\/matematiques-2\/","title":{"rendered":"Benestar emocional"},"content":{"rendered":"<p><span style=\"font-weight: 400;\">L\u2019equip de mestres de l\u2019escola tenim en compte vetllar el dia a dia pel BENESTAR dels alumnes alhora que valorem i adaptem els recursos necessaris per afavorir el seu APRENENTATGE. Entenem que l\u2019aprenentatge dep\u00e8n del seu benestar emocional.<\/span><\/p>\n<p><span style=\"font-weight: 400;\">\u00c9s per aquest motiu que donem import\u00e0ncia a certs aspectes diaris com son les entrades relaxades, l\u2019organitzaci\u00f3 del dia a dia abans de comen\u00e7ar o la resoluci\u00f3 positiva dels conflictes des d\u2019una mirada restaurativa.<\/span><\/p>\n<p><span style=\"font-weight: 400;\">A l\u2019escola treballem molt la mediaci\u00f3 escolar la qual \u00e9s una trobada en qu\u00e8 la persona mediadora actua per a qu\u00e8 els protagonistes del conflicte puguin buscar conjuntament una soluci\u00f3. La mediaci\u00f3 t\u00e9 com a caracter\u00edstiques principals: la voluntarietat, la confidencialitat i la llibertat en la presa de decisions.<\/span><\/p>\n<p><span style=\"font-weight: 400;\">Per possibilitar la mediaci\u00f3, l\u2019escola es coordina amb el servei de mediaci\u00f3 de l\u2019ajuntament que es posa en funcionament per la necessitat de resoldre els conflictes de forma pac\u00edfica i per ajudar, aix\u00ed, a mantenir un bon clima de conviv\u00e8ncia i treball en el centre. Des del servei de mediaci\u00f3 de l\u2019Ajuntament participen en la din\u00e0mica de l\u2019escola afavorint la resoluci\u00f3 dels conflictes, formant per la bona conviv\u00e8ncia. Aquest servei, fa intervenci\u00f3 directa als cursos de0 4t, 5\u00e8 i 6\u00e8 tot entrant a l\u2019aula i fent din\u00e0miques de cohesi\u00f3 de grup o pr\u00e0ctiques de resoluci\u00f3 de conflictes. Aquest servei de medicaci\u00f3 tamb\u00e9 aporta\u00a0 propostes d\u2019activitats a les tutores des d\u2019I3 fins a 3r.<\/span><\/p>\n<p><span style=\"font-weight: 400;\">A banda de la medicaci\u00f3, a l\u2019escola realitzem sociogrames a partir de 3r els quals ens ajuden a con\u00e8ixer millor les din\u00e0miques del grup i poder fer una intervenci\u00f3, si \u00e9s necessari, m\u00e9s acurada.<\/span><\/p>\n<p><span style=\"font-weight: 400;\">A les estones de tutoria, realitzem din\u00e0miques de grup per treballar la cohesi\u00f3 de grup i el benestar emocional tant del grup com individual. Utilitzem contes d\u2019educaci\u00f3 emocional i valors per obrir di\u00e0legs i fem \u00fas d\u2019elemtns de restauraci\u00f3 com els cercles de di\u00e0leg o la din\u00e0mica d\u2019escolta activa \u201cboca-orella\u201d.<\/span><\/p>\n","protected":false},"excerpt":{"rendered":"<p>L\u2019equip de mestres de l\u2019escola tenim en compte vetllar el dia a dia pel BENESTAR dels alumnes alhora que valorem i adaptem els recursos necessaris per afavorir el seu APRENENTATGE. Entenem que l\u2019aprenentatge dep\u00e8n del seu benestar emocional. \u00c9s per aquest motiu que donem import\u00e0ncia a certs aspectes diaris com son les entrades relaxades, l\u2019organitzaci\u00f3 [&hellip;]<\/p>\n","protected":false},"author":1,"featured_media":0,"parent":0,"menu_order":0,"comment_status":"closed","ping_status":"closed","template":"","meta":{"_bbp_topic_count":0,"_bbp_reply_count":0,"_bbp_total_topic_count":0,"_bbp_total_reply_count":0,"_bbp_voice_count":0,"_bbp_anonymous_reply_count":0,"_bbp_topic_count_hidden":0,"_bbp_reply_count_hidden":0,"_bbp_forum_subforum_count":0,"site-sidebar-layout":"default","site-content-layout":"","ast-site-content-layout":"","site-content-style":"default","site-sidebar-style":"default","ast-global-header-display":"","ast-banner-title-visibility":"","ast-main-header-display":"","ast-hfb-above-header-display":"","ast-hfb-below-header-display":"","ast-hfb-mobile-header-display":"","site-post-title":"","ast-breadcrumbs-content":"","ast-featured-img":"","footer-sml-layout":"","theme-transparent-header-meta":"","adv-header-id-meta":"","stick-header-meta":"","header-above-stick-meta":"","header-main-stick-meta":"","header-below-stick-meta":"","astra-migrate-meta-layouts":"default","ast-page-background-enabled":"default","ast-page-background-meta":{"desktop":{"background-color":"var(--ast-global-color-4)","background-image":"","background-repeat":"repeat","background-position":"center center","background-size":"auto","background-attachment":"scroll","background-type":"","background-media":"","overlay-type":"","overlay-color":"","overlay-opacity":"","overlay-gradient":""},"tablet":{"background-color":"","background-image":"","background-repeat":"repeat","background-position":"center center","background-size":"auto","background-attachment":"scroll","background-type":"","background-media":"","overlay-type":"","overlay-color":"","overlay-opacity":"","overlay-gradient":""},"mobile":{"background-color":"","background-image":"","background-repeat":"repeat","background-position":"center center","background-size":"auto","background-attachment":"scroll","background-type":"","background-media":"","overlay-type":"","overlay-color":"","overlay-opacity":"","overlay-gradient":""}},"ast-content-background-meta":{"desktop":{"background-color":"var(--ast-global-color-5)","background-image":"","background-repeat":"repeat","background-position":"center center","background-size":"auto","background-attachment":"scroll","background-type":"","background-media":"","overlay-type":"","overlay-color":"","overlay-opacity":"","overlay-gradient":""},"tablet":{"background-color":"var(--ast-global-color-5)","background-image":"","background-repeat":"repeat","background-position":"center center","background-size":"auto","background-attachment":"scroll","background-type":"","background-media":"","overlay-type":"","overlay-color":"","overlay-opacity":"","overlay-gradient":""},"mobile":{"background-color":"var(--ast-global-color-5)","background-image":"","background-repeat":"repeat","background-position":"center center","background-size":"auto","background-attachment":"scroll","background-type":"","background-media":"","overlay-type":"","overlay-color":"","overlay-opacity":"","overlay-gradient":""}},"footnotes":""},"class_list":["post-13928","page","type-page","status-publish","hentry"],"post_mailing_queue_ids":[],"_links":{"self":[{"href":"https:\/\/agora.xtec.cat\/escolasobirans\/wp-json\/wp\/v2\/pages\/13928","targetHints":{"allow":["GET"]}}],"collection":[{"href":"https:\/\/agora.xtec.cat\/escolasobirans\/wp-json\/wp\/v2\/pages"}],"about":[{"href":"https:\/\/agora.xtec.cat\/escolasobirans\/wp-json\/wp\/v2\/types\/page"}],"author":[{"embeddable":true,"href":"https:\/\/agora.xtec.cat\/escolasobirans\/wp-json\/wp\/v2\/users\/1"}],"replies":[{"embeddable":true,"href":"https:\/\/agora.xtec.cat\/escolasobirans\/wp-json\/wp\/v2\/comments?post=13928"}],"version-history":[{"count":2,"href":"https:\/\/agora.xtec.cat\/escolasobirans\/wp-json\/wp\/v2\/pages\/13928\/revisions"}],"predecessor-version":[{"id":17221,"href":"https:\/\/agora.xtec.cat\/escolasobirans\/wp-json\/wp\/v2\/pages\/13928\/revisions\/17221"}],"wp:attachment":[{"href":"https:\/\/agora.xtec.cat\/escolasobirans\/wp-json\/wp\/v2\/media?parent=13928"}],"curies":[{"name":"wp","href":"https:\/\/api.w.org\/{rel}","templated":true}]}}