{"id":10652,"date":"2021-01-15T09:38:48","date_gmt":"2021-01-15T08:38:48","guid":{"rendered":"http:\/\/agora.xtec.cat\/escolasobirans\/?page_id=10652"},"modified":"2024-01-22T16:00:04","modified_gmt":"2024-01-22T15:00:04","slug":"autoritzacions","status":"publish","type":"page","link":"https:\/\/agora.xtec.cat\/escolasobirans\/autoritzacions\/","title":{"rendered":"Autoritzacions i comunicacions"},"content":{"rendered":"<p>Relaci\u00f3 dels documents que una vegada emplenats i signats, ens podeu fer arribar per correu electr\u00f2nic a l&#8217;adre\u00e7a\u00a0<a href=\"a8055890@xtec.cat\">a8055890@xtec.cat<\/a><\/p>\n<p><a href=\"https:\/\/agora.xtec.cat\/escolasobirans\/wp-content\/uploads\/usu1742\/2021\/01\/AUTORITZACI\u00d3-DRETS-DIMATGE.odt\">AUTORITZACI\u00d3 DRETS D&#8217;IMATGE<\/a><\/p>\n<p><a href=\"https:\/\/agora.xtec.cat\/escolasobirans\/wp-content\/uploads\/usu1742\/2021\/01\/AUTORITZACI\u00d3-PER-SORTIDES-COMPLEMENT\u00c0RIES-ESCOLARS.odt\">AUTORITZACI\u00d3 PER SORTIDES COMPLEMENT\u00c0RIES ESCOLARS<\/a><\/p>\n<p><a href=\"https:\/\/agora.xtec.cat\/escolasobirans\/wp-content\/uploads\/usu1742\/2021\/01\/ABS\u00c8NCIA-TEMPORAL-PER-INTERVENCIONS-TERAP\u00c8UTIQUES-FORA-DEL-CENTRE.odt\">ABS\u00c8NCIA TEMPORAL PER INTERVENCIONS TERAP\u00c8UTIQUES FORA DEL CENTRE<\/a><\/p>\n<p><a href=\"https:\/\/agora.xtec.cat\/escolasobirans\/wp-content\/uploads\/usu1742\/2021\/01\/AUTORITZACI\u00d3-RECOLLIDA-P3-a-2n.docx\">AUTORITZACI\u00d3 RECOLLIDA P3 a 2n<\/a><\/p>\n<p><a href=\"https:\/\/agora.xtec.cat\/escolasobirans\/wp-content\/uploads\/usu1742\/2021\/01\/COMUNICAT-SORTIDA-DALUMNES-3r-a-6\u00e8.docx\">COMUNICAT SORTIDA D&#8217;ALUMNES (3r a 6\u00e8)<\/a><\/p>\n<p><a href=\"https:\/\/agora.xtec.cat\/escolasobirans\/wp-content\/uploads\/usu1742\/2021\/01\/AUTORITZACI\u00d3-URG\u00c8NCIES-M\u00c8DIQUES.odt\">AUTORITZACI\u00d3 URG\u00c8NCIES M\u00c8DIQUES<\/a><\/p>\n<p><a href=\"https:\/\/agora.xtec.cat\/escolasobirans\/wp-content\/uploads\/usu1742\/2021\/01\/AUTORITZACI\u00d3-I-COMPROM\u00cdS-CORAL-SOBIRANS.odt\">AUTORITZACI\u00d3 I COMPROM\u00cdS CORAL SOBIRANS<\/a><\/p>\n<p>&nbsp;<\/p>\n<p>&nbsp;<\/p>\n","protected":false},"excerpt":{"rendered":"<p>Relaci\u00f3 dels documents que una vegada emplenats i signats, ens podeu fer arribar per correu electr\u00f2nic a l&#8217;adre\u00e7a\u00a0a8055890@xtec.cat AUTORITZACI\u00d3 DRETS D&#8217;IMATGE AUTORITZACI\u00d3 PER SORTIDES COMPLEMENT\u00c0RIES ESCOLARS ABS\u00c8NCIA TEMPORAL PER INTERVENCIONS TERAP\u00c8UTIQUES FORA DEL CENTRE AUTORITZACI\u00d3 RECOLLIDA P3 a 2n COMUNICAT SORTIDA D&#8217;ALUMNES (3r a 6\u00e8) AUTORITZACI\u00d3 URG\u00c8NCIES M\u00c8DIQUES AUTORITZACI\u00d3 I COMPROM\u00cdS CORAL SOBIRANS &nbsp; &nbsp;<\/p>\n","protected":false},"author":1,"featured_media":0,"parent":0,"menu_order":0,"comment_status":"closed","ping_status":"closed","template":"","meta":{"_bbp_topic_count":0,"_bbp_reply_count":0,"_bbp_total_topic_count":0,"_bbp_total_reply_count":0,"_bbp_voice_count":0,"_bbp_anonymous_reply_count":0,"_bbp_topic_count_hidden":0,"_bbp_reply_count_hidden":0,"_bbp_forum_subforum_count":0,"site-sidebar-layout":"default","site-content-layout":"","ast-site-content-layout":"","site-content-style":"default","site-sidebar-style":"default","ast-global-header-display":"","ast-banner-title-visibility":"","ast-main-header-display":"","ast-hfb-above-header-display":"","ast-hfb-below-header-display":"","ast-hfb-mobile-header-display":"","site-post-title":"","ast-breadcrumbs-content":"","ast-featured-img":"","footer-sml-layout":"","theme-transparent-header-meta":"","adv-header-id-meta":"","stick-header-meta":"","header-above-stick-meta":"","header-main-stick-meta":"","header-below-stick-meta":"","astra-migrate-meta-layouts":"default","ast-page-background-enabled":"default","ast-page-background-meta":{"desktop":{"background-color":"var(--ast-global-color-4)","background-image":"","background-repeat":"repeat","background-position":"center center","background-size":"auto","background-attachment":"scroll","background-type":"","background-media":"","overlay-type":"","overlay-color":"","overlay-opacity":"","overlay-gradient":""},"tablet":{"background-color":"","background-image":"","background-repeat":"repeat","background-position":"center center","background-size":"auto","background-attachment":"scroll","background-type":"","background-media":"","overlay-type":"","overlay-color":"","overlay-opacity":"","overlay-gradient":""},"mobile":{"background-color":"","background-image":"","background-repeat":"repeat","background-position":"center center","background-size":"auto","background-attachment":"scroll","background-type":"","background-media":"","overlay-type":"","overlay-color":"","overlay-opacity":"","overlay-gradient":""}},"ast-content-background-meta":{"desktop":{"background-color":"var(--ast-global-color-5)","background-image":"","background-repeat":"repeat","background-position":"center center","background-size":"auto","background-attachment":"scroll","background-type":"","background-media":"","overlay-type":"","overlay-color":"","overlay-opacity":"","overlay-gradient":""},"tablet":{"background-color":"var(--ast-global-color-5)","background-image":"","background-repeat":"repeat","background-position":"center center","background-size":"auto","background-attachment":"scroll","background-type":"","background-media":"","overlay-type":"","overlay-color":"","overlay-opacity":"","overlay-gradient":""},"mobile":{"background-color":"var(--ast-global-color-5)","background-image":"","background-repeat":"repeat","background-position":"center center","background-size":"auto","background-attachment":"scroll","background-type":"","background-media":"","overlay-type":"","overlay-color":"","overlay-opacity":"","overlay-gradient":""}},"footnotes":""},"class_list":["post-10652","page","type-page","status-publish","hentry"],"post_mailing_queue_ids":[],"_links":{"self":[{"href":"https:\/\/agora.xtec.cat\/escolasobirans\/wp-json\/wp\/v2\/pages\/10652","targetHints":{"allow":["GET"]}}],"collection":[{"href":"https:\/\/agora.xtec.cat\/escolasobirans\/wp-json\/wp\/v2\/pages"}],"about":[{"href":"https:\/\/agora.xtec.cat\/escolasobirans\/wp-json\/wp\/v2\/types\/page"}],"author":[{"embeddable":true,"href":"https:\/\/agora.xtec.cat\/escolasobirans\/wp-json\/wp\/v2\/users\/1"}],"replies":[{"embeddable":true,"href":"https:\/\/agora.xtec.cat\/escolasobirans\/wp-json\/wp\/v2\/comments?post=10652"}],"version-history":[{"count":4,"href":"https:\/\/agora.xtec.cat\/escolasobirans\/wp-json\/wp\/v2\/pages\/10652\/revisions"}],"predecessor-version":[{"id":10671,"href":"https:\/\/agora.xtec.cat\/escolasobirans\/wp-json\/wp\/v2\/pages\/10652\/revisions\/10671"}],"wp:attachment":[{"href":"https:\/\/agora.xtec.cat\/escolasobirans\/wp-json\/wp\/v2\/media?parent=10652"}],"curies":[{"name":"wp","href":"https:\/\/api.w.org\/{rel}","templated":true}]}}