{"id":10509,"date":"2020-12-29T19:49:00","date_gmt":"2020-12-29T18:49:00","guid":{"rendered":"http:\/\/agora.xtec.cat\/escolasobirans\/?page_id=10509"},"modified":"2024-02-01T10:37:49","modified_gmt":"2024-02-01T09:37:49","slug":"us-ho-expliquem","status":"publish","type":"page","link":"https:\/\/agora.xtec.cat\/escolasobirans\/us-ho-expliquem\/","title":{"rendered":"Us ho expliquem"},"content":{"rendered":"<p style=\"font-weight: 400;\"><b><i>Us Ho Expliquem<\/i><\/b> \u00e9s un projecte telem\u00e0tic relacionat amb l\u2019\u00e0mbit ling\u00fc\u00edstic del Cicle Mitj\u00e0 i Superior. Els grups que hi participen comparteixen activitats referents a diferents tipologies textuals.<\/p>\n<p style=\"font-weight: 400;\">Es treballa des de dos <b>itineraris\u00a0<\/b>que es proposen:<\/p>\n<ul style=\"font-weight: 400;\">\n<li><strong>A l\u2019itinerari 1 (grup TARONJA)<\/strong>\u00a0es treballar\u00e0 el text narratiu, el descriptiu i el conversacional.<\/li>\n<li><strong>A l&#8217;itinerari 2 (grup VERD)\u00a0<\/strong>es treballar\u00e0 l\u2019argumentatiu, instructiu i el conversacional.<\/li>\n<\/ul>\n<p><br style=\"font-weight: 400;\" \/><span style=\"font-weight: 400;\">A cada tipologia, les activitats de cada petit grup d\u2019alumnes es treballen amb alguna\u00a0<\/span><b>aplicaci\u00f3 TIC<\/b><span style=\"font-weight: 400;\">. Per exemple, elaboren una infografia \u00a0(<\/span><i><span style=\"font-weight: 400;\">Picktochart),\u00a0<\/span><\/i><span style=\"font-weight: 400;\">una publicaci\u00f3 digital\u00a0<\/span><i><span style=\"font-weight: 400;\">\u00a0(Calameo)<\/span><\/i><span style=\"font-weight: 400;\">, una entrevista (edici\u00f3 de v\u00eddeo amb el\u00a0<\/span><i><span style=\"font-weight: 400;\">Wevideo<\/span><\/i><span style=\"font-weight: 400;\">) i un document compartit (<\/span><i><span style=\"font-weight: 400;\">Drive<\/span><\/i><span style=\"font-weight: 400;\">).<\/span><\/p>\n<p style=\"font-weight: 400;\">Per introduir cada activitat, un personatge, en <b>Taip<\/b>, la presentar\u00e0, els explicar\u00e0 qu\u00e8 hauran de fer i els animar\u00e0 a llegir i a comentar els treballs de les altres escoles.<\/p>\n<p style=\"font-weight: 400;\">En cada sessi\u00f3 de treball els alumnes elaboren \u201c<b>el diari de sessions<\/b>\u201d, un document compartit on expliquen qu\u00e8 han fet durant la classe, qu\u00e8 han apr\u00e8s i tot all\u00f2 que vulguin remarcar als companys virtuals de projecte.<\/p>\n<p style=\"font-weight: 400;\">El projecte t\u00e9 tres espais diferents:<\/p>\n<ul style=\"font-weight: 400;\">\n<li>Un blog on es publiquen les not\u00edcies del projecte.<\/li>\n<\/ul>\n<ul style=\"font-weight: 400;\">\n<li>Els alumnes, disposen d\u2019un\u00a0<b>blog\u00a0<\/b>en el que hi pengen les \u00a0activitats que \u00a0han treballat a l\u2019escola i poden llegir les dels companys de projecte.<\/li>\n<\/ul>\n<ul style=\"font-weight: 400;\">\n<li>A l\u2019<b>espai de treball<\/b>\u00a0\u00a0dels mestres (<i>Moodle<\/i>) \u00a0hi ha el material necessari per dissenyar les activitats d\u2019aprenentatge: l\u2019esquema de cada tipologia, el calendari de les activitats, exemples de textos que pertanyen a cada tipologia, r\u00fabriques per avaluar les activitats, tutorials de les eines TIC que utilitzem i un f\u00f2rum per dubtes, preguntes, etc.\u00a0Com tots els projectes d&#8217;IEARN Pangea, un\u00a0<strong>coordinador\u00a0<\/strong>acompanya el recorregut de les escoles al llarg de la seva participaci\u00f3, solucionant dubtes&#8230;<\/li>\n<\/ul>\n<p>&nbsp;<\/p>\n<p>&nbsp;<\/p>\n","protected":false},"excerpt":{"rendered":"<p>Us Ho Expliquem \u00e9s un projecte telem\u00e0tic relacionat amb l\u2019\u00e0mbit ling\u00fc\u00edstic del Cicle Mitj\u00e0 i Superior. Els grups que hi participen comparteixen activitats referents a diferents tipologies textuals. Es treballa des de dos itineraris\u00a0que es proposen: A l\u2019itinerari 1 (grup TARONJA)\u00a0es treballar\u00e0 el text narratiu, el descriptiu i el conversacional. A l&#8217;itinerari 2 (grup VERD)\u00a0es [&hellip;]<\/p>\n","protected":false},"author":1,"featured_media":0,"parent":0,"menu_order":0,"comment_status":"closed","ping_status":"closed","template":"","meta":{"_bbp_topic_count":0,"_bbp_reply_count":0,"_bbp_total_topic_count":0,"_bbp_total_reply_count":0,"_bbp_voice_count":0,"_bbp_anonymous_reply_count":0,"_bbp_topic_count_hidden":0,"_bbp_reply_count_hidden":0,"_bbp_forum_subforum_count":0,"site-sidebar-layout":"default","site-content-layout":"","ast-site-content-layout":"","site-content-style":"default","site-sidebar-style":"default","ast-global-header-display":"","ast-banner-title-visibility":"","ast-main-header-display":"","ast-hfb-above-header-display":"","ast-hfb-below-header-display":"","ast-hfb-mobile-header-display":"","site-post-title":"","ast-breadcrumbs-content":"","ast-featured-img":"","footer-sml-layout":"","theme-transparent-header-meta":"","adv-header-id-meta":"","stick-header-meta":"","header-above-stick-meta":"","header-main-stick-meta":"","header-below-stick-meta":"","astra-migrate-meta-layouts":"default","ast-page-background-enabled":"default","ast-page-background-meta":{"desktop":{"background-color":"var(--ast-global-color-4)","background-image":"","background-repeat":"repeat","background-position":"center center","background-size":"auto","background-attachment":"scroll","background-type":"","background-media":"","overlay-type":"","overlay-color":"","overlay-opacity":"","overlay-gradient":""},"tablet":{"background-color":"","background-image":"","background-repeat":"repeat","background-position":"center center","background-size":"auto","background-attachment":"scroll","background-type":"","background-media":"","overlay-type":"","overlay-color":"","overlay-opacity":"","overlay-gradient":""},"mobile":{"background-color":"","background-image":"","background-repeat":"repeat","background-position":"center center","background-size":"auto","background-attachment":"scroll","background-type":"","background-media":"","overlay-type":"","overlay-color":"","overlay-opacity":"","overlay-gradient":""}},"ast-content-background-meta":{"desktop":{"background-color":"var(--ast-global-color-5)","background-image":"","background-repeat":"repeat","background-position":"center center","background-size":"auto","background-attachment":"scroll","background-type":"","background-media":"","overlay-type":"","overlay-color":"","overlay-opacity":"","overlay-gradient":""},"tablet":{"background-color":"var(--ast-global-color-5)","background-image":"","background-repeat":"repeat","background-position":"center center","background-size":"auto","background-attachment":"scroll","background-type":"","background-media":"","overlay-type":"","overlay-color":"","overlay-opacity":"","overlay-gradient":""},"mobile":{"background-color":"var(--ast-global-color-5)","background-image":"","background-repeat":"repeat","background-position":"center center","background-size":"auto","background-attachment":"scroll","background-type":"","background-media":"","overlay-type":"","overlay-color":"","overlay-opacity":"","overlay-gradient":""}},"footnotes":""},"class_list":["post-10509","page","type-page","status-publish","hentry"],"post_mailing_queue_ids":[],"_links":{"self":[{"href":"https:\/\/agora.xtec.cat\/escolasobirans\/wp-json\/wp\/v2\/pages\/10509","targetHints":{"allow":["GET"]}}],"collection":[{"href":"https:\/\/agora.xtec.cat\/escolasobirans\/wp-json\/wp\/v2\/pages"}],"about":[{"href":"https:\/\/agora.xtec.cat\/escolasobirans\/wp-json\/wp\/v2\/types\/page"}],"author":[{"embeddable":true,"href":"https:\/\/agora.xtec.cat\/escolasobirans\/wp-json\/wp\/v2\/users\/1"}],"replies":[{"embeddable":true,"href":"https:\/\/agora.xtec.cat\/escolasobirans\/wp-json\/wp\/v2\/comments?post=10509"}],"version-history":[{"count":5,"href":"https:\/\/agora.xtec.cat\/escolasobirans\/wp-json\/wp\/v2\/pages\/10509\/revisions"}],"predecessor-version":[{"id":17193,"href":"https:\/\/agora.xtec.cat\/escolasobirans\/wp-json\/wp\/v2\/pages\/10509\/revisions\/17193"}],"wp:attachment":[{"href":"https:\/\/agora.xtec.cat\/escolasobirans\/wp-json\/wp\/v2\/media?parent=10509"}],"curies":[{"name":"wp","href":"https:\/\/api.w.org\/{rel}","templated":true}]}}