{"id":10503,"date":"2020-12-29T19:46:43","date_gmt":"2020-12-29T18:46:43","guid":{"rendered":"http:\/\/agora.xtec.cat\/escolasobirans\/?page_id=10503"},"modified":"2024-02-01T11:20:53","modified_gmt":"2024-02-01T10:20:53","slug":"scratch","status":"publish","type":"page","link":"https:\/\/agora.xtec.cat\/escolasobirans\/scratch\/","title":{"rendered":"Scratch: Llenguatge de programaci\u00f3"},"content":{"rendered":"<h5><strong>QU\u00c8 \u00c9S?<\/strong><br \/>\nScratch \u00e9s una aplicaci\u00f3 inform\u00e0tica destinada principalment als nens i nenes, mitjan\u00e7ant la qual poden explorar, experimentar i manifestar idees de manera creativa i divertida. Tamb\u00e9 poden treballar amb bases d\u2019animaci\u00f3 i programaci\u00f3 de l\u2019ordinador amb l\u2019ajuda d\u2019una interf\u00edcie gr\u00e0fica senzilla\u00a0 i gr\u00e0cies al seu entorn col\u00b7laboratiu es poden compartir projectes, scripts i personatges.<\/h5>\n<p>A l&#8217;escola Sobirans vam introduir l&#8217;Scratch el curs 19-20 als alumnes de cicle superior amb l&#8217;objectiu de:<\/p>\n<ul>\n<li>\u00a0Ajudar a pensar de manera algor\u00edtmica i aprendre a abordar problemes met\u00f2dicament.<\/li>\n<li><span style=\"font-family: inherit; font-size: 1em;\">Guanyar comprensi\u00f3 sobre conceptes matem\u00e0tics com expressions booleanes, variables, coordenades i nombres aleatoris.<\/span><\/li>\n<li><span style=\"font-family: inherit; font-size: 1em;\">Activar els processos metacognitius de l\u2019usuari, ja que ofereix oportunitats per improvisar, posar a prova les seves idees, assajar i corregir errors.<\/span><\/li>\n<li><span style=\"font-family: inherit; font-size: 1em;\">Obtenir productes en les primeres aproximacions.<\/span><\/li>\n<li><span style=\"font-family: inherit; font-size: 1em;\">Controlar i barrejar diferents medis i compartir les creacions amb la comunitat.<\/span><\/li>\n<li><span style=\"font-family: inherit; font-size: 1em;\">Afavorir l\u2019intercanvi, estimulant l\u2019<\/span><b style=\"font-family: inherit; font-size: 1em;\">aprenentatge col\u00b7laboratiu<\/b><span style=\"font-family: inherit; font-size: 1em;\">.<\/span><\/li>\n<\/ul>\n<p><span style=\"color: #000080;\"><strong>Cliqueu les imatges i veureu qu\u00e8 fem<\/strong><\/span><\/p>\n<p><a href=\"https:\/\/scratch.mit.edu\/studios\/25567579\/\"><img loading=\"lazy\" decoding=\"async\" class=\"alignnone wp-image-10548 size-medium\" src=\"https:\/\/agora.xtec.cat\/escolasobirans\/wp-content\/uploads\/usu1742\/2021\/01\/calendari-300x175.jpg\" alt=\"\" width=\"300\" height=\"175\" srcset=\"https:\/\/agora.xtec.cat\/escolasobirans\/wp-content\/uploads\/usu1742\/2021\/01\/calendari-300x175.jpg 300w, https:\/\/agora.xtec.cat\/escolasobirans\/wp-content\/uploads\/usu1742\/2021\/01\/calendari.jpg 688w\" sizes=\"auto, (max-width: 300px) 100vw, 300px\" \/>\u00a0\u00a0\u00a0\u00a0\u00a0 <\/a><a href=\"https:\/\/scratch.mit.edu\/studios\/27869065\/\"><img loading=\"lazy\" decoding=\"async\" class=\"alignnone wp-image-10550\" src=\"https:\/\/agora.xtec.cat\/escolasobirans\/wp-content\/uploads\/usu1742\/2021\/01\/nadales1.jpg\" alt=\"\" width=\"262\" height=\"174\" \/><\/a><\/p>\n<p>&nbsp;<\/p>\n","protected":false},"excerpt":{"rendered":"<p>QU\u00c8 \u00c9S? Scratch \u00e9s una aplicaci\u00f3 inform\u00e0tica destinada principalment als nens i nenes, mitjan\u00e7ant la qual poden explorar, experimentar i manifestar idees de manera creativa i divertida. Tamb\u00e9 poden treballar amb bases d\u2019animaci\u00f3 i programaci\u00f3 de l\u2019ordinador amb l\u2019ajuda d\u2019una interf\u00edcie gr\u00e0fica senzilla\u00a0 i gr\u00e0cies al seu entorn col\u00b7laboratiu es poden compartir projectes, scripts i [&hellip;]<\/p>\n","protected":false},"author":1,"featured_media":0,"parent":0,"menu_order":0,"comment_status":"closed","ping_status":"closed","template":"","meta":{"_bbp_topic_count":0,"_bbp_reply_count":0,"_bbp_total_topic_count":0,"_bbp_total_reply_count":0,"_bbp_voice_count":0,"_bbp_anonymous_reply_count":0,"_bbp_topic_count_hidden":0,"_bbp_reply_count_hidden":0,"_bbp_forum_subforum_count":0,"site-sidebar-layout":"default","site-content-layout":"","ast-site-content-layout":"","site-content-style":"default","site-sidebar-style":"default","ast-global-header-display":"","ast-banner-title-visibility":"","ast-main-header-display":"","ast-hfb-above-header-display":"","ast-hfb-below-header-display":"","ast-hfb-mobile-header-display":"","site-post-title":"","ast-breadcrumbs-content":"","ast-featured-img":"","footer-sml-layout":"","theme-transparent-header-meta":"","adv-header-id-meta":"","stick-header-meta":"","header-above-stick-meta":"","header-main-stick-meta":"","header-below-stick-meta":"","astra-migrate-meta-layouts":"default","ast-page-background-enabled":"default","ast-page-background-meta":{"desktop":{"background-color":"var(--ast-global-color-4)","background-image":"","background-repeat":"repeat","background-position":"center center","background-size":"auto","background-attachment":"scroll","background-type":"","background-media":"","overlay-type":"","overlay-color":"","overlay-opacity":"","overlay-gradient":""},"tablet":{"background-color":"","background-image":"","background-repeat":"repeat","background-position":"center center","background-size":"auto","background-attachment":"scroll","background-type":"","background-media":"","overlay-type":"","overlay-color":"","overlay-opacity":"","overlay-gradient":""},"mobile":{"background-color":"","background-image":"","background-repeat":"repeat","background-position":"center center","background-size":"auto","background-attachment":"scroll","background-type":"","background-media":"","overlay-type":"","overlay-color":"","overlay-opacity":"","overlay-gradient":""}},"ast-content-background-meta":{"desktop":{"background-color":"var(--ast-global-color-5)","background-image":"","background-repeat":"repeat","background-position":"center center","background-size":"auto","background-attachment":"scroll","background-type":"","background-media":"","overlay-type":"","overlay-color":"","overlay-opacity":"","overlay-gradient":""},"tablet":{"background-color":"var(--ast-global-color-5)","background-image":"","background-repeat":"repeat","background-position":"center center","background-size":"auto","background-attachment":"scroll","background-type":"","background-media":"","overlay-type":"","overlay-color":"","overlay-opacity":"","overlay-gradient":""},"mobile":{"background-color":"var(--ast-global-color-5)","background-image":"","background-repeat":"repeat","background-position":"center center","background-size":"auto","background-attachment":"scroll","background-type":"","background-media":"","overlay-type":"","overlay-color":"","overlay-opacity":"","overlay-gradient":""}},"footnotes":""},"class_list":["post-10503","page","type-page","status-publish","hentry"],"post_mailing_queue_ids":[],"_links":{"self":[{"href":"https:\/\/agora.xtec.cat\/escolasobirans\/wp-json\/wp\/v2\/pages\/10503","targetHints":{"allow":["GET"]}}],"collection":[{"href":"https:\/\/agora.xtec.cat\/escolasobirans\/wp-json\/wp\/v2\/pages"}],"about":[{"href":"https:\/\/agora.xtec.cat\/escolasobirans\/wp-json\/wp\/v2\/types\/page"}],"author":[{"embeddable":true,"href":"https:\/\/agora.xtec.cat\/escolasobirans\/wp-json\/wp\/v2\/users\/1"}],"replies":[{"embeddable":true,"href":"https:\/\/agora.xtec.cat\/escolasobirans\/wp-json\/wp\/v2\/comments?post=10503"}],"version-history":[{"count":3,"href":"https:\/\/agora.xtec.cat\/escolasobirans\/wp-json\/wp\/v2\/pages\/10503\/revisions"}],"predecessor-version":[{"id":10554,"href":"https:\/\/agora.xtec.cat\/escolasobirans\/wp-json\/wp\/v2\/pages\/10503\/revisions\/10554"}],"wp:attachment":[{"href":"https:\/\/agora.xtec.cat\/escolasobirans\/wp-json\/wp\/v2\/media?parent=10503"}],"curies":[{"name":"wp","href":"https:\/\/api.w.org\/{rel}","templated":true}]}}