{"id":10500,"date":"2020-12-29T19:44:55","date_gmt":"2020-12-29T18:44:55","guid":{"rendered":"http:\/\/agora.xtec.cat\/escolasobirans\/?page_id=10500"},"modified":"2025-09-26T11:01:19","modified_gmt":"2025-09-26T09:01:19","slug":"robotica","status":"publish","type":"page","link":"https:\/\/agora.xtec.cat\/escolasobirans\/robotica\/","title":{"rendered":"ROB\u00d2TICA"},"content":{"rendered":"<p><strong>La rob\u00f2tica educativa consisteix en un sistema d&#8217;<a title=\"Ensenyament interdisciplinari\" href=\"https:\/\/ca.wikipedia.org\/wiki\/Ensenyament_interdisciplinari\">aprenentatge interdisciplinari<\/a> que fa \u00fas de robots com a fil conductor transversal per a potenciar el desenvolupament d&#8217;habilitats i compet\u00e8ncies en l&#8217;alumnat.<\/strong><\/p>\n<p><strong> Aprendre el llenguatge de la computaci\u00f3 ens ajuda a entendre aquest m\u00f3n tecnol\u00f2gic i defensar-nos-hi.<\/strong><\/p>\n<p>L&#8217;Escola Sobirans ha apostat per implantar la Rob\u00f2tica Educativa al seu Projecte Educatiu de Centre. Des d&#8217;Educaci\u00f3 Infantil\u00a0 els alumnes utilitzen la Rob\u00f2tica com un sistema d&#8217;aprenentatge que utilitza els robots com a fil conductor transversal per al potencial desenvolupament d&#8217;habilitats i compet\u00e8ncies a trav\u00e9s de la resoluci\u00f3 de reptes d&#8217;aprenentatge, connectant i donant resposta a les noves demandes del segle XXI.<\/p>\n<p>\u00c9s un Projecte que es va iniciar a cicle infantil i cicle superior amb la intenci\u00f3 de ser un projecte global de tota l&#8217;escola per a que tots i totes els\/les alumnes portin a terme diferents projectes de llenguatge computacional i rob\u00f2tica.<\/p>\n<p>&nbsp;<\/p>\n","protected":false},"excerpt":{"rendered":"<p>La rob\u00f2tica educativa consisteix en un sistema d&#8217;aprenentatge interdisciplinari que fa \u00fas de robots com a fil conductor transversal per a potenciar el desenvolupament d&#8217;habilitats i compet\u00e8ncies en l&#8217;alumnat. Aprendre el llenguatge de la computaci\u00f3 ens ajuda a entendre aquest m\u00f3n tecnol\u00f2gic i defensar-nos-hi. L&#8217;Escola Sobirans ha apostat per implantar la Rob\u00f2tica Educativa al seu [&hellip;]<\/p>\n","protected":false},"author":1,"featured_media":0,"parent":0,"menu_order":0,"comment_status":"closed","ping_status":"closed","template":"","meta":{"_bbp_topic_count":0,"_bbp_reply_count":0,"_bbp_total_topic_count":0,"_bbp_total_reply_count":0,"_bbp_voice_count":0,"_bbp_anonymous_reply_count":0,"_bbp_topic_count_hidden":0,"_bbp_reply_count_hidden":0,"_bbp_forum_subforum_count":0,"site-sidebar-layout":"default","site-content-layout":"","ast-site-content-layout":"","site-content-style":"default","site-sidebar-style":"default","ast-global-header-display":"","ast-banner-title-visibility":"","ast-main-header-display":"","ast-hfb-above-header-display":"","ast-hfb-below-header-display":"","ast-hfb-mobile-header-display":"","site-post-title":"","ast-breadcrumbs-content":"","ast-featured-img":"","footer-sml-layout":"","theme-transparent-header-meta":"","adv-header-id-meta":"","stick-header-meta":"","header-above-stick-meta":"","header-main-stick-meta":"","header-below-stick-meta":"","astra-migrate-meta-layouts":"default","ast-page-background-enabled":"default","ast-page-background-meta":{"desktop":{"background-color":"var(--ast-global-color-4)","background-image":"","background-repeat":"repeat","background-position":"center center","background-size":"auto","background-attachment":"scroll","background-type":"","background-media":"","overlay-type":"","overlay-color":"","overlay-opacity":"","overlay-gradient":""},"tablet":{"background-color":"","background-image":"","background-repeat":"repeat","background-position":"center center","background-size":"auto","background-attachment":"scroll","background-type":"","background-media":"","overlay-type":"","overlay-color":"","overlay-opacity":"","overlay-gradient":""},"mobile":{"background-color":"","background-image":"","background-repeat":"repeat","background-position":"center center","background-size":"auto","background-attachment":"scroll","background-type":"","background-media":"","overlay-type":"","overlay-color":"","overlay-opacity":"","overlay-gradient":""}},"ast-content-background-meta":{"desktop":{"background-color":"var(--ast-global-color-5)","background-image":"","background-repeat":"repeat","background-position":"center center","background-size":"auto","background-attachment":"scroll","background-type":"","background-media":"","overlay-type":"","overlay-color":"","overlay-opacity":"","overlay-gradient":""},"tablet":{"background-color":"var(--ast-global-color-5)","background-image":"","background-repeat":"repeat","background-position":"center center","background-size":"auto","background-attachment":"scroll","background-type":"","background-media":"","overlay-type":"","overlay-color":"","overlay-opacity":"","overlay-gradient":""},"mobile":{"background-color":"var(--ast-global-color-5)","background-image":"","background-repeat":"repeat","background-position":"center center","background-size":"auto","background-attachment":"scroll","background-type":"","background-media":"","overlay-type":"","overlay-color":"","overlay-opacity":"","overlay-gradient":""}},"footnotes":""},"class_list":["post-10500","page","type-page","status-publish","hentry"],"post_mailing_queue_ids":[],"_links":{"self":[{"href":"https:\/\/agora.xtec.cat\/escolasobirans\/wp-json\/wp\/v2\/pages\/10500","targetHints":{"allow":["GET"]}}],"collection":[{"href":"https:\/\/agora.xtec.cat\/escolasobirans\/wp-json\/wp\/v2\/pages"}],"about":[{"href":"https:\/\/agora.xtec.cat\/escolasobirans\/wp-json\/wp\/v2\/types\/page"}],"author":[{"embeddable":true,"href":"https:\/\/agora.xtec.cat\/escolasobirans\/wp-json\/wp\/v2\/users\/1"}],"replies":[{"embeddable":true,"href":"https:\/\/agora.xtec.cat\/escolasobirans\/wp-json\/wp\/v2\/comments?post=10500"}],"version-history":[{"count":4,"href":"https:\/\/agora.xtec.cat\/escolasobirans\/wp-json\/wp\/v2\/pages\/10500\/revisions"}],"predecessor-version":[{"id":10573,"href":"https:\/\/agora.xtec.cat\/escolasobirans\/wp-json\/wp\/v2\/pages\/10500\/revisions\/10573"}],"wp:attachment":[{"href":"https:\/\/agora.xtec.cat\/escolasobirans\/wp-json\/wp\/v2\/media?parent=10500"}],"curies":[{"name":"wp","href":"https:\/\/api.w.org\/{rel}","templated":true}]}}