{"id":10162,"date":"2020-12-10T20:00:11","date_gmt":"2020-12-10T19:00:11","guid":{"rendered":"http:\/\/agora.xtec.cat\/escolasobirans\/?page_id=10162"},"modified":"2024-02-01T11:21:04","modified_gmt":"2024-02-01T10:21:04","slug":"projecte-ninus-2","status":"publish","type":"page","link":"https:\/\/agora.xtec.cat\/escolasobirans\/projecte-ninus-2\/","title":{"rendered":"Projecte NINUS"},"content":{"rendered":"<h6><strong>NINUS<\/strong> \u00e9s un recurs tecnol\u00f2gic capdavanter fonamentat en el moviment i el joc. \u00c9s un entorn interactiu d\u2019aprenentatge per als infants de P3\/P4\/P5 amb el qual poden gaudir de contes, jocs i activitats corporals diverses.<\/h6>\n<h6>L\u2019ordinador projecta al terra l\u2019activitat i els infants amb el propi cos interactuen amb els elements de manera l\u00fadica i divertida essent protagonistes d\u2019un aprenentatge actiu adquirint coneixements i habilitats mitjan\u00e7ant la psicomotricitat.<\/h6>\n<p>&nbsp;<\/p>\n<p><a href=\"https:\/\/agora.xtec.cat\/escolasobirans\/wp-content\/uploads\/usu1742\/2020\/12\/EL-PROJECTE_page-0001-1.jpg\">\u00a0\u00a0 <\/a><a href=\"https:\/\/agora.xtec.cat\/escolasobirans\/general\/aprenem-amb-el-ninus\/\"><img loading=\"lazy\" decoding=\"async\" class=\"alignnone wp-image-10478 size-medium\" src=\"https:\/\/agora.xtec.cat\/escolasobirans\/wp-content\/uploads\/usu1742\/2020\/12\/EL-PROJECTE_page-0001-1-300x171.jpg\" alt=\"\" width=\"300\" height=\"171\" srcset=\"https:\/\/agora.xtec.cat\/escolasobirans\/wp-content\/uploads\/usu1742\/2020\/12\/EL-PROJECTE_page-0001-1-300x171.jpg 300w, https:\/\/agora.xtec.cat\/escolasobirans\/wp-content\/uploads\/usu1742\/2020\/12\/EL-PROJECTE_page-0001-1.jpg 525w\" sizes=\"auto, (max-width: 300px) 100vw, 300px\" \/><\/a> \u00a0\u00a0 \u00a0\u00a0 \u00a0\u00a0 <a href=\"https:\/\/agora.xtec.cat\/escolasobirans\/p3\/fem-ninus-de-matematiques\/\"><img loading=\"lazy\" decoding=\"async\" class=\"alignnone wp-image-10489 size-medium\" src=\"https:\/\/agora.xtec.cat\/escolasobirans\/wp-content\/uploads\/usu1742\/2020\/12\/COMPTEM_page-0001-300x171.jpg\" alt=\"\" width=\"300\" height=\"171\" srcset=\"https:\/\/agora.xtec.cat\/escolasobirans\/wp-content\/uploads\/usu1742\/2020\/12\/COMPTEM_page-0001-300x171.jpg 300w, https:\/\/agora.xtec.cat\/escolasobirans\/wp-content\/uploads\/usu1742\/2020\/12\/COMPTEM_page-0001.jpg 525w\" sizes=\"auto, (max-width: 300px) 100vw, 300px\" \/><\/a><\/p>\n<p><a href=\"https:\/\/agora.xtec.cat\/escolasobirans\/general\/confegim-paraules-amb-el-ninus\/\">\u00a0<img loading=\"lazy\" decoding=\"async\" class=\"alignnone wp-image-10490 size-medium\" src=\"https:\/\/agora.xtec.cat\/escolasobirans\/wp-content\/uploads\/usu1742\/2020\/12\/CONFEGIM-PARAULES_page-0001-1-300x171.jpg\" alt=\"\" width=\"300\" height=\"171\" srcset=\"https:\/\/agora.xtec.cat\/escolasobirans\/wp-content\/uploads\/usu1742\/2020\/12\/CONFEGIM-PARAULES_page-0001-1-300x171.jpg 300w, https:\/\/agora.xtec.cat\/escolasobirans\/wp-content\/uploads\/usu1742\/2020\/12\/CONFEGIM-PARAULES_page-0001-1.jpg 525w\" sizes=\"auto, (max-width: 300px) 100vw, 300px\" \/><\/a> \u00a0 \u00a0<a href=\"https:\/\/agora.xtec.cat\/escolasobirans\/wp-content\/uploads\/usu1742\/2020\/12\/EL-PROJECTE_page-0001-1.jpg\"> \u00a0\u00a0<\/a><\/p>\n<p><a href=\"https:\/\/agora.xtec.cat\/escolasobirans\/wp-content\/uploads\/usu1742\/2020\/12\/EL-PROJECTE_page-0001-1.jpg\">\u00a0\u00a0 <\/a><a href=\"https:\/\/youtu.be\/DSTjEillK0Q\"><img loading=\"lazy\" decoding=\"async\" class=\"alignnone wp-image-10492 size-medium\" src=\"https:\/\/agora.xtec.cat\/escolasobirans\/wp-content\/uploads\/usu1742\/2020\/12\/M\u00daSICA_page-0001-1-300x171.jpg\" alt=\"\" width=\"300\" height=\"171\" srcset=\"https:\/\/agora.xtec.cat\/escolasobirans\/wp-content\/uploads\/usu1742\/2020\/12\/M\u00daSICA_page-0001-1-300x171.jpg 300w, https:\/\/agora.xtec.cat\/escolasobirans\/wp-content\/uploads\/usu1742\/2020\/12\/M\u00daSICA_page-0001-1.jpg 525w\" sizes=\"auto, (max-width: 300px) 100vw, 300px\" \/><\/a><a href=\"https:\/\/agora.xtec.cat\/escolasobirans\/wp-content\/uploads\/usu1742\/2020\/12\/EL-PROJECTE_page-0001-1.jpg\"> \u00a0 <\/a><a href=\"https:\/\/agora.xtec.cat\/escolasobirans\/wp-content\/uploads\/usu1742\/2020\/12\/EL-PROJECTE_page-0001-1.jpg\"> \u00a0\u00a0 \u00a0 \u00a0 \u00a0<\/a><a href=\"https:\/\/agora.xtec.cat\/escolasobirans\/p3\/hem-comencat-a-fer-ninus\/\">\u00a0 <\/a><a href=\"https:\/\/agora.xtec.cat\/escolasobirans\/p3\/hem-comencat-a-fer-ninus\/\"><img loading=\"lazy\" decoding=\"async\" class=\"alignnone wp-image-10479 size-medium\" src=\"https:\/\/agora.xtec.cat\/escolasobirans\/wp-content\/uploads\/usu1742\/2020\/12\/EXPERIMENTEM_page-0001-300x171.jpg\" alt=\"\" width=\"300\" height=\"171\" srcset=\"https:\/\/agora.xtec.cat\/escolasobirans\/wp-content\/uploads\/usu1742\/2020\/12\/EXPERIMENTEM_page-0001-300x171.jpg 300w, https:\/\/agora.xtec.cat\/escolasobirans\/wp-content\/uploads\/usu1742\/2020\/12\/EXPERIMENTEM_page-0001.jpg 525w\" sizes=\"auto, (max-width: 300px) 100vw, 300px\" \/><\/a><\/p>\n<p>&nbsp;<\/p>\n<p><a href=\"https:\/\/agora.xtec.cat\/escolasobirans\/wp-content\/uploads\/usu1742\/2020\/10\/1_VID_20201015_160356.mp4\">\u00a0\u00a0 <\/a><\/p>\n<p>&nbsp;<\/p>\n","protected":false},"excerpt":{"rendered":"<p>NINUS \u00e9s un recurs tecnol\u00f2gic capdavanter fonamentat en el moviment i el joc. \u00c9s un entorn interactiu d\u2019aprenentatge per als infants de P3\/P4\/P5 amb el qual poden gaudir de contes, jocs i activitats corporals diverses. L\u2019ordinador projecta al terra l\u2019activitat i els infants amb el propi cos interactuen amb els elements de manera l\u00fadica i [&hellip;]<\/p>\n","protected":false},"author":1,"featured_media":0,"parent":0,"menu_order":0,"comment_status":"closed","ping_status":"closed","template":"","meta":{"_bbp_topic_count":0,"_bbp_reply_count":0,"_bbp_total_topic_count":0,"_bbp_total_reply_count":0,"_bbp_voice_count":0,"_bbp_anonymous_reply_count":0,"_bbp_topic_count_hidden":0,"_bbp_reply_count_hidden":0,"_bbp_forum_subforum_count":0,"site-sidebar-layout":"default","site-content-layout":"","ast-site-content-layout":"","site-content-style":"default","site-sidebar-style":"default","ast-global-header-display":"","ast-banner-title-visibility":"","ast-main-header-display":"","ast-hfb-above-header-display":"","ast-hfb-below-header-display":"","ast-hfb-mobile-header-display":"","site-post-title":"","ast-breadcrumbs-content":"","ast-featured-img":"","footer-sml-layout":"","theme-transparent-header-meta":"","adv-header-id-meta":"","stick-header-meta":"","header-above-stick-meta":"","header-main-stick-meta":"","header-below-stick-meta":"","astra-migrate-meta-layouts":"default","ast-page-background-enabled":"default","ast-page-background-meta":{"desktop":{"background-color":"var(--ast-global-color-4)","background-image":"","background-repeat":"repeat","background-position":"center center","background-size":"auto","background-attachment":"scroll","background-type":"","background-media":"","overlay-type":"","overlay-color":"","overlay-opacity":"","overlay-gradient":""},"tablet":{"background-color":"","background-image":"","background-repeat":"repeat","background-position":"center center","background-size":"auto","background-attachment":"scroll","background-type":"","background-media":"","overlay-type":"","overlay-color":"","overlay-opacity":"","overlay-gradient":""},"mobile":{"background-color":"","background-image":"","background-repeat":"repeat","background-position":"center center","background-size":"auto","background-attachment":"scroll","background-type":"","background-media":"","overlay-type":"","overlay-color":"","overlay-opacity":"","overlay-gradient":""}},"ast-content-background-meta":{"desktop":{"background-color":"var(--ast-global-color-5)","background-image":"","background-repeat":"repeat","background-position":"center center","background-size":"auto","background-attachment":"scroll","background-type":"","background-media":"","overlay-type":"","overlay-color":"","overlay-opacity":"","overlay-gradient":""},"tablet":{"background-color":"var(--ast-global-color-5)","background-image":"","background-repeat":"repeat","background-position":"center center","background-size":"auto","background-attachment":"scroll","background-type":"","background-media":"","overlay-type":"","overlay-color":"","overlay-opacity":"","overlay-gradient":""},"mobile":{"background-color":"var(--ast-global-color-5)","background-image":"","background-repeat":"repeat","background-position":"center center","background-size":"auto","background-attachment":"scroll","background-type":"","background-media":"","overlay-type":"","overlay-color":"","overlay-opacity":"","overlay-gradient":""}},"footnotes":""},"class_list":["post-10162","page","type-page","status-publish","hentry"],"post_mailing_queue_ids":[],"_links":{"self":[{"href":"https:\/\/agora.xtec.cat\/escolasobirans\/wp-json\/wp\/v2\/pages\/10162","targetHints":{"allow":["GET"]}}],"collection":[{"href":"https:\/\/agora.xtec.cat\/escolasobirans\/wp-json\/wp\/v2\/pages"}],"about":[{"href":"https:\/\/agora.xtec.cat\/escolasobirans\/wp-json\/wp\/v2\/types\/page"}],"author":[{"embeddable":true,"href":"https:\/\/agora.xtec.cat\/escolasobirans\/wp-json\/wp\/v2\/users\/1"}],"replies":[{"embeddable":true,"href":"https:\/\/agora.xtec.cat\/escolasobirans\/wp-json\/wp\/v2\/comments?post=10162"}],"version-history":[{"count":2,"href":"https:\/\/agora.xtec.cat\/escolasobirans\/wp-json\/wp\/v2\/pages\/10162\/revisions"}],"predecessor-version":[{"id":10624,"href":"https:\/\/agora.xtec.cat\/escolasobirans\/wp-json\/wp\/v2\/pages\/10162\/revisions\/10624"}],"wp:attachment":[{"href":"https:\/\/agora.xtec.cat\/escolasobirans\/wp-json\/wp\/v2\/media?parent=10162"}],"curies":[{"name":"wp","href":"https:\/\/api.w.org\/{rel}","templated":true}]}}