{"id":10033,"date":"2020-11-28T22:00:36","date_gmt":"2020-11-28T21:00:36","guid":{"rendered":"http:\/\/agora.xtec.cat\/escolasobirans\/?page_id=10033"},"modified":"2025-09-26T12:19:55","modified_gmt":"2025-09-26T10:19:55","slug":"lleure-3d","status":"publish","type":"page","link":"https:\/\/agora.xtec.cat\/escolasobirans\/lleure-3d\/","title":{"rendered":"Lleure 3D"},"content":{"rendered":"<p><strong>LLEURE 3D<\/strong><\/p>\n<h6>Lleure 3D \u00e9s una empresa dedicada a proporcionar serveis d&#8217;activitats extraescolars en centres educatius centrant-los en aspectes l\u00fadics, esportius, educatius, socials i culturals, per\u00f2 englobant-los b\u00e0sicament dins l&#8221;\u00e0mbit del lleure.<\/h6>\n<p>Contacte:\u00a0Rosa Alsina i Sara Roura<\/p>\n<p>Adre\u00e7a:\u00a0info@lleure3d.cat<\/p>\n<p>Tel\u00e8fon 635959922<\/p>\n<p>La bona comunicaci\u00f3, la m\u00fatua comprensi\u00f3 i una flu\u00efda relaci\u00f3 entre empresa-treballador\/a-fam\u00edlia-nen\/a s\u00f3n la base en qu\u00e8 es fonamenta LLEURE 3D S.C.P., procurant tenir un\u00a0 contacte constant amb tots ells i aix\u00ed poder detectar les mancances que puguin anar sorgint.<\/p>\n<p>La nostra proposta ofereix no nom\u00e9s una responsabilitat per acollir nens i nenes durant unes hores, sin\u00f3 que tamb\u00e9 pren la iniciativa de voler activar aquest temps motivant, refor\u00e7ant h\u00e0bits i valors que creiem importants per la vida.<br \/>\nEl nostre plantejament parteix de les activitats que m\u00e9s agraden als nens\/es de 3 a 12 anys.<\/p>\n<p>Per portar a terme el nostre projecte sempre buscarem i contractarem personal especialitzat per cada tipus d&#8217;activitat i alhora desenvoluparem un bon programa creatiu que \u00e9s, sense dubte, la base del nostre projecte.<\/p>\n<p>Lleure 3D posa a la vostra disposici\u00f3 una secretaria, la qual trobareu en horari de 16:00 h a 19:00 h al despatx de l&#8217;AMPA o b\u00e9 al tel\u00e8fon 93 793 84 66. Per a qualsevol tipus d&#8217;informaci\u00f3 tamb\u00e9 podeu escriure un correu electr\u00f2nic a lleure3d@gmail.com<\/p>\n<p>NOTES IMPORTANTS<br \/>\n&#8211; Ser\u00e0 imprescindible ser soci de l&#8217;AMPA per poder inscriure&#8217;s en alguna activitat.<br \/>\n&#8211; Les activitats espec\u00edfiques s&#8217;iniciaran el mes d&#8217;octubre, excepte el S.A.M. (servei d&#8217;acollida matinal), la ludoteca i el ludiespai (migdia i tarda) que comen\u00e7aran el primer dia lectiu (14 de setembre de 2015).<br \/>\n&#8211; Nom\u00e9s s&#8217;obrir\u00e0 una activitat sempre que hi hagi un m\u00ednim de vuit nens\/es. Si durant el per\u00edode d&#8217;inscripcions no hi ha el suficient nombre de nens\/es aquesta no s&#8217;obrir\u00e0. En el cas de que es tracti d&#8217;una activitat que ja hagi comen\u00e7at, sempre es tancar\u00e0 al seg\u00fcent mes, avisant a les corresponents fam\u00edlies amb antelaci\u00f3.<br \/>\n&#8211; Les activitats esportives que siguin aptes per participar en es JOCS ESCOLARS que organitza el Consell Esportiu del Maresme, s&#8217;inscriuran des de l&#8217;escola (lliguetes escolars) la qual cosa no ser\u00e0 obligat\u00f2ria per a cap alumne, i sempre ser\u00e0 amb el vist-i-plau de les fam\u00edlies. A l&#8217;inici del curs es far\u00e0 una reuni\u00f3 informativa.<br \/>\n&#8211; Tots els alumnes que el curs passat varen gaudir d&#8217;alguna activitat i que vulguin mantenir la seva pla\u00e7a per al curs vinent, caldria que ho comuniquessin abans de l&#8217;1 de setembre a trav\u00e9s d&#8217;un correu electr\u00f2nic a lleure3d@gmail.com, indicant el nom, el curs i l&#8217;activitat.<br \/>\n&#8211; 10% de descompte si\u00a0 la forma de pagament \u00e9s trimestral.<br \/>\n&#8211; 10% de descompte per a les fam\u00edlies amb el carnet de fam\u00edlia nombrosa.<\/p>\n<p>&nbsp;<\/p>\n","protected":false},"excerpt":{"rendered":"<p>LLEURE 3D Lleure 3D \u00e9s una empresa dedicada a proporcionar serveis d&#8217;activitats extraescolars en centres educatius centrant-los en aspectes l\u00fadics, esportius, educatius, socials i culturals, per\u00f2 englobant-los b\u00e0sicament dins l&#8221;\u00e0mbit del lleure. Contacte:\u00a0Rosa Alsina i Sara Roura Adre\u00e7a:\u00a0info@lleure3d.cat Tel\u00e8fon 635959922 La bona comunicaci\u00f3, la m\u00fatua comprensi\u00f3 i una flu\u00efda relaci\u00f3 entre empresa-treballador\/a-fam\u00edlia-nen\/a s\u00f3n la base [&hellip;]<\/p>\n","protected":false},"author":1,"featured_media":0,"parent":0,"menu_order":0,"comment_status":"closed","ping_status":"closed","template":"","meta":{"_bbp_topic_count":0,"_bbp_reply_count":0,"_bbp_total_topic_count":0,"_bbp_total_reply_count":0,"_bbp_voice_count":0,"_bbp_anonymous_reply_count":0,"_bbp_topic_count_hidden":0,"_bbp_reply_count_hidden":0,"_bbp_forum_subforum_count":0,"site-sidebar-layout":"default","site-content-layout":"","ast-site-content-layout":"","site-content-style":"default","site-sidebar-style":"default","ast-global-header-display":"","ast-banner-title-visibility":"","ast-main-header-display":"","ast-hfb-above-header-display":"","ast-hfb-below-header-display":"","ast-hfb-mobile-header-display":"","site-post-title":"","ast-breadcrumbs-content":"","ast-featured-img":"","footer-sml-layout":"","theme-transparent-header-meta":"","adv-header-id-meta":"","stick-header-meta":"","header-above-stick-meta":"","header-main-stick-meta":"","header-below-stick-meta":"","astra-migrate-meta-layouts":"default","ast-page-background-enabled":"default","ast-page-background-meta":{"desktop":{"background-color":"var(--ast-global-color-4)","background-image":"","background-repeat":"repeat","background-position":"center center","background-size":"auto","background-attachment":"scroll","background-type":"","background-media":"","overlay-type":"","overlay-color":"","overlay-opacity":"","overlay-gradient":""},"tablet":{"background-color":"","background-image":"","background-repeat":"repeat","background-position":"center center","background-size":"auto","background-attachment":"scroll","background-type":"","background-media":"","overlay-type":"","overlay-color":"","overlay-opacity":"","overlay-gradient":""},"mobile":{"background-color":"","background-image":"","background-repeat":"repeat","background-position":"center center","background-size":"auto","background-attachment":"scroll","background-type":"","background-media":"","overlay-type":"","overlay-color":"","overlay-opacity":"","overlay-gradient":""}},"ast-content-background-meta":{"desktop":{"background-color":"var(--ast-global-color-5)","background-image":"","background-repeat":"repeat","background-position":"center center","background-size":"auto","background-attachment":"scroll","background-type":"","background-media":"","overlay-type":"","overlay-color":"","overlay-opacity":"","overlay-gradient":""},"tablet":{"background-color":"var(--ast-global-color-5)","background-image":"","background-repeat":"repeat","background-position":"center center","background-size":"auto","background-attachment":"scroll","background-type":"","background-media":"","overlay-type":"","overlay-color":"","overlay-opacity":"","overlay-gradient":""},"mobile":{"background-color":"var(--ast-global-color-5)","background-image":"","background-repeat":"repeat","background-position":"center center","background-size":"auto","background-attachment":"scroll","background-type":"","background-media":"","overlay-type":"","overlay-color":"","overlay-opacity":"","overlay-gradient":""}},"footnotes":""},"class_list":["post-10033","page","type-page","status-publish","hentry"],"post_mailing_queue_ids":[],"_links":{"self":[{"href":"https:\/\/agora.xtec.cat\/escolasobirans\/wp-json\/wp\/v2\/pages\/10033","targetHints":{"allow":["GET"]}}],"collection":[{"href":"https:\/\/agora.xtec.cat\/escolasobirans\/wp-json\/wp\/v2\/pages"}],"about":[{"href":"https:\/\/agora.xtec.cat\/escolasobirans\/wp-json\/wp\/v2\/types\/page"}],"author":[{"embeddable":true,"href":"https:\/\/agora.xtec.cat\/escolasobirans\/wp-json\/wp\/v2\/users\/1"}],"replies":[{"embeddable":true,"href":"https:\/\/agora.xtec.cat\/escolasobirans\/wp-json\/wp\/v2\/comments?post=10033"}],"version-history":[{"count":5,"href":"https:\/\/agora.xtec.cat\/escolasobirans\/wp-json\/wp\/v2\/pages\/10033\/revisions"}],"predecessor-version":[{"id":18545,"href":"https:\/\/agora.xtec.cat\/escolasobirans\/wp-json\/wp\/v2\/pages\/10033\/revisions\/18545"}],"wp:attachment":[{"href":"https:\/\/agora.xtec.cat\/escolasobirans\/wp-json\/wp\/v2\/media?parent=10033"}],"curies":[{"name":"wp","href":"https:\/\/api.w.org\/{rel}","templated":true}]}}