{"id":686,"date":"2022-11-08T09:38:41","date_gmt":"2022-11-08T08:38:41","guid":{"rendered":"https:\/\/agora.xtec.cat\/escolasjd\/?page_id=686"},"modified":"2025-02-11T17:04:54","modified_gmt":"2025-02-11T16:04:54","slug":"atencio-educativa-domiciliaria","status":"publish","type":"page","link":"https:\/\/agora.xtec.cat\/escolasjd\/atencio-educativa-domiciliaria\/","title":{"rendered":"Atenci\u00f3 Educativa Domicili\u00e0ria"},"content":{"rendered":"<p>Per tal de poder sol\u00b7licitar atenci\u00f3 educativa domicili\u00e0ria \u00e9s imprescindible omplir el seg\u00fcent document. Aquest ha d&#8217;estar firmat per tres agents diferents: firma m\u00e8dica, familiar i escolar. Aquest document el podeu descarregar en el seg\u00fcent enlla\u00e7: <a href=\"https:\/\/educacio.gencat.cat\/ca\/tramits\/tramits-temes\/atencio-educativa-domiciliaria\">https:\/\/educacio.gencat.cat\/ca\/tramits\/tramits-temes\/atencio-educativa-domiciliaria<\/a><\/p>\n<p>&nbsp;<\/p>\n","protected":false},"excerpt":{"rendered":"<p>Per tal de poder sol\u00b7licitar atenci\u00f3 educativa domicili\u00e0ria \u00e9s imprescindible omplir el seg\u00fcent document. Aquest ha d&#8217;estar firmat per tres agents diferents: firma m\u00e8dica, familiar i escolar. Aquest document el podeu descarregar en el seg\u00fcent enlla\u00e7: <a href=\"https:\/\/educacio.gencat.cat\/ca\/tramits\/tramits-temes\/atencio-educativa-domiciliaria\">https:\/\/educacio.gencat.cat\/ca\/tramits\/tramits-temes\/atencio-educativa-domiciliaria<\/a><br \/>\n&nbsp;<\/p>\n","protected":false},"author":1,"featured_media":0,"parent":0,"menu_order":0,"comment_status":"closed","ping_status":"closed","template":"","meta":{"_bbp_topic_count":0,"_bbp_reply_count":0,"_bbp_total_topic_count":0,"_bbp_total_reply_count":0,"_bbp_voice_count":0,"_bbp_anonymous_reply_count":0,"_bbp_topic_count_hidden":0,"_bbp_reply_count_hidden":0,"_bbp_forum_subforum_count":0,"footnotes":""},"class_list":["post-686","page","type-page","status-publish","hentry"],"post_mailing_queue_ids":[],"_links":{"self":[{"href":"https:\/\/agora.xtec.cat\/escolasjd\/wp-json\/wp\/v2\/pages\/686","targetHints":{"allow":["GET"]}}],"collection":[{"href":"https:\/\/agora.xtec.cat\/escolasjd\/wp-json\/wp\/v2\/pages"}],"about":[{"href":"https:\/\/agora.xtec.cat\/escolasjd\/wp-json\/wp\/v2\/types\/page"}],"author":[{"embeddable":true,"href":"https:\/\/agora.xtec.cat\/escolasjd\/wp-json\/wp\/v2\/users\/1"}],"replies":[{"embeddable":true,"href":"https:\/\/agora.xtec.cat\/escolasjd\/wp-json\/wp\/v2\/comments?post=686"}],"version-history":[{"count":5,"href":"https:\/\/agora.xtec.cat\/escolasjd\/wp-json\/wp\/v2\/pages\/686\/revisions"}],"predecessor-version":[{"id":862,"href":"https:\/\/agora.xtec.cat\/escolasjd\/wp-json\/wp\/v2\/pages\/686\/revisions\/862"}],"wp:attachment":[{"href":"https:\/\/agora.xtec.cat\/escolasjd\/wp-json\/wp\/v2\/media?parent=686"}],"curies":[{"name":"wp","href":"https:\/\/api.w.org\/{rel}","templated":true}]}}