{"id":535,"date":"2022-10-08T18:37:33","date_gmt":"2022-10-08T16:37:33","guid":{"rendered":"https:\/\/agora.xtec.cat\/escolasjd\/?page_id=535"},"modified":"2025-02-11T16:59:42","modified_gmt":"2025-02-11T15:59:42","slug":"faqs","status":"publish","type":"page","link":"https:\/\/agora.xtec.cat\/escolasjd\/faqs\/","title":{"rendered":"FAQS"},"content":{"rendered":"<ul>\n<li><strong>Com puc entrar a treballar de mestra a l\u2019Aula Hospital\u00e0ria de l\u2019Hospital Sant Joan de D\u00e9u?<\/strong><\/li>\n<\/ul>\n<p>Surten com a places de dif\u00edcil cobertura, per aix\u00f2 t\u2019has d\u2019adre\u00e7ar al Servei Territorial del Baix Llobregat, ja que les mestres de les aules hospital\u00e0ries depenem del Departament d\u2019Educaci\u00f3: <a href=\"https:\/\/educacio.gencat.cat\/ca\/departament\/serveis-territorials\/baix-llobregat\/personal-docent\/nomenaments-telematics\/dificil-cobertura\/primaria\/\">https:\/\/educacio.gencat.cat\/ca\/departament\/serveis-territorials\/baix-llobregat\/personal-docent\/nomenaments-telematics\/dificil-cobertura\/primaria\/<\/a><\/p>\n<ul>\n<li><strong>Puc venir a fer les pr\u00e0ctiques a la vostra Aula Hospital\u00e0ria?<\/strong><\/li>\n<\/ul>\n<p>Per respondre aquesta pregunta adre\u00e7a\u2019t al coordinador\/a de pr\u00e0ctiques de la teva universitat.<\/p>\n<p>El perfil d\u2019alumnat que pot venir a fer pr\u00e0ctiques \u00e9s l\u2019alumnat que est\u00e0 cursant el grau de mestre.<\/p>\n<ul>\n<li><strong>Necessitaria sol\u00b7licitar informaci\u00f3 del funcionament , organitzaci\u00f3\u2026de l\u2019Aula per poder realitzar el meu treball de final de grau, treball de recerca\u2026<\/strong><\/li>\n<\/ul>\n<p>Lamentem no poder atendre aquestes sol\u00b7licituds de manera individual. Si est\u00e0s interessat\/ada en rebre aquesta informaci\u00f3, oferim unes sessions informatives trimestralment que anunciem al nostre blog.<\/p>\n<p>M\u00e9s informaci\u00f3 d\u2019Aules Hospital\u00e0ries:\u00a0<a href=\"http:\/\/xtec.gencat.cat\/ca\/curriculum\/diversitat-i-inclusio\/atencio-educativa-als-alumnes\/nese\/nese-derivades-de-situacio-de-malaltia\/aules-hospitalaries\/\" target=\"_blank\" rel=\"noopener noreferrer\">http:\/\/xtec.gencat.cat\/ca\/curriculum\/diversitat-i-inclusio\/atencio-educativa-als-alumnes\/nese\/nese-derivades-de-situacio-de-malaltia\/aules-hospitalaries\/<\/a><\/p>\n<p><a href=\"http:\/\/www.acpeah.org\/aules-hospitalaries-ah\" target=\"_blank\" rel=\"noopener noreferrer\">http:\/\/www.acpeah.org\/aules-hospitalaries-ah<\/a><\/p>\n<p>El dia a dia en una Aula Hospital\u00e0ria, Marc Te\u00f2ric d\u2019actuaci\u00f3:\u00a0<a href=\"http:\/\/xtec.gencat.cat\/web\/.content\/alfresco\/d\/d\/workspace\/SpacesStore\/0056\/744d11cc-16ea-49cc-9d2d-9216f534031b\/Marc_actuacio_AH.pdf\" target=\"_blank\" rel=\"noopener noreferrer\">http:\/\/xtec.gencat.cat\/web\/.content\/alfresco\/d\/d\/workspace\/SpacesStore\/0056\/744d11cc-16ea-49cc-9d2d-9216f534031b\/Marc_actuacio_AH.pdf<\/a><\/p>\n<ul>\n<li><strong>Em podr\u00edeu contestar la seg\u00fcent enquesta?<\/strong><\/li>\n<\/ul>\n<p>Lamentem no poder atendre aquestes sol\u00b7licituds de manera individual. Si est\u00e0s interessat\/ada en rebre aquesta informaci\u00f3, oferim unes sessions informatives trimestralment que anunciem al nostre blog.<\/p>\n<ul>\n<li><strong>Qui pot assistir a l\u2019aula hospital\u00e0ria, cal fer alguna gesti\u00f3?<\/strong><\/li>\n<\/ul>\n<p>A l\u2019aula pot assistir qualsevol pacient que estigui ingressat i en edat d\u2019escolaritzaci\u00f3 sense haver de fer cap gesti\u00f3.<\/p>\n<ul>\n<li><strong>Com treballeu l\u2019atenci\u00f3 emocional dels alumnes de l\u2019aula hospital\u00e0ria?<\/strong><\/li>\n<\/ul>\n<p>A l\u2019hospital SJD l\u2019atenci\u00f3 emocional \u00e9s atesa per professionals espec\u00edficament preparats per dur-la a terme en aquest context tan particular: psic\u00f2legs, psicoonc\u00f2legs, neuropsic\u00f2legs, Child Lifes, entre altres.<\/p>\n<p>M\u00e9s informaci\u00f3:\u00a0<a href=\"https:\/\/www.sjdhospitalbarcelona.org\/es\/atencion-emocional-child-life\" target=\"_blank\" rel=\"noopener noreferrer\">https:\/\/www.sjdhospitalbarcelona.org\/es\/atencion-emocional-child-life<\/a><\/p>\n<ul>\n<li><strong>Qu\u00e9 \u00e9s el Programa Hospital Amic?<\/strong><\/li>\n<\/ul>\n<p>En aquest enlla\u00e7trobar\u00e0s tota la informaci\u00f3:\u00a0<a href=\"https:\/\/www.sjdhospitalbarcelona.org\/es\/colabora\/hospital-amic\" target=\"_blank\" rel=\"noopener noreferrer\">https:\/\/www.sjdhospitalbarcelona.org\/es\/colabora\/hospital-amic<\/a><\/p>\n<ul>\n<li><strong>M\u2019agradaria venir de voluntari\/\u00e0ria<\/strong><\/li>\n<\/ul>\n<p>Per realitzar aquesta tasca t\u2019has d\u2019adre\u00e7ar a voluntaris@sjdhospitalbarcelona.org<\/p>\n<p>M\u00e9s informaci\u00f3:\u00a0<a href=\"https:\/\/www.sjdhospitalbarcelona.org\/ca\/collabora\/fes-te-voluntari\" target=\"_blank\" rel=\"noopener noreferrer\">https:\/\/www.sjdhospitalbarcelona.org\/ca\/collabora\/fes-te-voluntari<\/a><\/p>\n<ul>\n<li><strong>Tinc un\/a alumna a l\u2019aula que no pot venir al centre durant un per\u00edode de temps llarg degut a una malaltia\u2026 Qu\u00e8 puc fer?\u00a0<\/strong><\/li>\n<\/ul>\n<p>L\u2019Afanoc ha elaborat un guia pr\u00e0ctica destinada als equips docents que tenen un o una alumna amb c\u00e0ncer a l\u2019aula, per tal d\u2019afrontar la situaci\u00f3 de la manera m\u00e9s adequada possible.<\/p>\n<p>Us podeu descarregar la guia a l\u2019enlla\u00e7 seg\u00fcent:\u00a0<a href=\"https:\/\/afanoc.org\/guia-docents\/\">https:\/\/afanoc.org\/guia-docents\/<\/a><\/p>\n","protected":false},"excerpt":{"rendered":"<ul>\n<li>Com puc entrar a treballar de mestra a l\u2019Aula Hospital\u00e0ria de l\u2019Hospital Sant Joan de D\u00e9u?<\/li>\n<\/ul>\n<p>Surten com a places de dif\u00edcil cobertura, per aix\u00f2 t\u2019has d\u2019adre\u00e7ar al Servei Territorial del Baix Llobregat, ja que les mestres de les aules hospital\u00e0ries depenem del Departament d\u2019Educaci\u00f3: <a&hellip;  <a href=\"https:\/\/agora.xtec.cat\/escolasjd\/faqs\/\" title=\"Read FAQS\">Llegeix m\u00e9s\u00bb<\/a><\/p>\n","protected":false},"author":1,"featured_media":0,"parent":0,"menu_order":0,"comment_status":"closed","ping_status":"closed","template":"","meta":{"_bbp_topic_count":0,"_bbp_reply_count":0,"_bbp_total_topic_count":0,"_bbp_total_reply_count":0,"_bbp_voice_count":0,"_bbp_anonymous_reply_count":0,"_bbp_topic_count_hidden":0,"_bbp_reply_count_hidden":0,"_bbp_forum_subforum_count":0,"footnotes":""},"class_list":["post-535","page","type-page","status-publish","hentry"],"post_mailing_queue_ids":[],"_links":{"self":[{"href":"https:\/\/agora.xtec.cat\/escolasjd\/wp-json\/wp\/v2\/pages\/535","targetHints":{"allow":["GET"]}}],"collection":[{"href":"https:\/\/agora.xtec.cat\/escolasjd\/wp-json\/wp\/v2\/pages"}],"about":[{"href":"https:\/\/agora.xtec.cat\/escolasjd\/wp-json\/wp\/v2\/types\/page"}],"author":[{"embeddable":true,"href":"https:\/\/agora.xtec.cat\/escolasjd\/wp-json\/wp\/v2\/users\/1"}],"replies":[{"embeddable":true,"href":"https:\/\/agora.xtec.cat\/escolasjd\/wp-json\/wp\/v2\/comments?post=535"}],"version-history":[{"count":3,"href":"https:\/\/agora.xtec.cat\/escolasjd\/wp-json\/wp\/v2\/pages\/535\/revisions"}],"predecessor-version":[{"id":860,"href":"https:\/\/agora.xtec.cat\/escolasjd\/wp-json\/wp\/v2\/pages\/535\/revisions\/860"}],"wp:attachment":[{"href":"https:\/\/agora.xtec.cat\/escolasjd\/wp-json\/wp\/v2\/media?parent=535"}],"curies":[{"name":"wp","href":"https:\/\/api.w.org\/{rel}","templated":true}]}}