{"id":28,"date":"2014-09-18T12:29:35","date_gmt":"2014-09-18T11:29:35","guid":{"rendered":"http:\/\/agora.xtec.cat\/escolasjd\/?page_id=28"},"modified":"2024-09-09T19:58:43","modified_gmt":"2024-09-09T17:58:43","slug":"consell-escolar","status":"publish","type":"page","link":"https:\/\/agora.xtec.cat\/escolasjd\/lescola\/consell-escolar\/","title":{"rendered":"Qui som"},"content":{"rendered":"<h4>Escola La\u00a0 Magn\u00f2lia<\/h4>\n<p>Som un equip de cinc mestres que atenem infants i joves en edat d\u2019educaci\u00f3 obligat\u00f2ria (prim\u00e0ria i ESO) que estan ingressats a l\u2019hospital. Tamb\u00e9 atenem alumnes d\u2019educaci\u00f3 infantil a partir de I4.<\/p>\n<p>Per qualsevol consulta podeu contactar amb nosaltres a trav\u00e9s de:<\/p>\n<p>Correu electr\u00f2nic: <a href=\"mailto:hospitalbarcelona.escola@sjd.es\">hospitalbarcelona.escola@sjd.es<\/a><\/p>\n<p>Tel\u00e8fon: 932804000<\/p>\n<ul>\n<li style=\"font-weight: 400;\" aria-level=\"1\"><span style=\"font-weight: 400;\">Alba: 674.40.08.22 ext.80351<\/span><\/li>\n<li><span style=\"font-weight: 400;\">Esther: 670.61.14.11 ext.80193<\/span><\/li>\n<li style=\"font-weight: 400;\" aria-level=\"1\"><span style=\"font-weight: 400;\">Maria Juli\u00e0: 661.66.04.81 ext.80197<\/span><\/li>\n<li><span style=\"font-weight: 400;\">Sandra: 695.22.03.77 ext.82281<\/span><\/li>\n<li aria-level=\"1\">Sara: 665.500.238 ext.80028<\/li>\n<\/ul>\n<p>&nbsp;<\/p>\n<p>&nbsp;<\/p>\n","protected":false},"excerpt":{"rendered":"<p>Escola La\u00a0 Magn\u00f2lia<br \/>\nSom un equip de cinc mestres que atenem infants i joves en edat d\u2019educaci\u00f3 obligat\u00f2ria (prim\u00e0ria i ESO) que estan ingressats a l\u2019hospital. Tamb\u00e9 atenem alumnes d\u2019educaci\u00f3 infantil a partir de I4.<br \/>\nPer qualsevol consulta podeu contactar amb nosaltres a trav\u00e9s de:<br \/>\nCorreu electr\u00f2nic: <a&hellip;  <a href=\"https:\/\/agora.xtec.cat\/escolasjd\/lescola\/consell-escolar\/\" title=\"Read Qui som\">Llegeix m\u00e9s\u00bb<\/a><\/p>\n","protected":false},"author":1,"featured_media":0,"parent":22,"menu_order":30,"comment_status":"closed","ping_status":"closed","template":"page-templates\/side-menu.php","meta":{"_bbp_topic_count":0,"_bbp_reply_count":0,"_bbp_total_topic_count":0,"_bbp_total_reply_count":0,"_bbp_voice_count":0,"_bbp_anonymous_reply_count":0,"_bbp_topic_count_hidden":0,"_bbp_reply_count_hidden":0,"_bbp_forum_subforum_count":0,"footnotes":""},"class_list":["post-28","page","type-page","status-publish","hentry"],"post_mailing_queue_ids":[],"_links":{"self":[{"href":"https:\/\/agora.xtec.cat\/escolasjd\/wp-json\/wp\/v2\/pages\/28","targetHints":{"allow":["GET"]}}],"collection":[{"href":"https:\/\/agora.xtec.cat\/escolasjd\/wp-json\/wp\/v2\/pages"}],"about":[{"href":"https:\/\/agora.xtec.cat\/escolasjd\/wp-json\/wp\/v2\/types\/page"}],"author":[{"embeddable":true,"href":"https:\/\/agora.xtec.cat\/escolasjd\/wp-json\/wp\/v2\/users\/1"}],"replies":[{"embeddable":true,"href":"https:\/\/agora.xtec.cat\/escolasjd\/wp-json\/wp\/v2\/comments?post=28"}],"version-history":[{"count":6,"href":"https:\/\/agora.xtec.cat\/escolasjd\/wp-json\/wp\/v2\/pages\/28\/revisions"}],"predecessor-version":[{"id":800,"href":"https:\/\/agora.xtec.cat\/escolasjd\/wp-json\/wp\/v2\/pages\/28\/revisions\/800"}],"up":[{"embeddable":true,"href":"https:\/\/agora.xtec.cat\/escolasjd\/wp-json\/wp\/v2\/pages\/22"}],"wp:attachment":[{"href":"https:\/\/agora.xtec.cat\/escolasjd\/wp-json\/wp\/v2\/media?parent=28"}],"curies":[{"name":"wp","href":"https:\/\/api.w.org\/{rel}","templated":true}]}}