{"id":26,"date":"2014-09-18T12:24:32","date_gmt":"2014-09-18T11:24:32","guid":{"rendered":"http:\/\/agora.xtec.cat\/escolasjd\/?page_id=26"},"modified":"2022-10-08T18:47:11","modified_gmt":"2022-10-08T16:47:11","slug":"historia","status":"publish","type":"page","link":"https:\/\/agora.xtec.cat\/escolasjd\/lescola\/historia\/","title":{"rendered":"Qu\u00e8 fem"},"content":{"rendered":"<p>L\u2019aula hospital\u00e0ria de Sant Joan de D\u00e9u acull alumnes d\u2019educaci\u00f3 obligat\u00f2ria (educaci\u00f3 prim\u00e0ria i secund\u00e0ria) i educaci\u00f3 infantil (segon cicle).<\/p>\n<p>La nostra funci\u00f3 \u00e9s vetllar per la continu\u00eftat educativa dels alumnes ingressats a l\u2019hospital.<\/p>\n<p>L\u2019idioma emprat en les sessions educatives \u00e9s adaptat a l\u2019alumnat segons el seu origen, comptant amb el catal\u00e0, castell\u00e0 i angl\u00e8s com a idiomes vehiculars. En els casos d\u2019impossibilitat de comunicaci\u00f3 oral per barrera idiom\u00e0tica s\u2019intenta utilitzar el llenguatge no verbal i una aproximaci\u00f3 l\u00fadica, promovent el llenguatge universal del joc especialment en l\u2019edat infantil.<\/p>\n<p>La metodologia en un entorn tan divers ha de ser flexible i adaptable en tot moment. La base metodol\u00f2gica est\u00e0 centrada en l\u2019infant i jove. Cada alumne mostra unes caracter\u00edstiques puntuals les quals, a la vegada, poden canviar depenent de les seves sensacions f\u00edsiques i estat an\u00edmic. Aix\u00f2 serveix de guia a la mestra per adaptar i proposar activitats necess\u00e0ries tenint sempre present la voluntat de culminar la sessi\u00f3 amb la sensaci\u00f3 d\u2019\u00e8xit per ambdues parts. El nostre objectiu fonamental \u00e9s que el nostre alumnat se senti tranquil i satisfet amb el que ha aconseguit realitzar.<\/p>\n<p>Els per\u00edodes d\u2019assist\u00e8ncia a la nostra aula hospital\u00e0ria solen ser de dies, setmanes i en alguns casos de mesos, per aquesta ra\u00f3 intervenim a manera de pont per assegurar la comunicaci\u00f3 i la continu\u00eftat amb el seu centre d\u2019origen.<\/p>\n<p>Una finalitat important d\u2019una aula hospital\u00e0ria consisteix en intentar unir criteris de concreci\u00f3 amb l\u2019escola d\u2019origen, mantenint contacte, coordinant i donant suport per tal que el nostre alumne senti que segueix formant part del seu grup tot i no estar f\u00edsicament present. D\u2019alguna manera actuem com una baula que pret\u00e9n mantenir l\u2019alumne connectat, fomentant la inclusi\u00f3 de la situaci\u00f3 de malaltia com a part de la vida, transformant-la en part de la normalitat i donant l\u2019oportunitat que el grup d\u2019origen ho aprofiti com una forma de madurar i enriquir-se en valors a trav\u00e9s de l\u2019increment de les estrat\u00e8gies per a la vida.<\/p>\n<p>Si vols con\u00e8ixer el nostre Projecte Educatiu de Centre, pots consultar-lo clicant a l\u2019enlla\u00e7:\u00a0<a href=\"https:\/\/drive.google.com\/file\/d\/1rC4kVSYvDaieL9NOo-jx1gbWjyRUdTSF\/view?usp=sharing\" target=\"_blank\" rel=\"noopener noreferrer\">PEC<\/a><\/p>\n","protected":false},"excerpt":{"rendered":"<p>L\u2019aula hospital\u00e0ria de Sant Joan de D\u00e9u acull alumnes d\u2019educaci\u00f3 obligat\u00f2ria (educaci\u00f3 prim\u00e0ria i secund\u00e0ria) i educaci\u00f3 infantil (segon cicle).<br \/>\nLa nostra funci\u00f3 \u00e9s vetllar per la continu\u00eftat educativa dels alumnes ingressats a l\u2019hospital.<br \/>\nL\u2019idioma emprat en les sessions educatives \u00e9s adaptat a l\u2019alumnat segons el seu&hellip;  <a href=\"https:\/\/agora.xtec.cat\/escolasjd\/lescola\/historia\/\" title=\"Read Qu\u00e8 fem\">Llegeix m\u00e9s\u00bb<\/a><\/p>\n","protected":false},"author":1,"featured_media":0,"parent":22,"menu_order":20,"comment_status":"closed","ping_status":"closed","template":"page-templates\/side-menu.php","meta":{"_bbp_topic_count":0,"_bbp_reply_count":0,"_bbp_total_topic_count":0,"_bbp_total_reply_count":0,"_bbp_voice_count":0,"_bbp_anonymous_reply_count":0,"_bbp_topic_count_hidden":0,"_bbp_reply_count_hidden":0,"_bbp_forum_subforum_count":0,"footnotes":""},"class_list":["post-26","page","type-page","status-publish","hentry"],"post_mailing_queue_ids":[],"_links":{"self":[{"href":"https:\/\/agora.xtec.cat\/escolasjd\/wp-json\/wp\/v2\/pages\/26","targetHints":{"allow":["GET"]}}],"collection":[{"href":"https:\/\/agora.xtec.cat\/escolasjd\/wp-json\/wp\/v2\/pages"}],"about":[{"href":"https:\/\/agora.xtec.cat\/escolasjd\/wp-json\/wp\/v2\/types\/page"}],"author":[{"embeddable":true,"href":"https:\/\/agora.xtec.cat\/escolasjd\/wp-json\/wp\/v2\/users\/1"}],"replies":[{"embeddable":true,"href":"https:\/\/agora.xtec.cat\/escolasjd\/wp-json\/wp\/v2\/comments?post=26"}],"version-history":[{"count":2,"href":"https:\/\/agora.xtec.cat\/escolasjd\/wp-json\/wp\/v2\/pages\/26\/revisions"}],"predecessor-version":[{"id":541,"href":"https:\/\/agora.xtec.cat\/escolasjd\/wp-json\/wp\/v2\/pages\/26\/revisions\/541"}],"up":[{"embeddable":true,"href":"https:\/\/agora.xtec.cat\/escolasjd\/wp-json\/wp\/v2\/pages\/22"}],"wp:attachment":[{"href":"https:\/\/agora.xtec.cat\/escolasjd\/wp-json\/wp\/v2\/media?parent=26"}],"curies":[{"name":"wp","href":"https:\/\/api.w.org\/{rel}","templated":true}]}}