{"id":38,"date":"2014-09-18T12:34:08","date_gmt":"2014-09-18T11:34:08","guid":{"rendered":"http:\/\/agora.xtec.cat\/escolasinera\/?page_id=38"},"modified":"2023-08-21T10:13:34","modified_gmt":"2023-08-21T08:13:34","slug":"salut","status":"publish","type":"page","link":"https:\/\/agora.xtec.cat\/escolasinera\/documentacio-de-centre\/salut\/","title":{"rendered":"SALUT"},"content":{"rendered":"<p>A l&#8217;apartat Salut trobareu v\u00e0ries informacions relacionades amb medicaments, polls i vacunes.<\/p>\n<p>Al centre no s\u2019administren medicaments, per\u00f2 si \u00e9s imprescindible caldr\u00e0 que porteu la recepta del metge i la vostra autoritzaci\u00f3 signada a l\u2019agenda on consti el medicament, l\u2019hora i la dosi.<\/p>\n<p>En cas que es detectin en algun nen\/a ll\u00e9menes o polls s\u2019avisar\u00e0 a la fam\u00edlia perqu\u00e8 el vinguin a recollir. Un cop fet el tractament l\u2019alumne podr\u00e0 tornar a venir a l\u2019escola.<\/p>\n<p><strong>Els alumnes de 1r, 3r i 6\u00e8<\/strong>\u00a0El servei catal\u00e0 de Salut fa la revisi\u00f3 dental i les fam\u00edlies en rebeu l&#8217;informe.<\/p>\n<p><strong>Els alumnes de 6\u00e8<\/strong> s\u00f3n vacunats a l\u2019escola pels professionals del CAP de l\u2019 hepatitis A i B, i de la varicel\u00b7la. A les nenes se les vacuna tamb\u00e9 del papil\u00b7loma.<\/p>\n<p>&nbsp;<\/p>\n<p>&nbsp;<\/p>\n<p>&nbsp;<\/p>\n<p>&nbsp;<\/p>\n","protected":false},"excerpt":{"rendered":"<p>A l&#8217;apartat Salut trobareu v\u00e0ries informacions relacionades amb medicaments, polls i vacunes. Al centre no s\u2019administren medicaments, per\u00f2 si \u00e9s [&hellip;]<\/p>\n","protected":false},"author":1,"featured_media":0,"parent":620,"menu_order":60,"comment_status":"closed","ping_status":"closed","template":"page-templates\/side-menu.php","meta":{"_bbp_topic_count":0,"_bbp_reply_count":0,"_bbp_total_topic_count":0,"_bbp_total_reply_count":0,"_bbp_voice_count":0,"_bbp_anonymous_reply_count":0,"_bbp_topic_count_hidden":0,"_bbp_reply_count_hidden":0,"_bbp_forum_subforum_count":0,"site-sidebar-layout":"default","site-content-layout":"","ast-site-content-layout":"","site-content-style":"default","site-sidebar-style":"default","ast-global-header-display":"","ast-banner-title-visibility":"","ast-main-header-display":"","ast-hfb-above-header-display":"","ast-hfb-below-header-display":"","ast-hfb-mobile-header-display":"","site-post-title":"","ast-breadcrumbs-content":"","ast-featured-img":"","footer-sml-layout":"","theme-transparent-header-meta":"","adv-header-id-meta":"","stick-header-meta":"","header-above-stick-meta":"","header-main-stick-meta":"","header-below-stick-meta":"","astra-migrate-meta-layouts":"default","ast-page-background-enabled":"default","ast-page-background-meta":{"desktop":{"background-color":"var(--ast-global-color-4)","background-image":"","background-repeat":"repeat","background-position":"center center","background-size":"auto","background-attachment":"scroll","background-type":"","background-media":"","overlay-type":"","overlay-color":"","overlay-opacity":"","overlay-gradient":""},"tablet":{"background-color":"","background-image":"","background-repeat":"repeat","background-position":"center center","background-size":"auto","background-attachment":"scroll","background-type":"","background-media":"","overlay-type":"","overlay-color":"","overlay-opacity":"","overlay-gradient":""},"mobile":{"background-color":"","background-image":"","background-repeat":"repeat","background-position":"center center","background-size":"auto","background-attachment":"scroll","background-type":"","background-media":"","overlay-type":"","overlay-color":"","overlay-opacity":"","overlay-gradient":""}},"ast-content-background-meta":{"desktop":{"background-color":"var(--ast-global-color-5)","background-image":"","background-repeat":"repeat","background-position":"center center","background-size":"auto","background-attachment":"scroll","background-type":"","background-media":"","overlay-type":"","overlay-color":"","overlay-opacity":"","overlay-gradient":""},"tablet":{"background-color":"var(--ast-global-color-5)","background-image":"","background-repeat":"repeat","background-position":"center center","background-size":"auto","background-attachment":"scroll","background-type":"","background-media":"","overlay-type":"","overlay-color":"","overlay-opacity":"","overlay-gradient":""},"mobile":{"background-color":"var(--ast-global-color-5)","background-image":"","background-repeat":"repeat","background-position":"center center","background-size":"auto","background-attachment":"scroll","background-type":"","background-media":"","overlay-type":"","overlay-color":"","overlay-opacity":"","overlay-gradient":""}},"footnotes":""},"class_list":["post-38","page","type-page","status-publish","hentry"],"post_mailing_queue_ids":[],"_links":{"self":[{"href":"https:\/\/agora.xtec.cat\/escolasinera\/wp-json\/wp\/v2\/pages\/38","targetHints":{"allow":["GET"]}}],"collection":[{"href":"https:\/\/agora.xtec.cat\/escolasinera\/wp-json\/wp\/v2\/pages"}],"about":[{"href":"https:\/\/agora.xtec.cat\/escolasinera\/wp-json\/wp\/v2\/types\/page"}],"author":[{"embeddable":true,"href":"https:\/\/agora.xtec.cat\/escolasinera\/wp-json\/wp\/v2\/users\/1"}],"replies":[{"embeddable":true,"href":"https:\/\/agora.xtec.cat\/escolasinera\/wp-json\/wp\/v2\/comments?post=38"}],"version-history":[{"count":3,"href":"https:\/\/agora.xtec.cat\/escolasinera\/wp-json\/wp\/v2\/pages\/38\/revisions"}],"predecessor-version":[{"id":16092,"href":"https:\/\/agora.xtec.cat\/escolasinera\/wp-json\/wp\/v2\/pages\/38\/revisions\/16092"}],"up":[{"embeddable":true,"href":"https:\/\/agora.xtec.cat\/escolasinera\/wp-json\/wp\/v2\/pages\/620"}],"wp:attachment":[{"href":"https:\/\/agora.xtec.cat\/escolasinera\/wp-json\/wp\/v2\/media?parent=38"}],"curies":[{"name":"wp","href":"https:\/\/api.w.org\/{rel}","templated":true}]}}