{"id":32,"date":"2014-09-18T12:31:33","date_gmt":"2014-09-18T11:31:33","guid":{"rendered":"http:\/\/agora.xtec.cat\/escolasinera\/?page_id=32"},"modified":"2025-07-10T13:19:33","modified_gmt":"2025-07-10T11:19:33","slug":"calendari-del-curs","status":"publish","type":"page","link":"https:\/\/agora.xtec.cat\/escolasinera\/documentacio-de-centre\/calendari-del-curs\/","title":{"rendered":"HORARI I CALENDARI"},"content":{"rendered":"<h4><strong>Horari: <\/strong><\/h4>\n<p>L\u2019<b>horari lectiu<\/b> del centre \u00e9s de 9 a 12:30h i de 15:00 a 16:30h per a tot l&#8217;alumnat del centre.<\/p>\n<p>El dia 19 de desembre de 2025 i a partir del 8 de juny de 2026 es realitza horari compactat de 9 a 13h. (L&#8217; alumnat que utilitza el servei de menjador surt a les 15:30h.)<\/p>\n<p>Per l&#8217;alumnat que inicia l\u2019escolaritzaci\u00f3 a I3 s\u2019organitza una entrada esglaonada que suposa una certa modificaci\u00f3 dels horaris dels primers dies de classe, i que es fa saber a les fam\u00edlies en les reunions pr\u00e8vies corresponents.<\/p>\n<ul>\n<li dir=\"ltr\" aria-level=\"1\">\n<p dir=\"ltr\" role=\"presentation\">SERVEI DE MENJADOR OFERT PER L&#8217;EMPRESA D&#8217;ARENYS <a href=\"https:\/\/picantdemans.cat\/\">&#8220;PICANT DE MANS&#8221;\u00a0<\/a><\/p>\n<\/li>\n<li dir=\"ltr\" aria-level=\"1\">\n<p dir=\"ltr\" role=\"presentation\">SERVEI D&#8217;ACOLLIDA MATINAL DE 7:30 A 9. GESTIONAT PER<a href=\"https:\/\/sites.google.com\/escolasinera.com\/afaescolasinera\"> L&#8217;AFA<\/a> DE L&#8217;ESCOLA.<\/p>\n<\/li>\n<\/ul>\n\n\n<iframe loading=\"lazy\" src=\"https:\/\/drive.google.com\/file\/d\/1qzaqzuAdHWJ2K136PBRukpBB3vyAUlm7\/preview\" width=\"640\" height=\"480\" allow=\"autoplay\"><\/iframe>\n","protected":false},"excerpt":{"rendered":"<p>Horari: L\u2019horari lectiu del centre \u00e9s de 9 a 12:30h i de 15:00 a 16:30h per a tot l&#8217;alumnat del [&hellip;]<\/p>\n","protected":false},"author":1,"featured_media":0,"parent":620,"menu_order":10,"comment_status":"closed","ping_status":"closed","template":"","meta":{"_bbp_topic_count":0,"_bbp_reply_count":0,"_bbp_total_topic_count":0,"_bbp_total_reply_count":0,"_bbp_voice_count":0,"_bbp_anonymous_reply_count":0,"_bbp_topic_count_hidden":0,"_bbp_reply_count_hidden":0,"_bbp_forum_subforum_count":0,"site-sidebar-layout":"default","site-content-layout":"","ast-site-content-layout":"default","site-content-style":"default","site-sidebar-style":"default","ast-global-header-display":"","ast-banner-title-visibility":"","ast-main-header-display":"","ast-hfb-above-header-display":"","ast-hfb-below-header-display":"","ast-hfb-mobile-header-display":"","site-post-title":"","ast-breadcrumbs-content":"","ast-featured-img":"","footer-sml-layout":"","theme-transparent-header-meta":"","adv-header-id-meta":"","stick-header-meta":"","header-above-stick-meta":"","header-main-stick-meta":"","header-below-stick-meta":"","astra-migrate-meta-layouts":"set","ast-page-background-enabled":"default","ast-page-background-meta":{"desktop":{"background-color":"var(--ast-global-color-4)","background-image":"","background-repeat":"repeat","background-position":"center center","background-size":"auto","background-attachment":"scroll","background-type":"","background-media":"","overlay-type":"","overlay-color":"","overlay-opacity":"","overlay-gradient":""},"tablet":{"background-color":"","background-image":"","background-repeat":"repeat","background-position":"center center","background-size":"auto","background-attachment":"scroll","background-type":"","background-media":"","overlay-type":"","overlay-color":"","overlay-opacity":"","overlay-gradient":""},"mobile":{"background-color":"","background-image":"","background-repeat":"repeat","background-position":"center center","background-size":"auto","background-attachment":"scroll","background-type":"","background-media":"","overlay-type":"","overlay-color":"","overlay-opacity":"","overlay-gradient":""}},"ast-content-background-meta":{"desktop":{"background-color":"var(--ast-global-color-5)","background-image":"","background-repeat":"repeat","background-position":"center center","background-size":"auto","background-attachment":"scroll","background-type":"","background-media":"","overlay-type":"","overlay-color":"","overlay-opacity":"","overlay-gradient":""},"tablet":{"background-color":"var(--ast-global-color-5)","background-image":"","background-repeat":"repeat","background-position":"center center","background-size":"auto","background-attachment":"scroll","background-type":"","background-media":"","overlay-type":"","overlay-color":"","overlay-opacity":"","overlay-gradient":""},"mobile":{"background-color":"var(--ast-global-color-5)","background-image":"","background-repeat":"repeat","background-position":"center center","background-size":"auto","background-attachment":"scroll","background-type":"","background-media":"","overlay-type":"","overlay-color":"","overlay-opacity":"","overlay-gradient":""}},"footnotes":""},"class_list":["post-32","page","type-page","status-publish","hentry"],"post_mailing_queue_ids":[],"_links":{"self":[{"href":"https:\/\/agora.xtec.cat\/escolasinera\/wp-json\/wp\/v2\/pages\/32","targetHints":{"allow":["GET"]}}],"collection":[{"href":"https:\/\/agora.xtec.cat\/escolasinera\/wp-json\/wp\/v2\/pages"}],"about":[{"href":"https:\/\/agora.xtec.cat\/escolasinera\/wp-json\/wp\/v2\/types\/page"}],"author":[{"embeddable":true,"href":"https:\/\/agora.xtec.cat\/escolasinera\/wp-json\/wp\/v2\/users\/1"}],"replies":[{"embeddable":true,"href":"https:\/\/agora.xtec.cat\/escolasinera\/wp-json\/wp\/v2\/comments?post=32"}],"version-history":[{"count":6,"href":"https:\/\/agora.xtec.cat\/escolasinera\/wp-json\/wp\/v2\/pages\/32\/revisions"}],"predecessor-version":[{"id":17007,"href":"https:\/\/agora.xtec.cat\/escolasinera\/wp-json\/wp\/v2\/pages\/32\/revisions\/17007"}],"up":[{"embeddable":true,"href":"https:\/\/agora.xtec.cat\/escolasinera\/wp-json\/wp\/v2\/pages\/620"}],"wp:attachment":[{"href":"https:\/\/agora.xtec.cat\/escolasinera\/wp-json\/wp\/v2\/media?parent=32"}],"curies":[{"name":"wp","href":"https:\/\/api.w.org\/{rel}","templated":true}]}}