{"id":24,"date":"2014-09-18T12:23:15","date_gmt":"2014-09-18T11:23:15","guid":{"rendered":"http:\/\/agora.xtec.cat\/escolasinera\/?page_id=24"},"modified":"2026-04-20T16:22:11","modified_gmt":"2026-04-20T14:22:11","slug":"on-som","status":"publish","type":"page","link":"https:\/\/agora.xtec.cat\/escolasinera\/lescola\/on-som\/","title":{"rendered":"VINE A CON\u00c8IXER L&#8217;ESCOLA."},"content":{"rendered":"\n<p><strong>Escola Sinera<\/strong><br>Avinguda Pau Costa, 73<br>08350 Arenys de Mar<\/p>\n\n\n\n<p>Tel. 937920984<br>escolasinera@xtec.cat<\/p>\n\n\n\n<p><strong>Com arribar-hi: <\/strong><a href=\"https:\/\/maps.app.goo.gl\/MabwN4Py4VNkhXKq8\" target=\"_blank\" rel=\"noreferrer noopener\">MAPS<\/a><\/p>\n\n\n\n<p><strong>Tren:<\/strong> Estaci\u00f3 Arenys de Mar de la l\u00ednia 1<\/p>\n\n\n\n<p><strong> <em>L&#8217;Escola Sinera \u00e9s un centre amb una cultura pedag\u00f2gica consolidada i resultats educatius destacables.<\/em> Som una escola arrelada al mar, al poble i a les emocions.&nbsp; Acompanyem cada infant perqu\u00e8 creixi amb confian\u00e7a, curiositat i vincle amb el seu entorn.<\/strong><\/p>\n\n\n\n<ul class=\"wp-block-list\">\n<li>&nbsp;<strong>Aprenem del mar i del nostre entorn: <\/strong>El mar i el poble s\u00f3n part del nostre dia a dia i del nostre aprenentatge.<br>Sortim, observem i experimentem per entendre el m\u00f3n de manera real.<\/li>\n\n\n\n<li><strong>&nbsp;Educaci\u00f3 emocional: <\/strong>Acompanyem els infants perqu\u00e8 es coneguin, s\u2019expressin i guanyin seguretat.<br>Creem un entorn on se senten escoltats, respectats i valorats. (Programa TEI)<\/li>\n\n\n\n<li>&nbsp;<strong>Escola propera i familiar: <\/strong>Som una escola on cada infant importa i t\u00e9 el seu espai.<br>La relaci\u00f3 amb les fam\u00edlies \u00e9s directa, propera i de confian\u00e7a.<\/li>\n\n\n\n<li>&nbsp;<strong>Projectes creatius i vivencials: <\/strong>Aprenem fent, investigant i creant amb sentit.<br>Els projectes connecten amb els interessos dels infants i la vida real.<\/li>\n\n\n\n<li><strong>&nbsp;Comprom\u00eds amb el poble d\u2019Arenys: <\/strong>Participem activament en la vida cultural i social del poble.<br>Eduquem infants arrelats, que estimen i entenen el seu entorn.<\/li>\n<\/ul>\n\n\n\n<figure class=\"wp-block-gallery has-nested-images columns-default is-cropped wp-block-gallery-1 is-layout-flex wp-block-gallery-is-layout-flex\">\n<figure class=\"wp-block-image size-large\"><a href=\"https:\/\/agora.xtec.cat\/escolasinera\/wp-content\/uploads\/usu895\/2026\/04\/WEB-1.png\"><img loading=\"lazy\" decoding=\"async\" width=\"1024\" height=\"683\" data-id=\"17529\" src=\"https:\/\/agora.xtec.cat\/escolasinera\/wp-content\/uploads\/usu895\/2026\/04\/WEB-1-1024x683.png\" alt=\"\" class=\"wp-image-17529\" srcset=\"https:\/\/agora.xtec.cat\/escolasinera\/wp-content\/uploads\/usu895\/2026\/04\/WEB-1-1024x683.png 1024w, https:\/\/agora.xtec.cat\/escolasinera\/wp-content\/uploads\/usu895\/2026\/04\/WEB-1-300x200.png 300w, https:\/\/agora.xtec.cat\/escolasinera\/wp-content\/uploads\/usu895\/2026\/04\/WEB-1-768x512.png 768w, https:\/\/agora.xtec.cat\/escolasinera\/wp-content\/uploads\/usu895\/2026\/04\/WEB-1.png 1536w\" sizes=\"auto, (max-width: 1024px) 100vw, 1024px\" \/><\/a><\/figure>\n<\/figure>\n\n\n\n<div class=\"wp-block-group is-nowrap is-layout-flex wp-container-core-group-is-layout-1 wp-block-group-is-layout-flex\"><\/div>\n","protected":false},"excerpt":{"rendered":"<p>Escola SineraAvinguda Pau Costa, 7308350 Arenys de Mar Tel. 937920984escolasinera@xtec.cat Com arribar-hi: MAPS Tren: Estaci\u00f3 Arenys de Mar de la [&hellip;]<\/p>\n","protected":false},"author":1,"featured_media":0,"parent":22,"menu_order":10,"comment_status":"closed","ping_status":"closed","template":"","meta":{"_bbp_topic_count":0,"_bbp_reply_count":0,"_bbp_total_topic_count":0,"_bbp_total_reply_count":0,"_bbp_voice_count":0,"_bbp_anonymous_reply_count":0,"_bbp_topic_count_hidden":0,"_bbp_reply_count_hidden":0,"_bbp_forum_subforum_count":0,"site-sidebar-layout":"default","site-content-layout":"","ast-site-content-layout":"default","site-content-style":"default","site-sidebar-style":"default","ast-global-header-display":"","ast-banner-title-visibility":"","ast-main-header-display":"","ast-hfb-above-header-display":"","ast-hfb-below-header-display":"","ast-hfb-mobile-header-display":"","site-post-title":"","ast-breadcrumbs-content":"","ast-featured-img":"","footer-sml-layout":"","theme-transparent-header-meta":"","adv-header-id-meta":"","stick-header-meta":"","header-above-stick-meta":"","header-main-stick-meta":"","header-below-stick-meta":"","astra-migrate-meta-layouts":"set","ast-page-background-enabled":"default","ast-page-background-meta":{"desktop":{"background-color":"var(--ast-global-color-4)","background-image":"","background-repeat":"repeat","background-position":"center center","background-size":"auto","background-attachment":"scroll","background-type":"","background-media":"","overlay-type":"","overlay-color":"","overlay-opacity":"","overlay-gradient":""},"tablet":{"background-color":"","background-image":"","background-repeat":"repeat","background-position":"center center","background-size":"auto","background-attachment":"scroll","background-type":"","background-media":"","overlay-type":"","overlay-color":"","overlay-opacity":"","overlay-gradient":""},"mobile":{"background-color":"","background-image":"","background-repeat":"repeat","background-position":"center center","background-size":"auto","background-attachment":"scroll","background-type":"","background-media":"","overlay-type":"","overlay-color":"","overlay-opacity":"","overlay-gradient":""}},"ast-content-background-meta":{"desktop":{"background-color":"var(--ast-global-color-5)","background-image":"","background-repeat":"repeat","background-position":"center center","background-size":"auto","background-attachment":"scroll","background-type":"","background-media":"","overlay-type":"","overlay-color":"","overlay-opacity":"","overlay-gradient":""},"tablet":{"background-color":"var(--ast-global-color-5)","background-image":"","background-repeat":"repeat","background-position":"center center","background-size":"auto","background-attachment":"scroll","background-type":"","background-media":"","overlay-type":"","overlay-color":"","overlay-opacity":"","overlay-gradient":""},"mobile":{"background-color":"var(--ast-global-color-5)","background-image":"","background-repeat":"repeat","background-position":"center center","background-size":"auto","background-attachment":"scroll","background-type":"","background-media":"","overlay-type":"","overlay-color":"","overlay-opacity":"","overlay-gradient":""}},"footnotes":""},"class_list":["post-24","page","type-page","status-publish","hentry"],"post_mailing_queue_ids":[],"_links":{"self":[{"href":"https:\/\/agora.xtec.cat\/escolasinera\/wp-json\/wp\/v2\/pages\/24","targetHints":{"allow":["GET"]}}],"collection":[{"href":"https:\/\/agora.xtec.cat\/escolasinera\/wp-json\/wp\/v2\/pages"}],"about":[{"href":"https:\/\/agora.xtec.cat\/escolasinera\/wp-json\/wp\/v2\/types\/page"}],"author":[{"embeddable":true,"href":"https:\/\/agora.xtec.cat\/escolasinera\/wp-json\/wp\/v2\/users\/1"}],"replies":[{"embeddable":true,"href":"https:\/\/agora.xtec.cat\/escolasinera\/wp-json\/wp\/v2\/comments?post=24"}],"version-history":[{"count":6,"href":"https:\/\/agora.xtec.cat\/escolasinera\/wp-json\/wp\/v2\/pages\/24\/revisions"}],"predecessor-version":[{"id":17530,"href":"https:\/\/agora.xtec.cat\/escolasinera\/wp-json\/wp\/v2\/pages\/24\/revisions\/17530"}],"up":[{"embeddable":true,"href":"https:\/\/agora.xtec.cat\/escolasinera\/wp-json\/wp\/v2\/pages\/22"}],"wp:attachment":[{"href":"https:\/\/agora.xtec.cat\/escolasinera\/wp-json\/wp\/v2\/media?parent=24"}],"curies":[{"name":"wp","href":"https:\/\/api.w.org\/{rel}","templated":true}]}}