{"id":16883,"date":"2025-04-09T09:12:20","date_gmt":"2025-04-09T07:12:20","guid":{"rendered":"https:\/\/agora.xtec.cat\/escolasinera\/?page_id=16883"},"modified":"2025-04-09T09:26:13","modified_gmt":"2025-04-09T07:26:13","slug":"alumnat","status":"publish","type":"page","link":"https:\/\/agora.xtec.cat\/escolasinera\/alumnat\/","title":{"rendered":"Propostes i recursos per a l\u2019alumnat de l\u2019Escola Sinera"},"content":{"rendered":"\n<p>Benvingudes i benvinguts a l\u2019espai de <strong>propostes i recursos<\/strong> pensat especialment per a tot l\u2019alumnat de l&#8217;<strong>Escola Sinera<\/strong>!<\/p>\n\n\n\n<p>Aqu\u00ed hi trobareu una <strong>selecci\u00f3 de materials, activitats i propostes educatives<\/strong> que han estat <strong>curosament escollides pels mestres de l\u2019escola<\/strong>, pensant en els interessos, necessitats i potencial de cada etapa educativa. Aquest recull vol ser una eina viva i \u00fatil per acompanyar l\u2019aprenentatge tant a l\u2019aula com des de casa, fomentant la curiositat, la creativitat i l\u2019autonomia.<\/p>\n\n\n\n<p>Trobareu recursos organitzats per <strong>nivells i \u00e0rees<\/strong>, aix\u00ed com tamb\u00e9 propostes transversals i reptes que us animaran a seguir aprenent de manera l\u00fadica i significativa.<\/p>\n\n\n\n<p>\ud83d\udca1 <strong>Tot all\u00f2 que recomanem ha estat valorat pel nostre equip docent<\/strong> amb l\u2019objectiu de garantir la qualitat pedag\u00f2gica i l\u2019adequaci\u00f3 als valors del nostre projecte educatiu.<\/p>\n\n\n\n<p>Us animem a explorar aquest espai sovint, ja que l\u2019anirem actualitzant amb noves propostes!<\/p>\n\n\n\n<blockquote class=\"wp-block-quote is-layout-flow wp-block-quote-is-layout-flow\">\n<p><em>\u201cA l\u2019Escola Sinera, aprendre \u00e9s cr\u00e9ixer.\u201d<\/em><\/p>\n<\/blockquote>\n\n\n\n<figure class=\"wp-block-image alignleft size-full is-resized\"><a href=\"https:\/\/sites.google.com\/escolasinera.com\/anglessinera\/home\"><img loading=\"lazy\" decoding=\"async\" width=\"992\" height=\"620\" src=\"https:\/\/agora.xtec.cat\/escolasinera\/wp-content\/uploads\/usu895\/2025\/04\/Captura-de-pantalla-2025-04-09-092022.png\" alt=\"\" class=\"wp-image-16891\" style=\"width:265px;height:auto\" srcset=\"https:\/\/agora.xtec.cat\/escolasinera\/wp-content\/uploads\/usu895\/2025\/04\/Captura-de-pantalla-2025-04-09-092022.png 992w, https:\/\/agora.xtec.cat\/escolasinera\/wp-content\/uploads\/usu895\/2025\/04\/Captura-de-pantalla-2025-04-09-092022-300x188.png 300w, https:\/\/agora.xtec.cat\/escolasinera\/wp-content\/uploads\/usu895\/2025\/04\/Captura-de-pantalla-2025-04-09-092022-768x480.png 768w\" sizes=\"auto, (max-width: 992px) 100vw, 992px\" \/><\/a><\/figure>\n\n\n\n<figure class=\"wp-block-image alignleft size-full is-resized\"><a href=\"https:\/\/www.koalatext.com\/public\/index.php\/ebiblio\"><img loading=\"lazy\" decoding=\"async\" width=\"260\" height=\"260\" src=\"https:\/\/agora.xtec.cat\/escolasinera\/wp-content\/uploads\/usu895\/2025\/04\/62737a0338fe9a00014a5b7b.jpg\" alt=\"\" class=\"wp-image-16893\" style=\"width:176px;height:auto\" srcset=\"https:\/\/agora.xtec.cat\/escolasinera\/wp-content\/uploads\/usu895\/2025\/04\/62737a0338fe9a00014a5b7b.jpg 260w, https:\/\/agora.xtec.cat\/escolasinera\/wp-content\/uploads\/usu895\/2025\/04\/62737a0338fe9a00014a5b7b-150x150.jpg 150w\" sizes=\"auto, (max-width: 260px) 100vw, 260px\" \/><\/a><\/figure>\n\n\n\n<figure class=\"wp-block-image alignleft size-large is-resized\"><a href=\"https:\/\/sites.google.com\/escolasinera.com\/ampliacio\/p%C3%A0gina-principal\"><img loading=\"lazy\" decoding=\"async\" width=\"1024\" height=\"569\" src=\"https:\/\/agora.xtec.cat\/escolasinera\/wp-content\/uploads\/usu895\/2025\/04\/Captura-de-pantalla-2025-04-09-092519-1024x569.png\" alt=\"\" class=\"wp-image-16894\" style=\"width:288px;height:auto\" srcset=\"https:\/\/agora.xtec.cat\/escolasinera\/wp-content\/uploads\/usu895\/2025\/04\/Captura-de-pantalla-2025-04-09-092519-1024x569.png 1024w, https:\/\/agora.xtec.cat\/escolasinera\/wp-content\/uploads\/usu895\/2025\/04\/Captura-de-pantalla-2025-04-09-092519-300x167.png 300w, https:\/\/agora.xtec.cat\/escolasinera\/wp-content\/uploads\/usu895\/2025\/04\/Captura-de-pantalla-2025-04-09-092519-768x427.png 768w, https:\/\/agora.xtec.cat\/escolasinera\/wp-content\/uploads\/usu895\/2025\/04\/Captura-de-pantalla-2025-04-09-092519.png 1419w\" sizes=\"auto, (max-width: 1024px) 100vw, 1024px\" \/><\/a><\/figure>\n","protected":false},"excerpt":{"rendered":"<p>Benvingudes i benvinguts a l\u2019espai de propostes i recursos pensat especialment per a tot l\u2019alumnat de l&#8217;Escola Sinera! Aqu\u00ed hi [&hellip;]<\/p>\n","protected":false},"author":1,"featured_media":0,"parent":0,"menu_order":0,"comment_status":"closed","ping_status":"close","template":"","meta":{"_bbp_topic_count":0,"_bbp_reply_count":0,"_bbp_total_topic_count":0,"_bbp_total_reply_count":0,"_bbp_voice_count":0,"_bbp_anonymous_reply_count":0,"_bbp_topic_count_hidden":0,"_bbp_reply_count_hidden":0,"_bbp_forum_subforum_count":0,"site-sidebar-layout":"default","site-content-layout":"","ast-site-content-layout":"default","site-content-style":"default","site-sidebar-style":"default","ast-global-header-display":"","ast-banner-title-visibility":"","ast-main-header-display":"","ast-hfb-above-header-display":"","ast-hfb-below-header-display":"","ast-hfb-mobile-header-display":"","site-post-title":"","ast-breadcrumbs-content":"","ast-featured-img":"","footer-sml-layout":"","theme-transparent-header-meta":"","adv-header-id-meta":"","stick-header-meta":"","header-above-stick-meta":"","header-main-stick-meta":"","header-below-stick-meta":"","astra-migrate-meta-layouts":"set","ast-page-background-enabled":"default","ast-page-background-meta":{"desktop":{"background-color":"var(--ast-global-color-4)","background-image":"","background-repeat":"repeat","background-position":"center center","background-size":"auto","background-attachment":"scroll","background-type":"","background-media":"","overlay-type":"","overlay-color":"","overlay-opacity":"","overlay-gradient":""},"tablet":{"background-color":"","background-image":"","background-repeat":"repeat","background-position":"center center","background-size":"auto","background-attachment":"scroll","background-type":"","background-media":"","overlay-type":"","overlay-color":"","overlay-opacity":"","overlay-gradient":""},"mobile":{"background-color":"","background-image":"","background-repeat":"repeat","background-position":"center center","background-size":"auto","background-attachment":"scroll","background-type":"","background-media":"","overlay-type":"","overlay-color":"","overlay-opacity":"","overlay-gradient":""}},"ast-content-background-meta":{"desktop":{"background-color":"var(--ast-global-color-5)","background-image":"","background-repeat":"repeat","background-position":"center center","background-size":"auto","background-attachment":"scroll","background-type":"","background-media":"","overlay-type":"","overlay-color":"","overlay-opacity":"","overlay-gradient":""},"tablet":{"background-color":"var(--ast-global-color-5)","background-image":"","background-repeat":"repeat","background-position":"center center","background-size":"auto","background-attachment":"scroll","background-type":"","background-media":"","overlay-type":"","overlay-color":"","overlay-opacity":"","overlay-gradient":""},"mobile":{"background-color":"var(--ast-global-color-5)","background-image":"","background-repeat":"repeat","background-position":"center center","background-size":"auto","background-attachment":"scroll","background-type":"","background-media":"","overlay-type":"","overlay-color":"","overlay-opacity":"","overlay-gradient":""}},"footnotes":""},"class_list":["post-16883","page","type-page","status-publish","hentry"],"post_mailing_queue_ids":[],"_links":{"self":[{"href":"https:\/\/agora.xtec.cat\/escolasinera\/wp-json\/wp\/v2\/pages\/16883","targetHints":{"allow":["GET"]}}],"collection":[{"href":"https:\/\/agora.xtec.cat\/escolasinera\/wp-json\/wp\/v2\/pages"}],"about":[{"href":"https:\/\/agora.xtec.cat\/escolasinera\/wp-json\/wp\/v2\/types\/page"}],"author":[{"embeddable":true,"href":"https:\/\/agora.xtec.cat\/escolasinera\/wp-json\/wp\/v2\/users\/1"}],"replies":[{"embeddable":true,"href":"https:\/\/agora.xtec.cat\/escolasinera\/wp-json\/wp\/v2\/comments?post=16883"}],"version-history":[{"count":2,"href":"https:\/\/agora.xtec.cat\/escolasinera\/wp-json\/wp\/v2\/pages\/16883\/revisions"}],"predecessor-version":[{"id":16895,"href":"https:\/\/agora.xtec.cat\/escolasinera\/wp-json\/wp\/v2\/pages\/16883\/revisions\/16895"}],"wp:attachment":[{"href":"https:\/\/agora.xtec.cat\/escolasinera\/wp-json\/wp\/v2\/media?parent=16883"}],"curies":[{"name":"wp","href":"https:\/\/api.w.org\/{rel}","templated":true}]}}