{"id":16075,"date":"2023-07-13T21:04:15","date_gmt":"2023-07-13T19:04:15","guid":{"rendered":"https:\/\/agora.xtec.cat\/escolasinera\/?page_id=16075"},"modified":"2023-07-13T21:04:15","modified_gmt":"2023-07-13T19:04:15","slug":"programa-tei-tutoria-entre-iguals","status":"publish","type":"page","link":"https:\/\/agora.xtec.cat\/escolasinera\/programa-tei-tutoria-entre-iguals\/","title":{"rendered":"PROGRAMA TEI (TUTORIA ENTRE IGUALS )"},"content":{"rendered":"<p>El programa TEI (Tutor\u00eda entre iguals) \u00e9s un programa de conviv\u00e8ncia institucional que implica a tota la comunitat educativa. S\u2019orienta a millorar la integraci\u00f3 escolar i treballar per una escola inclusiva i no violenta, fomentant que les relacions entre iguals siguin m\u00e9s satisfact\u00f2ries, millorant o modificant el clima i la cultura del centre respecte a la conviv\u00e8ncia, conflicte i viol\u00e8ncia (f\u00edsica, emocional o psicol\u00f2gica).<\/p>\n<p>Aquest programa va n\u00e9ixer el 2002 creat per Andr\u00e9s Gonz\u00e1lez Bellido, orientador educatiu i Llicenciat en Psicologia, especialitat cl\u00ednica i educativa. El TEI \u00e9s un dels programes de conviv\u00e8ncia per a la prevenci\u00f3 de la viol\u00e8ncia i l\u2019assetjament escolar de major implementaci\u00f3 a Espanya i un dels primers a escala mundial. Ha estat avaluat cient\u00edficament per les Universitats d\u2019Alacant i la Universitat Polit\u00e8cnica de Catalunya.<\/p>\n<p>El programa es basa en la tutoritzaci\u00f3 emocional entre iguals on el respecte, l\u2019empatia i el comprom\u00eds s\u00f3n els pilars b\u00e0sics del seu desenvolupament en els centres educatius. L&#8217;organitzaci\u00f3 seria la seg\u00fcent: A prim\u00e0ria: Els alumnes de 5\u00e8 s\u00f3n tutors emocionals dels de 3r.<\/p>\n<p><img loading=\"lazy\" decoding=\"async\" class=\"alignnone size-large\" src=\"https:\/\/static.wixstatic.com\/media\/c8544c_5844745abbd44d44bbb4c4889e40b647~mv2.jpg\/v1\/fill\/w_520,h_390,al_c,lg_1,q_80,enc_auto\/BASES-DE-PREVENCI%C3%93N-PEQ.jpg\" width=\"520\" height=\"390\" \/><\/p>\n","protected":false},"excerpt":{"rendered":"<p>El programa TEI (Tutor\u00eda entre iguals) \u00e9s un programa de conviv\u00e8ncia institucional que implica a tota la comunitat educativa. S\u2019orienta [&hellip;]<\/p>\n","protected":false},"author":69,"featured_media":0,"parent":0,"menu_order":0,"comment_status":"closed","ping_status":"closed","template":"","meta":{"_bbp_topic_count":0,"_bbp_reply_count":0,"_bbp_total_topic_count":0,"_bbp_total_reply_count":0,"_bbp_voice_count":0,"_bbp_anonymous_reply_count":0,"_bbp_topic_count_hidden":0,"_bbp_reply_count_hidden":0,"_bbp_forum_subforum_count":0,"site-sidebar-layout":"default","site-content-layout":"","ast-site-content-layout":"","site-content-style":"default","site-sidebar-style":"default","ast-global-header-display":"","ast-banner-title-visibility":"","ast-main-header-display":"","ast-hfb-above-header-display":"","ast-hfb-below-header-display":"","ast-hfb-mobile-header-display":"","site-post-title":"","ast-breadcrumbs-content":"","ast-featured-img":"","footer-sml-layout":"","theme-transparent-header-meta":"","adv-header-id-meta":"","stick-header-meta":"","header-above-stick-meta":"","header-main-stick-meta":"","header-below-stick-meta":"","astra-migrate-meta-layouts":"default","ast-page-background-enabled":"default","ast-page-background-meta":{"desktop":{"background-color":"var(--ast-global-color-4)","background-image":"","background-repeat":"repeat","background-position":"center center","background-size":"auto","background-attachment":"scroll","background-type":"","background-media":"","overlay-type":"","overlay-color":"","overlay-opacity":"","overlay-gradient":""},"tablet":{"background-color":"","background-image":"","background-repeat":"repeat","background-position":"center center","background-size":"auto","background-attachment":"scroll","background-type":"","background-media":"","overlay-type":"","overlay-color":"","overlay-opacity":"","overlay-gradient":""},"mobile":{"background-color":"","background-image":"","background-repeat":"repeat","background-position":"center center","background-size":"auto","background-attachment":"scroll","background-type":"","background-media":"","overlay-type":"","overlay-color":"","overlay-opacity":"","overlay-gradient":""}},"ast-content-background-meta":{"desktop":{"background-color":"var(--ast-global-color-5)","background-image":"","background-repeat":"repeat","background-position":"center center","background-size":"auto","background-attachment":"scroll","background-type":"","background-media":"","overlay-type":"","overlay-color":"","overlay-opacity":"","overlay-gradient":""},"tablet":{"background-color":"var(--ast-global-color-5)","background-image":"","background-repeat":"repeat","background-position":"center center","background-size":"auto","background-attachment":"scroll","background-type":"","background-media":"","overlay-type":"","overlay-color":"","overlay-opacity":"","overlay-gradient":""},"mobile":{"background-color":"var(--ast-global-color-5)","background-image":"","background-repeat":"repeat","background-position":"center center","background-size":"auto","background-attachment":"scroll","background-type":"","background-media":"","overlay-type":"","overlay-color":"","overlay-opacity":"","overlay-gradient":""}},"footnotes":""},"class_list":["post-16075","page","type-page","status-publish","hentry"],"post_mailing_queue_ids":[],"_links":{"self":[{"href":"https:\/\/agora.xtec.cat\/escolasinera\/wp-json\/wp\/v2\/pages\/16075","targetHints":{"allow":["GET"]}}],"collection":[{"href":"https:\/\/agora.xtec.cat\/escolasinera\/wp-json\/wp\/v2\/pages"}],"about":[{"href":"https:\/\/agora.xtec.cat\/escolasinera\/wp-json\/wp\/v2\/types\/page"}],"author":[{"embeddable":true,"href":"https:\/\/agora.xtec.cat\/escolasinera\/wp-json\/wp\/v2\/users\/69"}],"replies":[{"embeddable":true,"href":"https:\/\/agora.xtec.cat\/escolasinera\/wp-json\/wp\/v2\/comments?post=16075"}],"version-history":[{"count":1,"href":"https:\/\/agora.xtec.cat\/escolasinera\/wp-json\/wp\/v2\/pages\/16075\/revisions"}],"predecessor-version":[{"id":16076,"href":"https:\/\/agora.xtec.cat\/escolasinera\/wp-json\/wp\/v2\/pages\/16075\/revisions\/16076"}],"wp:attachment":[{"href":"https:\/\/agora.xtec.cat\/escolasinera\/wp-json\/wp\/v2\/media?parent=16075"}],"curies":[{"name":"wp","href":"https:\/\/api.w.org\/{rel}","templated":true}]}}