{"id":938,"date":"2019-02-07T13:15:19","date_gmt":"2019-02-07T12:15:19","guid":{"rendered":"http:\/\/agora.xtec.cat\/escolasetelsis\/?page_id=938"},"modified":"2026-04-13T11:24:37","modified_gmt":"2026-04-13T09:24:37","slug":"transport-escolar","status":"publish","type":"page","link":"https:\/\/agora.xtec.cat\/escolasetelsis\/lescola\/transport-escolar\/","title":{"rendered":"TRANSPORT ESCOLAR"},"content":{"rendered":"<p style=\"text-align: center;\">El Consell Comarcal del Solson\u00e8s gestiona les set rutes de transport escolar existents a la comarca: Solsona \u2013 Freixinet \u2013 Ard\u00e8vol, Solsona \u2013 El Pi de Sant Just, Solsona \u2013 Nav\u00e8s, Port del Comte \u2013 La Coma, La Coma &#8211; Solsona, Solsona \u2013 Manresa per alumnes amb necessitats educatives especials, i El Pi de Sant Just &#8211; Solsona per alumnes amb dificultats de mobilitat.<\/p>\n<p style=\"text-align: center;\">Els infants usuaris del servei de transport escolar s\u00f3n rebuts a l&#8217;escola di\u00e0riament cada mat\u00ed per la docent encarregada d&#8217;aquesta tasca i tamb\u00e9 \u00e9s la mateixa persona qui s&#8217;encarrega d&#8217;acomiadar-los al finalitzar la jornada lectiva de tarda.<\/p>\n<p><a href=\"https:\/\/agora.xtec.cat\/escolasetelsis\/wp-content\/uploads\/usu1650\/2023\/09\/PAGINA-WEB_20230924_150534_0000.png\"><img loading=\"lazy\" decoding=\"async\" class=\"aligncenter wp-image-9353 \" src=\"https:\/\/agora.xtec.cat\/escolasetelsis\/wp-content\/uploads\/usu1650\/2023\/09\/PAGINA-WEB_20230924_150534_0000.png\" alt=\"\" width=\"193\" height=\"189\" srcset=\"https:\/\/agora.xtec.cat\/escolasetelsis\/wp-content\/uploads\/usu1650\/2023\/09\/PAGINA-WEB_20230924_150534_0000.png 802w, https:\/\/agora.xtec.cat\/escolasetelsis\/wp-content\/uploads\/usu1650\/2023\/09\/PAGINA-WEB_20230924_150534_0000-300x294.png 300w, https:\/\/agora.xtec.cat\/escolasetelsis\/wp-content\/uploads\/usu1650\/2023\/09\/PAGINA-WEB_20230924_150534_0000-768x752.png 768w\" sizes=\"auto, (max-width: 193px) 100vw, 193px\" \/><\/a><\/p>\n<p>&nbsp;<\/p>\n","protected":false},"excerpt":{"rendered":"<p>El Consell Comarcal del Solson\u00e8s gestiona les set rutes de transport escolar existents a la comarca: Solsona \u2013 Freixinet \u2013 Ard\u00e8vol, Solsona \u2013 El Pi de Sant Just, Solsona \u2013 Nav\u00e8s, Port del Comte \u2013 La Coma, La Coma &#8211; Solsona, Solsona \u2013 Manresa per alumnes amb necessitats educatives especials, i El Pi de Sant [&hellip;]<\/p>\n","protected":false},"author":1,"featured_media":0,"parent":22,"menu_order":11,"comment_status":"closed","ping_status":"closed","template":"","meta":{"_bbp_topic_count":0,"_bbp_reply_count":0,"_bbp_total_topic_count":0,"_bbp_total_reply_count":0,"_bbp_voice_count":0,"_bbp_anonymous_reply_count":0,"_bbp_topic_count_hidden":0,"_bbp_reply_count_hidden":0,"_bbp_forum_subforum_count":0,"site-sidebar-layout":"default","site-content-layout":"","ast-site-content-layout":"default","site-content-style":"default","site-sidebar-style":"default","ast-global-header-display":"","ast-banner-title-visibility":"","ast-main-header-display":"","ast-hfb-above-header-display":"","ast-hfb-below-header-display":"","ast-hfb-mobile-header-display":"","site-post-title":"","ast-breadcrumbs-content":"","ast-featured-img":"","footer-sml-layout":"","theme-transparent-header-meta":"default","adv-header-id-meta":"","stick-header-meta":"","header-above-stick-meta":"","header-main-stick-meta":"","header-below-stick-meta":"","astra-migrate-meta-layouts":"set","ast-page-background-enabled":"default","ast-page-background-meta":{"desktop":{"background-color":"var(--ast-global-color-4)","background-image":"","background-repeat":"repeat","background-position":"center center","background-size":"auto","background-attachment":"scroll","background-type":"","background-media":"","overlay-type":"","overlay-color":"","overlay-opacity":"","overlay-gradient":""},"tablet":{"background-color":"","background-image":"","background-repeat":"repeat","background-position":"center center","background-size":"auto","background-attachment":"scroll","background-type":"","background-media":"","overlay-type":"","overlay-color":"","overlay-opacity":"","overlay-gradient":""},"mobile":{"background-color":"","background-image":"","background-repeat":"repeat","background-position":"center center","background-size":"auto","background-attachment":"scroll","background-type":"","background-media":"","overlay-type":"","overlay-color":"","overlay-opacity":"","overlay-gradient":""}},"ast-content-background-meta":{"desktop":{"background-color":"var(--ast-global-color-5)","background-image":"","background-repeat":"repeat","background-position":"center center","background-size":"auto","background-attachment":"scroll","background-type":"","background-media":"","overlay-type":"","overlay-color":"","overlay-opacity":"","overlay-gradient":""},"tablet":{"background-color":"var(--ast-global-color-5)","background-image":"","background-repeat":"repeat","background-position":"center center","background-size":"auto","background-attachment":"scroll","background-type":"","background-media":"","overlay-type":"","overlay-color":"","overlay-opacity":"","overlay-gradient":""},"mobile":{"background-color":"var(--ast-global-color-5)","background-image":"","background-repeat":"repeat","background-position":"center center","background-size":"auto","background-attachment":"scroll","background-type":"","background-media":"","overlay-type":"","overlay-color":"","overlay-opacity":"","overlay-gradient":""}},"footnotes":""},"class_list":["post-938","page","type-page","status-publish","hentry"],"post_mailing_queue_ids":[],"_links":{"self":[{"href":"https:\/\/agora.xtec.cat\/escolasetelsis\/wp-json\/wp\/v2\/pages\/938","targetHints":{"allow":["GET"]}}],"collection":[{"href":"https:\/\/agora.xtec.cat\/escolasetelsis\/wp-json\/wp\/v2\/pages"}],"about":[{"href":"https:\/\/agora.xtec.cat\/escolasetelsis\/wp-json\/wp\/v2\/types\/page"}],"author":[{"embeddable":true,"href":"https:\/\/agora.xtec.cat\/escolasetelsis\/wp-json\/wp\/v2\/users\/1"}],"replies":[{"embeddable":true,"href":"https:\/\/agora.xtec.cat\/escolasetelsis\/wp-json\/wp\/v2\/comments?post=938"}],"version-history":[{"count":5,"href":"https:\/\/agora.xtec.cat\/escolasetelsis\/wp-json\/wp\/v2\/pages\/938\/revisions"}],"predecessor-version":[{"id":13921,"href":"https:\/\/agora.xtec.cat\/escolasetelsis\/wp-json\/wp\/v2\/pages\/938\/revisions\/13921"}],"up":[{"embeddable":true,"href":"https:\/\/agora.xtec.cat\/escolasetelsis\/wp-json\/wp\/v2\/pages\/22"}],"wp:attachment":[{"href":"https:\/\/agora.xtec.cat\/escolasetelsis\/wp-json\/wp\/v2\/media?parent=938"}],"curies":[{"name":"wp","href":"https:\/\/api.w.org\/{rel}","templated":true}]}}