{"id":8476,"date":"2023-02-06T12:26:32","date_gmt":"2023-02-06T11:26:32","guid":{"rendered":"https:\/\/agora.xtec.cat\/escolasetelsis\/?page_id=8476"},"modified":"2026-04-13T11:53:22","modified_gmt":"2026-04-13T09:53:22","slug":"global-scholars","status":"publish","type":"page","link":"https:\/\/agora.xtec.cat\/escolasetelsis\/projectes-2\/som-escola-gep\/global-scholars\/","title":{"rendered":"GLOBAL SCHOLARS"},"content":{"rendered":"<h3 style=\"text-align: left;\">PRESENTACI\u00d3 DEL PROGRAMA GLOBAL SCHOLARS<\/h3>\n<p style=\"text-align: left;\">Aquest any el nostre centre participa en el projecte educatiu internacional <strong>GLOBAL SCHOLARS. <\/strong><\/p>\n<p style=\"text-align: left;\">Aqu\u00ed us deixem una breu presentaci\u00f3 sobre aquest projecte.<\/p>\n<div style=\"width: 1920px;\" class=\"wp-video\"><!--[if lt IE 9]><script>document.createElement('video');<\/script><![endif]-->\n<video class=\"wp-video-shortcode\" id=\"video-8476-1\" width=\"1920\" height=\"1080\" preload=\"metadata\" controls=\"controls\"><source type=\"video\/mp4\" src=\"https:\/\/agora.xtec.cat\/escolasetelsis\/wp-content\/uploads\/usu1650\/2022\/11\/Untitled.mp4?_=1\" \/><a href=\"https:\/\/agora.xtec.cat\/escolasetelsis\/wp-content\/uploads\/usu1650\/2022\/11\/Untitled.mp4\">https:\/\/agora.xtec.cat\/escolasetelsis\/wp-content\/uploads\/usu1650\/2022\/11\/Untitled.mp4<\/a><\/video><\/div>\n<p>&nbsp;<\/p>\n<h3 class=\"entry-title\">ENS PRESENTEM A LA COMUNITAT GLOBAL SCHOLARS<\/h3>\n<p>Els infants de 6\u00e8 es presenten a la comunitat Global Scholars en el marc de la primera unitat de treball.<\/p>\n<p><iframe loading=\"lazy\" title=\"YouTube video player\" src=\"https:\/\/www.youtube.com\/embed\/dGrCSk9geaw\" width=\"560\" height=\"315\" frameborder=\"0\" data-mce-fragment=\"1\"><\/iframe><\/p>\n<p><iframe loading=\"lazy\" title=\"YouTube video player\" src=\"https:\/\/www.youtube.com\/embed\/1sWV6Xak8_E\" width=\"560\" height=\"315\" frameborder=\"0\" data-mce-fragment=\"1\"><\/iframe><\/p>\n<p>&nbsp;<\/p>\n<h3 class=\"entry-title\">ENGEGUEM EL PRIMER PROJECTE GLOBAL SCHOLARS<\/h3>\n<p>En el marc del Global Scholars, els infants de 6\u00e8 hem engegat el primer projecte, el qual consisteix en promoure accions que facilitin l\u2019estalvi d\u2019aigua en el context d\u2019escola.<\/p>\n<p>Aqu\u00ed us en deixem una breu explicaci\u00f3<em> (feu clic a la imatge per accedir al v\u00eddeo)<\/em>.<\/p>\n<p><a href=\"https:\/\/drive.google.com\/file\/d\/13PleTsuh0pVHDZybx4hlnXr9YlRbtT4O\/view?usp=share_link\"><img loading=\"lazy\" decoding=\"async\" class=\"alignnone wp-image-8084\" src=\"https:\/\/agora.xtec.cat\/escolasetelsis\/wp-content\/uploads\/usu1650\/2022\/11\/GLOBAL-SCHOLARS-1024x601.png\" sizes=\"auto, (max-width: 440px) 100vw, 440px\" srcset=\"https:\/\/agora.xtec.cat\/escolasetelsis\/wp-content\/uploads\/usu1650\/2022\/11\/GLOBAL-SCHOLARS-1024x601.png 1024w, https:\/\/agora.xtec.cat\/escolasetelsis\/wp-content\/uploads\/usu1650\/2022\/11\/GLOBAL-SCHOLARS-300x176.png 300w, https:\/\/agora.xtec.cat\/escolasetelsis\/wp-content\/uploads\/usu1650\/2022\/11\/GLOBAL-SCHOLARS-768x450.png 768w, https:\/\/agora.xtec.cat\/escolasetelsis\/wp-content\/uploads\/usu1650\/2022\/11\/GLOBAL-SCHOLARS.png 1468w\" alt=\"\" width=\"440\" height=\"258\" \/><\/a><\/p>\n<h3><\/h3>\n<h3><\/h3>\n<h3><\/h3>\n<h3><\/h3>\n<h3>LA NOSTRA GUIA D&#8217;AIGUA A L&#8217;ESCOLA<\/h3>\n<p>En la segona unitat del Projecte <em>Global Scholars<\/em> hem fet una auditoria d\u2019aigua a la nostra escola.<\/p>\n<p>Hem revisat les instal\u00b7lacions d\u2019aigua a l\u2019edifici i hem realitzat un treball de conscienciaci\u00f3 amb la comunitat educativa amb l\u2019objectiu de reduir el consum d\u2019aigua.<\/p>\n<p>Ho hem aconseguit!!<\/p>\n<p><em>Aqu\u00ed teniu el resultat (feu clic a la imatge per veure\u2019l).<\/em><\/p>\n<p><a href=\"https:\/\/drive.google.com\/file\/d\/1q08PSat85krfBwrWbgKHNApi65gbnCoq\/view?usp=sharing\"><img loading=\"lazy\" decoding=\"async\" class=\"\" src=\"https:\/\/agora.xtec.cat\/escolasetelsis\/wp-content\/uploads\/usu1650\/2023\/02\/PORTADA.png\" width=\"672\" height=\"379\" \/><\/a><\/p>\n<p>&nbsp;<\/p>\n<h3>OUR WATER SYSTEM<\/h3>\n<p>En aquesta tercera unitat del Global Scholars, se&#8217;ns ha proposat fer un projecte per a con\u00e8ixer i donar a con\u00e8ixer la nostra xarxa d&#8217;abastament d&#8217;aigua. Per a aquest motiu, vam demanar ajuda a l&#8217;\u00c0lex, cap de la brigada d&#8217;aig\u00fces de Solsona.<\/p>\n<p>Vam aprendre un munt de coses que no sab\u00edem de la xarxa d&#8217;abastament d&#8217;aigua de Solsona, i amb tota aquesta informaci\u00f3 hem elaborat un article que compartirem amb els nostres companys internacionals. Aqu\u00ed us el deixem per si el voleu consultar.<\/p>\n<p>I gr\u00e0cies, \u00c0lex, per la teva ajuda.<\/p>\n<p><a href=\"https:\/\/drive.google.com\/file\/d\/1VkRhCrUuRwlmZNo_X8Hw48tEqmRglWM3\/view?usp=sharing\"><img loading=\"lazy\" decoding=\"async\" class=\"alignnone wp-image-8529\" src=\"https:\/\/agora.xtec.cat\/escolasetelsis\/wp-content\/uploads\/usu1650\/2023\/02\/ARTICLE-604x1024.jpg\" alt=\"\" width=\"408\" height=\"692\" srcset=\"https:\/\/agora.xtec.cat\/escolasetelsis\/wp-content\/uploads\/usu1650\/2023\/02\/ARTICLE-604x1024.jpg 604w, https:\/\/agora.xtec.cat\/escolasetelsis\/wp-content\/uploads\/usu1650\/2023\/02\/ARTICLE-177x300.jpg 177w, https:\/\/agora.xtec.cat\/escolasetelsis\/wp-content\/uploads\/usu1650\/2023\/02\/ARTICLE-768x1302.jpg 768w, https:\/\/agora.xtec.cat\/escolasetelsis\/wp-content\/uploads\/usu1650\/2023\/02\/ARTICLE-906x1536.jpg 906w, https:\/\/agora.xtec.cat\/escolasetelsis\/wp-content\/uploads\/usu1650\/2023\/02\/ARTICLE.jpg 967w\" sizes=\"auto, (max-width: 408px) 100vw, 408px\" \/><\/a><\/p>\n","protected":false},"excerpt":{"rendered":"<p>PRESENTACI\u00d3 DEL PROGRAMA GLOBAL SCHOLARS Aquest any el nostre centre participa en el projecte educatiu internacional GLOBAL SCHOLARS. Aqu\u00ed us deixem una breu presentaci\u00f3 sobre aquest projecte. &nbsp; ENS PRESENTEM A LA COMUNITAT GLOBAL SCHOLARS Els infants de 6\u00e8 es presenten a la comunitat Global Scholars en el marc de la primera unitat de treball. [&hellip;]<\/p>\n","protected":false},"author":1,"featured_media":0,"parent":2058,"menu_order":20,"comment_status":"closed","ping_status":"closed","template":"","meta":{"_bbp_topic_count":0,"_bbp_reply_count":0,"_bbp_total_topic_count":0,"_bbp_total_reply_count":0,"_bbp_voice_count":0,"_bbp_anonymous_reply_count":0,"_bbp_topic_count_hidden":0,"_bbp_reply_count_hidden":0,"_bbp_forum_subforum_count":0,"site-sidebar-layout":"default","site-content-layout":"","ast-site-content-layout":"default","site-content-style":"default","site-sidebar-style":"default","ast-global-header-display":"","ast-banner-title-visibility":"","ast-main-header-display":"","ast-hfb-above-header-display":"","ast-hfb-below-header-display":"","ast-hfb-mobile-header-display":"","site-post-title":"","ast-breadcrumbs-content":"","ast-featured-img":"","footer-sml-layout":"","theme-transparent-header-meta":"default","adv-header-id-meta":"","stick-header-meta":"","header-above-stick-meta":"","header-main-stick-meta":"","header-below-stick-meta":"","astra-migrate-meta-layouts":"set","ast-page-background-enabled":"default","ast-page-background-meta":{"desktop":{"background-color":"var(--ast-global-color-4)","background-image":"","background-repeat":"repeat","background-position":"center center","background-size":"auto","background-attachment":"scroll","background-type":"","background-media":"","overlay-type":"","overlay-color":"","overlay-opacity":"","overlay-gradient":""},"tablet":{"background-color":"","background-image":"","background-repeat":"repeat","background-position":"center center","background-size":"auto","background-attachment":"scroll","background-type":"","background-media":"","overlay-type":"","overlay-color":"","overlay-opacity":"","overlay-gradient":""},"mobile":{"background-color":"","background-image":"","background-repeat":"repeat","background-position":"center center","background-size":"auto","background-attachment":"scroll","background-type":"","background-media":"","overlay-type":"","overlay-color":"","overlay-opacity":"","overlay-gradient":""}},"ast-content-background-meta":{"desktop":{"background-color":"var(--ast-global-color-5)","background-image":"","background-repeat":"repeat","background-position":"center center","background-size":"auto","background-attachment":"scroll","background-type":"","background-media":"","overlay-type":"","overlay-color":"","overlay-opacity":"","overlay-gradient":""},"tablet":{"background-color":"var(--ast-global-color-5)","background-image":"","background-repeat":"repeat","background-position":"center center","background-size":"auto","background-attachment":"scroll","background-type":"","background-media":"","overlay-type":"","overlay-color":"","overlay-opacity":"","overlay-gradient":""},"mobile":{"background-color":"var(--ast-global-color-5)","background-image":"","background-repeat":"repeat","background-position":"center center","background-size":"auto","background-attachment":"scroll","background-type":"","background-media":"","overlay-type":"","overlay-color":"","overlay-opacity":"","overlay-gradient":""}},"footnotes":""},"class_list":["post-8476","page","type-page","status-publish","hentry"],"post_mailing_queue_ids":[],"_links":{"self":[{"href":"https:\/\/agora.xtec.cat\/escolasetelsis\/wp-json\/wp\/v2\/pages\/8476","targetHints":{"allow":["GET"]}}],"collection":[{"href":"https:\/\/agora.xtec.cat\/escolasetelsis\/wp-json\/wp\/v2\/pages"}],"about":[{"href":"https:\/\/agora.xtec.cat\/escolasetelsis\/wp-json\/wp\/v2\/types\/page"}],"author":[{"embeddable":true,"href":"https:\/\/agora.xtec.cat\/escolasetelsis\/wp-json\/wp\/v2\/users\/1"}],"replies":[{"embeddable":true,"href":"https:\/\/agora.xtec.cat\/escolasetelsis\/wp-json\/wp\/v2\/comments?post=8476"}],"version-history":[{"count":4,"href":"https:\/\/agora.xtec.cat\/escolasetelsis\/wp-json\/wp\/v2\/pages\/8476\/revisions"}],"predecessor-version":[{"id":13956,"href":"https:\/\/agora.xtec.cat\/escolasetelsis\/wp-json\/wp\/v2\/pages\/8476\/revisions\/13956"}],"up":[{"embeddable":true,"href":"https:\/\/agora.xtec.cat\/escolasetelsis\/wp-json\/wp\/v2\/pages\/2058"}],"wp:attachment":[{"href":"https:\/\/agora.xtec.cat\/escolasetelsis\/wp-json\/wp\/v2\/media?parent=8476"}],"curies":[{"name":"wp","href":"https:\/\/api.w.org\/{rel}","templated":true}]}}