{"id":7798,"date":"2022-09-20T16:54:56","date_gmt":"2022-09-20T14:54:56","guid":{"rendered":"https:\/\/agora.xtec.cat\/escolasetelsis\/?page_id=7798"},"modified":"2026-04-13T11:44:51","modified_gmt":"2026-04-13T09:44:51","slug":"proa","status":"publish","type":"page","link":"https:\/\/agora.xtec.cat\/escolasetelsis\/projectes-2\/proa\/","title":{"rendered":"PROGRAMA PROA+"},"content":{"rendered":"<p dir=\"ltr\" data-placeholder=\"Traducci\u00f3n\"><span class=\"Y2IQFc\" lang=\"ca\">Us informem que ens hem adherit al programa <a href=\"https:\/\/www.educacionyfp.gob.es\/mc\/sgctie\/cooperacion-territorial\/programas-cooperacion\/proa.html\">PROA+<\/a> per al per\u00edode 2022-2024.<\/span><\/p>\n<p class=\"tw-data-text tw-text-large tw-ta\" dir=\"ltr\" data-placeholder=\"Traducci\u00f3n\"><span class=\"Y2IQFc\" lang=\"ca\">Amb aquest programa es pret\u00e9n que els centres puguin proporcionar a l&#8217;alumnat els refor\u00e7os necessaris per millorar el seu benestar i reduir el retard educatiu, mitjan\u00e7ant la cura de l\u2019acolliment i les transicions entre etapes, la concentraci\u00f3 de l\u2019ensenyament en les compet\u00e8ncies i els aprenentatges essencials, promovent l\u2019enriquiment educatiu amb especial atenci\u00f3 a l\u2019alumnat m\u00e9s vulnerable.<\/span><\/p>\n<p><strong>Principis pedag\u00f2gics PROA<\/strong>+<\/p>\n<p>El programa PROA+ es basa en els principis pedag\u00f2gics seg\u00fcents recollits a la LOMLOE:<\/p>\n<ul>\n<li><strong>Equitat, que garanteixi la igualtat d\u2019oportunitats<\/strong><\/li>\n<li><strong>Evitar la segregaci\u00f3 a l&#8217;acc\u00e9s i en la din\u00e0mica interna dels centres<\/strong><\/li>\n<li><strong>Educaci\u00f3 inclusiva, com a principi fonamental<\/strong><\/li>\n<li><strong>Expectatives positives sobre les possibilitats d\u2019\u00e8xit de tot l\u2019alumnat<\/strong><\/li>\n<li><strong>Acompanyament i orientaci\u00f3<\/strong><\/li>\n<li><strong>Rellev\u00e0ncia de l\u2019educaci\u00f3 no cognitiva (socioemocional)\u00a0<\/strong>per als aprenentatges i el benestar futur<\/li>\n<li><strong>La consideraci\u00f3 del coneixement acumulat<\/strong>\u00a0per a la millora cont\u00ednua del proc\u00e9s d\u2019ensenyament- aprenentatge<\/li>\n<\/ul>\n<p class=\"tw-data-text tw-text-large tw-ta\" dir=\"ltr\" data-placeholder=\"Traducci\u00f3n\">Aquest programa va acompanyat d\u2019una dotaci\u00f3 econ\u00f2mica per portar a terme les activitats palanca per a l\u2019assoliment dels objectius.<\/p>\n<p dir=\"ltr\" data-placeholder=\"Traducci\u00f3n\"><a href=\"https:\/\/www.educacionyfp.gob.es\/mc\/sgctie\/cooperacion-territorial\/programas-cooperacion\/proa.html\"><img loading=\"lazy\" decoding=\"async\" class=\"aligncenter wp-image-7805\" src=\"https:\/\/agora.xtec.cat\/escolasetelsis\/wp-content\/uploads\/usu1650\/2022\/09\/logo-proa-.png.png\" alt=\"\" width=\"289\" height=\"99\" srcset=\"https:\/\/agora.xtec.cat\/escolasetelsis\/wp-content\/uploads\/usu1650\/2022\/09\/logo-proa-.png.png 864w, https:\/\/agora.xtec.cat\/escolasetelsis\/wp-content\/uploads\/usu1650\/2022\/09\/logo-proa-.png-300x103.png 300w, https:\/\/agora.xtec.cat\/escolasetelsis\/wp-content\/uploads\/usu1650\/2022\/09\/logo-proa-.png-768x263.png 768w\" sizes=\"auto, (max-width: 289px) 100vw, 289px\" \/><\/a><\/p>\n<p dir=\"ltr\" data-placeholder=\"Traducci\u00f3n\">El programa compta amb el suport de:<\/p>\n<p dir=\"ltr\" data-placeholder=\"Traducci\u00f3n\"><a href=\"https:\/\/agora.xtec.cat\/iesantquinti\/wp-content\/uploads\/usu894\/2022\/04\/mefp.png\"><img loading=\"lazy\" decoding=\"async\" class=\"alignnone wp-image-4848\" src=\"https:\/\/agora.xtec.cat\/iesantquinti\/wp-content\/uploads\/usu894\/2022\/04\/mefp.png\" sizes=\"auto, (max-width: 348px) 100vw, 348px\" srcset=\"https:\/\/agora.xtec.cat\/iesantquinti\/wp-content\/uploads\/usu894\/2022\/04\/mefp.png 640w, https:\/\/agora.xtec.cat\/iesantquinti\/wp-content\/uploads\/usu894\/2022\/04\/mefp-300x75.png 300w\" alt=\"\" width=\"348\" height=\"87\" \/><\/a><a href=\"https:\/\/agora.xtec.cat\/iesantquinti\/wp-content\/uploads\/usu894\/2022\/04\/logo-prtr-dos-l-neas-color.jpg.jpg\"><img loading=\"lazy\" decoding=\"async\" class=\"alignnone wp-image-4850\" src=\"https:\/\/agora.xtec.cat\/iesantquinti\/wp-content\/uploads\/usu894\/2022\/04\/logo-prtr-dos-l-neas-color.jpg.jpg\" sizes=\"auto, (max-width: 312px) 100vw, 312px\" srcset=\"https:\/\/agora.xtec.cat\/iesantquinti\/wp-content\/uploads\/usu894\/2022\/04\/logo-prtr-dos-l-neas-color.jpg.jpg 576w, https:\/\/agora.xtec.cat\/iesantquinti\/wp-content\/uploads\/usu894\/2022\/04\/logo-prtr-dos-l-neas-color.jpg-300x69.jpg 300w\" alt=\"\" width=\"312\" height=\"72\" \/><\/a><a href=\"https:\/\/agora.xtec.cat\/iesantquinti\/wp-content\/uploads\/usu894\/2022\/04\/es-financiado-por-la-uni-n-europea-pantone.jpg.jpg\"><img loading=\"lazy\" decoding=\"async\" class=\"alignnone wp-image-4851\" src=\"https:\/\/agora.xtec.cat\/iesantquinti\/wp-content\/uploads\/usu894\/2022\/04\/es-financiado-por-la-uni-n-europea-pantone.jpg.jpg\" sizes=\"auto, (max-width: 319px) 100vw, 319px\" srcset=\"https:\/\/agora.xtec.cat\/iesantquinti\/wp-content\/uploads\/usu894\/2022\/04\/es-financiado-por-la-uni-n-europea-pantone.jpg.jpg 576w, https:\/\/agora.xtec.cat\/iesantquinti\/wp-content\/uploads\/usu894\/2022\/04\/es-financiado-por-la-uni-n-europea-pantone.jpg-300x79.jpg 300w\" alt=\"\" width=\"319\" height=\"84\" \/><\/a><\/p>\n","protected":false},"excerpt":{"rendered":"<p>Us informem que ens hem adherit al programa PROA+ per al per\u00edode 2022-2024. Amb aquest programa es pret\u00e9n que els centres puguin proporcionar a l&#8217;alumnat els refor\u00e7os necessaris per millorar el seu benestar i reduir el retard educatiu, mitjan\u00e7ant la cura de l\u2019acolliment i les transicions entre etapes, la concentraci\u00f3 de l\u2019ensenyament en les compet\u00e8ncies [&hellip;]<\/p>\n","protected":false},"author":1,"featured_media":0,"parent":6809,"menu_order":3,"comment_status":"closed","ping_status":"closed","template":"","meta":{"_bbp_topic_count":0,"_bbp_reply_count":0,"_bbp_total_topic_count":0,"_bbp_total_reply_count":0,"_bbp_voice_count":0,"_bbp_anonymous_reply_count":0,"_bbp_topic_count_hidden":0,"_bbp_reply_count_hidden":0,"_bbp_forum_subforum_count":0,"site-sidebar-layout":"default","site-content-layout":"","ast-site-content-layout":"default","site-content-style":"default","site-sidebar-style":"default","ast-global-header-display":"","ast-banner-title-visibility":"","ast-main-header-display":"","ast-hfb-above-header-display":"","ast-hfb-below-header-display":"","ast-hfb-mobile-header-display":"","site-post-title":"","ast-breadcrumbs-content":"","ast-featured-img":"","footer-sml-layout":"","theme-transparent-header-meta":"default","adv-header-id-meta":"","stick-header-meta":"","header-above-stick-meta":"","header-main-stick-meta":"","header-below-stick-meta":"","astra-migrate-meta-layouts":"set","ast-page-background-enabled":"default","ast-page-background-meta":{"desktop":{"background-color":"var(--ast-global-color-4)","background-image":"","background-repeat":"repeat","background-position":"center center","background-size":"auto","background-attachment":"scroll","background-type":"","background-media":"","overlay-type":"","overlay-color":"","overlay-opacity":"","overlay-gradient":""},"tablet":{"background-color":"","background-image":"","background-repeat":"repeat","background-position":"center center","background-size":"auto","background-attachment":"scroll","background-type":"","background-media":"","overlay-type":"","overlay-color":"","overlay-opacity":"","overlay-gradient":""},"mobile":{"background-color":"","background-image":"","background-repeat":"repeat","background-position":"center center","background-size":"auto","background-attachment":"scroll","background-type":"","background-media":"","overlay-type":"","overlay-color":"","overlay-opacity":"","overlay-gradient":""}},"ast-content-background-meta":{"desktop":{"background-color":"var(--ast-global-color-5)","background-image":"","background-repeat":"repeat","background-position":"center center","background-size":"auto","background-attachment":"scroll","background-type":"","background-media":"","overlay-type":"","overlay-color":"","overlay-opacity":"","overlay-gradient":""},"tablet":{"background-color":"var(--ast-global-color-5)","background-image":"","background-repeat":"repeat","background-position":"center center","background-size":"auto","background-attachment":"scroll","background-type":"","background-media":"","overlay-type":"","overlay-color":"","overlay-opacity":"","overlay-gradient":""},"mobile":{"background-color":"var(--ast-global-color-5)","background-image":"","background-repeat":"repeat","background-position":"center center","background-size":"auto","background-attachment":"scroll","background-type":"","background-media":"","overlay-type":"","overlay-color":"","overlay-opacity":"","overlay-gradient":""}},"footnotes":""},"class_list":["post-7798","page","type-page","status-publish","hentry"],"post_mailing_queue_ids":[],"_links":{"self":[{"href":"https:\/\/agora.xtec.cat\/escolasetelsis\/wp-json\/wp\/v2\/pages\/7798","targetHints":{"allow":["GET"]}}],"collection":[{"href":"https:\/\/agora.xtec.cat\/escolasetelsis\/wp-json\/wp\/v2\/pages"}],"about":[{"href":"https:\/\/agora.xtec.cat\/escolasetelsis\/wp-json\/wp\/v2\/types\/page"}],"author":[{"embeddable":true,"href":"https:\/\/agora.xtec.cat\/escolasetelsis\/wp-json\/wp\/v2\/users\/1"}],"replies":[{"embeddable":true,"href":"https:\/\/agora.xtec.cat\/escolasetelsis\/wp-json\/wp\/v2\/comments?post=7798"}],"version-history":[{"count":5,"href":"https:\/\/agora.xtec.cat\/escolasetelsis\/wp-json\/wp\/v2\/pages\/7798\/revisions"}],"predecessor-version":[{"id":13950,"href":"https:\/\/agora.xtec.cat\/escolasetelsis\/wp-json\/wp\/v2\/pages\/7798\/revisions\/13950"}],"up":[{"embeddable":true,"href":"https:\/\/agora.xtec.cat\/escolasetelsis\/wp-json\/wp\/v2\/pages\/6809"}],"wp:attachment":[{"href":"https:\/\/agora.xtec.cat\/escolasetelsis\/wp-json\/wp\/v2\/media?parent=7798"}],"curies":[{"name":"wp","href":"https:\/\/api.w.org\/{rel}","templated":true}]}}