{"id":7406,"date":"2022-05-03T12:46:42","date_gmt":"2022-05-03T10:46:42","guid":{"rendered":"https:\/\/agora.xtec.cat\/escolasetelsis\/?page_id=7406"},"modified":"2026-04-13T11:20:07","modified_gmt":"2026-04-13T09:20:07","slug":"estrategia-digital-de-centre","status":"publish","type":"page","link":"https:\/\/agora.xtec.cat\/escolasetelsis\/digital\/estrategia-digital-de-centre\/","title":{"rendered":"ESTRAT\u00c8GIA DIGITAL DE CENTRE"},"content":{"rendered":"<p>2<img decoding=\"async\" class=\"alignleft\" src=\"https:\/\/educacio.gencat.cat\/web\/.content\/home\/departament\/publicacions\/colleccions\/pla-educacio-digital\/estrategia-digital-centre\/edc-268x378.jpg_2026732490.jpg\" alt=\"Estrat\u00e8gia Digital de Centre\" \/><\/p>\n<p>L&#8217;estrat\u00e8gia digital de centre (EDC) defineix i concreta les l\u00ednies d&#8217;actuaci\u00f3 d&#8217;un centre que fan possible que docents, alumnat i centre assoleixin la compet\u00e8ncia digital. Per aconseguir aquesta compet\u00e8ncia digital, l&#8217;EDC compr\u00e8n tots els \u00e0mbits del centre: organitzatius, metodol\u00f2gics, curriculars i comunicatius, els quals s&#8217;han de veure necess\u00e0riament implicats i, si escau, transformats, des d\u2019una perspectiva d&#8217;innovaci\u00f3 i de millora cont\u00ednua.<\/p>\n<p>Els objectius de l&#8217;EDC es poden agrupar en cinc \u00e0mbits, que tenen com a fita el m\u00e0xim assoliment de la compet\u00e8ncia digital de l\u2019alumnat, del professorat i del centre:<\/p>\n<p>&#8211; Assoliment de la compet\u00e8ncia digital<\/p>\n<p>&#8211; Planificaci\u00f3 estrat\u00e8gica i organitzaci\u00f3<\/p>\n<p>&#8211; Metodologies did\u00e0ctiques i innovaci\u00f3<\/p>\n<p>&#8211; Inclusi\u00f3 digital i de g\u00e8nere<\/p>\n<p>&#8211; Seguretat i protecci\u00f3 de dades<\/p>\n<p>&nbsp;<\/p>\n<p><em>Per consultar l&#8217;estrat\u00e8gia Digital de l&#8217;escola, cliqueu en la seg\u00fcent imatge:<\/em><\/p>\n<p><a href=\"https:\/\/sites.google.com\/xtec.cat\/edc-setelsis\/inici\"><img loading=\"lazy\" decoding=\"async\" class=\"aligncenter wp-image-7409\" src=\"https:\/\/agora.xtec.cat\/escolasetelsis\/wp-content\/uploads\/usu1650\/2022\/05\/Captura-1024x191.png\" alt=\"\" width=\"697\" height=\"130\" srcset=\"https:\/\/agora.xtec.cat\/escolasetelsis\/wp-content\/uploads\/usu1650\/2022\/05\/Captura-1024x191.png 1024w, https:\/\/agora.xtec.cat\/escolasetelsis\/wp-content\/uploads\/usu1650\/2022\/05\/Captura-300x56.png 300w, https:\/\/agora.xtec.cat\/escolasetelsis\/wp-content\/uploads\/usu1650\/2022\/05\/Captura-768x143.png 768w, https:\/\/agora.xtec.cat\/escolasetelsis\/wp-content\/uploads\/usu1650\/2022\/05\/Captura.png 1039w\" sizes=\"auto, (max-width: 697px) 100vw, 697px\" \/><\/a><\/p>\n","protected":false},"excerpt":{"rendered":"<p>2 L&#8217;estrat\u00e8gia digital de centre (EDC) defineix i concreta les l\u00ednies d&#8217;actuaci\u00f3 d&#8217;un centre que fan possible que docents, alumnat i centre assoleixin la compet\u00e8ncia digital. Per aconseguir aquesta compet\u00e8ncia digital, l&#8217;EDC compr\u00e8n tots els \u00e0mbits del centre: organitzatius, metodol\u00f2gics, curriculars i comunicatius, els quals s&#8217;han de veure necess\u00e0riament implicats i, si escau, transformats, des [&hellip;]<\/p>\n","protected":false},"author":1,"featured_media":0,"parent":8566,"menu_order":0,"comment_status":"closed","ping_status":"closed","template":"","meta":{"_bbp_topic_count":0,"_bbp_reply_count":0,"_bbp_total_topic_count":0,"_bbp_total_reply_count":0,"_bbp_voice_count":0,"_bbp_anonymous_reply_count":0,"_bbp_topic_count_hidden":0,"_bbp_reply_count_hidden":0,"_bbp_forum_subforum_count":0,"site-sidebar-layout":"default","site-content-layout":"","ast-site-content-layout":"default","site-content-style":"default","site-sidebar-style":"default","ast-global-header-display":"","ast-banner-title-visibility":"","ast-main-header-display":"","ast-hfb-above-header-display":"","ast-hfb-below-header-display":"","ast-hfb-mobile-header-display":"","site-post-title":"","ast-breadcrumbs-content":"","ast-featured-img":"","footer-sml-layout":"","theme-transparent-header-meta":"default","adv-header-id-meta":"","stick-header-meta":"","header-above-stick-meta":"","header-main-stick-meta":"","header-below-stick-meta":"","astra-migrate-meta-layouts":"set","ast-page-background-enabled":"default","ast-page-background-meta":{"desktop":{"background-color":"var(--ast-global-color-4)","background-image":"","background-repeat":"repeat","background-position":"center center","background-size":"auto","background-attachment":"scroll","background-type":"","background-media":"","overlay-type":"","overlay-color":"","overlay-opacity":"","overlay-gradient":""},"tablet":{"background-color":"","background-image":"","background-repeat":"repeat","background-position":"center center","background-size":"auto","background-attachment":"scroll","background-type":"","background-media":"","overlay-type":"","overlay-color":"","overlay-opacity":"","overlay-gradient":""},"mobile":{"background-color":"","background-image":"","background-repeat":"repeat","background-position":"center center","background-size":"auto","background-attachment":"scroll","background-type":"","background-media":"","overlay-type":"","overlay-color":"","overlay-opacity":"","overlay-gradient":""}},"ast-content-background-meta":{"desktop":{"background-color":"var(--ast-global-color-5)","background-image":"","background-repeat":"repeat","background-position":"center center","background-size":"auto","background-attachment":"scroll","background-type":"","background-media":"","overlay-type":"","overlay-color":"","overlay-opacity":"","overlay-gradient":""},"tablet":{"background-color":"var(--ast-global-color-5)","background-image":"","background-repeat":"repeat","background-position":"center center","background-size":"auto","background-attachment":"scroll","background-type":"","background-media":"","overlay-type":"","overlay-color":"","overlay-opacity":"","overlay-gradient":""},"mobile":{"background-color":"var(--ast-global-color-5)","background-image":"","background-repeat":"repeat","background-position":"center center","background-size":"auto","background-attachment":"scroll","background-type":"","background-media":"","overlay-type":"","overlay-color":"","overlay-opacity":"","overlay-gradient":""}},"footnotes":""},"class_list":["post-7406","page","type-page","status-publish","hentry"],"post_mailing_queue_ids":[],"_links":{"self":[{"href":"https:\/\/agora.xtec.cat\/escolasetelsis\/wp-json\/wp\/v2\/pages\/7406","targetHints":{"allow":["GET"]}}],"collection":[{"href":"https:\/\/agora.xtec.cat\/escolasetelsis\/wp-json\/wp\/v2\/pages"}],"about":[{"href":"https:\/\/agora.xtec.cat\/escolasetelsis\/wp-json\/wp\/v2\/types\/page"}],"author":[{"embeddable":true,"href":"https:\/\/agora.xtec.cat\/escolasetelsis\/wp-json\/wp\/v2\/users\/1"}],"replies":[{"embeddable":true,"href":"https:\/\/agora.xtec.cat\/escolasetelsis\/wp-json\/wp\/v2\/comments?post=7406"}],"version-history":[{"count":5,"href":"https:\/\/agora.xtec.cat\/escolasetelsis\/wp-json\/wp\/v2\/pages\/7406\/revisions"}],"predecessor-version":[{"id":13910,"href":"https:\/\/agora.xtec.cat\/escolasetelsis\/wp-json\/wp\/v2\/pages\/7406\/revisions\/13910"}],"up":[{"embeddable":true,"href":"https:\/\/agora.xtec.cat\/escolasetelsis\/wp-json\/wp\/v2\/pages\/8566"}],"wp:attachment":[{"href":"https:\/\/agora.xtec.cat\/escolasetelsis\/wp-json\/wp\/v2\/media?parent=7406"}],"curies":[{"name":"wp","href":"https:\/\/api.w.org\/{rel}","templated":true}]}}