{"id":6814,"date":"2021-12-17T12:40:47","date_gmt":"2021-12-17T11:40:47","guid":{"rendered":"https:\/\/agora.xtec.cat\/escolasetelsis\/?page_id=6814"},"modified":"2026-04-13T11:44:27","modified_gmt":"2026-04-13T09:44:27","slug":"projecte-fer","status":"publish","type":"page","link":"https:\/\/agora.xtec.cat\/escolasetelsis\/projectes-2\/projecte-fer\/","title":{"rendered":"PROJECTE FER"},"content":{"rendered":"<p style=\"text-align: center;\">L&#8217;alumnat de <strong>5\u00e8<\/strong> ha iniciat aquest curs 2021-2022 el<\/p>\n<h1 style=\"text-align: center;\"><strong><span style=\"color: #000000;\">P<\/span><span style=\"color: #ffcc00;\">r<\/span><span style=\"color: #000000;\">o<\/span><span style=\"color: #ffcc00;\">j<\/span><span style=\"color: #000000;\">e<\/span><span style=\"color: #ffcc00;\">c<\/span><span style=\"color: #000000;\">t<\/span><span style=\"color: #ffcc00;\">e<\/span> <span style=\"color: #000000;\">F<\/span><span style=\"color: #ffcc00;\">E<\/span><span style=\"color: #000000;\">R <\/span><\/strong><\/h1>\n<p style=\"text-align: center;\">(Futurs Emprenedors Rurals)<\/p>\n<p style=\"text-align: center;\">adre\u00e7at a les escoles de zones rurals.<\/p>\n<p style=\"text-align: justify;\">Aquesta proposta cooperativa pret\u00e9n despertar el talent emprenedor, la creativitat i l&#8217;esperit cr\u00edtic que genera el m\u00f3n rural. Tamb\u00e9 vol transmetre la import\u00e0ncia de la poblaci\u00f3 rural per a la societat.<\/p>\n<p style=\"text-align: justify;\"><a href=\"https:\/\/agora.xtec.cat\/escolasetelsis\/wp-content\/uploads\/usu1650\/2021\/12\/noguera-tv-el-gal-noguera-segria-nord-presenta-el-projecte-fer-1058-med.jpg\"><img loading=\"lazy\" decoding=\"async\" class=\"wp-image-6815 alignleft\" src=\"https:\/\/agora.xtec.cat\/escolasetelsis\/wp-content\/uploads\/usu1650\/2021\/12\/noguera-tv-el-gal-noguera-segria-nord-presenta-el-projecte-fer-1058-med.jpg\" alt=\"\" width=\"141\" height=\"141\" srcset=\"https:\/\/agora.xtec.cat\/escolasetelsis\/wp-content\/uploads\/usu1650\/2021\/12\/noguera-tv-el-gal-noguera-segria-nord-presenta-el-projecte-fer-1058-med.jpg 709w, https:\/\/agora.xtec.cat\/escolasetelsis\/wp-content\/uploads\/usu1650\/2021\/12\/noguera-tv-el-gal-noguera-segria-nord-presenta-el-projecte-fer-1058-med-300x300.jpg 300w, https:\/\/agora.xtec.cat\/escolasetelsis\/wp-content\/uploads\/usu1650\/2021\/12\/noguera-tv-el-gal-noguera-segria-nord-presenta-el-projecte-fer-1058-med-150x150.jpg 150w\" sizes=\"auto, (max-width: 141px) 100vw, 141px\" \/><\/a><\/p>\n<p style=\"text-align: justify;\">La <strong>FER<\/strong> \u00e9s una abella molt preocupada per la cr\u00edtica situaci\u00f3 de les abelles. Els nens i nenes han de buscar solucions a aquest problema i descobreixen la hist\u00f2ria d&#8217;una s\u00e8rie d&#8217;invents i inventors\/es que han millorat la nostra societat. Cada grup de treball es fa expert d&#8217;un invent i ho comparteix amb la resta de la classe.<\/p>\n<p>&nbsp;<\/p>\n<p><a href=\"https:\/\/agora.xtec.cat\/escolasetelsis\/wp-content\/uploads\/usu1650\/2021\/12\/BeFunky-collage-2-scaled.jpg\"><img loading=\"lazy\" decoding=\"async\" class=\"aligncenter size-large wp-image-6840\" src=\"https:\/\/agora.xtec.cat\/escolasetelsis\/wp-content\/uploads\/usu1650\/2021\/12\/BeFunky-collage-2-1024x320.jpg\" alt=\"\" width=\"1024\" height=\"320\" srcset=\"https:\/\/agora.xtec.cat\/escolasetelsis\/wp-content\/uploads\/usu1650\/2021\/12\/BeFunky-collage-2-1024x320.jpg 1024w, https:\/\/agora.xtec.cat\/escolasetelsis\/wp-content\/uploads\/usu1650\/2021\/12\/BeFunky-collage-2-300x94.jpg 300w, https:\/\/agora.xtec.cat\/escolasetelsis\/wp-content\/uploads\/usu1650\/2021\/12\/BeFunky-collage-2-768x240.jpg 768w, https:\/\/agora.xtec.cat\/escolasetelsis\/wp-content\/uploads\/usu1650\/2021\/12\/BeFunky-collage-2-1536x480.jpg 1536w, https:\/\/agora.xtec.cat\/escolasetelsis\/wp-content\/uploads\/usu1650\/2021\/12\/BeFunky-collage-2-2048x640.jpg 2048w\" sizes=\"auto, (max-width: 1024px) 100vw, 1024px\" \/><\/a><\/p>\n<p>&nbsp;<\/p>\n<p style=\"text-align: justify;\">Amb aquestes idees d&#8217;invents que han millorat la societat i de con\u00e8ixer diferents empreses de la Catalunya Rural, els infants han reflexionat sobre els recursos, oportunitats i necessitats que els ofereix el seu entorn (el Solson\u00e8s, Solsona i l&#8217;Escola Setelsis). A partir d&#8217;aquesta an\u00e0lisi, per grups han creat diversos projectes per tal d&#8217;intentar solucionar els problemes detectats.<\/p>\n<p>&nbsp;<\/p>\n<p><a href=\"https:\/\/agora.xtec.cat\/escolasetelsis\/wp-content\/uploads\/usu1650\/2022\/06\/BeFunky-collage-scaled.jpg\"><img loading=\"lazy\" decoding=\"async\" class=\"aligncenter size-large wp-image-7591\" src=\"https:\/\/agora.xtec.cat\/escolasetelsis\/wp-content\/uploads\/usu1650\/2022\/06\/BeFunky-collage-1024x446.jpg\" alt=\"\" width=\"1024\" height=\"446\" srcset=\"https:\/\/agora.xtec.cat\/escolasetelsis\/wp-content\/uploads\/usu1650\/2022\/06\/BeFunky-collage-1024x446.jpg 1024w, https:\/\/agora.xtec.cat\/escolasetelsis\/wp-content\/uploads\/usu1650\/2022\/06\/BeFunky-collage-300x131.jpg 300w, https:\/\/agora.xtec.cat\/escolasetelsis\/wp-content\/uploads\/usu1650\/2022\/06\/BeFunky-collage-768x335.jpg 768w, https:\/\/agora.xtec.cat\/escolasetelsis\/wp-content\/uploads\/usu1650\/2022\/06\/BeFunky-collage-1536x669.jpg 1536w, https:\/\/agora.xtec.cat\/escolasetelsis\/wp-content\/uploads\/usu1650\/2022\/06\/BeFunky-collage-2048x892.jpg 2048w\" sizes=\"auto, (max-width: 1024px) 100vw, 1024px\" \/><\/a><\/p>\n<p>&nbsp;<\/p>\n<p style=\"text-align: justify;\">A continuaci\u00f3 us presentem la difusi\u00f3 dels nostres projectes que s&#8217;han compartit a la <a href=\"https:\/\/agora.xtec.cat\/escolasetelsis\/general\/fira-fer-solsona\/\"><span style=\"color: #ffcc00;\"><strong>Fira FER<\/strong><\/span><\/a> realitzada a Solsona juntament amb una altra escola. Esperem que ho gaudiu tant com nosaltres!<\/p>\n<p>&nbsp;<\/p>\n<table style=\"border-collapse: collapse; width: 100%; height: 251px;\">\n<tbody>\n<tr style=\"height: 251px;\">\n<td style=\"width: 25%; height: 251px;\"><a href=\"https:\/\/drive.google.com\/file\/d\/191RYMxZLE3lV2pmqnjumg5n7A1EaDm-Q\/view?usp=sharing\"><img loading=\"lazy\" decoding=\"async\" class=\"aligncenter size-full wp-image-7574\" src=\"https:\/\/agora.xtec.cat\/escolasetelsis\/wp-content\/uploads\/usu1650\/2022\/06\/Captura-de-pantalla-2022-06-15-132043.png\" alt=\"\" width=\"340\" height=\"481\" srcset=\"https:\/\/agora.xtec.cat\/escolasetelsis\/wp-content\/uploads\/usu1650\/2022\/06\/Captura-de-pantalla-2022-06-15-132043.png 340w, https:\/\/agora.xtec.cat\/escolasetelsis\/wp-content\/uploads\/usu1650\/2022\/06\/Captura-de-pantalla-2022-06-15-132043-212x300.png 212w\" sizes=\"auto, (max-width: 340px) 100vw, 340px\" \/><\/a><\/td>\n<td style=\"width: 25%; height: 251px;\"><a href=\"https:\/\/agora.xtec.cat\/escolasetelsis\/wp-content\/uploads\/usu1650\/2022\/06\/EXPLORA-SOLSONES.png\"><img loading=\"lazy\" decoding=\"async\" class=\"aligncenter size-large wp-image-7571\" src=\"https:\/\/agora.xtec.cat\/escolasetelsis\/wp-content\/uploads\/usu1650\/2022\/06\/EXPLORA-SOLSONES-724x1024.png\" alt=\"\" width=\"724\" height=\"1024\" srcset=\"https:\/\/agora.xtec.cat\/escolasetelsis\/wp-content\/uploads\/usu1650\/2022\/06\/EXPLORA-SOLSONES-724x1024.png 724w, https:\/\/agora.xtec.cat\/escolasetelsis\/wp-content\/uploads\/usu1650\/2022\/06\/EXPLORA-SOLSONES-212x300.png 212w, https:\/\/agora.xtec.cat\/escolasetelsis\/wp-content\/uploads\/usu1650\/2022\/06\/EXPLORA-SOLSONES-768x1086.png 768w, https:\/\/agora.xtec.cat\/escolasetelsis\/wp-content\/uploads\/usu1650\/2022\/06\/EXPLORA-SOLSONES-1086x1536.png 1086w, https:\/\/agora.xtec.cat\/escolasetelsis\/wp-content\/uploads\/usu1650\/2022\/06\/EXPLORA-SOLSONES.png 1414w\" sizes=\"auto, (max-width: 724px) 100vw, 724px\" \/><\/a><\/td>\n<td style=\"width: 25%; height: 251px;\"><a href=\"https:\/\/drive.google.com\/file\/d\/1tTUFJ0eGZYfd8dVi2ndzRy1Sb0o5lkx4\/view?usp=sharing\"><img loading=\"lazy\" decoding=\"async\" class=\"aligncenter wp-image-7579\" src=\"https:\/\/agora.xtec.cat\/escolasetelsis\/wp-content\/uploads\/usu1650\/2022\/06\/Captura-de-pantalla-2022-06-15-132521.png\" alt=\"\" width=\"179\" height=\"192\" srcset=\"https:\/\/agora.xtec.cat\/escolasetelsis\/wp-content\/uploads\/usu1650\/2022\/06\/Captura-de-pantalla-2022-06-15-132521.png 624w, https:\/\/agora.xtec.cat\/escolasetelsis\/wp-content\/uploads\/usu1650\/2022\/06\/Captura-de-pantalla-2022-06-15-132521-281x300.png 281w\" sizes=\"auto, (max-width: 179px) 100vw, 179px\" \/><\/a><\/td>\n<td style=\"width: 25%; height: 251px;\"><a href=\"https:\/\/drive.google.com\/file\/d\/15s3Bz5sFyU5ceuV9UeMDPUlKtqukbssf\/view?usp=sharing\"><img loading=\"lazy\" decoding=\"async\" class=\"aligncenter size-full wp-image-7577\" src=\"https:\/\/agora.xtec.cat\/escolasetelsis\/wp-content\/uploads\/usu1650\/2022\/06\/Captura-de-pantalla-2022-06-15-132242.png\" alt=\"\" width=\"637\" height=\"673\" srcset=\"https:\/\/agora.xtec.cat\/escolasetelsis\/wp-content\/uploads\/usu1650\/2022\/06\/Captura-de-pantalla-2022-06-15-132242.png 637w, https:\/\/agora.xtec.cat\/escolasetelsis\/wp-content\/uploads\/usu1650\/2022\/06\/Captura-de-pantalla-2022-06-15-132242-284x300.png 284w\" sizes=\"auto, (max-width: 637px) 100vw, 637px\" \/><\/a><\/td>\n<\/tr>\n<tr>\n<td style=\"width: 25%;\"><a href=\"https:\/\/drive.google.com\/file\/d\/1uKNbyNEFObFFIBcBAD9YyPh03aAjjoob\/view?usp=sharing\"><img loading=\"lazy\" decoding=\"async\" class=\"aligncenter size-large wp-image-7582\" src=\"https:\/\/agora.xtec.cat\/escolasetelsis\/wp-content\/uploads\/usu1650\/2022\/06\/Captura-de-pantalla-2022-06-15-133549-1024x581.png\" alt=\"\" width=\"1024\" height=\"581\" srcset=\"https:\/\/agora.xtec.cat\/escolasetelsis\/wp-content\/uploads\/usu1650\/2022\/06\/Captura-de-pantalla-2022-06-15-133549-1024x581.png 1024w, https:\/\/agora.xtec.cat\/escolasetelsis\/wp-content\/uploads\/usu1650\/2022\/06\/Captura-de-pantalla-2022-06-15-133549-300x170.png 300w, https:\/\/agora.xtec.cat\/escolasetelsis\/wp-content\/uploads\/usu1650\/2022\/06\/Captura-de-pantalla-2022-06-15-133549-768x436.png 768w, https:\/\/agora.xtec.cat\/escolasetelsis\/wp-content\/uploads\/usu1650\/2022\/06\/Captura-de-pantalla-2022-06-15-133549.png 1201w\" sizes=\"auto, (max-width: 1024px) 100vw, 1024px\" \/><\/a><\/td>\n<td style=\"width: 25%;\"><a href=\"https:\/\/drive.google.com\/file\/d\/1SeBImRJzLTUSNS0dbteIHezVWq7z2Ecu\/view?usp=sharing\"><img loading=\"lazy\" decoding=\"async\" class=\"aligncenter size-large wp-image-7580\" src=\"https:\/\/agora.xtec.cat\/escolasetelsis\/wp-content\/uploads\/usu1650\/2022\/06\/Captura-de-pantalla-2022-06-15-133507-1024x586.png\" alt=\"\" width=\"1024\" height=\"586\" srcset=\"https:\/\/agora.xtec.cat\/escolasetelsis\/wp-content\/uploads\/usu1650\/2022\/06\/Captura-de-pantalla-2022-06-15-133507-1024x586.png 1024w, https:\/\/agora.xtec.cat\/escolasetelsis\/wp-content\/uploads\/usu1650\/2022\/06\/Captura-de-pantalla-2022-06-15-133507-300x172.png 300w, https:\/\/agora.xtec.cat\/escolasetelsis\/wp-content\/uploads\/usu1650\/2022\/06\/Captura-de-pantalla-2022-06-15-133507-768x439.png 768w, https:\/\/agora.xtec.cat\/escolasetelsis\/wp-content\/uploads\/usu1650\/2022\/06\/Captura-de-pantalla-2022-06-15-133507.png 1212w\" sizes=\"auto, (max-width: 1024px) 100vw, 1024px\" \/><\/a><\/td>\n<td style=\"width: 25%;\"><a href=\"https:\/\/drive.google.com\/file\/d\/1W-yyODQv0tP8RXsGvMzEwcMBN7yLh2A_\/view?usp=sharing\"><img loading=\"lazy\" decoding=\"async\" class=\"aligncenter size-large wp-image-7581\" src=\"https:\/\/agora.xtec.cat\/escolasetelsis\/wp-content\/uploads\/usu1650\/2022\/06\/Captura-de-pantalla-2022-06-15-133529-1024x570.png\" alt=\"\" width=\"1024\" height=\"570\" srcset=\"https:\/\/agora.xtec.cat\/escolasetelsis\/wp-content\/uploads\/usu1650\/2022\/06\/Captura-de-pantalla-2022-06-15-133529-1024x570.png 1024w, https:\/\/agora.xtec.cat\/escolasetelsis\/wp-content\/uploads\/usu1650\/2022\/06\/Captura-de-pantalla-2022-06-15-133529-300x167.png 300w, https:\/\/agora.xtec.cat\/escolasetelsis\/wp-content\/uploads\/usu1650\/2022\/06\/Captura-de-pantalla-2022-06-15-133529-768x427.png 768w, https:\/\/agora.xtec.cat\/escolasetelsis\/wp-content\/uploads\/usu1650\/2022\/06\/Captura-de-pantalla-2022-06-15-133529.png 1215w\" sizes=\"auto, (max-width: 1024px) 100vw, 1024px\" \/><\/a><\/td>\n<td style=\"width: 25%;\"><a href=\"https:\/\/drive.google.com\/file\/d\/1vObRxYcSgQSyoiCjAv2N4Yf4k3aNietH\/view?usp=sharing\"><img loading=\"lazy\" decoding=\"async\" class=\"aligncenter size-large wp-image-7583\" src=\"https:\/\/agora.xtec.cat\/escolasetelsis\/wp-content\/uploads\/usu1650\/2022\/06\/Captura-de-pantalla-2022-06-15-133632-1024x575.png\" alt=\"\" width=\"1024\" height=\"575\" srcset=\"https:\/\/agora.xtec.cat\/escolasetelsis\/wp-content\/uploads\/usu1650\/2022\/06\/Captura-de-pantalla-2022-06-15-133632-1024x575.png 1024w, https:\/\/agora.xtec.cat\/escolasetelsis\/wp-content\/uploads\/usu1650\/2022\/06\/Captura-de-pantalla-2022-06-15-133632-300x169.png 300w, https:\/\/agora.xtec.cat\/escolasetelsis\/wp-content\/uploads\/usu1650\/2022\/06\/Captura-de-pantalla-2022-06-15-133632-768x431.png 768w, https:\/\/agora.xtec.cat\/escolasetelsis\/wp-content\/uploads\/usu1650\/2022\/06\/Captura-de-pantalla-2022-06-15-133632.png 1207w\" sizes=\"auto, (max-width: 1024px) 100vw, 1024px\" \/><\/a><\/td>\n<\/tr>\n<tr>\n<td style=\"width: 25%;\"><a href=\"https:\/\/drive.google.com\/file\/d\/1afeDfnlPe5pmV4cvrbN1iWGy_0UfVSX3\/view?usp=sharing\"><img loading=\"lazy\" decoding=\"async\" class=\"aligncenter size-large wp-image-7584\" src=\"https:\/\/agora.xtec.cat\/escolasetelsis\/wp-content\/uploads\/usu1650\/2022\/06\/Captura-de-pantalla-2022-06-15-133649-1024x567.png\" alt=\"\" width=\"1024\" height=\"567\" srcset=\"https:\/\/agora.xtec.cat\/escolasetelsis\/wp-content\/uploads\/usu1650\/2022\/06\/Captura-de-pantalla-2022-06-15-133649-1024x567.png 1024w, https:\/\/agora.xtec.cat\/escolasetelsis\/wp-content\/uploads\/usu1650\/2022\/06\/Captura-de-pantalla-2022-06-15-133649-300x166.png 300w, https:\/\/agora.xtec.cat\/escolasetelsis\/wp-content\/uploads\/usu1650\/2022\/06\/Captura-de-pantalla-2022-06-15-133649-768x425.png 768w, https:\/\/agora.xtec.cat\/escolasetelsis\/wp-content\/uploads\/usu1650\/2022\/06\/Captura-de-pantalla-2022-06-15-133649.png 1216w\" sizes=\"auto, (max-width: 1024px) 100vw, 1024px\" \/><\/a><\/td>\n<td style=\"width: 25%;\"><a href=\"https:\/\/drive.google.com\/file\/d\/1G2dhbdpxkuWrfP_IFUta7kh0_0f77dy6\/view?usp=sharing\"><img loading=\"lazy\" decoding=\"async\" class=\"aligncenter size-large wp-image-7586\" src=\"https:\/\/agora.xtec.cat\/escolasetelsis\/wp-content\/uploads\/usu1650\/2022\/06\/Captura-de-pantalla-2022-06-15-134156-1024x575.png\" alt=\"\" width=\"1024\" height=\"575\" srcset=\"https:\/\/agora.xtec.cat\/escolasetelsis\/wp-content\/uploads\/usu1650\/2022\/06\/Captura-de-pantalla-2022-06-15-134156-1024x575.png 1024w, https:\/\/agora.xtec.cat\/escolasetelsis\/wp-content\/uploads\/usu1650\/2022\/06\/Captura-de-pantalla-2022-06-15-134156-300x169.png 300w, https:\/\/agora.xtec.cat\/escolasetelsis\/wp-content\/uploads\/usu1650\/2022\/06\/Captura-de-pantalla-2022-06-15-134156-768x431.png 768w, https:\/\/agora.xtec.cat\/escolasetelsis\/wp-content\/uploads\/usu1650\/2022\/06\/Captura-de-pantalla-2022-06-15-134156.png 1198w\" sizes=\"auto, (max-width: 1024px) 100vw, 1024px\" \/><\/a><\/td>\n<td style=\"width: 25%;\"><\/td>\n<td style=\"width: 25%;\"><\/td>\n<\/tr>\n<\/tbody>\n<\/table>\n<p style=\"text-align: center;\">__________________________<\/p>\n<p><strong>FER.Cat<\/strong> \u00e9s un projecte de cooperaci\u00f3 interterritorial, coordinat pel Consorci Grup d\u2019Acci\u00f3 Local Noguera Segri\u00e0 Nord i impulsat conjuntament per altres Grups d\u2019Acci\u00f3 Local de Catalunya.<\/p>\n<p><strong>FER.Cat<\/strong> est\u00e0 finan\u00e7at pel Departament d\u2019Agricultura, Ramaderia, Pesca i Alimentaci\u00f3 de la Generalitat de Catalunya i pel Fons Europeu Agr\u00edcola de Desenvolupament Rural.<\/p>\n","protected":false},"excerpt":{"rendered":"<p>L&#8217;alumnat de 5\u00e8 ha iniciat aquest curs 2021-2022 el Projecte FER (Futurs Emprenedors Rurals) adre\u00e7at a les escoles de zones rurals. Aquesta proposta cooperativa pret\u00e9n despertar el talent emprenedor, la creativitat i l&#8217;esperit cr\u00edtic que genera el m\u00f3n rural. Tamb\u00e9 vol transmetre la import\u00e0ncia de la poblaci\u00f3 rural per a la societat. La FER \u00e9s [&hellip;]<\/p>\n","protected":false},"author":1,"featured_media":0,"parent":6809,"menu_order":1,"comment_status":"closed","ping_status":"closed","template":"","meta":{"_bbp_topic_count":0,"_bbp_reply_count":0,"_bbp_total_topic_count":0,"_bbp_total_reply_count":0,"_bbp_voice_count":0,"_bbp_anonymous_reply_count":0,"_bbp_topic_count_hidden":0,"_bbp_reply_count_hidden":0,"_bbp_forum_subforum_count":0,"site-sidebar-layout":"default","site-content-layout":"","ast-site-content-layout":"default","site-content-style":"default","site-sidebar-style":"default","ast-global-header-display":"","ast-banner-title-visibility":"","ast-main-header-display":"","ast-hfb-above-header-display":"","ast-hfb-below-header-display":"","ast-hfb-mobile-header-display":"","site-post-title":"","ast-breadcrumbs-content":"","ast-featured-img":"","footer-sml-layout":"","theme-transparent-header-meta":"default","adv-header-id-meta":"","stick-header-meta":"","header-above-stick-meta":"","header-main-stick-meta":"","header-below-stick-meta":"","astra-migrate-meta-layouts":"set","ast-page-background-enabled":"default","ast-page-background-meta":{"desktop":{"background-color":"var(--ast-global-color-4)","background-image":"","background-repeat":"repeat","background-position":"center center","background-size":"auto","background-attachment":"scroll","background-type":"","background-media":"","overlay-type":"","overlay-color":"","overlay-opacity":"","overlay-gradient":""},"tablet":{"background-color":"","background-image":"","background-repeat":"repeat","background-position":"center center","background-size":"auto","background-attachment":"scroll","background-type":"","background-media":"","overlay-type":"","overlay-color":"","overlay-opacity":"","overlay-gradient":""},"mobile":{"background-color":"","background-image":"","background-repeat":"repeat","background-position":"center center","background-size":"auto","background-attachment":"scroll","background-type":"","background-media":"","overlay-type":"","overlay-color":"","overlay-opacity":"","overlay-gradient":""}},"ast-content-background-meta":{"desktop":{"background-color":"var(--ast-global-color-5)","background-image":"","background-repeat":"repeat","background-position":"center center","background-size":"auto","background-attachment":"scroll","background-type":"","background-media":"","overlay-type":"","overlay-color":"","overlay-opacity":"","overlay-gradient":""},"tablet":{"background-color":"var(--ast-global-color-5)","background-image":"","background-repeat":"repeat","background-position":"center center","background-size":"auto","background-attachment":"scroll","background-type":"","background-media":"","overlay-type":"","overlay-color":"","overlay-opacity":"","overlay-gradient":""},"mobile":{"background-color":"var(--ast-global-color-5)","background-image":"","background-repeat":"repeat","background-position":"center center","background-size":"auto","background-attachment":"scroll","background-type":"","background-media":"","overlay-type":"","overlay-color":"","overlay-opacity":"","overlay-gradient":""}},"footnotes":""},"class_list":["post-6814","page","type-page","status-publish","hentry"],"post_mailing_queue_ids":[],"_links":{"self":[{"href":"https:\/\/agora.xtec.cat\/escolasetelsis\/wp-json\/wp\/v2\/pages\/6814","targetHints":{"allow":["GET"]}}],"collection":[{"href":"https:\/\/agora.xtec.cat\/escolasetelsis\/wp-json\/wp\/v2\/pages"}],"about":[{"href":"https:\/\/agora.xtec.cat\/escolasetelsis\/wp-json\/wp\/v2\/types\/page"}],"author":[{"embeddable":true,"href":"https:\/\/agora.xtec.cat\/escolasetelsis\/wp-json\/wp\/v2\/users\/1"}],"replies":[{"embeddable":true,"href":"https:\/\/agora.xtec.cat\/escolasetelsis\/wp-json\/wp\/v2\/comments?post=6814"}],"version-history":[{"count":5,"href":"https:\/\/agora.xtec.cat\/escolasetelsis\/wp-json\/wp\/v2\/pages\/6814\/revisions"}],"predecessor-version":[{"id":13949,"href":"https:\/\/agora.xtec.cat\/escolasetelsis\/wp-json\/wp\/v2\/pages\/6814\/revisions\/13949"}],"up":[{"embeddable":true,"href":"https:\/\/agora.xtec.cat\/escolasetelsis\/wp-json\/wp\/v2\/pages\/6809"}],"wp:attachment":[{"href":"https:\/\/agora.xtec.cat\/escolasetelsis\/wp-json\/wp\/v2\/media?parent=6814"}],"curies":[{"name":"wp","href":"https:\/\/api.w.org\/{rel}","templated":true}]}}