{"id":656,"date":"2018-12-27T13:53:16","date_gmt":"2018-12-27T12:53:16","guid":{"rendered":"http:\/\/agora.xtec.cat\/escolasetelsis\/?page_id=656"},"modified":"2026-04-13T11:24:18","modified_gmt":"2026-04-13T09:24:18","slug":"serveis-externs","status":"publish","type":"page","link":"https:\/\/agora.xtec.cat\/escolasetelsis\/lescola\/serveis-externs\/","title":{"rendered":"SERVEIS EXTERNS"},"content":{"rendered":"<p>L\u2019activitat di\u00e0ria del centre \u00e9s recolzada per diversos professionals externs que poden assessorar al professorat del centre o b\u00e9 treballar directament amb les fam\u00edlies o els alumnes. De manera ordin\u00e0ria col\u00b7laboren amb el centre:<\/p>\n<ul>\n<li><strong>Equip d\u2019Assessorament Psicopedag\u00f2gic (EAP)<\/strong>: La psicopedagoga, que ofereix la seva atenci\u00f3 els dimecres de 09:30h a 14:00h. El treballador social, que ofereix la seva atenci\u00f3 a concretar. La fisioterapeuta ofereix serveis al centre i la seva atenci\u00f3 a concretar.<\/li>\n<li><strong>CREDA: <\/strong>El CREDA \u00e9s un servei de suport al centres educatiu en l\u2019adequaci\u00f3 a la resposta educativa davant les necessitats que interfereixen en el desenvolupament personal, social i curricular de l\u2019alumnat amb d\u00e8ficit auditiu, trastorn espec\u00edfic del llenguatge i\/o la comunicaci\u00f3. La seva intervenci\u00f3 es concreta en tres grans \u00e0mbits: alumnat i fam\u00edlies; centres i professorat; zona educativa.<\/li>\n<li><strong>Serveis socials<\/strong>: Del Consell Comarcal del Solson\u00e8s i de l&#8217;ajuntament del municipi.<\/li>\n<li><strong>Centre de Recursos Pedag\u00f2gics (CRP)<\/strong>: Rebem suport, recursos i formaci\u00f3.<\/li>\n<li><strong>CEEPSIR: <\/strong>Els centres d&#8217;educaci\u00f3 especial del sistema educatiu poden ser prove\u00efdors de serveis i recursos per als docents d&#8217;escoles i centres d&#8217;educaci\u00f3 secund\u00e0ria, amb la finalitat d&#8217;orientar i concretar les actuacions m\u00e9s ajustades a les necessitats educatives de l&#8217;alumnat i desenvolupar programes espec\u00edfics de suport a l&#8217;escolaritzaci\u00f3 dels alumnes, sempre en coordinaci\u00f3 amb els equips directius dels centres i els serveis educatius.<\/li>\n<\/ul>\n","protected":false},"excerpt":{"rendered":"<p>L\u2019activitat di\u00e0ria del centre \u00e9s recolzada per diversos professionals externs que poden assessorar al professorat del centre o b\u00e9 treballar directament amb les fam\u00edlies o els alumnes. De manera ordin\u00e0ria col\u00b7laboren amb el centre: Equip d\u2019Assessorament Psicopedag\u00f2gic (EAP): La psicopedagoga, que ofereix la seva atenci\u00f3 els dimecres de 09:30h a 14:00h. El treballador social, que [&hellip;]<\/p>\n","protected":false},"author":1,"featured_media":0,"parent":22,"menu_order":10,"comment_status":"closed","ping_status":"closed","template":"","meta":{"_bbp_topic_count":0,"_bbp_reply_count":0,"_bbp_total_topic_count":0,"_bbp_total_reply_count":0,"_bbp_voice_count":0,"_bbp_anonymous_reply_count":0,"_bbp_topic_count_hidden":0,"_bbp_reply_count_hidden":0,"_bbp_forum_subforum_count":0,"site-sidebar-layout":"default","site-content-layout":"","ast-site-content-layout":"default","site-content-style":"default","site-sidebar-style":"default","ast-global-header-display":"","ast-banner-title-visibility":"","ast-main-header-display":"","ast-hfb-above-header-display":"","ast-hfb-below-header-display":"","ast-hfb-mobile-header-display":"","site-post-title":"","ast-breadcrumbs-content":"","ast-featured-img":"","footer-sml-layout":"","theme-transparent-header-meta":"default","adv-header-id-meta":"","stick-header-meta":"","header-above-stick-meta":"","header-main-stick-meta":"","header-below-stick-meta":"","astra-migrate-meta-layouts":"set","ast-page-background-enabled":"default","ast-page-background-meta":{"desktop":{"background-color":"var(--ast-global-color-4)","background-image":"","background-repeat":"repeat","background-position":"center center","background-size":"auto","background-attachment":"scroll","background-type":"","background-media":"","overlay-type":"","overlay-color":"","overlay-opacity":"","overlay-gradient":""},"tablet":{"background-color":"","background-image":"","background-repeat":"repeat","background-position":"center center","background-size":"auto","background-attachment":"scroll","background-type":"","background-media":"","overlay-type":"","overlay-color":"","overlay-opacity":"","overlay-gradient":""},"mobile":{"background-color":"","background-image":"","background-repeat":"repeat","background-position":"center center","background-size":"auto","background-attachment":"scroll","background-type":"","background-media":"","overlay-type":"","overlay-color":"","overlay-opacity":"","overlay-gradient":""}},"ast-content-background-meta":{"desktop":{"background-color":"var(--ast-global-color-5)","background-image":"","background-repeat":"repeat","background-position":"center center","background-size":"auto","background-attachment":"scroll","background-type":"","background-media":"","overlay-type":"","overlay-color":"","overlay-opacity":"","overlay-gradient":""},"tablet":{"background-color":"var(--ast-global-color-5)","background-image":"","background-repeat":"repeat","background-position":"center center","background-size":"auto","background-attachment":"scroll","background-type":"","background-media":"","overlay-type":"","overlay-color":"","overlay-opacity":"","overlay-gradient":""},"mobile":{"background-color":"var(--ast-global-color-5)","background-image":"","background-repeat":"repeat","background-position":"center center","background-size":"auto","background-attachment":"scroll","background-type":"","background-media":"","overlay-type":"","overlay-color":"","overlay-opacity":"","overlay-gradient":""}},"footnotes":""},"class_list":["post-656","page","type-page","status-publish","hentry"],"post_mailing_queue_ids":[],"_links":{"self":[{"href":"https:\/\/agora.xtec.cat\/escolasetelsis\/wp-json\/wp\/v2\/pages\/656","targetHints":{"allow":["GET"]}}],"collection":[{"href":"https:\/\/agora.xtec.cat\/escolasetelsis\/wp-json\/wp\/v2\/pages"}],"about":[{"href":"https:\/\/agora.xtec.cat\/escolasetelsis\/wp-json\/wp\/v2\/types\/page"}],"author":[{"embeddable":true,"href":"https:\/\/agora.xtec.cat\/escolasetelsis\/wp-json\/wp\/v2\/users\/1"}],"replies":[{"embeddable":true,"href":"https:\/\/agora.xtec.cat\/escolasetelsis\/wp-json\/wp\/v2\/comments?post=656"}],"version-history":[{"count":5,"href":"https:\/\/agora.xtec.cat\/escolasetelsis\/wp-json\/wp\/v2\/pages\/656\/revisions"}],"predecessor-version":[{"id":13920,"href":"https:\/\/agora.xtec.cat\/escolasetelsis\/wp-json\/wp\/v2\/pages\/656\/revisions\/13920"}],"up":[{"embeddable":true,"href":"https:\/\/agora.xtec.cat\/escolasetelsis\/wp-json\/wp\/v2\/pages\/22"}],"wp:attachment":[{"href":"https:\/\/agora.xtec.cat\/escolasetelsis\/wp-json\/wp\/v2\/media?parent=656"}],"curies":[{"name":"wp","href":"https:\/\/api.w.org\/{rel}","templated":true}]}}