{"id":645,"date":"2018-12-27T13:43:56","date_gmt":"2018-12-27T12:43:56","guid":{"rendered":"http:\/\/agora.xtec.cat\/escolasetelsis\/?page_id=645"},"modified":"2025-02-18T15:57:24","modified_gmt":"2025-02-18T14:57:24","slug":"ampa","status":"publish","type":"page","link":"https:\/\/agora.xtec.cat\/escolasetelsis\/ampa\/","title":{"rendered":"AFA"},"content":{"rendered":"<p style=\"text-align: left;\">Som una associaci\u00f3 sense \u00e0nim de lucre que, en col\u00b7laboraci\u00f3 amb l&#8217;escola i amb la implicaci\u00f3 activa de les fam\u00edlies, treballem amb l&#8217;escola per garantir una educaci\u00f3 p\u00fablica de qualitat per als nostres infants.<\/p>\n<p style=\"text-align: left;\">Els nostres principals objectius s\u00f3n:<\/p>\n<ul>\n<li style=\"text-align: left;\">Vetllar per l&#8217;educaci\u00f3 dels nostres fills i filles, oferint suport i assist\u00e8ncia en tot all\u00f2 que els pugui afectar dins l&#8217;escola.<\/li>\n<li style=\"text-align: left;\">Col\u00b7laborar en les activitats educatives del centre.<\/li>\n<li style=\"text-align: left;\">Organitzar iniciatives pr\u00f2pies adre\u00e7ades tant a l&#8217;alumnat com a les fam\u00edlies.<\/li>\n<\/ul>\n<p><a href=\"https:\/\/agora.xtec.cat\/escolasetelsis\/wp-content\/uploads\/usu1650\/2021\/09\/AFA_SETELSIS_COLOR.jpg\"><img loading=\"lazy\" decoding=\"async\" class=\"aligncenter wp-image-6012\" src=\"https:\/\/agora.xtec.cat\/escolasetelsis\/wp-content\/uploads\/usu1650\/2021\/09\/AFA_SETELSIS_COLOR-1024x603.jpg\" alt=\"\" width=\"703\" height=\"414\" srcset=\"https:\/\/agora.xtec.cat\/escolasetelsis\/wp-content\/uploads\/usu1650\/2021\/09\/AFA_SETELSIS_COLOR-1024x603.jpg 1024w, https:\/\/agora.xtec.cat\/escolasetelsis\/wp-content\/uploads\/usu1650\/2021\/09\/AFA_SETELSIS_COLOR-300x177.jpg 300w, https:\/\/agora.xtec.cat\/escolasetelsis\/wp-content\/uploads\/usu1650\/2021\/09\/AFA_SETELSIS_COLOR-768x452.jpg 768w, https:\/\/agora.xtec.cat\/escolasetelsis\/wp-content\/uploads\/usu1650\/2021\/09\/AFA_SETELSIS_COLOR.jpg 1123w\" sizes=\"auto, (max-width: 703px) 100vw, 703px\" \/><\/a><\/p>\n<p>&nbsp;<\/p>\n","protected":false},"excerpt":{"rendered":"<p>Som una associaci\u00f3 sense \u00e0nim de lucre que, en col\u00b7laboraci\u00f3 amb l&#8217;escola i amb la implicaci\u00f3 activa de les fam\u00edlies, treballem amb l&#8217;escola per garantir una educaci\u00f3 p\u00fablica de qualitat per als nostres infants. Els nostres principals objectius s\u00f3n: Vetllar per l&#8217;educaci\u00f3 dels nostres fills i filles, oferint suport i assist\u00e8ncia en tot all\u00f2 que [&hellip;]<\/p>\n","protected":false},"author":1,"featured_media":0,"parent":0,"menu_order":0,"comment_status":"closed","ping_status":"closed","template":"page-templates\/side-menu.php","meta":{"_bbp_topic_count":0,"_bbp_reply_count":0,"_bbp_total_topic_count":0,"_bbp_total_reply_count":0,"_bbp_voice_count":0,"_bbp_anonymous_reply_count":0,"_bbp_topic_count_hidden":0,"_bbp_reply_count_hidden":0,"_bbp_forum_subforum_count":0,"site-sidebar-layout":"default","site-content-layout":"","ast-site-content-layout":"","site-content-style":"default","site-sidebar-style":"default","ast-global-header-display":"","ast-banner-title-visibility":"","ast-main-header-display":"","ast-hfb-above-header-display":"","ast-hfb-below-header-display":"","ast-hfb-mobile-header-display":"","site-post-title":"","ast-breadcrumbs-content":"","ast-featured-img":"","footer-sml-layout":"","theme-transparent-header-meta":"","adv-header-id-meta":"","stick-header-meta":"","header-above-stick-meta":"","header-main-stick-meta":"","header-below-stick-meta":"","astra-migrate-meta-layouts":"default","ast-page-background-enabled":"default","ast-page-background-meta":{"desktop":{"background-color":"var(--ast-global-color-4)","background-image":"","background-repeat":"repeat","background-position":"center center","background-size":"auto","background-attachment":"scroll","background-type":"","background-media":"","overlay-type":"","overlay-color":"","overlay-opacity":"","overlay-gradient":""},"tablet":{"background-color":"","background-image":"","background-repeat":"repeat","background-position":"center center","background-size":"auto","background-attachment":"scroll","background-type":"","background-media":"","overlay-type":"","overlay-color":"","overlay-opacity":"","overlay-gradient":""},"mobile":{"background-color":"","background-image":"","background-repeat":"repeat","background-position":"center center","background-size":"auto","background-attachment":"scroll","background-type":"","background-media":"","overlay-type":"","overlay-color":"","overlay-opacity":"","overlay-gradient":""}},"ast-content-background-meta":{"desktop":{"background-color":"var(--ast-global-color-5)","background-image":"","background-repeat":"repeat","background-position":"center center","background-size":"auto","background-attachment":"scroll","background-type":"","background-media":"","overlay-type":"","overlay-color":"","overlay-opacity":"","overlay-gradient":""},"tablet":{"background-color":"var(--ast-global-color-5)","background-image":"","background-repeat":"repeat","background-position":"center center","background-size":"auto","background-attachment":"scroll","background-type":"","background-media":"","overlay-type":"","overlay-color":"","overlay-opacity":"","overlay-gradient":""},"mobile":{"background-color":"var(--ast-global-color-5)","background-image":"","background-repeat":"repeat","background-position":"center center","background-size":"auto","background-attachment":"scroll","background-type":"","background-media":"","overlay-type":"","overlay-color":"","overlay-opacity":"","overlay-gradient":""}},"footnotes":""},"class_list":["post-645","page","type-page","status-publish","hentry"],"post_mailing_queue_ids":[],"_links":{"self":[{"href":"https:\/\/agora.xtec.cat\/escolasetelsis\/wp-json\/wp\/v2\/pages\/645","targetHints":{"allow":["GET"]}}],"collection":[{"href":"https:\/\/agora.xtec.cat\/escolasetelsis\/wp-json\/wp\/v2\/pages"}],"about":[{"href":"https:\/\/agora.xtec.cat\/escolasetelsis\/wp-json\/wp\/v2\/types\/page"}],"author":[{"embeddable":true,"href":"https:\/\/agora.xtec.cat\/escolasetelsis\/wp-json\/wp\/v2\/users\/1"}],"replies":[{"embeddable":true,"href":"https:\/\/agora.xtec.cat\/escolasetelsis\/wp-json\/wp\/v2\/comments?post=645"}],"version-history":[{"count":4,"href":"https:\/\/agora.xtec.cat\/escolasetelsis\/wp-json\/wp\/v2\/pages\/645\/revisions"}],"predecessor-version":[{"id":12415,"href":"https:\/\/agora.xtec.cat\/escolasetelsis\/wp-json\/wp\/v2\/pages\/645\/revisions\/12415"}],"wp:attachment":[{"href":"https:\/\/agora.xtec.cat\/escolasetelsis\/wp-json\/wp\/v2\/media?parent=645"}],"curies":[{"name":"wp","href":"https:\/\/api.w.org\/{rel}","templated":true}]}}